{"id":3671,"date":"2023-09-05T11:36:20","date_gmt":"2023-09-05T14:36:20","guid":{"rendered":"https:\/\/www.praimer.com.br\/?page_id=3671"},"modified":"2023-09-05T11:49:20","modified_gmt":"2023-09-05T14:49:20","slug":"revestimento-weilburger-senotherm","status":"publish","type":"page","link":"https:\/\/www.praimer.com.br\/es\/revestimento-weilburger-senotherm\/","title":{"rendered":"Revestimento Senotherm"},"content":{"rendered":"<div id=\"pl-3671\"  class=\"panel-layout\" ><div id=\"pg-3671-0\"  class=\"panel-grid panel-has-style\" ><div style=\"padding: 0px 0; \" data-overlay=\"true\" data-overlay-color=\"#000000\" class=\"panel-row-style panel-row-style-for-3671-0\" ><div id=\"pgc-3671-0-0\"  class=\"panel-grid-cell\" ><div id=\"panel-3671-0-0-0\" class=\"so-panel widget widget_sow-image panel-first-child panel-last-child\" data-index=\"0\" ><div style=\"text-align: left;\" data-title-color=\"#47425d\" data-headings-color=\"#443f3f\" data-title_alignment=\"center\" class=\"panel-widget-style panel-widget-style-for-3671-0-0-0\" ><div\n\t\t\t\n\t\t\tclass=\"so-widget-sow-image so-widget-sow-image-default-c67d20f9f743-3671\"\n\t\t\t\n\t\t>\n<div class=\"sow-image-container\">\n\t\t<img \n\tsrc=\"https:\/\/www.praimer.com.br\/wp-content\/uploads\/2023\/07\/recubrimientos-weilburger-senotherm-1.png\" width=\"197\" height=\"197\" srcset=\"https:\/\/www.praimer.com.br\/wp-content\/uploads\/2023\/07\/recubrimientos-weilburger-senotherm-1.png 197w, https:\/\/www.praimer.com.br\/wp-content\/uploads\/2023\/07\/recubrimientos-weilburger-senotherm-1-150x150.png 150w\" sizes=\"(max-width: 197px) 100vw, 197px\" title=\"recubrimientos-weilburger-senotherm\" alt=\"\" \t\tclass=\"so-widget-image\"\/>\n\t<\/div>\n\n<\/div><\/div><\/div><\/div><div id=\"pgc-3671-0-1\"  class=\"panel-grid-cell\" ><div id=\"panel-3671-0-1-0\" class=\"so-panel widget widget_sow-editor panel-first-child panel-last-child\" data-index=\"1\" ><div style=\"text-align: left;\" data-title-color=\"#47425d\" data-headings-color=\"#000000\" data-title_alignment=\"center\" class=\"panel-widget-style panel-widget-style-for-3671-0-1-0\" ><div\n\t\t\t\n\t\t\tclass=\"so-widget-sow-editor so-widget-sow-editor-base\"\n\t\t\t\n\t\t>\n<div class=\"siteorigin-widget-tinymce textwidget\">\n\t<p>&nbsp;<\/p>\n<h1 style=\"text-align: left;\">Recubrimientos Senotherm\u00ae<\/h1>\n<hr align=\"left\" \/>\n<p style=\"text-align: justify;\">Senotherm\u00ae es la marca de Weilburger que ofrece una amplia gama de recubrimientos de alta resistencia a temperaturas elevadas para diversos tipos de superficies que est\u00e1n expuestas a cargas t\u00e9rmicas extremas. Estos recubrimientos son ideales para aplicaciones en:<\/p>\n<ul>\n<li style=\"text-align: justify;\">Estufas<\/li>\n<li style=\"text-align: justify;\">Conductos de estufa<\/li>\n<li style=\"text-align: justify;\">Chorros<\/li>\n<li style=\"text-align: justify;\">Fogones y placas de cocina<\/li>\n<li style=\"text-align: justify;\">Barbacoa y parrillas de ahumado<\/li>\n<li style=\"text-align: justify;\">Sector t\u00e9cnico, partes funcionales<\/li>\n<\/ul>\n<p style=\"text-align: justify;\">Senotherm\u00ae es l\u00edder en el mercado europeo cuando se trata de tecnolog\u00eda de recubrimientos. Con m\u00e1s de 40 a\u00f1os de experiencia en este campo especializado, un enfoque continuo en investigaci\u00f3n y desarrollo, y las innovaciones resultantes, Senotherm\u00ae ha creado una gama \u00fanica de sistemas de recubrimientos que cumplen con los exigentes requisitos del mercado. Ya sea para estufas o componentes resistentes al fuego en el \u00e1mbito dom\u00e9stico, Senotherm\u00ae se posiciona como la mejor soluci\u00f3n disponible.<br \/>\nLa calidad de los recubrimientos Senotherm\u00ae est\u00e1 respaldada por rigurosos est\u00e1ndares y amplia aprobaci\u00f3n. Adem\u00e1s, presentamos la nueva gama Non-Smoker\u00ae, que ofrece soluciones innovadoras en recubrimientos libres de humos.<\/p>\n<\/div>\n<\/div><\/div><\/div><\/div><\/div><\/div><div id=\"pg-3671-1\"  class=\"panel-grid panel-has-style\" ><div class=\"FRANJA-BLAVA-TITOL siteorigin-panels-stretch panel-row-style panel-row-style-for-3671-1\" style=\"padding: 0px 0; \" data-stretch-type=\"full\" data-overlay=\"true\" data-overlay-color=\"#000000\" ><div id=\"pgc-3671-1-0\"  class=\"panel-grid-cell\" ><div id=\"panel-3671-1-0-0\" class=\"so-panel widget widget_sow-editor panel-first-child panel-last-child\" data-index=\"2\" ><div class=\"blanc panel-widget-style panel-widget-style-for-3671-1-0-0\" style=\"text-align: left;\" data-title-color=\"#47425d\" data-headings-color=\"#443f3f\" data-title_alignment=\"center\" ><div\n\t\t\t\n\t\t\tclass=\"so-widget-sow-editor so-widget-sow-editor-base\"\n\t\t\t\n\t\t>\n<div class=\"siteorigin-widget-tinymce textwidget\">\n\t<h2 style=\"text-align: center;\">Propiedades del recubrimiento Senotherm\u00ae<\/h2>\n<\/div>\n<\/div><\/div><\/div><\/div><\/div><\/div><div id=\"pg-3671-2\"  class=\"panel-grid panel-has-style\" ><div class=\"BGC-GRIS siteorigin-panels-stretch panel-row-style panel-row-style-for-3671-2\" style=\"padding: 50px 0; \" data-stretch-type=\"full\" data-overlay=\"true\" data-overlay-color=\"#000000\" ><div id=\"pgc-3671-2-0\"  class=\"panel-grid-cell\" ><div id=\"panel-3671-2-0-0\" class=\"so-panel widget widget_sow-editor panel-first-child panel-last-child\" data-index=\"3\" ><div style=\"text-align: left;\" data-title-color=\"#47425d\" data-headings-color=\"#443f3f\" data-title_alignment=\"center\" class=\"panel-widget-style panel-widget-style-for-3671-2-0-0\" ><div\n\t\t\t\n\t\t\tclass=\"so-widget-sow-editor so-widget-sow-editor-base\"\n\t\t\t\n\t\t>\n<div class=\"siteorigin-widget-tinymce textwidget\">\n\t<p>enotherm\u00ae ofrece una soluci\u00f3n revolucionaria para la emisi\u00f3n de humo en hornos y estufas. Con su gama de recubrimientos Non-Smoker\u00ae, los productos UHT y UHT HYDRO proporcionan opciones de recubrimiento que previenen la generaci\u00f3n de humo y olor durante el primer uso del cliente y reducen la formaci\u00f3n de contaminantes como los COV al m\u00ednimo.<\/p>\n<p>A diferencia de los recubrimientos convencionales, que requieren un secado final a temperaturas superiores a 200\u00b0C, los recubrimientos Senotherm\u00ae Non-Smoker\u00ae se curan completamente a temperatura ambiente. Los clientes pueden disfrutar de sus estufas sin interrupciones desde el primer momento, sin preocuparse por la generaci\u00f3n de humo y olor en el primer uso.<\/p>\n<p>Ventajas de los recubrimientos Non-Smoker\u00ae:<\/p>\n<ul>\n<li>No hay humo ni olor molestos para el cliente final<\/li>\n<li>Endurecimiento final a temperatura ambiente (18-23\u00baC)<\/li>\n<li>Recubrimiento sostenible y de mayor sensibilidad<\/li>\n<li>Mayor robustez para el transporte y montaje final<\/li>\n<li>Ya no es necesario realizar la labor costosa de eliminar la pulverizaci\u00f3n endurecida por separado, ya que ahora se puede desechar como residuo comercial com\u00fan.<\/li>\n<\/ul>\n<\/div>\n<\/div><\/div><\/div><\/div><\/div><\/div><div id=\"pg-3671-3\"  class=\"panel-grid panel-has-style\" ><div class=\"siteorigin-panels-stretch panel-row-style panel-row-style-for-3671-3\" style=\"padding: 50px 0; \" data-stretch-type=\"full\" data-overlay=\"true\" data-overlay-color=\"#000000\" ><div id=\"pgc-3671-3-0\"  class=\"panel-grid-cell\" ><div id=\"panel-3671-3-0-0\" class=\"so-panel widget widget_siteorigin-panels-builder panel-first-child panel-last-child\" data-index=\"4\" ><div style=\"text-align: left;\" data-title-color=\"#47425d\" data-headings-color=\"#443f3f\" data-title_alignment=\"center\" class=\"panel-widget-style panel-widget-style-for-3671-3-0-0\" ><div id=\"pl-w64f73d6deb53d\"  class=\"panel-layout\" ><div id=\"pg-w64f73d6deb53d-0\"  class=\"panel-grid panel-has-style\" ><div style=\"padding: 0px 0; \" data-overlay=\"true\" data-overlay-color=\"#000000\" class=\"panel-row-style panel-row-style-for-w64f73d6deb53d-0\" ><div id=\"pgc-w64f73d6deb53d-0-0\"  class=\"panel-grid-cell\" ><div id=\"panel-w64f73d6deb53d-0-0-0\" class=\"so-panel widget widget_sow-editor panel-first-child panel-last-child\" data-index=\"0\" ><div style=\"text-align: left;\" data-title-color=\"#47425d\" data-headings-color=\"#443f3f\" data-title_alignment=\"center\" class=\"panel-widget-style panel-widget-style-for-w64f73d6deb53d-0-0-0\" ><div\n\t\t\t\n\t\t\tclass=\"so-widget-sow-editor so-widget-sow-editor-base\"\n\t\t\t\n\t\t>\n<div class=\"siteorigin-widget-tinymce textwidget\">\n\t<p>&nbsp;<\/p>\n<h2 class=\"BLAU-FOSC\" style=\"text-align: center;\">Referencias de Senotherm\u00ae<\/h2>\n<\/div>\n<\/div><\/div><\/div><\/div><\/div><\/div><div id=\"pg-w64f73d6deb53d-1\"  class=\"panel-grid panel-has-style\" ><div style=\"padding: 0px 0; \" data-overlay=\"true\" data-overlay-color=\"#000000\" class=\"panel-row-style panel-row-style-for-w64f73d6deb53d-1\" ><div id=\"pgc-w64f73d6deb53d-1-0\"  class=\"panel-grid-cell\" ><div id=\"panel-w64f73d6deb53d-1-0-0\" class=\"so-panel widget widget_sow-editor panel-first-child panel-last-child\" data-index=\"1\" ><div style=\"text-align: left;\" data-title-color=\"#47425d\" data-headings-color=\"#443f3f\" data-title_alignment=\"center\" class=\"panel-widget-style panel-widget-style-for-w64f73d6deb53d-1-0-0\" ><div\n\t\t\t\n\t\t\tclass=\"so-widget-sow-editor so-widget-sow-editor-base\"\n\t\t\t\n\t\t>\n<div class=\"siteorigin-widget-tinymce textwidget\">\n\t<p style=\"text-align: center; padding-top: 40px;\"><b>1030 CLASSIC<\/b><br \/>\n<b>1666 CLASSIC<\/b><br \/>\n<b>1664 CLASSIC<\/b><br \/>\n<b>1111 CLASSIC<\/b><br \/>\n<b>1155 UHT<\/b><br \/>\n<b>1157 UHT<\/b><br \/>\n<b>3590 UHT-HYDRO<\/b><br \/>\n<b>2860 UHT-HYDRO<\/b><\/p>\n<\/div>\n<\/div><\/div><\/div><\/div><\/div><\/div><\/div><\/div><\/div><\/div><\/div><\/div><\/div>","protected":false},"excerpt":{"rendered":"<p>&nbsp; Recubrimientos Senotherm\u00ae Senotherm\u00ae es la marca de Weilburger que ofrece una amplia gama de recubrimientos de alta resistencia a temperaturas elevadas para diversos tipos de superficies que est\u00e1n expuestas a cargas t\u00e9rmicas extremas. Estos recubrimientos son ideales para aplicaciones en: Estufas Conductos de estufa Chorros Fogones y placas de cocina Barbacoa y parrillas de [&hellip;]<\/p>\n","protected":false},"author":2,"featured_media":0,"parent":0,"menu_order":0,"comment_status":"closed","ping_status":"closed","template":"page-templates\/page_fullwidth.php","meta":{"footnotes":""},"class_list":["post-3671","page","type-page","status-publish","hentry"],"yoast_head":"<!-- This site is optimized with the Yoast SEO plugin v27.4 - https:\/\/yoast.com\/product\/yoast-seo-wordpress\/ -->\n<title>Revestimento Senotherm - Praimer<\/title>\n<meta name=\"robots\" content=\"index, follow, max-snippet:-1, max-image-preview:large, max-video-preview:-1\" \/>\n<link rel=\"canonical\" href=\"https:\/\/www.praimer.com.br\/es\/revestimento-weilburger-senotherm\/\" \/>\n<meta property=\"og:locale\" content=\"es_ES\" \/>\n<meta property=\"og:type\" content=\"article\" \/>\n<meta property=\"og:title\" content=\"Revestimento Senotherm - Praimer\" \/>\n<meta property=\"og:description\" content=\"&nbsp; Recubrimientos Senotherm\u00ae Senotherm\u00ae es la marca de Weilburger que ofrece una amplia gama de recubrimientos de alta resistencia a temperaturas elevadas para diversos tipos de superficies que est\u00e1n expuestas a cargas t\u00e9rmicas extremas. Estos recubrimientos son ideales para aplicaciones en: Estufas Conductos de estufa Chorros Fogones y placas de cocina Barbacoa y parrillas de [&hellip;]\" \/>\n<meta property=\"og:url\" content=\"https:\/\/www.praimer.com.br\/es\/revestimento-weilburger-senotherm\/\" \/>\n<meta property=\"og:site_name\" content=\"Praimer\" \/>\n<meta property=\"article:publisher\" content=\"https:\/\/www.facebook.com\/praimerrevestimentos\" \/>\n<meta property=\"article:modified_time\" content=\"2023-09-05T14:49:20+00:00\" \/>\n<meta property=\"og:image\" content=\"https:\/\/www.praimer.com.br\/wp-content\/uploads\/2019\/12\/Praimer-revestimentos-antiaderentes-anticorrosivos-brasil.jpg\" \/>\n\t<meta property=\"og:image:width\" content=\"900\" \/>\n\t<meta property=\"og:image:height\" content=\"329\" \/>\n\t<meta property=\"og:image:type\" content=\"image\/jpeg\" \/>\n<meta name=\"twitter:card\" content=\"summary_large_image\" \/>\n<meta name=\"twitter:label1\" content=\"Tiempo de lectura\" \/>\n\t<meta name=\"twitter:data1\" content=\"2 minutos\" \/>\n<script type=\"application\/ld+json\" class=\"yoast-schema-graph\">{\"@context\":\"https:\\\/\\\/schema.org\",\"@graph\":[{\"@type\":\"WebPage\",\"@id\":\"https:\\\/\\\/www.praimer.com.br\\\/es\\\/revestimento-weilburger-senotherm\\\/\",\"url\":\"https:\\\/\\\/www.praimer.com.br\\\/es\\\/revestimento-weilburger-senotherm\\\/\",\"name\":\"Revestimento Senotherm - Praimer\",\"isPartOf\":{\"@id\":\"https:\\\/\\\/www.praimer.com.br\\\/es\\\/#website\"},\"datePublished\":\"2023-09-05T14:36:20+00:00\",\"dateModified\":\"2023-09-05T14:49:20+00:00\",\"breadcrumb\":{\"@id\":\"https:\\\/\\\/www.praimer.com.br\\\/es\\\/revestimento-weilburger-senotherm\\\/#breadcrumb\"},\"inLanguage\":\"es\",\"potentialAction\":[{\"@type\":\"ReadAction\",\"target\":[\"https:\\\/\\\/www.praimer.com.br\\\/es\\\/revestimento-weilburger-senotherm\\\/\"]}]},{\"@type\":\"BreadcrumbList\",\"@id\":\"https:\\\/\\\/www.praimer.com.br\\\/es\\\/revestimento-weilburger-senotherm\\\/#breadcrumb\",\"itemListElement\":[{\"@type\":\"ListItem\",\"position\":1,\"name\":\"Portada\",\"item\":\"https:\\\/\\\/www.praimer.com.br\\\/es\\\/\"},{\"@type\":\"ListItem\",\"position\":2,\"name\":\"Revestimento Senotherm\"}]},{\"@type\":\"WebSite\",\"@id\":\"https:\\\/\\\/www.praimer.com.br\\\/es\\\/#website\",\"url\":\"https:\\\/\\\/www.praimer.com.br\\\/es\\\/\",\"name\":\"Praimer\",\"description\":\"Aplica\u00e7\u00e3o de revestimentos antiaderentes e anticorrosivos para a ind\u00fastria\",\"potentialAction\":[{\"@type\":\"SearchAction\",\"target\":{\"@type\":\"EntryPoint\",\"urlTemplate\":\"https:\\\/\\\/www.praimer.com.br\\\/es\\\/?s={search_term_string}\"},\"query-input\":{\"@type\":\"PropertyValueSpecification\",\"valueRequired\":true,\"valueName\":\"search_term_string\"}}],\"inLanguage\":\"es\"}]}<\/script>\n<!-- \/ Yoast SEO plugin. -->","yoast_head_json":{"title":"Revestimento Senotherm - Praimer","robots":{"index":"index","follow":"follow","max-snippet":"max-snippet:-1","max-image-preview":"max-image-preview:large","max-video-preview":"max-video-preview:-1"},"canonical":"https:\/\/www.praimer.com.br\/es\/revestimento-weilburger-senotherm\/","og_locale":"es_ES","og_type":"article","og_title":"Revestimento Senotherm - Praimer","og_description":"&nbsp; Recubrimientos Senotherm\u00ae Senotherm\u00ae es la marca de Weilburger que ofrece una amplia gama de recubrimientos de alta resistencia a temperaturas elevadas para diversos tipos de superficies que est\u00e1n expuestas a cargas t\u00e9rmicas extremas. Estos recubrimientos son ideales para aplicaciones en: Estufas Conductos de estufa Chorros Fogones y placas de cocina Barbacoa y parrillas de [&hellip;]","og_url":"https:\/\/www.praimer.com.br\/es\/revestimento-weilburger-senotherm\/","og_site_name":"Praimer","article_publisher":"https:\/\/www.facebook.com\/praimerrevestimentos","article_modified_time":"2023-09-05T14:49:20+00:00","og_image":[{"width":900,"height":329,"url":"https:\/\/www.praimer.com.br\/wp-content\/uploads\/2019\/12\/Praimer-revestimentos-antiaderentes-anticorrosivos-brasil.jpg","type":"image\/jpeg"}],"twitter_card":"summary_large_image","twitter_misc":{"Tiempo de lectura":"2 minutos"},"schema":{"@context":"https:\/\/schema.org","@graph":[{"@type":"WebPage","@id":"https:\/\/www.praimer.com.br\/es\/revestimento-weilburger-senotherm\/","url":"https:\/\/www.praimer.com.br\/es\/revestimento-weilburger-senotherm\/","name":"Revestimento Senotherm - Praimer","isPartOf":{"@id":"https:\/\/www.praimer.com.br\/es\/#website"},"datePublished":"2023-09-05T14:36:20+00:00","dateModified":"2023-09-05T14:49:20+00:00","breadcrumb":{"@id":"https:\/\/www.praimer.com.br\/es\/revestimento-weilburger-senotherm\/#breadcrumb"},"inLanguage":"es","potentialAction":[{"@type":"ReadAction","target":["https:\/\/www.praimer.com.br\/es\/revestimento-weilburger-senotherm\/"]}]},{"@type":"BreadcrumbList","@id":"https:\/\/www.praimer.com.br\/es\/revestimento-weilburger-senotherm\/#breadcrumb","itemListElement":[{"@type":"ListItem","position":1,"name":"Portada","item":"https:\/\/www.praimer.com.br\/es\/"},{"@type":"ListItem","position":2,"name":"Revestimento Senotherm"}]},{"@type":"WebSite","@id":"https:\/\/www.praimer.com.br\/es\/#website","url":"https:\/\/www.praimer.com.br\/es\/","name":"Praimer","description":"Aplica\u00e7\u00e3o de revestimentos antiaderentes e anticorrosivos para a ind\u00fastria","potentialAction":[{"@type":"SearchAction","target":{"@type":"EntryPoint","urlTemplate":"https:\/\/www.praimer.com.br\/es\/?s={search_term_string}"},"query-input":{"@type":"PropertyValueSpecification","valueRequired":true,"valueName":"search_term_string"}}],"inLanguage":"es"}]}},"_links":{"self":[{"href":"https:\/\/www.praimer.com.br\/es\/wp-json\/wp\/v2\/pages\/3671","targetHints":{"allow":["GET"]}}],"collection":[{"href":"https:\/\/www.praimer.com.br\/es\/wp-json\/wp\/v2\/pages"}],"about":[{"href":"https:\/\/www.praimer.com.br\/es\/wp-json\/wp\/v2\/types\/page"}],"author":[{"embeddable":true,"href":"https:\/\/www.praimer.com.br\/es\/wp-json\/wp\/v2\/users\/2"}],"replies":[{"embeddable":true,"href":"https:\/\/www.praimer.com.br\/es\/wp-json\/wp\/v2\/comments?post=3671"}],"version-history":[{"count":8,"href":"https:\/\/www.praimer.com.br\/es\/wp-json\/wp\/v2\/pages\/3671\/revisions"}],"predecessor-version":[{"id":3679,"href":"https:\/\/www.praimer.com.br\/es\/wp-json\/wp\/v2\/pages\/3671\/revisions\/3679"}],"wp:attachment":[{"href":"https:\/\/www.praimer.com.br\/es\/wp-json\/wp\/v2\/media?parent=3671"}],"curies":[{"name":"wp","href":"https:\/\/api.w.org\/{rel}","templated":true}]}}