{"id":3641,"date":"2023-09-05T08:55:24","date_gmt":"2023-09-05T11:55:24","guid":{"rendered":"https:\/\/www.praimer.com.br\/?page_id=3641"},"modified":"2023-09-05T12:10:46","modified_gmt":"2023-09-05T15:10:46","slug":"revestimentos-weilburger","status":"publish","type":"page","link":"https:\/\/www.praimer.com.br\/es\/revestimentos-weilburger\/","title":{"rendered":"Revestimentos Weilburger"},"content":{"rendered":"<div id=\"pl-3641\"  class=\"panel-layout\" ><div id=\"pg-3641-0\"  class=\"panel-grid panel-has-style\" ><div style=\"padding: 0px 0; \" data-overlay=\"true\" data-overlay-color=\"#000000\" class=\"panel-row-style panel-row-style-for-3641-0\" ><div id=\"pgc-3641-0-0\"  class=\"panel-grid-cell\" ><div id=\"panel-3641-0-0-0\" class=\"so-panel widget widget_sow-image panel-first-child\" data-index=\"0\" ><div style=\"text-align: left;\" data-title-color=\"#47425d\" data-headings-color=\"#443f3f\" data-title_alignment=\"center\" class=\"panel-widget-style panel-widget-style-for-3641-0-0-0\" ><div\n\t\t\t\n\t\t\tclass=\"so-widget-sow-image so-widget-sow-image-default-c67d20f9f743-3641\"\n\t\t\t\n\t\t>\n<div class=\"sow-image-container\">\n\t\t<img \n\tsrc=\"https:\/\/www.praimer.com.br\/wp-content\/uploads\/2023\/07\/recubrimientos-weilburger.png\" width=\"274\" height=\"120\" srcset=\"https:\/\/www.praimer.com.br\/wp-content\/uploads\/2023\/07\/recubrimientos-weilburger.png 274w, https:\/\/www.praimer.com.br\/wp-content\/uploads\/2023\/07\/recubrimientos-weilburger-230x101.png 230w, https:\/\/www.praimer.com.br\/wp-content\/uploads\/2023\/07\/recubrimientos-weilburger-272x120.png 272w\" sizes=\"(max-width: 274px) 100vw, 274px\" alt=\"\" \t\tclass=\"so-widget-image\"\/>\n\t<\/div>\n\n<\/div><\/div><\/div><div id=\"panel-3641-0-0-1\" class=\"so-panel widget widget_sow-editor panel-last-child\" data-index=\"1\" ><div style=\"text-align: left;\" data-title-color=\"#47425d\" data-headings-color=\"#000000\" data-title_alignment=\"center\" class=\"panel-widget-style panel-widget-style-for-3641-0-0-1\" ><div\n\t\t\t\n\t\t\tclass=\"so-widget-sow-editor so-widget-sow-editor-base\"\n\t\t\t\n\t\t>\n<div class=\"siteorigin-widget-tinymce textwidget\">\n\t<p>&nbsp;<\/p>\n<h1 style=\"text-align: center;\">Recubrimientos Weilburger\u00ae<\/h1>\n<hr \/>\n<p style=\"text-align: justify;\">Weilburger es una empresa de tama\u00f1o medio de origen alem\u00e1n, fundada en 1900, con presencia en varios continentes a trav\u00e9s de sus 11 plantas de producci\u00f3n y 8 almacenes de distribuci\u00f3n. Se dedica a la fabricaci\u00f3n de recubrimientos para uso industrial y de bienes de consumo, as\u00ed como de barnices especiales para la industria gr\u00e1fica.<\/p>\n<p style=\"text-align: justify;\">Su unidad de negocio de recubrimientos industriales +COATINGS ofrece una amplia gama de recubrimientos para diversas superficies, incluyendo metal, madera, pl\u00e1stico, vidrio y papel de aluminio, con acabados adaptados a las necesidades espec\u00edficas de cada aplicaci\u00f3n.<\/p>\n<\/div>\n<\/div><\/div><\/div><\/div><\/div><\/div><div id=\"pg-3641-1\"  class=\"panel-grid panel-has-style\" ><div class=\"FRANJA-BLAVA-TITOL siteorigin-panels-stretch panel-row-style panel-row-style-for-3641-1\" style=\"padding: 0px 0; \" data-stretch-type=\"full\" data-overlay=\"true\" data-overlay-color=\"#000000\" ><div id=\"pgc-3641-1-0\"  class=\"panel-grid-cell\" ><div id=\"panel-3641-1-0-0\" class=\"so-panel widget widget_sow-editor panel-first-child panel-last-child\" data-index=\"2\" ><div class=\"blanc panel-widget-style panel-widget-style-for-3641-1-0-0\" style=\"text-align: left;\" data-title-color=\"#47425d\" data-headings-color=\"#443f3f\" data-title_alignment=\"center\" ><div\n\t\t\t\n\t\t\tclass=\"so-widget-sow-editor so-widget-sow-editor-base\"\n\t\t\t\n\t\t>\n<div class=\"siteorigin-widget-tinymce textwidget\">\n\t<h2 style=\"text-align: center;\">Productos Weilburger<\/h2>\n<\/div>\n<\/div><\/div><\/div><\/div><\/div><\/div><div id=\"pg-3641-2\"  class=\"panel-grid panel-has-style\" ><div class=\"BGC-GRIS siteorigin-panels-stretch panel-row-style panel-row-style-for-3641-2\" style=\"padding: 50px 0; \" data-stretch-type=\"full\" data-overlay=\"true\" data-overlay-color=\"#000000\" ><div id=\"pgc-3641-2-0\"  class=\"panel-grid-cell\" ><div id=\"panel-3641-2-0-0\" class=\"so-panel widget widget_siteorigin-panels-builder panel-first-child panel-last-child\" data-index=\"3\" ><div style=\"text-align: left;\" data-title-color=\"#47425d\" data-headings-color=\"#443f3f\" data-title_alignment=\"center\" class=\"panel-widget-style panel-widget-style-for-3641-2-0-0\" ><div id=\"pl-w64f744f6da221\"  class=\"panel-layout\" ><div id=\"pg-w64f744f6da221-0\"  class=\"panel-grid panel-has-style\" ><div style=\"padding: 0px 0; \" data-overlay=\"true\" data-overlay-color=\"#000000\" class=\"panel-row-style panel-row-style-for-w64f744f6da221-0\" ><div id=\"pgc-w64f744f6da221-0-0\"  class=\"panel-grid-cell\" ><div id=\"panel-w64f744f6da221-0-0-0\" class=\"so-panel widget widget_sow-editor panel-first-child panel-last-child\" data-index=\"0\" ><div style=\"text-align: left;\" data-title-color=\"#47425d\" data-headings-color=\"#443f3f\" data-title_alignment=\"center\" class=\"panel-widget-style panel-widget-style-for-w64f744f6da221-0-0-0\" ><div\n\t\t\t\n\t\t\tclass=\"so-widget-sow-editor so-widget-sow-editor-base\"\n\t\t\t\n\t\t>\n<div class=\"siteorigin-widget-tinymce textwidget\">\n\t<p>En esta unidad, Weilburger tiene algunas marcas emblem\u00e1ticas como Senorail\u00ae, que est\u00e1 enfocada en la industria del transporte, mientras que Senotherm\u00ae y Greblon\u00ae se utilizan en la industria de los recubrimientos y est\u00e1n dirigidas a diferentes aplicaciones y superficies.<\/p>\n<\/div>\n<\/div><\/div><\/div><\/div><\/div><\/div><div id=\"pg-w64f744f6da221-1\"  class=\"panel-grid panel-has-style\" ><div style=\"padding: 0px 0; \" data-overlay=\"true\" data-overlay-color=\"#000000\" class=\"panel-row-style panel-row-style-for-w64f744f6da221-1\" ><div id=\"pgc-w64f744f6da221-1-0\"  class=\"panel-grid-cell panel-grid-cell-empty\" ><\/div><div id=\"pgc-w64f744f6da221-1-1\"  class=\"panel-grid-cell\" ><div class=\"BGC-BLANC panel-cell-style panel-cell-style-for-w64f744f6da221-1-1\" ><div id=\"panel-w64f744f6da221-1-1-0\" class=\"so-panel widget widget_sow-image panel-first-child panel-last-child\" data-index=\"1\" ><div class=\"PADDING-H-1 AUGMENTAR-ICONA panel-widget-style panel-widget-style-for-w64f744f6da221-1-1-0\" style=\"text-align: left;\" data-title-color=\"#47425d\" data-headings-color=\"#443f3f\" data-title_alignment=\"center\" ><div\n\t\t\t\n\t\t\tclass=\"so-widget-sow-image so-widget-sow-image-default-3a2476c0e107\"\n\t\t\t\n\t\t>\n<div class=\"sow-image-container\">\n\t\t\t<a href=\"https:\/\/www.praimer.com.br\/es\/revestimento-weilburger-greblon\/\"\n\t\t\t\t\t>\n\t\t\t<img \n\tsrc=\"https:\/\/www.praimer.com.br\/wp-content\/uploads\/2023\/07\/recubrimientos-weilburger-greblon.png\" width=\"197\" height=\"197\" srcset=\"https:\/\/www.praimer.com.br\/wp-content\/uploads\/2023\/07\/recubrimientos-weilburger-greblon.png 197w, https:\/\/www.praimer.com.br\/wp-content\/uploads\/2023\/07\/recubrimientos-weilburger-greblon-150x150.png 150w\" sizes=\"(max-width: 197px) 100vw, 197px\" alt=\"\" \t\tclass=\"so-widget-image\"\/>\n\t\t\t<\/a><\/div>\n\n<\/div><\/div><\/div><\/div><\/div><div id=\"pgc-w64f744f6da221-1-2\"  class=\"panel-grid-cell panel-grid-cell-mobile-last\" ><div class=\"BGC-BLANC panel-cell-style panel-cell-style-for-w64f744f6da221-1-2\" ><div id=\"panel-w64f744f6da221-1-2-0\" class=\"so-panel widget widget_sow-image panel-first-child panel-last-child\" data-index=\"2\" ><div class=\"PADDING-H-1 AUGMENTAR-ICONA panel-widget-style panel-widget-style-for-w64f744f6da221-1-2-0\" style=\"text-align: left;\" data-title-color=\"#47425d\" data-headings-color=\"#443f3f\" data-title_alignment=\"center\" ><div\n\t\t\t\n\t\t\tclass=\"so-widget-sow-image so-widget-sow-image-default-c67d20f9f743\"\n\t\t\t\n\t\t>\n<div class=\"sow-image-container\">\n\t\t\t<a href=\"https:\/\/www.praimer.com.br\/es\/revestimento-weilburger-senotherm\/\"\n\t\t\t\t\t>\n\t\t\t<img \n\tsrc=\"https:\/\/www.praimer.com.br\/wp-content\/uploads\/2023\/07\/recubrimientos-weilburger-senotherm.png\" width=\"197\" height=\"197\" srcset=\"https:\/\/www.praimer.com.br\/wp-content\/uploads\/2023\/07\/recubrimientos-weilburger-senotherm.png 197w, https:\/\/www.praimer.com.br\/wp-content\/uploads\/2023\/07\/recubrimientos-weilburger-senotherm-150x150.png 150w\" sizes=\"(max-width: 197px) 100vw, 197px\" alt=\"\" \t\tclass=\"so-widget-image\"\/>\n\t\t\t<\/a><\/div>\n\n<\/div><\/div><\/div><\/div><\/div><div id=\"pgc-w64f744f6da221-1-3\"  class=\"panel-grid-cell panel-grid-cell-empty\" ><\/div><\/div><\/div><div id=\"pg-w64f744f6da221-2\"  class=\"panel-grid panel-has-style\" ><div style=\"padding: 0px 0; \" data-overlay=\"true\" data-overlay-color=\"#000000\" class=\"panel-row-style panel-row-style-for-w64f744f6da221-2\" ><div id=\"pgc-w64f744f6da221-2-0\"  class=\"panel-grid-cell\" ><div id=\"panel-w64f744f6da221-2-0-0\" class=\"so-panel widget widget_sow-editor panel-first-child panel-last-child\" data-index=\"3\" ><div style=\"text-align: left;\" data-title-color=\"#47425d\" data-headings-color=\"#443f3f\" data-title_alignment=\"center\" class=\"panel-widget-style panel-widget-style-for-w64f744f6da221-2-0-0\" ><div\n\t\t\t\n\t\t\tclass=\"so-widget-sow-editor so-widget-sow-editor-base\"\n\t\t\t\n\t\t>\n<div class=\"siteorigin-widget-tinymce textwidget\">\n\t<p>Weilburger comercializa su marca <strong>Senotherm\u00ae c<\/strong>omo una gama de recubrimientos especiales para resistir temperaturas elevadas de hasta 600\u00baC. Este sistema de recubrimientos se utiliza en diversos productos como chimeneas, humeros, barbacoas, parrillas y calientaplatos. La marca se compone de tres variedades diferentes: la cl\u00e1sica, la de base disolvente y la de base acuosa.<\/p>\n<p>Los recubrimientos antiadherentes fabricados por Weilburger se comercializan bajo la marca <strong>Greblon\u00ae<\/strong>, los cuales pueden ser utilizados tanto para el menaje de cocina como para la industria alimentaria.<\/p>\n<p>Weilburger tiene otra unidad de negocio denominada <strong>+GRAPHICS<\/strong>, enfocada en el sector gr\u00e1fico, que ofrece una amplia gama de acabados para papel, cart\u00f3n, pl\u00e1sticos y metal, incluyendo recubrimientos por dispersi\u00f3n, lacas resistentes a los rayos UV, barnices con base aceite y tintas de impresi\u00f3n. Adem\u00e1s, tambi\u00e9n se ofrecen soluciones de embalaje para la industria de la alimentaci\u00f3n.<\/p>\n<\/div>\n<\/div><\/div><\/div><\/div><\/div><\/div><\/div><\/div><\/div><\/div><\/div><\/div><\/div>","protected":false},"excerpt":{"rendered":"<p>&nbsp; Recubrimientos Weilburger\u00ae Weilburger es una empresa de tama\u00f1o medio de origen alem\u00e1n, fundada en 1900, con presencia en varios continentes a trav\u00e9s de sus 11 plantas de producci\u00f3n y 8 almacenes de distribuci\u00f3n. Se dedica a la fabricaci\u00f3n de recubrimientos para uso industrial y de bienes de consumo, as\u00ed como de barnices especiales para [&hellip;]<\/p>\n","protected":false},"author":2,"featured_media":0,"parent":0,"menu_order":0,"comment_status":"closed","ping_status":"closed","template":"page-templates\/page_fullwidth.php","meta":{"footnotes":""},"class_list":["post-3641","page","type-page","status-publish","hentry"],"yoast_head":"<!-- This site is optimized with the Yoast SEO plugin v27.5 - https:\/\/yoast.com\/product\/yoast-seo-wordpress\/ -->\n<title>Revestimentos Weilburger - Praimer<\/title>\n<meta name=\"robots\" content=\"index, follow, max-snippet:-1, max-image-preview:large, max-video-preview:-1\" \/>\n<link rel=\"canonical\" href=\"https:\/\/www.praimer.com.br\/es\/revestimentos-weilburger\/\" \/>\n<meta property=\"og:locale\" content=\"es_ES\" \/>\n<meta property=\"og:type\" content=\"article\" \/>\n<meta property=\"og:title\" content=\"Revestimentos Weilburger - Praimer\" \/>\n<meta property=\"og:description\" content=\"&nbsp; Recubrimientos Weilburger\u00ae Weilburger es una empresa de tama\u00f1o medio de origen alem\u00e1n, fundada en 1900, con presencia en varios continentes a trav\u00e9s de sus 11 plantas de producci\u00f3n y 8 almacenes de distribuci\u00f3n. Se dedica a la fabricaci\u00f3n de recubrimientos para uso industrial y de bienes de consumo, as\u00ed como de barnices especiales para [&hellip;]\" \/>\n<meta property=\"og:url\" content=\"https:\/\/www.praimer.com.br\/es\/revestimentos-weilburger\/\" \/>\n<meta property=\"og:site_name\" content=\"Praimer\" \/>\n<meta property=\"article:publisher\" content=\"https:\/\/www.facebook.com\/praimerrevestimentos\" \/>\n<meta property=\"article:modified_time\" content=\"2023-09-05T15:10:46+00:00\" \/>\n<meta property=\"og:image\" content=\"https:\/\/www.praimer.com.br\/wp-content\/uploads\/2019\/12\/Praimer-revestimentos-antiaderentes-anticorrosivos-brasil.jpg\" \/>\n\t<meta property=\"og:image:width\" content=\"900\" \/>\n\t<meta property=\"og:image:height\" content=\"329\" \/>\n\t<meta property=\"og:image:type\" content=\"image\/jpeg\" \/>\n<meta name=\"twitter:card\" content=\"summary_large_image\" \/>\n<meta name=\"twitter:label1\" content=\"Tiempo de lectura\" \/>\n\t<meta name=\"twitter:data1\" content=\"2 minutos\" \/>\n<script type=\"application\/ld+json\" class=\"yoast-schema-graph\">{\"@context\":\"https:\\\/\\\/schema.org\",\"@graph\":[{\"@type\":\"WebPage\",\"@id\":\"https:\\\/\\\/www.praimer.com.br\\\/es\\\/revestimentos-weilburger\\\/\",\"url\":\"https:\\\/\\\/www.praimer.com.br\\\/es\\\/revestimentos-weilburger\\\/\",\"name\":\"Revestimentos Weilburger - Praimer\",\"isPartOf\":{\"@id\":\"https:\\\/\\\/www.praimer.com.br\\\/es\\\/#website\"},\"datePublished\":\"2023-09-05T11:55:24+00:00\",\"dateModified\":\"2023-09-05T15:10:46+00:00\",\"breadcrumb\":{\"@id\":\"https:\\\/\\\/www.praimer.com.br\\\/es\\\/revestimentos-weilburger\\\/#breadcrumb\"},\"inLanguage\":\"es\",\"potentialAction\":[{\"@type\":\"ReadAction\",\"target\":[\"https:\\\/\\\/www.praimer.com.br\\\/es\\\/revestimentos-weilburger\\\/\"]}]},{\"@type\":\"BreadcrumbList\",\"@id\":\"https:\\\/\\\/www.praimer.com.br\\\/es\\\/revestimentos-weilburger\\\/#breadcrumb\",\"itemListElement\":[{\"@type\":\"ListItem\",\"position\":1,\"name\":\"Portada\",\"item\":\"https:\\\/\\\/www.praimer.com.br\\\/es\\\/\"},{\"@type\":\"ListItem\",\"position\":2,\"name\":\"Revestimentos Weilburger\"}]},{\"@type\":\"WebSite\",\"@id\":\"https:\\\/\\\/www.praimer.com.br\\\/es\\\/#website\",\"url\":\"https:\\\/\\\/www.praimer.com.br\\\/es\\\/\",\"name\":\"Praimer\",\"description\":\"Aplica\u00e7\u00e3o de revestimentos antiaderentes e anticorrosivos para a ind\u00fastria\",\"potentialAction\":[{\"@type\":\"SearchAction\",\"target\":{\"@type\":\"EntryPoint\",\"urlTemplate\":\"https:\\\/\\\/www.praimer.com.br\\\/es\\\/?s={search_term_string}\"},\"query-input\":{\"@type\":\"PropertyValueSpecification\",\"valueRequired\":true,\"valueName\":\"search_term_string\"}}],\"inLanguage\":\"es\"}]}<\/script>\n<!-- \/ Yoast SEO plugin. -->","yoast_head_json":{"title":"Revestimentos Weilburger - Praimer","robots":{"index":"index","follow":"follow","max-snippet":"max-snippet:-1","max-image-preview":"max-image-preview:large","max-video-preview":"max-video-preview:-1"},"canonical":"https:\/\/www.praimer.com.br\/es\/revestimentos-weilburger\/","og_locale":"es_ES","og_type":"article","og_title":"Revestimentos Weilburger - Praimer","og_description":"&nbsp; Recubrimientos Weilburger\u00ae Weilburger es una empresa de tama\u00f1o medio de origen alem\u00e1n, fundada en 1900, con presencia en varios continentes a trav\u00e9s de sus 11 plantas de producci\u00f3n y 8 almacenes de distribuci\u00f3n. Se dedica a la fabricaci\u00f3n de recubrimientos para uso industrial y de bienes de consumo, as\u00ed como de barnices especiales para [&hellip;]","og_url":"https:\/\/www.praimer.com.br\/es\/revestimentos-weilburger\/","og_site_name":"Praimer","article_publisher":"https:\/\/www.facebook.com\/praimerrevestimentos","article_modified_time":"2023-09-05T15:10:46+00:00","og_image":[{"width":900,"height":329,"url":"https:\/\/www.praimer.com.br\/wp-content\/uploads\/2019\/12\/Praimer-revestimentos-antiaderentes-anticorrosivos-brasil.jpg","type":"image\/jpeg"}],"twitter_card":"summary_large_image","twitter_misc":{"Tiempo de lectura":"2 minutos"},"schema":{"@context":"https:\/\/schema.org","@graph":[{"@type":"WebPage","@id":"https:\/\/www.praimer.com.br\/es\/revestimentos-weilburger\/","url":"https:\/\/www.praimer.com.br\/es\/revestimentos-weilburger\/","name":"Revestimentos Weilburger - Praimer","isPartOf":{"@id":"https:\/\/www.praimer.com.br\/es\/#website"},"datePublished":"2023-09-05T11:55:24+00:00","dateModified":"2023-09-05T15:10:46+00:00","breadcrumb":{"@id":"https:\/\/www.praimer.com.br\/es\/revestimentos-weilburger\/#breadcrumb"},"inLanguage":"es","potentialAction":[{"@type":"ReadAction","target":["https:\/\/www.praimer.com.br\/es\/revestimentos-weilburger\/"]}]},{"@type":"BreadcrumbList","@id":"https:\/\/www.praimer.com.br\/es\/revestimentos-weilburger\/#breadcrumb","itemListElement":[{"@type":"ListItem","position":1,"name":"Portada","item":"https:\/\/www.praimer.com.br\/es\/"},{"@type":"ListItem","position":2,"name":"Revestimentos Weilburger"}]},{"@type":"WebSite","@id":"https:\/\/www.praimer.com.br\/es\/#website","url":"https:\/\/www.praimer.com.br\/es\/","name":"Praimer","description":"Aplica\u00e7\u00e3o de revestimentos antiaderentes e anticorrosivos para a ind\u00fastria","potentialAction":[{"@type":"SearchAction","target":{"@type":"EntryPoint","urlTemplate":"https:\/\/www.praimer.com.br\/es\/?s={search_term_string}"},"query-input":{"@type":"PropertyValueSpecification","valueRequired":true,"valueName":"search_term_string"}}],"inLanguage":"es"}]}},"_links":{"self":[{"href":"https:\/\/www.praimer.com.br\/es\/wp-json\/wp\/v2\/pages\/3641","targetHints":{"allow":["GET"]}}],"collection":[{"href":"https:\/\/www.praimer.com.br\/es\/wp-json\/wp\/v2\/pages"}],"about":[{"href":"https:\/\/www.praimer.com.br\/es\/wp-json\/wp\/v2\/types\/page"}],"author":[{"embeddable":true,"href":"https:\/\/www.praimer.com.br\/es\/wp-json\/wp\/v2\/users\/2"}],"replies":[{"embeddable":true,"href":"https:\/\/www.praimer.com.br\/es\/wp-json\/wp\/v2\/comments?post=3641"}],"version-history":[{"count":12,"href":"https:\/\/www.praimer.com.br\/es\/wp-json\/wp\/v2\/pages\/3641\/revisions"}],"predecessor-version":[{"id":3706,"href":"https:\/\/www.praimer.com.br\/es\/wp-json\/wp\/v2\/pages\/3641\/revisions\/3706"}],"wp:attachment":[{"href":"https:\/\/www.praimer.com.br\/es\/wp-json\/wp\/v2\/media?parent=3641"}],"curies":[{"name":"wp","href":"https:\/\/api.w.org\/{rel}","templated":true}]}}