{"id":3597,"date":"2023-09-05T08:24:06","date_gmt":"2023-09-05T11:24:06","guid":{"rendered":"https:\/\/www.praimer.com.br\/?page_id=3597"},"modified":"2023-09-05T11:34:30","modified_gmt":"2023-09-05T14:34:30","slug":"revestimento-whitford-xylan","status":"publish","type":"page","link":"https:\/\/www.praimer.com.br\/es\/revestimento-whitford-xylan\/","title":{"rendered":"Revestimento Xylan"},"content":{"rendered":"<div id=\"pl-3597\"  class=\"panel-layout\" ><div id=\"pg-3597-0\"  class=\"panel-grid panel-has-style\" ><div style=\"padding: 0px 0; \" data-overlay=\"true\" data-overlay-color=\"#000000\" class=\"panel-row-style panel-row-style-for-3597-0\" ><div id=\"pgc-3597-0-0\"  class=\"panel-grid-cell\" ><div id=\"panel-3597-0-0-0\" class=\"so-panel widget widget_sow-image panel-first-child panel-last-child\" data-index=\"0\" ><div style=\"text-align: left;\" data-title-color=\"#47425d\" data-headings-color=\"#443f3f\" data-title_alignment=\"center\" class=\"panel-widget-style panel-widget-style-for-3597-0-0-0\" ><div\n\t\t\t\n\t\t\tclass=\"so-widget-sow-image so-widget-sow-image-default-c67d20f9f743-3597\"\n\t\t\t\n\t\t>\n<div class=\"sow-image-container\">\n\t\t<img \n\tsrc=\"https:\/\/www.praimer.com.br\/wp-content\/uploads\/2023\/07\/Recubrimiento-Whitford_Xylan.png\" width=\"197\" height=\"197\" srcset=\"https:\/\/www.praimer.com.br\/wp-content\/uploads\/2023\/07\/Recubrimiento-Whitford_Xylan.png 197w, https:\/\/www.praimer.com.br\/wp-content\/uploads\/2023\/07\/Recubrimiento-Whitford_Xylan-150x150.png 150w\" sizes=\"(max-width: 197px) 100vw, 197px\" alt=\"\" \t\tclass=\"so-widget-image\"\/>\n\t<\/div>\n\n<\/div><\/div><\/div><\/div><div id=\"pgc-3597-0-1\"  class=\"panel-grid-cell\" ><div id=\"panel-3597-0-1-0\" class=\"so-panel widget widget_sow-editor panel-first-child panel-last-child\" data-index=\"1\" ><div style=\"text-align: left;\" data-title-color=\"#47425d\" data-headings-color=\"#000000\" data-title_alignment=\"center\" class=\"panel-widget-style panel-widget-style-for-3597-0-1-0\" ><div\n\t\t\t\n\t\t\tclass=\"so-widget-sow-editor so-widget-sow-editor-base\"\n\t\t\t\n\t\t>\n<div class=\"siteorigin-widget-tinymce textwidget\">\n\t<p>&nbsp;<\/p>\n<h1 style=\"text-align: left;\">Recubrimiento Xylan\u00ae<\/h1>\n<hr align=\"left\" \/>\n<p style=\"text-align: justify;\">Xylan\u00ae se destaca como la marca l\u00edder de los recubrimientos industriales desarrollados por Whitford. Esta reconocida marca abarca una amplia gama de compuestos de fluoropol\u00edmeros y resinas antiadherentes, que se caracterizan por su bajo coeficiente de fricci\u00f3n. Estos recubrimientos ofrecen soluciones avanzadas para diversas aplicaciones industriales, brindando propiedades antiadherentes superiores y un rendimiento \u00f3ptimo en t\u00e9rminos de reducci\u00f3n de fricci\u00f3n.<\/p>\n<\/div>\n<\/div><\/div><\/div><\/div><\/div><\/div><div id=\"pg-3597-1\"  class=\"panel-grid panel-has-style\" ><div class=\"FRANJA-BLAVA-TITOL siteorigin-panels-stretch panel-row-style panel-row-style-for-3597-1\" style=\"padding: 0px 0; \" data-stretch-type=\"full\" data-overlay=\"true\" data-overlay-color=\"#000000\" ><div id=\"pgc-3597-1-0\"  class=\"panel-grid-cell\" ><div id=\"panel-3597-1-0-0\" class=\"so-panel widget widget_sow-editor panel-first-child panel-last-child\" data-index=\"2\" ><div style=\"text-align: left;\" data-title-color=\"#47425d\" data-headings-color=\"#443f3f\" data-title_alignment=\"center\" class=\"panel-widget-style panel-widget-style-for-3597-1-0-0\" ><div\n\t\t\t\n\t\t\tclass=\"so-widget-sow-editor so-widget-sow-editor-base\"\n\t\t\t\n\t\t>\n<div class=\"siteorigin-widget-tinymce textwidget\">\n\t<h2 style=\"text-align: center;\">Propiedades y aplicaciones del recubrimiento Xylan\u00ae<\/h2>\n<\/div>\n<\/div><\/div><\/div><\/div><\/div><\/div><div id=\"pg-3597-2\"  class=\"panel-grid panel-has-style\" ><div class=\"BGC-GRIS siteorigin-panels-stretch panel-row-style panel-row-style-for-3597-2\" style=\"padding: 50px 0; \" data-stretch-type=\"full\" data-overlay=\"true\" data-overlay-color=\"#000000\" ><div id=\"pgc-3597-2-0\"  class=\"panel-grid-cell\" ><div id=\"panel-3597-2-0-0\" class=\"so-panel widget widget_sow-editor panel-first-child panel-last-child\" data-index=\"3\" ><div style=\"text-align: left;\" data-title-color=\"#47425d\" data-headings-color=\"#443f3f\" data-title_alignment=\"center\" class=\"panel-widget-style panel-widget-style-for-3597-2-0-0\" ><div\n\t\t\t\n\t\t\tclass=\"so-widget-sow-editor so-widget-sow-editor-base\"\n\t\t\t\n\t\t>\n<div class=\"siteorigin-widget-tinymce textwidget\">\n\t<p>Los recubrimientos Xylan\u00ae desempe\u00f1an una funci\u00f3n principal como lubricantes secos, pero tambi\u00e9n poseen numerosas propiedades beneficiosas adicionales. Estos lubricantes se combinan con pol\u00edmeros org\u00e1nicos de alta temperatura de vanguardia, lo que resulta en aleaciones de pl\u00e1stico con propiedades \u00fanicas. Como resultado, los recubrimientos Xylan\u00ae son capaces de soportar cargas pesadas, altas temperaturas y entornos qu\u00edmicos y corrosivos.<\/p>\n<p>Estos recubrimientos se pueden aplicar en una o varias capas, ya sea en sistemas convencionales o reforzados. En t\u00e9rminos generales, algunas de sus principales propiedades incluyen:<\/p>\n<ul>\n<li>Bajo coeficiente de fricci\u00f3n<\/li>\n<li>Resistencia al desgaste<\/li>\n<li>Resistencia a la corrosi\u00f3n y a los agentes qu\u00edmicos en la mayor\u00eda de los entornos<\/li>\n<li>Resistencia tanto a la luz directa del sol como al agua del mar<\/li>\n<li>Rango de temperaturas de trabajo entre -250\u00baC y 285\u00baC<\/li>\n<li>Amplia gama de colores<\/li>\n<li>Gran flexibilidad<\/li>\n<li>Buena mecanizaci\u00f3n<\/li>\n<li>Una programaci\u00f3n de curado<\/li>\n<li>Excelente adhesi\u00f3n a la mayor\u00eda de los sustratos<\/li>\n<\/ul>\n<p>Los recubrimientos Xylan\u00ae se basan en una combinaci\u00f3n de<strong> fluoropol\u00edmeros<\/strong> como el PTFE, PFA y FEP. Estas diferentes composiciones permiten adaptar las prestaciones de los recubrimientos a diversos usos y sectores espec\u00edficos de la industria, como el menaje, la panificaci\u00f3n industrial, la automoci\u00f3n e incluso la industria petrolera y del gas. Cada composici\u00f3n ofrece caracter\u00edsticas particulares que satisfacen las necesidades y exigencias de cada sector en particular.<\/p>\n<\/div>\n<\/div><\/div><\/div><\/div><\/div><\/div><div id=\"pg-3597-3\"  class=\"panel-grid panel-has-style\" ><div class=\"siteorigin-panels-stretch panel-row-style panel-row-style-for-3597-3\" style=\"padding: 50px 0; \" data-stretch-type=\"full\" data-overlay=\"true\" data-overlay-color=\"#000000\" ><div id=\"pgc-3597-3-0\"  class=\"panel-grid-cell panel-grid-cell-empty\" ><\/div><\/div><\/div><div id=\"pg-3597-4\"  class=\"panel-grid panel-has-style\" ><div class=\"BGC-GRIS siteorigin-panels-stretch panel-row-style panel-row-style-for-3597-4\" style=\"padding: 50px 0; \" data-stretch-type=\"full\" data-overlay=\"true\" data-overlay-color=\"#000000\" ><div id=\"pgc-3597-4-0\"  class=\"panel-grid-cell\" ><div id=\"panel-3597-4-0-0\" class=\"so-panel widget widget_siteorigin-panels-builder panel-first-child panel-last-child\" data-index=\"4\" ><div style=\"text-align: left;\" data-title-color=\"#47425d\" data-headings-color=\"#443f3f\" data-title_alignment=\"center\" class=\"panel-widget-style panel-widget-style-for-3597-4-0-0\" ><div id=\"pl-w64f7109553a56\"  class=\"panel-layout\" ><div id=\"pg-w64f7109553a56-0\"  class=\"panel-grid panel-has-style\" ><div style=\"padding: 0px 0; \" data-overlay=\"true\" data-overlay-color=\"#000000\" class=\"panel-row-style panel-row-style-for-w64f7109553a56-0\" ><div id=\"pgc-w64f7109553a56-0-0\"  class=\"panel-grid-cell\" ><div id=\"panel-w64f7109553a56-0-0-0\" class=\"so-panel widget widget_sow-editor panel-first-child panel-last-child\" data-index=\"0\" ><div style=\"text-align: left;\" data-title-color=\"#47425d\" data-headings-color=\"#443f3f\" data-title_alignment=\"center\" class=\"panel-widget-style panel-widget-style-for-w64f7109553a56-0-0-0\" ><div\n\t\t\t\n\t\t\tclass=\"so-widget-sow-editor so-widget-sow-editor-base\"\n\t\t\t\n\t\t>\n<div class=\"siteorigin-widget-tinymce textwidget\">\n\t<p>&nbsp;<\/p>\n<h2 class=\"BLAU-FOSC\" style=\"text-align: center;\">Referencias de Xylan\u00ae<\/h2>\n<\/div>\n<\/div><\/div><\/div><\/div><\/div><\/div><div id=\"pg-w64f7109553a56-1\"  class=\"panel-grid panel-has-style\" ><div style=\"padding: 0px 0; \" data-overlay=\"true\" data-overlay-color=\"#000000\" class=\"panel-row-style panel-row-style-for-w64f7109553a56-1\" ><div id=\"pgc-w64f7109553a56-1-0\"  class=\"panel-grid-cell\" ><div id=\"panel-w64f7109553a56-1-0-0\" class=\"so-panel widget widget_sow-editor panel-first-child panel-last-child\" data-index=\"1\" ><div style=\"text-align: left;\" data-title-color=\"#47425d\" data-headings-color=\"#443f3f\" data-title_alignment=\"center\" class=\"panel-widget-style panel-widget-style-for-w64f7109553a56-1-0-0\" ><div\n\t\t\t\n\t\t\tclass=\"so-widget-sow-editor so-widget-sow-editor-base\"\n\t\t\t\n\t\t>\n<div class=\"siteorigin-widget-tinymce textwidget\">\n\t<p style=\"text-align: center; padding-top: 40px;\"><b>Xylan 333<\/b><br \/>\n<b>Xylan 1006<\/b><br \/>\n<b>Xylan 1010<\/b><br \/>\n<b>Xylan 1014<\/b><br \/>\n<b>Xylan 1052<\/b><br \/>\n<b>Xylan 1054<\/b><br \/>\n<b>Xylan 1058<\/b><br \/>\n<b>Xylan 1070<\/b><br \/>\n<b>Xylan 1088<\/b><br \/>\n<b>Xylan 1220<\/b><br \/>\n<b>Xylan 1290<\/b><br \/>\n<b>Xylan 1270<\/b><br \/>\n<b>Xylan 1311<\/b><\/p>\n<\/div>\n<\/div><\/div><\/div><\/div><div id=\"pgc-w64f7109553a56-1-1\"  class=\"panel-grid-cell\" ><div id=\"panel-w64f7109553a56-1-1-0\" class=\"so-panel widget widget_sow-editor panel-first-child panel-last-child\" data-index=\"2\" ><div style=\"text-align: left;\" data-title-color=\"#47425d\" data-headings-color=\"#443f3f\" data-title_alignment=\"center\" class=\"panel-widget-style panel-widget-style-for-w64f7109553a56-1-1-0\" ><div\n\t\t\t\n\t\t\tclass=\"so-widget-sow-editor so-widget-sow-editor-base\"\n\t\t\t\n\t\t>\n<div class=\"siteorigin-widget-tinymce textwidget\">\n\t<p style=\"text-align: center; padding-top: 40px;\"><b>Xylan 1331<\/b><br \/>\n<b>Xylan 1391<\/b><br \/>\n<b>Xylan 1400<\/b><br \/>\n<b>Xylan 1420<\/b><br \/>\n<b>Xylan 1421<\/b><br \/>\n<b>Xylan 1424<\/b><br \/>\n<b>Xylan 1425<\/b><br \/>\n<b>Xylan 1427<\/b><br \/>\n<b>Xylan 1514<\/b><br \/>\n<b>Xylan 1631<\/b><br \/>\n<b>Xylan 1632<\/b><br \/>\n<b>Xylan 1642<\/b><br \/>\n<b>Xylan 1661<\/b><\/p>\n<\/div>\n<\/div><\/div><\/div><\/div><div id=\"pgc-w64f7109553a56-1-2\"  class=\"panel-grid-cell\" ><div id=\"panel-w64f7109553a56-1-2-0\" class=\"so-panel widget widget_sow-editor panel-first-child panel-last-child\" data-index=\"3\" ><div style=\"text-align: left;\" data-title-color=\"#47425d\" data-headings-color=\"#443f3f\" data-title_alignment=\"center\" class=\"panel-widget-style panel-widget-style-for-w64f7109553a56-1-2-0\" ><div\n\t\t\t\n\t\t\tclass=\"so-widget-sow-editor so-widget-sow-editor-base\"\n\t\t\t\n\t\t>\n<div class=\"siteorigin-widget-tinymce textwidget\">\n\t<p style=\"text-align: center; padding-top: 40px;\"><b>Xylan 1700<\/b><br \/>\n<b>Xylan 1756<\/b><br \/>\n<b>Xylan 2000<\/b><br \/>\n<b>Xylan 4016<\/b><br \/>\n<b>Xylan 4018<\/b><br \/>\n<b>Xylan 4090<\/b><br \/>\n<b>Xylan 4248<\/b><br \/>\n<b>Xylan 4430<\/b><br \/>\n<b>Xylan 4500<\/b><br \/>\n<b>Xylan 5200<\/b><br \/>\n<b>Xylan 5230<\/b><br \/>\n<b>Xylan 5251<\/b><br \/>\n<b>Xylan 5420<\/b><\/p>\n<\/div>\n<\/div><\/div><\/div><\/div><div id=\"pgc-w64f7109553a56-1-3\"  class=\"panel-grid-cell\" ><div id=\"panel-w64f7109553a56-1-3-0\" class=\"so-panel widget widget_sow-editor panel-first-child panel-last-child\" data-index=\"4\" ><div style=\"text-align: left;\" data-title-color=\"#47425d\" data-headings-color=\"#443f3f\" data-title_alignment=\"center\" class=\"panel-widget-style panel-widget-style-for-w64f7109553a56-1-3-0\" ><div\n\t\t\t\n\t\t\tclass=\"so-widget-sow-editor so-widget-sow-editor-base\"\n\t\t\t\n\t\t>\n<div class=\"siteorigin-widget-tinymce textwidget\">\n\t<p style=\"text-align: center; padding-top: 40px;\"><b>Xylan 8005<\/b><br \/>\n<b>Xylan 8106<\/b><br \/>\n<b>Xylan 8110<\/b><br \/>\n<b>Xylan 8160<\/b><br \/>\n<b>Xylan 8221<\/b><br \/>\n<b>Xylan 8222<\/b><br \/>\n<b>Xylan 8223<\/b><br \/>\n<b>Xylan 8224<\/b><br \/>\n<b>Xylan 8254<\/b><br \/>\n<b>Xylan 8255<\/b><br \/>\n<b>Xylan 8257<\/b><br \/>\n<b>Xylan 8333<\/b><br \/>\n<b>Xylan 8514<\/b><\/p>\n<\/div>\n<\/div><\/div><\/div><\/div><div id=\"pgc-w64f7109553a56-1-4\"  class=\"panel-grid-cell\" ><div id=\"panel-w64f7109553a56-1-4-0\" class=\"so-panel widget widget_sow-editor panel-first-child panel-last-child\" data-index=\"5\" ><div style=\"text-align: left;\" data-title-color=\"#47425d\" data-headings-color=\"#443f3f\" data-title_alignment=\"center\" class=\"panel-widget-style panel-widget-style-for-w64f7109553a56-1-4-0\" ><div\n\t\t\t\n\t\t\tclass=\"so-widget-sow-editor so-widget-sow-editor-base\"\n\t\t\t\n\t\t>\n<div class=\"siteorigin-widget-tinymce textwidget\">\n\t<p style=\"text-align: center; padding-top: 40px;\"><b>Xylan 8530<\/b><br \/>\n<b>Xylan 8620S<\/b><br \/>\n<b>Xylan 8810<\/b><br \/>\n<b>Xylan 8820<\/b><br \/>\n<b>Xylan 8840<\/b><br \/>\n<b>Xylan 8843<\/b><br \/>\n<b>Xylan 8870<\/b><br \/>\n<b>Xylan 8920<\/b><br \/>\n<b>Xylan 9888<\/b><br \/>\n<b>Xylan 80-018<\/b><br \/>\n<b>Xylan 80-030<\/b><br \/>\n<b>Xylan 80-087<\/b><br \/>\n<b>Xylan 80-178<\/b><\/p>\n<\/div>\n<\/div><\/div><\/div><\/div><div id=\"pgc-w64f7109553a56-1-5\"  class=\"panel-grid-cell\" ><div id=\"panel-w64f7109553a56-1-5-0\" class=\"so-panel widget widget_sow-editor panel-first-child panel-last-child\" data-index=\"6\" ><div style=\"text-align: left;\" data-title-color=\"#47425d\" data-headings-color=\"#443f3f\" data-title_alignment=\"center\" class=\"panel-widget-style panel-widget-style-for-w64f7109553a56-1-5-0\" ><div\n\t\t\t\n\t\t\tclass=\"so-widget-sow-editor so-widget-sow-editor-base\"\n\t\t\t\n\t\t>\n<div class=\"siteorigin-widget-tinymce textwidget\">\n\t<p style=\"text-align: center; padding-top: 40px;\"><b>Xylan 80-510<\/b><br \/>\n<b>Xylan 80-511<\/b><br \/>\n<b>Xylan 80-550<\/b><br \/>\n<b>Xylan 80-610<\/b><br \/>\n<b>Xylan 80-650<\/b><br \/>\n<b>Xylan 80-787<\/b><br \/>\n<b>Xylan 88-040<\/b><br \/>\n<b>Xylan 88-042<\/b><br \/>\n<b>Xylan 88-043<\/b><br \/>\n<b>Xylan 88-044<\/b><br \/>\n<b>Xylan XLR 17<\/b><br \/>\n<b>Eterna\u00ae 17<\/b><br \/>\n<b>Eterna\u00ae 71<\/b><br \/>\n<b>Eterna\u00ae 73<\/b><\/p>\n<\/div>\n<\/div><\/div><\/div><\/div><\/div><\/div><\/div><\/div><\/div><\/div><\/div><\/div><\/div>","protected":false},"excerpt":{"rendered":"<p>&nbsp; Recubrimiento Xylan\u00ae Xylan\u00ae se destaca como la marca l\u00edder de los recubrimientos industriales desarrollados por Whitford. Esta reconocida marca abarca una amplia gama de compuestos de fluoropol\u00edmeros y resinas antiadherentes, que se caracterizan por su bajo coeficiente de fricci\u00f3n. Estos recubrimientos ofrecen soluciones avanzadas para diversas aplicaciones industriales, brindando propiedades antiadherentes superiores y un [&hellip;]<\/p>\n","protected":false},"author":2,"featured_media":0,"parent":0,"menu_order":0,"comment_status":"closed","ping_status":"closed","template":"page-templates\/page_fullwidth.php","meta":{"footnotes":""},"class_list":["post-3597","page","type-page","status-publish","hentry"],"yoast_head":"<!-- This site is optimized with the Yoast SEO plugin v27.5 - https:\/\/yoast.com\/product\/yoast-seo-wordpress\/ -->\n<title>Revestimento Xylan - Praimer<\/title>\n<meta name=\"robots\" content=\"index, follow, max-snippet:-1, max-image-preview:large, max-video-preview:-1\" \/>\n<link rel=\"canonical\" href=\"https:\/\/www.praimer.com.br\/es\/revestimento-whitford-xylan\/\" \/>\n<meta property=\"og:locale\" content=\"es_ES\" \/>\n<meta property=\"og:type\" content=\"article\" \/>\n<meta property=\"og:title\" content=\"Revestimento Xylan - Praimer\" \/>\n<meta property=\"og:description\" content=\"&nbsp; Recubrimiento Xylan\u00ae Xylan\u00ae se destaca como la marca l\u00edder de los recubrimientos industriales desarrollados por Whitford. Esta reconocida marca abarca una amplia gama de compuestos de fluoropol\u00edmeros y resinas antiadherentes, que se caracterizan por su bajo coeficiente de fricci\u00f3n. Estos recubrimientos ofrecen soluciones avanzadas para diversas aplicaciones industriales, brindando propiedades antiadherentes superiores y un [&hellip;]\" \/>\n<meta property=\"og:url\" content=\"https:\/\/www.praimer.com.br\/es\/revestimento-whitford-xylan\/\" \/>\n<meta property=\"og:site_name\" content=\"Praimer\" \/>\n<meta property=\"article:publisher\" content=\"https:\/\/www.facebook.com\/praimerrevestimentos\" \/>\n<meta property=\"article:modified_time\" content=\"2023-09-05T14:34:30+00:00\" \/>\n<meta property=\"og:image\" content=\"https:\/\/www.praimer.com.br\/wp-content\/uploads\/2019\/12\/Praimer-revestimentos-antiaderentes-anticorrosivos-brasil.jpg\" \/>\n\t<meta property=\"og:image:width\" content=\"900\" \/>\n\t<meta property=\"og:image:height\" content=\"329\" \/>\n\t<meta property=\"og:image:type\" content=\"image\/jpeg\" \/>\n<meta name=\"twitter:card\" content=\"summary_large_image\" \/>\n<meta name=\"twitter:label1\" content=\"Tiempo de lectura\" \/>\n\t<meta name=\"twitter:data1\" content=\"3 minutos\" \/>\n<script type=\"application\/ld+json\" class=\"yoast-schema-graph\">{\"@context\":\"https:\\\/\\\/schema.org\",\"@graph\":[{\"@type\":\"WebPage\",\"@id\":\"https:\\\/\\\/www.praimer.com.br\\\/es\\\/revestimento-whitford-xylan\\\/\",\"url\":\"https:\\\/\\\/www.praimer.com.br\\\/es\\\/revestimento-whitford-xylan\\\/\",\"name\":\"Revestimento Xylan - Praimer\",\"isPartOf\":{\"@id\":\"https:\\\/\\\/www.praimer.com.br\\\/es\\\/#website\"},\"datePublished\":\"2023-09-05T11:24:06+00:00\",\"dateModified\":\"2023-09-05T14:34:30+00:00\",\"breadcrumb\":{\"@id\":\"https:\\\/\\\/www.praimer.com.br\\\/es\\\/revestimento-whitford-xylan\\\/#breadcrumb\"},\"inLanguage\":\"es\",\"potentialAction\":[{\"@type\":\"ReadAction\",\"target\":[\"https:\\\/\\\/www.praimer.com.br\\\/es\\\/revestimento-whitford-xylan\\\/\"]}]},{\"@type\":\"BreadcrumbList\",\"@id\":\"https:\\\/\\\/www.praimer.com.br\\\/es\\\/revestimento-whitford-xylan\\\/#breadcrumb\",\"itemListElement\":[{\"@type\":\"ListItem\",\"position\":1,\"name\":\"Portada\",\"item\":\"https:\\\/\\\/www.praimer.com.br\\\/es\\\/\"},{\"@type\":\"ListItem\",\"position\":2,\"name\":\"Revestimento Xylan\"}]},{\"@type\":\"WebSite\",\"@id\":\"https:\\\/\\\/www.praimer.com.br\\\/es\\\/#website\",\"url\":\"https:\\\/\\\/www.praimer.com.br\\\/es\\\/\",\"name\":\"Praimer\",\"description\":\"Aplica\u00e7\u00e3o de revestimentos antiaderentes e anticorrosivos para a ind\u00fastria\",\"potentialAction\":[{\"@type\":\"SearchAction\",\"target\":{\"@type\":\"EntryPoint\",\"urlTemplate\":\"https:\\\/\\\/www.praimer.com.br\\\/es\\\/?s={search_term_string}\"},\"query-input\":{\"@type\":\"PropertyValueSpecification\",\"valueRequired\":true,\"valueName\":\"search_term_string\"}}],\"inLanguage\":\"es\"}]}<\/script>\n<!-- \/ Yoast SEO plugin. -->","yoast_head_json":{"title":"Revestimento Xylan - Praimer","robots":{"index":"index","follow":"follow","max-snippet":"max-snippet:-1","max-image-preview":"max-image-preview:large","max-video-preview":"max-video-preview:-1"},"canonical":"https:\/\/www.praimer.com.br\/es\/revestimento-whitford-xylan\/","og_locale":"es_ES","og_type":"article","og_title":"Revestimento Xylan - Praimer","og_description":"&nbsp; Recubrimiento Xylan\u00ae Xylan\u00ae se destaca como la marca l\u00edder de los recubrimientos industriales desarrollados por Whitford. Esta reconocida marca abarca una amplia gama de compuestos de fluoropol\u00edmeros y resinas antiadherentes, que se caracterizan por su bajo coeficiente de fricci\u00f3n. Estos recubrimientos ofrecen soluciones avanzadas para diversas aplicaciones industriales, brindando propiedades antiadherentes superiores y un [&hellip;]","og_url":"https:\/\/www.praimer.com.br\/es\/revestimento-whitford-xylan\/","og_site_name":"Praimer","article_publisher":"https:\/\/www.facebook.com\/praimerrevestimentos","article_modified_time":"2023-09-05T14:34:30+00:00","og_image":[{"width":900,"height":329,"url":"https:\/\/www.praimer.com.br\/wp-content\/uploads\/2019\/12\/Praimer-revestimentos-antiaderentes-anticorrosivos-brasil.jpg","type":"image\/jpeg"}],"twitter_card":"summary_large_image","twitter_misc":{"Tiempo de lectura":"3 minutos"},"schema":{"@context":"https:\/\/schema.org","@graph":[{"@type":"WebPage","@id":"https:\/\/www.praimer.com.br\/es\/revestimento-whitford-xylan\/","url":"https:\/\/www.praimer.com.br\/es\/revestimento-whitford-xylan\/","name":"Revestimento Xylan - Praimer","isPartOf":{"@id":"https:\/\/www.praimer.com.br\/es\/#website"},"datePublished":"2023-09-05T11:24:06+00:00","dateModified":"2023-09-05T14:34:30+00:00","breadcrumb":{"@id":"https:\/\/www.praimer.com.br\/es\/revestimento-whitford-xylan\/#breadcrumb"},"inLanguage":"es","potentialAction":[{"@type":"ReadAction","target":["https:\/\/www.praimer.com.br\/es\/revestimento-whitford-xylan\/"]}]},{"@type":"BreadcrumbList","@id":"https:\/\/www.praimer.com.br\/es\/revestimento-whitford-xylan\/#breadcrumb","itemListElement":[{"@type":"ListItem","position":1,"name":"Portada","item":"https:\/\/www.praimer.com.br\/es\/"},{"@type":"ListItem","position":2,"name":"Revestimento Xylan"}]},{"@type":"WebSite","@id":"https:\/\/www.praimer.com.br\/es\/#website","url":"https:\/\/www.praimer.com.br\/es\/","name":"Praimer","description":"Aplica\u00e7\u00e3o de revestimentos antiaderentes e anticorrosivos para a ind\u00fastria","potentialAction":[{"@type":"SearchAction","target":{"@type":"EntryPoint","urlTemplate":"https:\/\/www.praimer.com.br\/es\/?s={search_term_string}"},"query-input":{"@type":"PropertyValueSpecification","valueRequired":true,"valueName":"search_term_string"}}],"inLanguage":"es"}]}},"_links":{"self":[{"href":"https:\/\/www.praimer.com.br\/es\/wp-json\/wp\/v2\/pages\/3597","targetHints":{"allow":["GET"]}}],"collection":[{"href":"https:\/\/www.praimer.com.br\/es\/wp-json\/wp\/v2\/pages"}],"about":[{"href":"https:\/\/www.praimer.com.br\/es\/wp-json\/wp\/v2\/types\/page"}],"author":[{"embeddable":true,"href":"https:\/\/www.praimer.com.br\/es\/wp-json\/wp\/v2\/users\/2"}],"replies":[{"embeddable":true,"href":"https:\/\/www.praimer.com.br\/es\/wp-json\/wp\/v2\/comments?post=3597"}],"version-history":[{"count":11,"href":"https:\/\/www.praimer.com.br\/es\/wp-json\/wp\/v2\/pages\/3597\/revisions"}],"predecessor-version":[{"id":3603,"href":"https:\/\/www.praimer.com.br\/es\/wp-json\/wp\/v2\/pages\/3597\/revisions\/3603"}],"wp:attachment":[{"href":"https:\/\/www.praimer.com.br\/es\/wp-json\/wp\/v2\/media?parent=3597"}],"curies":[{"name":"wp","href":"https:\/\/api.w.org\/{rel}","templated":true}]}}