{"id":3528,"date":"2023-09-05T06:55:00","date_gmt":"2023-09-05T09:55:00","guid":{"rendered":"https:\/\/www.praimer.com.br\/?page_id=3528"},"modified":"2023-09-05T11:32:51","modified_gmt":"2023-09-05T14:32:51","slug":"revestimento-azkonobel-resicoat","status":"publish","type":"page","link":"https:\/\/www.praimer.com.br\/es\/revestimento-azkonobel-resicoat\/","title":{"rendered":"Revestimento Resicoat"},"content":{"rendered":"<div id=\"pl-3528\"  class=\"panel-layout\" ><div id=\"pg-3528-0\"  class=\"panel-grid panel-has-style\" ><div style=\"padding: 0px 0; \" data-overlay=\"true\" data-overlay-color=\"#000000\" class=\"panel-row-style panel-row-style-for-3528-0\" ><div id=\"pgc-3528-0-0\"  class=\"panel-grid-cell\" ><div id=\"panel-3528-0-0-0\" class=\"so-panel widget widget_sow-image panel-first-child panel-last-child\" data-index=\"0\" ><div style=\"text-align: left;\" data-title-color=\"#47425d\" data-headings-color=\"#443f3f\" data-title_alignment=\"center\" class=\"panel-widget-style panel-widget-style-for-3528-0-0-0\" ><div\n\t\t\t\n\t\t\tclass=\"so-widget-sow-image so-widget-sow-image-default-c67d20f9f743-3528\"\n\t\t\t\n\t\t>\n<div class=\"sow-image-container\">\n\t\t<img \n\tsrc=\"https:\/\/www.praimer.com.br\/wp-content\/uploads\/2023\/07\/recubrimientos-akzonobel-resicoat-1.png\" width=\"197\" height=\"197\" srcset=\"https:\/\/www.praimer.com.br\/wp-content\/uploads\/2023\/07\/recubrimientos-akzonobel-resicoat-1.png 197w, https:\/\/www.praimer.com.br\/wp-content\/uploads\/2023\/07\/recubrimientos-akzonobel-resicoat-1-150x150.png 150w\" sizes=\"(max-width: 197px) 100vw, 197px\" title=\"recubrimientos-akzonobel-resicoat\" alt=\"\" \t\tclass=\"so-widget-image\"\/>\n\t<\/div>\n\n<\/div><\/div><\/div><\/div><div id=\"pgc-3528-0-1\"  class=\"panel-grid-cell\" ><div id=\"panel-3528-0-1-0\" class=\"so-panel widget widget_sow-editor panel-first-child panel-last-child\" data-index=\"1\" ><div style=\"text-align: left;\" data-title-color=\"#47425d\" data-headings-color=\"#000000\" data-title_alignment=\"center\" class=\"panel-widget-style panel-widget-style-for-3528-0-1-0\" ><div\n\t\t\t\n\t\t\tclass=\"so-widget-sow-editor so-widget-sow-editor-base\"\n\t\t\t\n\t\t>\n<div class=\"siteorigin-widget-tinymce textwidget\">\n\t<p>&nbsp;<\/p>\n<h1 style=\"text-align: left;\">Recubrimiento Resicoat\u00ae<\/h1>\n<hr align=\"left\" \/>\n<p style=\"text-align: justify;\">AkzoNobel ofrece los recubrimientos en polvo Resicoat\u00ae, una soluci\u00f3n sin solventes que ofrece una protecci\u00f3n superior a las piezas recubiertas en entornos hostiles. Estos recubrimientos en polvo tienen una huella medioambiental m\u00e1s baja que los l\u00edquidos equivalentes y no contienen COV ni metales pesados en su formulaci\u00f3n.<\/p>\n<p style=\"text-align: justify;\">Resicoat\u00ae tambi\u00e9n cuenta con una certificaci\u00f3n ambiental global SMaRT y tiene el potencial de reducir los costos de recubrimiento. Adem\u00e1s de su uso en la protecci\u00f3n contra la corrosi\u00f3n en v\u00e1lvulas, los recubrimientos en polvo Resicoat\u00ae se utilizan para el aislamiento y la protecci\u00f3n contra la corrosi\u00f3n en componentes electr\u00f3nicos, entre otros usos.<\/p>\n<\/div>\n<\/div><\/div><\/div><\/div><\/div><\/div><div id=\"pg-3528-1\"  class=\"panel-grid panel-has-style\" ><div class=\"FRANJA-BLAVA-TITOL siteorigin-panels-stretch panel-row-style panel-row-style-for-3528-1\" style=\"padding: 0px 0; \" data-stretch-type=\"full\" data-overlay=\"true\" data-overlay-color=\"#000000\" ><div id=\"pgc-3528-1-0\"  class=\"panel-grid-cell\" ><div id=\"panel-3528-1-0-0\" class=\"so-panel widget widget_sow-editor panel-first-child panel-last-child\" data-index=\"2\" ><div class=\"blanc panel-widget-style panel-widget-style-for-3528-1-0-0\" style=\"text-align: left;\" data-title-color=\"#47425d\" data-headings-color=\"#443f3f\" data-title_alignment=\"center\" ><div\n\t\t\t\n\t\t\tclass=\"so-widget-sow-editor so-widget-sow-editor-base\"\n\t\t\t\n\t\t>\n<div class=\"siteorigin-widget-tinymce textwidget\">\n\t<h2 style=\"text-align: center;\">Propiedades del recubrimiento Resicoat\u00ae<\/h2>\n<\/div>\n<\/div><\/div><\/div><\/div><\/div><\/div><div id=\"pg-3528-2\"  class=\"panel-grid panel-has-style\" ><div class=\"BGC-GRIS siteorigin-panels-stretch panel-row-style panel-row-style-for-3528-2\" style=\"padding: 50px 0; \" data-stretch-type=\"full\" data-overlay=\"true\" data-overlay-color=\"#000000\" ><div id=\"pgc-3528-2-0\"  class=\"panel-grid-cell\" ><div id=\"panel-3528-2-0-0\" class=\"so-panel widget widget_sow-editor panel-first-child\" data-index=\"3\" ><div style=\"text-align: left;\" data-title-color=\"#47425d\" data-headings-color=\"#443f3f\" data-title_alignment=\"center\" class=\"panel-widget-style panel-widget-style-for-3528-2-0-0\" ><div\n\t\t\t\n\t\t\tclass=\"so-widget-sow-editor so-widget-sow-editor-base\"\n\t\t\t\n\t\t>\n<div class=\"siteorigin-widget-tinymce textwidget\">\n\t<p class=\"TEXTOS-DESTACATS\" style=\"text-align: center;\">La gama de productos en polvo Resicoat\u00ae es aplicable en diversos sectores industriales, consiguiente aportar soluciones tales como:<\/p>\n<\/div>\n<\/div><\/div><\/div><div id=\"panel-3528-2-0-1\" class=\"so-panel widget widget_sow-editor panel-last-child\" data-index=\"4\" ><div style=\"text-align: left;\" data-title-color=\"#47425d\" data-headings-color=\"#443f3f\" data-title_alignment=\"center\" class=\"panel-widget-style panel-widget-style-for-3528-2-0-1\" ><div\n\t\t\t\n\t\t\tclass=\"so-widget-sow-editor so-widget-sow-editor-base\"\n\t\t\t\n\t\t>\n<div class=\"siteorigin-widget-tinymce textwidget\">\n\t<p style=\"text-align: center;\"><strong>Recubrimiento para aislamiento el\u00e9ctrico<\/strong><br \/>\nLos recubrimientos en polvo Resicoat\u00ae han sido utilizados para aplicaciones de aislamiento el\u00e9ctrico desde finales de los a\u00f1os 60 y desde entonces se han ido mejorando y desarrollando para satisfacer las necesidades de nuevas aplicaciones diel\u00e9ctricas. La serie Resicoat\u00ae EL cuenta con recubrimientos ep\u00f3xicos en polvo para el aislamiento de celdas de laminaci\u00f3n en motores, barras de metal en sistemas de distribuci\u00f3n el\u00e9ctrica, as\u00ed como para peque\u00f1os componentes como n\u00facleos magn\u00e9ticos. Estos recubrimientos ofrecen una soluci\u00f3n efectiva y duradera para garantizar un aislamiento el\u00e9ctrico de alta calidad en diversas aplicaciones.<\/p>\n<p style=\"text-align: center;\"><strong>Recubrimiento exterior e interior de tuber\u00edas<\/strong><br \/>\nLas tuber\u00edas son vitales para el transporte de diversos recursos energ\u00e9ticos, tales como petr\u00f3leo, gas natural, petroqu\u00edmicos y agua. Por esta raz\u00f3n, es fundamental que operen de manera segura y eficiente durante toda su vida \u00fatil. Para garantizar esta seguridad, es esencial combinar la protecci\u00f3n cat\u00f3dica con recubrimientos protectores como Resicoat\u00ae. Esta combinaci\u00f3n no solo ayuda a evitar altos costos de mantenimiento, sino tambi\u00e9n a prevenir posibles da\u00f1os ambientales que podr\u00edan ocurrir por fugas debido a la corrosi\u00f3n.<\/p>\n<p style=\"text-align: center;\"><strong>Recubrimiento para varilla corrugada<\/strong><br \/>\nLa gama Resicoat\u00ae RB protege las varillas corrugadas utilizadas en la construcci\u00f3n de estructuras de hormig\u00f3n armado contra la corrosi\u00f3n. Estos recubrimientos est\u00e1n dise\u00f1ados para cumplir con las normativas m\u00e1s exigentes, como la ASTM A775 y la certificaci\u00f3n DOT\u2019s de EE.UU. Adem\u00e1s, Resicoat\u00ae RB se encuentra disponible en versiones flexibles y no flexibles para adaptarse a una amplia variedad de necesidades en el sector de la construcci\u00f3n. Adem\u00e1s, puede asegurar la durabilidad y fiabilidad de las estructuras de hormig\u00f3n, reduciendo as\u00ed los costos de mantenimiento a largo plazo.<\/p>\n<p style=\"text-align: center;\"><strong>Recubrimiento para v\u00e1lvulas y accesorios<\/strong><br \/>\nLa serie de recubrimientos en polvo Resicoat R4 ha sido desarrollada espec\u00edficamente para aplicaciones en las que se requiere una resistencia excepcional en entornos hostiles, tales como en la industria de petr\u00f3leo y gas, y para el transporte de agua potable. Estos recubrimientos epoxi en polvo est\u00e1n aprobados para su uso en aplicaciones de agua potable en todo el mundo y tambi\u00e9n cuentan con certificaciones para aplicaciones de gas y biog\u00e1s. La superficie sellada y sin poros de Resicoat R4 protege las v\u00e1lvulas de la corrosi\u00f3n y reduce la fricci\u00f3n entre el medio transportado y la conexi\u00f3n, lo que a su vez evita la acumulaci\u00f3n de sales y materiales org\u00e1nicos en las superficies recubiertas.<\/p>\n<\/div>\n<\/div><\/div><\/div><\/div><\/div><\/div><div id=\"pg-3528-3\"  class=\"panel-grid panel-has-style\" ><div class=\"siteorigin-panels-stretch panel-row-style panel-row-style-for-3528-3\" style=\"padding: 50px 0; \" data-stretch-type=\"full\" data-overlay=\"true\" data-overlay-color=\"#000000\" ><div id=\"pgc-3528-3-0\"  class=\"panel-grid-cell\" ><div id=\"panel-3528-3-0-0\" class=\"so-panel widget widget_sow-editor panel-first-child\" data-index=\"5\" ><div style=\"text-align: left;\" data-title-color=\"#47425d\" data-headings-color=\"#443f3f\" data-title_alignment=\"center\" class=\"panel-widget-style panel-widget-style-for-3528-3-0-0\" ><div\n\t\t\t\n\t\t\tclass=\"so-widget-sow-editor so-widget-sow-editor-base\"\n\t\t\t\n\t\t>\n<div class=\"siteorigin-widget-tinymce textwidget\">\n\t<h2 class=\"BLAU-FOSC\" style=\"text-align: center;\">Referencias de Resicoat<\/h2>\n<\/div>\n<\/div><\/div><\/div><div id=\"panel-3528-3-0-1\" class=\"so-panel widget widget_siteorigin-panels-builder panel-last-child\" data-index=\"6\" ><div style=\"text-align: left;\" data-title-color=\"#47425d\" data-headings-color=\"#443f3f\" data-title_alignment=\"center\" class=\"panel-widget-style panel-widget-style-for-3528-3-0-1\" ><div id=\"pl-w6a01ee3a03a16\"  class=\"panel-layout\" ><div id=\"pg-w6a01ee3a03a16-0\"  class=\"panel-grid panel-has-style\" ><div style=\"padding: 40px 0; \" data-overlay=\"true\" data-overlay-color=\"#000000\" class=\"panel-row-style panel-row-style-for-w6a01ee3a03a16-0\" ><div id=\"pgc-w6a01ee3a03a16-0-0\"  class=\"panel-grid-cell\" ><div id=\"panel-w6a01ee3a03a16-0-0-0\" class=\"so-panel widget widget_sow-editor panel-first-child panel-last-child\" data-index=\"0\" ><div style=\"text-align: left;\" data-title-color=\"#47425d\" data-headings-color=\"#443f3f\" data-title_alignment=\"center\" class=\"panel-widget-style panel-widget-style-for-w6a01ee3a03a16-0-0-0\" ><div\n\t\t\t\n\t\t\tclass=\"so-widget-sow-editor so-widget-sow-editor-base\"\n\t\t\t\n\t\t>\n<div class=\"siteorigin-widget-tinymce textwidget\">\n\t<p style=\"text-align: center;\"><b>HLF59R EL<\/b><br \/>\n<b>HLG03R EL201<\/b><br \/>\n<b>HKF97R EL3<\/b><br \/>\n<b>HGC20R EL<\/b><br \/>\n<b>HNE06R EL4<\/b><br \/>\n<b>HKE03R e-lock<\/b><br \/>\n<b>HNE03R e-lock<\/b><br \/>\n<b>HNH04R EL1<\/b><br \/>\n<b>HLF04R R-726<\/b><br \/>\n<b>HKF70R R-726A<\/b><\/p>\n<\/div>\n<\/div><\/div><\/div><\/div><div id=\"pgc-w6a01ee3a03a16-0-1\"  class=\"panel-grid-cell\" ><div id=\"panel-w6a01ee3a03a16-0-1-0\" class=\"so-panel widget widget_sow-editor panel-first-child panel-last-child\" data-index=\"1\" ><div style=\"text-align: left;\" data-title-color=\"#47425d\" data-headings-color=\"#443f3f\" data-title_alignment=\"center\" class=\"panel-widget-style panel-widget-style-for-w6a01ee3a03a16-0-1-0\" ><div\n\t\t\t\n\t\t\tclass=\"so-widget-sow-editor so-widget-sow-editor-base\"\n\t\t\t\n\t\t>\n<div class=\"siteorigin-widget-tinymce textwidget\">\n\t<p style=\"text-align: center;\"><b>HDF01R R-726LAT<\/b><br \/>\n<b>HKF58R R-735LD<\/b><br \/>\n<b>HLF76R R-726A<\/b><br \/>\n<b>HLF75R R-735LD<\/b><br \/>\n<b>HKF30R RB-600<\/b><br \/>\n<b>HEF06R R4-ES \/ ca. RAL 1023GL<\/b><br \/>\n<b>HGF03R R4-ES \/ ca. RAL 3011GL<\/b><br \/>\n<b>HGF10R R4-ES \/ redbrown<\/b><br \/>\n<b>HGF14R R4-ES \/ ca. RAL 3000<\/b><br \/>\n<b>HGF17R R4-ES \/ rust red<\/b><\/p>\n<\/div>\n<\/div><\/div><\/div><\/div><div id=\"pgc-w6a01ee3a03a16-0-2\"  class=\"panel-grid-cell\" ><div id=\"panel-w6a01ee3a03a16-0-2-0\" class=\"so-panel widget widget_sow-editor panel-first-child panel-last-child\" data-index=\"2\" ><div style=\"text-align: left;\" data-title-color=\"#47425d\" data-headings-color=\"#443f3f\" data-title_alignment=\"center\" class=\"panel-widget-style panel-widget-style-for-w6a01ee3a03a16-0-2-0\" ><div\n\t\t\t\n\t\t\tclass=\"so-widget-sow-editor so-widget-sow-editor-base\"\n\t\t\t\n\t\t>\n<div class=\"siteorigin-widget-tinymce textwidget\">\n\t<p style=\"text-align: center;\"><b>HJF01R R4-ES \/ ca. RAL 5005<\/b><br \/>\n<b>HJF10R R4-ES \/ ca. RAL 5017<\/b><br \/>\n<b>HJF13R R4-ES<\/b><br \/>\n<b>HJF14R R4-ES \/ ca. RAL 5015<\/b><br \/>\n<b>HJF19R R4-ES \/ ca. RAL 5010GL<\/b><br \/>\n<b>HJF22R R4-ES \/ ca. RAL 5015GL<\/b><br \/>\n<b>HJF23R R4-ES \/ ca. RAL 5003<\/b><br \/>\n<b>HJF24R R4-ES \/ ca. RAL 5013GL<\/b><br \/>\n<b>HJF26R R4-ES \/ ca. RAL 5005<\/b><br \/>\n<b>HJF42R R4-ES \/ blue<\/b><\/p>\n<\/div>\n<\/div><\/div><\/div><\/div><div id=\"pgc-w6a01ee3a03a16-0-3\"  class=\"panel-grid-cell\" ><div id=\"panel-w6a01ee3a03a16-0-3-0\" class=\"so-panel widget widget_sow-editor panel-first-child panel-last-child\" data-index=\"3\" ><div style=\"text-align: left;\" data-title-color=\"#47425d\" data-headings-color=\"#443f3f\" data-title_alignment=\"center\" class=\"panel-widget-style panel-widget-style-for-w6a01ee3a03a16-0-3-0\" ><div\n\t\t\t\n\t\t\tclass=\"so-widget-sow-editor so-widget-sow-editor-base\"\n\t\t\t\n\t\t>\n<div class=\"siteorigin-widget-tinymce textwidget\">\n\t<p style=\"text-align: center;\"><b>HKF47R R4-ES \/ green<\/b><br \/>\n<b>HNF04R R4-ES \/ ca. RAL 9005<\/b><br \/>\n<b>HGH02R R4-ES \/ redbrown<\/b><br \/>\n<b>HEC01R R4-FB \/ ca. RAL 1023GL<\/b><br \/>\n<b>HGC07R R4-FB \/ redbrown<\/b><br \/>\n<b>HGC17R R4-FB \/ redbrown<\/b><br \/>\n<b>HJC06R R4-FB \/ ca. RAL 5005<\/b><br \/>\n<b>HJC08R R4-FB \/ ca. RAL 5017<\/b><br \/>\n<b>HKC71R R4-FB \/ green<\/b><br \/>\n<b>HNC01R R4-FB \/ black<\/b><\/p>\n<\/div>\n<\/div><\/div><\/div><\/div><\/div><\/div><\/div><\/div><\/div><\/div><\/div><\/div><\/div>","protected":false},"excerpt":{"rendered":"<p>&nbsp; Recubrimiento Resicoat\u00ae AkzoNobel ofrece los recubrimientos en polvo Resicoat\u00ae, una soluci\u00f3n sin solventes que ofrece una protecci\u00f3n superior a las piezas recubiertas en entornos hostiles. Estos recubrimientos en polvo tienen una huella medioambiental m\u00e1s baja que los l\u00edquidos equivalentes y no contienen COV ni metales pesados en su formulaci\u00f3n. Resicoat\u00ae tambi\u00e9n cuenta con una [&hellip;]<\/p>\n","protected":false},"author":2,"featured_media":0,"parent":0,"menu_order":0,"comment_status":"closed","ping_status":"closed","template":"page-templates\/page_fullwidth.php","meta":{"footnotes":""},"class_list":["post-3528","page","type-page","status-publish","hentry"],"yoast_head":"<!-- This site is optimized with the Yoast SEO plugin v27.5 - https:\/\/yoast.com\/product\/yoast-seo-wordpress\/ -->\n<title>Revestimento Resicoat - Praimer<\/title>\n<meta name=\"robots\" content=\"index, follow, max-snippet:-1, max-image-preview:large, max-video-preview:-1\" \/>\n<link rel=\"canonical\" href=\"https:\/\/www.praimer.com.br\/es\/revestimento-azkonobel-resicoat\/\" \/>\n<meta property=\"og:locale\" content=\"es_ES\" \/>\n<meta property=\"og:type\" content=\"article\" \/>\n<meta property=\"og:title\" content=\"Revestimento Resicoat - Praimer\" \/>\n<meta property=\"og:description\" content=\"&nbsp; Recubrimiento Resicoat\u00ae AkzoNobel ofrece los recubrimientos en polvo Resicoat\u00ae, una soluci\u00f3n sin solventes que ofrece una protecci\u00f3n superior a las piezas recubiertas en entornos hostiles. Estos recubrimientos en polvo tienen una huella medioambiental m\u00e1s baja que los l\u00edquidos equivalentes y no contienen COV ni metales pesados en su formulaci\u00f3n. Resicoat\u00ae tambi\u00e9n cuenta con una [&hellip;]\" \/>\n<meta property=\"og:url\" content=\"https:\/\/www.praimer.com.br\/es\/revestimento-azkonobel-resicoat\/\" \/>\n<meta property=\"og:site_name\" content=\"Praimer\" \/>\n<meta property=\"article:publisher\" content=\"https:\/\/www.facebook.com\/praimerrevestimentos\" \/>\n<meta property=\"article:modified_time\" content=\"2023-09-05T14:32:51+00:00\" \/>\n<meta property=\"og:image\" content=\"https:\/\/www.praimer.com.br\/wp-content\/uploads\/2019\/12\/Praimer-revestimentos-antiaderentes-anticorrosivos-brasil.jpg\" \/>\n\t<meta property=\"og:image:width\" content=\"900\" \/>\n\t<meta property=\"og:image:height\" content=\"329\" \/>\n\t<meta property=\"og:image:type\" content=\"image\/jpeg\" \/>\n<meta name=\"twitter:card\" content=\"summary_large_image\" \/>\n<meta name=\"twitter:label1\" content=\"Tiempo de lectura\" \/>\n\t<meta name=\"twitter:data1\" content=\"4 minutos\" \/>\n<script type=\"application\/ld+json\" class=\"yoast-schema-graph\">{\"@context\":\"https:\\\/\\\/schema.org\",\"@graph\":[{\"@type\":\"WebPage\",\"@id\":\"https:\\\/\\\/www.praimer.com.br\\\/es\\\/revestimento-azkonobel-resicoat\\\/\",\"url\":\"https:\\\/\\\/www.praimer.com.br\\\/es\\\/revestimento-azkonobel-resicoat\\\/\",\"name\":\"Revestimento Resicoat - Praimer\",\"isPartOf\":{\"@id\":\"https:\\\/\\\/www.praimer.com.br\\\/es\\\/#website\"},\"datePublished\":\"2023-09-05T09:55:00+00:00\",\"dateModified\":\"2023-09-05T14:32:51+00:00\",\"breadcrumb\":{\"@id\":\"https:\\\/\\\/www.praimer.com.br\\\/es\\\/revestimento-azkonobel-resicoat\\\/#breadcrumb\"},\"inLanguage\":\"es\",\"potentialAction\":[{\"@type\":\"ReadAction\",\"target\":[\"https:\\\/\\\/www.praimer.com.br\\\/es\\\/revestimento-azkonobel-resicoat\\\/\"]}]},{\"@type\":\"BreadcrumbList\",\"@id\":\"https:\\\/\\\/www.praimer.com.br\\\/es\\\/revestimento-azkonobel-resicoat\\\/#breadcrumb\",\"itemListElement\":[{\"@type\":\"ListItem\",\"position\":1,\"name\":\"Portada\",\"item\":\"https:\\\/\\\/www.praimer.com.br\\\/es\\\/\"},{\"@type\":\"ListItem\",\"position\":2,\"name\":\"Revestimento Resicoat\"}]},{\"@type\":\"WebSite\",\"@id\":\"https:\\\/\\\/www.praimer.com.br\\\/es\\\/#website\",\"url\":\"https:\\\/\\\/www.praimer.com.br\\\/es\\\/\",\"name\":\"Praimer\",\"description\":\"Aplica\u00e7\u00e3o de revestimentos antiaderentes e anticorrosivos para a ind\u00fastria\",\"potentialAction\":[{\"@type\":\"SearchAction\",\"target\":{\"@type\":\"EntryPoint\",\"urlTemplate\":\"https:\\\/\\\/www.praimer.com.br\\\/es\\\/?s={search_term_string}\"},\"query-input\":{\"@type\":\"PropertyValueSpecification\",\"valueRequired\":true,\"valueName\":\"search_term_string\"}}],\"inLanguage\":\"es\"}]}<\/script>\n<!-- \/ Yoast SEO plugin. -->","yoast_head_json":{"title":"Revestimento Resicoat - Praimer","robots":{"index":"index","follow":"follow","max-snippet":"max-snippet:-1","max-image-preview":"max-image-preview:large","max-video-preview":"max-video-preview:-1"},"canonical":"https:\/\/www.praimer.com.br\/es\/revestimento-azkonobel-resicoat\/","og_locale":"es_ES","og_type":"article","og_title":"Revestimento Resicoat - Praimer","og_description":"&nbsp; Recubrimiento Resicoat\u00ae AkzoNobel ofrece los recubrimientos en polvo Resicoat\u00ae, una soluci\u00f3n sin solventes que ofrece una protecci\u00f3n superior a las piezas recubiertas en entornos hostiles. Estos recubrimientos en polvo tienen una huella medioambiental m\u00e1s baja que los l\u00edquidos equivalentes y no contienen COV ni metales pesados en su formulaci\u00f3n. Resicoat\u00ae tambi\u00e9n cuenta con una [&hellip;]","og_url":"https:\/\/www.praimer.com.br\/es\/revestimento-azkonobel-resicoat\/","og_site_name":"Praimer","article_publisher":"https:\/\/www.facebook.com\/praimerrevestimentos","article_modified_time":"2023-09-05T14:32:51+00:00","og_image":[{"width":900,"height":329,"url":"https:\/\/www.praimer.com.br\/wp-content\/uploads\/2019\/12\/Praimer-revestimentos-antiaderentes-anticorrosivos-brasil.jpg","type":"image\/jpeg"}],"twitter_card":"summary_large_image","twitter_misc":{"Tiempo de lectura":"4 minutos"},"schema":{"@context":"https:\/\/schema.org","@graph":[{"@type":"WebPage","@id":"https:\/\/www.praimer.com.br\/es\/revestimento-azkonobel-resicoat\/","url":"https:\/\/www.praimer.com.br\/es\/revestimento-azkonobel-resicoat\/","name":"Revestimento Resicoat - Praimer","isPartOf":{"@id":"https:\/\/www.praimer.com.br\/es\/#website"},"datePublished":"2023-09-05T09:55:00+00:00","dateModified":"2023-09-05T14:32:51+00:00","breadcrumb":{"@id":"https:\/\/www.praimer.com.br\/es\/revestimento-azkonobel-resicoat\/#breadcrumb"},"inLanguage":"es","potentialAction":[{"@type":"ReadAction","target":["https:\/\/www.praimer.com.br\/es\/revestimento-azkonobel-resicoat\/"]}]},{"@type":"BreadcrumbList","@id":"https:\/\/www.praimer.com.br\/es\/revestimento-azkonobel-resicoat\/#breadcrumb","itemListElement":[{"@type":"ListItem","position":1,"name":"Portada","item":"https:\/\/www.praimer.com.br\/es\/"},{"@type":"ListItem","position":2,"name":"Revestimento Resicoat"}]},{"@type":"WebSite","@id":"https:\/\/www.praimer.com.br\/es\/#website","url":"https:\/\/www.praimer.com.br\/es\/","name":"Praimer","description":"Aplica\u00e7\u00e3o de revestimentos antiaderentes e anticorrosivos para a ind\u00fastria","potentialAction":[{"@type":"SearchAction","target":{"@type":"EntryPoint","urlTemplate":"https:\/\/www.praimer.com.br\/es\/?s={search_term_string}"},"query-input":{"@type":"PropertyValueSpecification","valueRequired":true,"valueName":"search_term_string"}}],"inLanguage":"es"}]}},"_links":{"self":[{"href":"https:\/\/www.praimer.com.br\/es\/wp-json\/wp\/v2\/pages\/3528","targetHints":{"allow":["GET"]}}],"collection":[{"href":"https:\/\/www.praimer.com.br\/es\/wp-json\/wp\/v2\/pages"}],"about":[{"href":"https:\/\/www.praimer.com.br\/es\/wp-json\/wp\/v2\/types\/page"}],"author":[{"embeddable":true,"href":"https:\/\/www.praimer.com.br\/es\/wp-json\/wp\/v2\/users\/2"}],"replies":[{"embeddable":true,"href":"https:\/\/www.praimer.com.br\/es\/wp-json\/wp\/v2\/comments?post=3528"}],"version-history":[{"count":12,"href":"https:\/\/www.praimer.com.br\/es\/wp-json\/wp\/v2\/pages\/3528\/revisions"}],"predecessor-version":[{"id":3665,"href":"https:\/\/www.praimer.com.br\/es\/wp-json\/wp\/v2\/pages\/3528\/revisions\/3665"}],"wp:attachment":[{"href":"https:\/\/www.praimer.com.br\/es\/wp-json\/wp\/v2\/media?parent=3528"}],"curies":[{"name":"wp","href":"https:\/\/api.w.org\/{rel}","templated":true}]}}