{"id":3516,"date":"2023-09-05T06:35:41","date_gmt":"2023-09-05T09:35:41","guid":{"rendered":"https:\/\/www.praimer.com.br\/?page_id=3516"},"modified":"2023-09-05T12:03:13","modified_gmt":"2023-09-05T15:03:13","slug":"revestimentos-akzonobel","status":"publish","type":"page","link":"https:\/\/www.praimer.com.br\/es\/revestimentos-akzonobel\/","title":{"rendered":"Revestimentos AkzoNobel"},"content":{"rendered":"<div id=\"pl-3516\"  class=\"panel-layout\" ><div id=\"pg-3516-0\"  class=\"panel-grid panel-has-style\" ><div style=\"padding: 0px 0; \" data-overlay=\"true\" data-overlay-color=\"#000000\" class=\"panel-row-style panel-row-style-for-3516-0\" ><div id=\"pgc-3516-0-0\"  class=\"panel-grid-cell\" ><div id=\"panel-3516-0-0-0\" class=\"so-panel widget widget_sow-image panel-first-child\" data-index=\"0\" ><div style=\"text-align: left;\" data-title-color=\"#47425d\" data-headings-color=\"#443f3f\" data-title_alignment=\"center\" class=\"panel-widget-style panel-widget-style-for-3516-0-0-0\" ><div\n\t\t\t\n\t\t\tclass=\"so-widget-sow-image so-widget-sow-image-default-c67d20f9f743-3516\"\n\t\t\t\n\t\t>\n<div class=\"sow-image-container\">\n\t\t<img \n\tsrc=\"https:\/\/www.praimer.com.br\/wp-content\/uploads\/2023\/07\/recubrimientos-akzonobel.png\" width=\"200\" height=\"120\" sizes=\"(max-width: 200px) 100vw, 200px\" alt=\"\" \t\tclass=\"so-widget-image\"\/>\n\t<\/div>\n\n<\/div><\/div><\/div><div id=\"panel-3516-0-0-1\" class=\"so-panel widget widget_sow-editor panel-last-child\" data-index=\"1\" ><div style=\"text-align: left;\" data-title-color=\"#47425d\" data-headings-color=\"#000000\" data-title_alignment=\"center\" class=\"panel-widget-style panel-widget-style-for-3516-0-0-1\" ><div\n\t\t\t\n\t\t\tclass=\"so-widget-sow-editor so-widget-sow-editor-base\"\n\t\t\t\n\t\t>\n<div class=\"siteorigin-widget-tinymce textwidget\">\n\t<h1 style=\"text-align: center;\">Recubrimientos AzkoNobel<\/h1>\n<hr \/>\n<p style=\"text-align: justify;\">AkzoNobel Powder Coatings es una divisi\u00f3n de AkzoNobel, la cual es una empresa multinacional con sede central en \u00c1msterdam, especializada en pinturas decorativas, productos qu\u00edmicos especializados y pinturas industriales o recubrimientos t\u00e9cnicos. Con una presencia global, AkzoNobel es el resultado de m\u00faltiples fusiones y adquisiciones de empresas a lo largo de su historia, que se remonta al siglo XVII con la empresa Bofors Forge en Suecia.<\/p>\n<p style=\"text-align: justify;\">AkzoNobel Powder Coatings es el mayor fabricante mundial de recubrimientos en polvo y su avanzada tecnolog\u00eda de recubrimientos ofrece un alto rendimiento en una amplia variedad de sectores industriales, como la arquitectura y construcci\u00f3n, automoci\u00f3n, embalaje, electr\u00f3nica, gas, petr\u00f3leo, qu\u00edmica y petroqu\u00edmica.<\/p>\n<\/div>\n<\/div><\/div><\/div><\/div><\/div><\/div><div id=\"pg-3516-1\"  class=\"panel-grid panel-has-style\" ><div class=\"FRANJA-BLAVA-TITOL siteorigin-panels-stretch panel-row-style panel-row-style-for-3516-1\" style=\"padding: 0px 0; \" data-stretch-type=\"full\" data-overlay=\"true\" data-overlay-color=\"#000000\" ><div id=\"pgc-3516-1-0\"  class=\"panel-grid-cell\" ><div id=\"panel-3516-1-0-0\" class=\"so-panel widget widget_sow-editor panel-first-child panel-last-child\" data-index=\"2\" ><div class=\"blanc panel-widget-style panel-widget-style-for-3516-1-0-0\" style=\"text-align: left;\" data-title-color=\"#47425d\" data-headings-color=\"#443f3f\" data-title_alignment=\"center\" ><div\n\t\t\t\n\t\t\tclass=\"so-widget-sow-editor so-widget-sow-editor-base\"\n\t\t\t\n\t\t>\n<div class=\"siteorigin-widget-tinymce textwidget\">\n\t<h2 style=\"text-align: center;\">Productos AzkoNobel<\/h2>\n<\/div>\n<\/div><\/div><\/div><\/div><\/div><\/div><div id=\"pg-3516-2\"  class=\"panel-grid panel-has-style\" ><div class=\"BGC-GRIS siteorigin-panels-stretch panel-row-style panel-row-style-for-3516-2\" style=\"padding: 50px 0; \" data-stretch-type=\"full\" data-overlay=\"true\" data-overlay-color=\"#000000\" ><div id=\"pgc-3516-2-0\"  class=\"panel-grid-cell\" ><div id=\"panel-3516-2-0-0\" class=\"so-panel widget widget_siteorigin-panels-builder panel-first-child panel-last-child\" data-index=\"3\" ><div style=\"text-align: left;\" data-title-color=\"#47425d\" data-headings-color=\"#443f3f\" data-title_alignment=\"center\" class=\"panel-widget-style panel-widget-style-for-3516-2-0-0\" ><div id=\"pl-w64f74331603dd\"  class=\"panel-layout\" ><div id=\"pg-w64f74331603dd-0\"  class=\"panel-grid panel-has-style\" ><div style=\"padding: 0px 0; \" data-overlay=\"true\" data-overlay-color=\"#000000\" class=\"panel-row-style panel-row-style-for-w64f74331603dd-0\" ><div id=\"pgc-w64f74331603dd-0-0\"  class=\"panel-grid-cell\" ><div id=\"panel-w64f74331603dd-0-0-0\" class=\"so-panel widget widget_sow-editor panel-first-child panel-last-child\" data-index=\"0\" ><div style=\"text-align: left;\" data-title-color=\"#47425d\" data-headings-color=\"#443f3f\" data-title_alignment=\"center\" class=\"panel-widget-style panel-widget-style-for-w64f74331603dd-0-0-0\" ><div\n\t\t\t\n\t\t\tclass=\"so-widget-sow-editor so-widget-sow-editor-base\"\n\t\t\t\n\t\t>\n<div class=\"siteorigin-widget-tinymce textwidget\">\n\t<p>AkzoNobel es una empresa l\u00edder mundial en el sector de pinturas industriales y recubrimientos t\u00e9cnicos de alto rendimiento, que se especializa en el desarrollo de soluciones sostenibles para una amplia gama de sectores industriales. Entre sus productos destacan las pinturas para automoci\u00f3n, la pintura marina y de protecci\u00f3n de exteriores, los recubrimientos en polvo, los acabados industriales, los adhesivos para madera y los recubrimientos para embalaje.<\/p>\n<p>Uno de sus productos m\u00e1s innovadores se aplica bajo la marca Resicoat\u00ae.<\/p>\n<\/div>\n<\/div><\/div><\/div><\/div><\/div><\/div><div id=\"pg-w64f74331603dd-1\"  class=\"panel-grid panel-has-style\" ><div style=\"padding: 0px 0; \" data-overlay=\"true\" data-overlay-color=\"#000000\" class=\"panel-row-style panel-row-style-for-w64f74331603dd-1\" ><div id=\"pgc-w64f74331603dd-1-0\"  class=\"panel-grid-cell panel-grid-cell-empty\" ><\/div><div id=\"pgc-w64f74331603dd-1-1\"  class=\"panel-grid-cell\" ><div class=\"BGC-BLANC panel-cell-style panel-cell-style-for-w64f74331603dd-1-1\" ><div id=\"panel-w64f74331603dd-1-1-0\" class=\"so-panel widget widget_sow-image panel-first-child panel-last-child\" data-index=\"1\" ><div class=\"PADDING-H-1 AUGMENTAR-ICONA panel-widget-style panel-widget-style-for-w64f74331603dd-1-1-0\" style=\"text-align: left;\" data-title-color=\"#47425d\" data-headings-color=\"#443f3f\" data-title_alignment=\"center\" ><div\n\t\t\t\n\t\t\tclass=\"so-widget-sow-image so-widget-sow-image-default-c67d20f9f743\"\n\t\t\t\n\t\t>\n<div class=\"sow-image-container\">\n\t\t\t<a href=\"https:\/\/www.praimer.com.br\/es\/revestimento-azkonobel-resicoat\/\"\n\t\t\t\t\t>\n\t\t\t<img \n\tsrc=\"https:\/\/www.praimer.com.br\/wp-content\/uploads\/2023\/07\/recubrimientos-akzonobel-resicoat.png\" width=\"197\" height=\"197\" srcset=\"https:\/\/www.praimer.com.br\/wp-content\/uploads\/2023\/07\/recubrimientos-akzonobel-resicoat.png 197w, https:\/\/www.praimer.com.br\/wp-content\/uploads\/2023\/07\/recubrimientos-akzonobel-resicoat-150x150.png 150w\" sizes=\"(max-width: 197px) 100vw, 197px\" alt=\"\" \t\tclass=\"so-widget-image\"\/>\n\t\t\t<\/a><\/div>\n\n<\/div><\/div><\/div><\/div><\/div><div id=\"pgc-w64f74331603dd-1-2\"  class=\"panel-grid-cell panel-grid-cell-mobile-last\" ><div class=\"BGC-GRIS-CLAR panel-cell-style panel-cell-style-for-w64f74331603dd-1-2\" ><div id=\"panel-w64f74331603dd-1-2-0\" class=\"so-panel widget widget_sow-image panel-first-child panel-last-child\" data-index=\"2\" ><div class=\"PADDING-H-1 AUGMENTAR-ICONA panel-widget-style panel-widget-style-for-w64f74331603dd-1-2-0\" style=\"text-align: left;\" data-title-color=\"#47425d\" data-headings-color=\"#443f3f\" data-title_alignment=\"center\" ><div\n\t\t\t\n\t\t\tclass=\"so-widget-sow-image so-widget-sow-image-default-c67d20f9f743\"\n\t\t\t\n\t\t>\n<div class=\"sow-image-container\">\n\t\t<img \n\tsrc=\"https:\/\/www.praimer.com.br\/wp-content\/uploads\/2023\/07\/Diseno-sin-titulo-6.png\" width=\"197\" height=\"197\" srcset=\"https:\/\/www.praimer.com.br\/wp-content\/uploads\/2023\/07\/Diseno-sin-titulo-6.png 197w, https:\/\/www.praimer.com.br\/wp-content\/uploads\/2023\/07\/Diseno-sin-titulo-6-150x150.png 150w\" sizes=\"(max-width: 197px) 100vw, 197px\" alt=\"\" \t\tclass=\"so-widget-image\"\/>\n\t<\/div>\n\n<\/div><\/div><\/div><\/div><\/div><div id=\"pgc-w64f74331603dd-1-3\"  class=\"panel-grid-cell panel-grid-cell-empty\" ><\/div><\/div><\/div><\/div><\/div><\/div><\/div><\/div><\/div><div id=\"pg-3516-3\"  class=\"panel-grid panel-has-style\" ><div style=\"padding: 50px 0; \" data-overlay=\"true\" data-overlay-color=\"#000000\" class=\"panel-row-style panel-row-style-for-3516-3\" ><div id=\"pgc-3516-3-0\"  class=\"panel-grid-cell\" ><div id=\"panel-3516-3-0-0\" class=\"so-panel widget widget_siteorigin-panels-builder panel-first-child panel-last-child\" data-index=\"4\" ><div style=\"text-align: left;\" data-title-color=\"#47425d\" data-headings-color=\"#443f3f\" data-title_alignment=\"center\" class=\"panel-widget-style panel-widget-style-for-3516-3-0-0\" ><div id=\"pl-w64f6f812df2c0\"  class=\"panel-layout\" ><div id=\"pg-w64f6f812df2c0-0\"  class=\"panel-grid panel-has-style\" ><div style=\"padding: 0px 0; \" data-overlay=\"true\" data-overlay-color=\"#000000\" class=\"panel-row-style panel-row-style-for-w64f6f812df2c0-0\" ><div id=\"pgc-w64f6f812df2c0-0-0\"  class=\"panel-grid-cell\" ><div id=\"panel-w64f6f812df2c0-0-0-0\" class=\"so-panel widget widget_sow-editor panel-first-child\" data-index=\"0\" ><div style=\"text-align: left;\" data-title-color=\"#47425d\" data-headings-color=\"#443f3f\" data-title_alignment=\"center\" class=\"panel-widget-style panel-widget-style-for-w64f6f812df2c0-0-0-0\" ><div\n\t\t\t\n\t\t\tclass=\"so-widget-sow-editor so-widget-sow-editor-base\"\n\t\t\t\n\t\t>\n<div class=\"siteorigin-widget-tinymce textwidget\">\n\t<h3 class=\"BLAU-FOSC\" style=\"text-align: center;\">Referencias de Interpon\u00ae<\/h3>\n<\/div>\n<\/div><\/div><\/div><div id=\"panel-w64f6f812df2c0-0-0-1\" class=\"so-panel widget widget_siteorigin-panels-builder panel-last-child\" data-index=\"1\" ><div style=\"text-align: center;\" data-title-color=\"#47425d\" data-headings-color=\"#443f3f\" data-title_alignment=\"center\" class=\"panel-widget-style panel-widget-style-for-w64f6f812df2c0-0-0-1\" ><div id=\"pl-w69fec3e0c610b\"  class=\"panel-layout\" ><div id=\"pg-w69fec3e0c610b-0\"  class=\"panel-grid panel-has-style\" ><div style=\"padding: 0px 0; \" data-overlay=\"true\" data-overlay-color=\"#000000\" class=\"panel-row-style panel-row-style-for-w69fec3e0c610b-0\" ><div id=\"pgc-w69fec3e0c610b-0-0\"  class=\"panel-grid-cell\" ><div id=\"panel-w69fec3e0c610b-0-0-0\" class=\"so-panel widget widget_sow-editor panel-first-child panel-last-child\" data-index=\"0\" ><div style=\"text-align: left;\" data-title-color=\"#47425d\" data-headings-color=\"#443f3f\" data-title_alignment=\"center\" class=\"panel-widget-style panel-widget-style-for-w69fec3e0c610b-0-0-0\" ><div\n\t\t\t\n\t\t\tclass=\"so-widget-sow-editor so-widget-sow-editor-base\"\n\t\t\t\n\t\t>\n<div class=\"siteorigin-widget-tinymce textwidget\">\n\t<p style=\"text-align: center;\"><b>100<\/b><br \/>\n<b>106<\/b><br \/>\n<b>200<\/b><br \/>\n<b>310<\/b><br \/>\n<b>610<\/b><br \/>\n<b>700<\/b><br \/>\n<b>A2000<\/b><br \/>\n<b>D1036<\/b><br \/>\n<b>D1094 STF<\/b><br \/>\n<b>D1200 STF<\/b><br \/>\n<b>D2525<\/b><br \/>\n<b>D2525 SD<\/b><br \/>\n<b>MR<\/b><\/p>\n<\/div>\n<\/div><\/div><\/div><\/div><\/div><\/div><\/div><\/div><\/div><\/div><\/div><\/div><\/div><\/div><\/div><\/div><\/div><\/div><\/div>","protected":false},"excerpt":{"rendered":"<p>Recubrimientos AzkoNobel AkzoNobel Powder Coatings es una divisi\u00f3n de AkzoNobel, la cual es una empresa multinacional con sede central en \u00c1msterdam, especializada en pinturas decorativas, productos qu\u00edmicos especializados y pinturas industriales o recubrimientos t\u00e9cnicos. Con una presencia global, AkzoNobel es el resultado de m\u00faltiples fusiones y adquisiciones de empresas a lo largo de su historia, [&hellip;]<\/p>\n","protected":false},"author":2,"featured_media":0,"parent":0,"menu_order":0,"comment_status":"closed","ping_status":"closed","template":"page-templates\/page_fullwidth.php","meta":{"footnotes":""},"class_list":["post-3516","page","type-page","status-publish","hentry"],"yoast_head":"<!-- This site is optimized with the Yoast SEO plugin v27.5 - https:\/\/yoast.com\/product\/yoast-seo-wordpress\/ -->\n<title>Revestimentos AkzoNobel - Praimer<\/title>\n<meta name=\"robots\" content=\"index, follow, max-snippet:-1, max-image-preview:large, max-video-preview:-1\" \/>\n<link rel=\"canonical\" href=\"https:\/\/www.praimer.com.br\/es\/revestimentos-akzonobel\/\" \/>\n<meta property=\"og:locale\" content=\"es_ES\" \/>\n<meta property=\"og:type\" content=\"article\" \/>\n<meta property=\"og:title\" content=\"Revestimentos AkzoNobel - Praimer\" \/>\n<meta property=\"og:description\" content=\"Recubrimientos AzkoNobel AkzoNobel Powder Coatings es una divisi\u00f3n de AkzoNobel, la cual es una empresa multinacional con sede central en \u00c1msterdam, especializada en pinturas decorativas, productos qu\u00edmicos especializados y pinturas industriales o recubrimientos t\u00e9cnicos. Con una presencia global, AkzoNobel es el resultado de m\u00faltiples fusiones y adquisiciones de empresas a lo largo de su historia, [&hellip;]\" \/>\n<meta property=\"og:url\" content=\"https:\/\/www.praimer.com.br\/es\/revestimentos-akzonobel\/\" \/>\n<meta property=\"og:site_name\" content=\"Praimer\" \/>\n<meta property=\"article:publisher\" content=\"https:\/\/www.facebook.com\/praimerrevestimentos\" \/>\n<meta property=\"article:modified_time\" content=\"2023-09-05T15:03:13+00:00\" \/>\n<meta property=\"og:image\" content=\"https:\/\/www.praimer.com.br\/wp-content\/uploads\/2019\/12\/Praimer-revestimentos-antiaderentes-anticorrosivos-brasil.jpg\" \/>\n\t<meta property=\"og:image:width\" content=\"900\" \/>\n\t<meta property=\"og:image:height\" content=\"329\" \/>\n\t<meta property=\"og:image:type\" content=\"image\/jpeg\" \/>\n<meta name=\"twitter:card\" content=\"summary_large_image\" \/>\n<meta name=\"twitter:label1\" content=\"Tiempo de lectura\" \/>\n\t<meta name=\"twitter:data1\" content=\"2 minutos\" \/>\n<script type=\"application\/ld+json\" class=\"yoast-schema-graph\">{\"@context\":\"https:\\\/\\\/schema.org\",\"@graph\":[{\"@type\":\"WebPage\",\"@id\":\"https:\\\/\\\/www.praimer.com.br\\\/es\\\/revestimentos-akzonobel\\\/\",\"url\":\"https:\\\/\\\/www.praimer.com.br\\\/es\\\/revestimentos-akzonobel\\\/\",\"name\":\"Revestimentos AkzoNobel - Praimer\",\"isPartOf\":{\"@id\":\"https:\\\/\\\/www.praimer.com.br\\\/es\\\/#website\"},\"datePublished\":\"2023-09-05T09:35:41+00:00\",\"dateModified\":\"2023-09-05T15:03:13+00:00\",\"breadcrumb\":{\"@id\":\"https:\\\/\\\/www.praimer.com.br\\\/es\\\/revestimentos-akzonobel\\\/#breadcrumb\"},\"inLanguage\":\"es\",\"potentialAction\":[{\"@type\":\"ReadAction\",\"target\":[\"https:\\\/\\\/www.praimer.com.br\\\/es\\\/revestimentos-akzonobel\\\/\"]}]},{\"@type\":\"BreadcrumbList\",\"@id\":\"https:\\\/\\\/www.praimer.com.br\\\/es\\\/revestimentos-akzonobel\\\/#breadcrumb\",\"itemListElement\":[{\"@type\":\"ListItem\",\"position\":1,\"name\":\"Portada\",\"item\":\"https:\\\/\\\/www.praimer.com.br\\\/es\\\/\"},{\"@type\":\"ListItem\",\"position\":2,\"name\":\"Revestimentos AkzoNobel\"}]},{\"@type\":\"WebSite\",\"@id\":\"https:\\\/\\\/www.praimer.com.br\\\/es\\\/#website\",\"url\":\"https:\\\/\\\/www.praimer.com.br\\\/es\\\/\",\"name\":\"Praimer\",\"description\":\"Aplica\u00e7\u00e3o de revestimentos antiaderentes e anticorrosivos para a ind\u00fastria\",\"potentialAction\":[{\"@type\":\"SearchAction\",\"target\":{\"@type\":\"EntryPoint\",\"urlTemplate\":\"https:\\\/\\\/www.praimer.com.br\\\/es\\\/?s={search_term_string}\"},\"query-input\":{\"@type\":\"PropertyValueSpecification\",\"valueRequired\":true,\"valueName\":\"search_term_string\"}}],\"inLanguage\":\"es\"}]}<\/script>\n<!-- \/ Yoast SEO plugin. -->","yoast_head_json":{"title":"Revestimentos AkzoNobel - Praimer","robots":{"index":"index","follow":"follow","max-snippet":"max-snippet:-1","max-image-preview":"max-image-preview:large","max-video-preview":"max-video-preview:-1"},"canonical":"https:\/\/www.praimer.com.br\/es\/revestimentos-akzonobel\/","og_locale":"es_ES","og_type":"article","og_title":"Revestimentos AkzoNobel - Praimer","og_description":"Recubrimientos AzkoNobel AkzoNobel Powder Coatings es una divisi\u00f3n de AkzoNobel, la cual es una empresa multinacional con sede central en \u00c1msterdam, especializada en pinturas decorativas, productos qu\u00edmicos especializados y pinturas industriales o recubrimientos t\u00e9cnicos. Con una presencia global, AkzoNobel es el resultado de m\u00faltiples fusiones y adquisiciones de empresas a lo largo de su historia, [&hellip;]","og_url":"https:\/\/www.praimer.com.br\/es\/revestimentos-akzonobel\/","og_site_name":"Praimer","article_publisher":"https:\/\/www.facebook.com\/praimerrevestimentos","article_modified_time":"2023-09-05T15:03:13+00:00","og_image":[{"width":900,"height":329,"url":"https:\/\/www.praimer.com.br\/wp-content\/uploads\/2019\/12\/Praimer-revestimentos-antiaderentes-anticorrosivos-brasil.jpg","type":"image\/jpeg"}],"twitter_card":"summary_large_image","twitter_misc":{"Tiempo de lectura":"2 minutos"},"schema":{"@context":"https:\/\/schema.org","@graph":[{"@type":"WebPage","@id":"https:\/\/www.praimer.com.br\/es\/revestimentos-akzonobel\/","url":"https:\/\/www.praimer.com.br\/es\/revestimentos-akzonobel\/","name":"Revestimentos AkzoNobel - Praimer","isPartOf":{"@id":"https:\/\/www.praimer.com.br\/es\/#website"},"datePublished":"2023-09-05T09:35:41+00:00","dateModified":"2023-09-05T15:03:13+00:00","breadcrumb":{"@id":"https:\/\/www.praimer.com.br\/es\/revestimentos-akzonobel\/#breadcrumb"},"inLanguage":"es","potentialAction":[{"@type":"ReadAction","target":["https:\/\/www.praimer.com.br\/es\/revestimentos-akzonobel\/"]}]},{"@type":"BreadcrumbList","@id":"https:\/\/www.praimer.com.br\/es\/revestimentos-akzonobel\/#breadcrumb","itemListElement":[{"@type":"ListItem","position":1,"name":"Portada","item":"https:\/\/www.praimer.com.br\/es\/"},{"@type":"ListItem","position":2,"name":"Revestimentos AkzoNobel"}]},{"@type":"WebSite","@id":"https:\/\/www.praimer.com.br\/es\/#website","url":"https:\/\/www.praimer.com.br\/es\/","name":"Praimer","description":"Aplica\u00e7\u00e3o de revestimentos antiaderentes e anticorrosivos para a ind\u00fastria","potentialAction":[{"@type":"SearchAction","target":{"@type":"EntryPoint","urlTemplate":"https:\/\/www.praimer.com.br\/es\/?s={search_term_string}"},"query-input":{"@type":"PropertyValueSpecification","valueRequired":true,"valueName":"search_term_string"}}],"inLanguage":"es"}]}},"_links":{"self":[{"href":"https:\/\/www.praimer.com.br\/es\/wp-json\/wp\/v2\/pages\/3516","targetHints":{"allow":["GET"]}}],"collection":[{"href":"https:\/\/www.praimer.com.br\/es\/wp-json\/wp\/v2\/pages"}],"about":[{"href":"https:\/\/www.praimer.com.br\/es\/wp-json\/wp\/v2\/types\/page"}],"author":[{"embeddable":true,"href":"https:\/\/www.praimer.com.br\/es\/wp-json\/wp\/v2\/users\/2"}],"replies":[{"embeddable":true,"href":"https:\/\/www.praimer.com.br\/es\/wp-json\/wp\/v2\/comments?post=3516"}],"version-history":[{"count":13,"href":"https:\/\/www.praimer.com.br\/es\/wp-json\/wp\/v2\/pages\/3516\/revisions"}],"predecessor-version":[{"id":3696,"href":"https:\/\/www.praimer.com.br\/es\/wp-json\/wp\/v2\/pages\/3516\/revisions\/3696"}],"wp:attachment":[{"href":"https:\/\/www.praimer.com.br\/es\/wp-json\/wp\/v2\/media?parent=3516"}],"curies":[{"name":"wp","href":"https:\/\/api.w.org\/{rel}","templated":true}]}}