{"id":3443,"date":"2023-07-31T12:51:28","date_gmt":"2023-07-31T15:51:28","guid":{"rendered":"https:\/\/www.praimer.com.br\/?page_id=3443"},"modified":"2023-09-05T13:15:29","modified_gmt":"2023-09-05T16:15:29","slug":"revestimentos-arkema","status":"publish","type":"page","link":"https:\/\/www.praimer.com.br\/es\/revestimentos-arkema\/","title":{"rendered":"Revestimentos Arkema"},"content":{"rendered":"<div id=\"pl-3443\"  class=\"panel-layout\" ><div id=\"pg-3443-0\"  class=\"panel-grid panel-has-style\" ><div style=\"padding: 0px 0; \" data-overlay=\"true\" data-overlay-color=\"#000000\" class=\"panel-row-style panel-row-style-for-3443-0\" ><div id=\"pgc-3443-0-0\"  class=\"panel-grid-cell\" ><div id=\"panel-3443-0-0-0\" class=\"so-panel widget widget_sow-image panel-first-child\" data-index=\"0\" ><div style=\"text-align: left;\" data-title-color=\"#47425d\" data-headings-color=\"#443f3f\" data-title_alignment=\"center\" class=\"panel-widget-style panel-widget-style-for-3443-0-0-0\" ><div\n\t\t\t\n\t\t\tclass=\"so-widget-sow-image so-widget-sow-image-default-c67d20f9f743-3443\"\n\t\t\t\n\t\t>\n<div class=\"sow-image-container\">\n\t\t<img \n\tsrc=\"https:\/\/www.praimer.com.br\/wp-content\/uploads\/2023\/07\/Logo-Arkema-300x91-1.png\" width=\"300\" height=\"91\" srcset=\"https:\/\/www.praimer.com.br\/wp-content\/uploads\/2023\/07\/Logo-Arkema-300x91-1.png 300w, https:\/\/www.praimer.com.br\/wp-content\/uploads\/2023\/07\/Logo-Arkema-300x91-1-230x70.png 230w\" sizes=\"(max-width: 300px) 100vw, 300px\" title=\"Logo-Arkema-300&#215;91\" alt=\"\" \t\tclass=\"so-widget-image\"\/>\n\t<\/div>\n\n<\/div><\/div><\/div><div id=\"panel-3443-0-0-1\" class=\"so-panel widget widget_sow-editor panel-last-child\" data-index=\"1\" ><div style=\"text-align: left;\" data-title-color=\"#47425d\" data-headings-color=\"#000000\" data-title_alignment=\"center\" class=\"panel-widget-style panel-widget-style-for-3443-0-0-1\" ><div\n\t\t\t\n\t\t\tclass=\"so-widget-sow-editor so-widget-sow-editor-base\"\n\t\t\t\n\t\t>\n<div class=\"siteorigin-widget-tinymce textwidget\">\n\t<p>&nbsp;<\/p>\n<h1 style=\"text-align: center;\">Productos Arkema<\/h1>\n<hr \/>\n<p style=\"text-align: justify;\">En 2004, Total reorganiz\u00f3 sus operaciones qu\u00edmicas y cre\u00f3 Arkema, una compa\u00f1\u00eda con sede cerca de Par\u00eds y cotizada en bolsa desde 2006. Con 137 plantas de producci\u00f3n en Europa, Norteam\u00e9rica y Asia, Arkema se ha dividido en tres unidades de negocio desde 2012: Especialidades Industriales, Soluciones de Recubrimiento y Materiales de Alto Rendimiento. Esta divisi\u00f3n se produjo tras la venta de su unidad de negocio de vinilos.<\/p>\n<\/div>\n<\/div><\/div><\/div><\/div><\/div><\/div><div id=\"pg-3443-1\"  class=\"panel-grid panel-has-style\" ><div class=\"FRANJA-BLAVA-TITOL siteorigin-panels-stretch panel-row-style panel-row-style-for-3443-1\" style=\"padding: 0px 0; \" data-stretch-type=\"full\" data-overlay=\"true\" data-overlay-color=\"#000000\" ><div id=\"pgc-3443-1-0\"  class=\"panel-grid-cell\" ><div id=\"panel-3443-1-0-0\" class=\"so-panel widget widget_sow-editor panel-first-child panel-last-child\" data-index=\"2\" ><div class=\"blanc panel-widget-style panel-widget-style-for-3443-1-0-0\" style=\"text-align: left;\" data-title-color=\"#47425d\" data-headings-color=\"#443f3f\" data-title_alignment=\"center\" ><div\n\t\t\t\n\t\t\tclass=\"so-widget-sow-editor so-widget-sow-editor-base\"\n\t\t\t\n\t\t>\n<div class=\"siteorigin-widget-tinymce textwidget\">\n\t<h2 style=\"text-align: center;\">Productos Arkema<\/h2>\n<\/div>\n<\/div><\/div><\/div><\/div><\/div><\/div><div id=\"pg-3443-2\"  class=\"panel-grid panel-has-style\" ><div class=\"BGC-GRIS siteorigin-panels-stretch panel-row-style panel-row-style-for-3443-2\" style=\"padding: 50px 0; \" data-stretch-type=\"full\" data-overlay=\"true\" data-overlay-color=\"#000000\" ><div id=\"pgc-3443-2-0\"  class=\"panel-grid-cell\" ><div id=\"panel-3443-2-0-0\" class=\"so-panel widget widget_siteorigin-panels-builder panel-first-child panel-last-child\" data-index=\"3\" ><div style=\"text-align: left;\" data-title-color=\"#47425d\" data-headings-color=\"#443f3f\" data-title_alignment=\"center\" class=\"panel-widget-style panel-widget-style-for-3443-2-0-0\" ><div id=\"pl-w64f754217a2fd\"  class=\"panel-layout\" ><div id=\"pg-w64f754217a2fd-0\"  class=\"panel-grid panel-has-style\" ><div style=\"padding: 0px 0; \" data-overlay=\"true\" data-overlay-color=\"#000000\" class=\"panel-row-style panel-row-style-for-w64f754217a2fd-0\" ><div id=\"pgc-w64f754217a2fd-0-0\"  class=\"panel-grid-cell\" ><div id=\"panel-w64f754217a2fd-0-0-0\" class=\"so-panel widget widget_sow-editor panel-first-child panel-last-child\" data-index=\"0\" ><div style=\"text-align: left;\" data-title-color=\"#47425d\" data-headings-color=\"#443f3f\" data-title_alignment=\"center\" class=\"panel-widget-style panel-widget-style-for-w64f754217a2fd-0-0-0\" ><div\n\t\t\t\n\t\t\tclass=\"so-widget-sow-editor so-widget-sow-editor-base\"\n\t\t\t\n\t\t>\n<div class=\"siteorigin-widget-tinymce textwidget\">\n\t<p>En el negocio de <strong>Especialidades Industriales<\/strong>, Arkema produce una variedad de productos qu\u00edmicos, como alimentos para animales, desodorantes, per\u00f3xido de hidr\u00f3geno para el blanqueo de tejidos y pasta de papel, soluciones para el tratamiento de aguas y fluoroqu\u00edmicos utilizados en acondicionadores de aire, entre otros.<\/p>\n<p>El segmento de <strong>Soluciones de Recubrimiento<\/strong> incluye una amplia gama de materiales para recubrimientos, como los de base acuosa, solvente, resinas en polvo y aditivos para diversos usos y sectores.<\/p>\n<p>En el negocio de <strong>Materiales de Alto Rendimiento<\/strong>, la empresa se divide en cuatro segmentos: Fluoropol\u00edmeros (PVDF), Tamices moleculares, Per\u00f3xidos org\u00e1nicos y Poliamidas especiales, que incluyen marcas l\u00edderes en el mercado, como <strong>Rilsan<\/strong>\u00ae (poliamida 11), <strong>Orgasol<\/strong>\u00ae y <strong>Pebax<\/strong>\u00ae.<\/p>\n<\/div>\n<\/div><\/div><\/div><\/div><\/div><\/div><div id=\"pg-w64f754217a2fd-1\"  class=\"panel-grid panel-has-style\" ><div style=\"padding: 0px 0; \" data-overlay=\"true\" data-overlay-color=\"#000000\" class=\"panel-row-style panel-row-style-for-w64f754217a2fd-1\" ><div id=\"pgc-w64f754217a2fd-1-0\"  class=\"panel-grid-cell\" ><div class=\"BGC-BLANC panel-cell-style panel-cell-style-for-w64f754217a2fd-1-0\" ><div id=\"panel-w64f754217a2fd-1-0-0\" class=\"so-panel widget widget_sow-image panel-first-child panel-last-child\" data-index=\"1\" ><div class=\"PADDING-H-1 AUGMENTAR-ICONA panel-widget-style panel-widget-style-for-w64f754217a2fd-1-0-0\" style=\"text-align: left;\" data-title-color=\"#47425d\" data-headings-color=\"#443f3f\" data-title_alignment=\"center\" ><div\n\t\t\t\n\t\t\tclass=\"so-widget-sow-image so-widget-sow-image-default-c67d20f9f743\"\n\t\t\t\n\t\t>\n<div class=\"sow-image-container\">\n\t\t\t<a href=\"https:\/\/www.praimer.com.br\/es\/revestimento-arkema-rilsan\/\"\n\t\t\t\t\t>\n\t\t\t<img \n\tsrc=\"https:\/\/www.praimer.com.br\/wp-content\/uploads\/2023\/07\/Rilsan_Logo-1.png\" width=\"240\" height=\"197\" srcset=\"https:\/\/www.praimer.com.br\/wp-content\/uploads\/2023\/07\/Rilsan_Logo-1.png 240w, https:\/\/www.praimer.com.br\/wp-content\/uploads\/2023\/07\/Rilsan_Logo-1-230x189.png 230w\" sizes=\"(max-width: 240px) 100vw, 240px\" alt=\"\" \t\tclass=\"so-widget-image\"\/>\n\t\t\t<\/a><\/div>\n\n<\/div><\/div><\/div><\/div><\/div><div id=\"pgc-w64f754217a2fd-1-1\"  class=\"panel-grid-cell\" ><div class=\"BGC-BLANC panel-cell-style panel-cell-style-for-w64f754217a2fd-1-1\" ><div id=\"panel-w64f754217a2fd-1-1-0\" class=\"so-panel widget widget_sow-image panel-first-child panel-last-child\" data-index=\"2\" ><div class=\"PADDING-H-1 AUGMENTAR-ICONA panel-widget-style panel-widget-style-for-w64f754217a2fd-1-1-0\" style=\"text-align: left;\" data-title-color=\"#47425d\" data-headings-color=\"#443f3f\" data-title_alignment=\"center\" ><div\n\t\t\t\n\t\t\tclass=\"so-widget-sow-image so-widget-sow-image-default-c67d20f9f743\"\n\t\t\t\n\t\t>\n<div class=\"sow-image-container\">\n\t\t\t<a href=\"https:\/\/www.praimer.com.br\/es\/revestimento-arkema-kynar\/\"\n\t\t\t\t\t>\n\t\t\t<img \n\tsrc=\"https:\/\/www.praimer.com.br\/wp-content\/uploads\/2023\/07\/Kynar_Logo.png\" width=\"240\" height=\"197\" srcset=\"https:\/\/www.praimer.com.br\/wp-content\/uploads\/2023\/07\/Kynar_Logo.png 240w, https:\/\/www.praimer.com.br\/wp-content\/uploads\/2023\/07\/Kynar_Logo-230x189.png 230w\" sizes=\"(max-width: 240px) 100vw, 240px\" alt=\"\" \t\tclass=\"so-widget-image\"\/>\n\t\t\t<\/a><\/div>\n\n<\/div><\/div><\/div><\/div><\/div><div id=\"pgc-w64f754217a2fd-1-2\"  class=\"panel-grid-cell\" ><div class=\"BGC-GRIS-CLAR panel-cell-style panel-cell-style-for-w64f754217a2fd-1-2\" ><div id=\"panel-w64f754217a2fd-1-2-0\" class=\"so-panel widget widget_sow-image panel-first-child panel-last-child\" data-index=\"3\" ><div class=\"PADDING-H-1 AUGMENTAR-ICONA panel-widget-style panel-widget-style-for-w64f754217a2fd-1-2-0\" style=\"text-align: left;\" data-title-color=\"#47425d\" data-headings-color=\"#443f3f\" data-title_alignment=\"center\" ><div\n\t\t\t\n\t\t\tclass=\"so-widget-sow-image so-widget-sow-image-default-c67d20f9f743\"\n\t\t\t\n\t\t>\n<div class=\"sow-image-container\">\n\t\t<img \n\tsrc=\"https:\/\/www.praimer.com.br\/wp-content\/uploads\/2023\/07\/Kepstan_Logo1.png\" width=\"240\" height=\"197\" srcset=\"https:\/\/www.praimer.com.br\/wp-content\/uploads\/2023\/07\/Kepstan_Logo1.png 240w, https:\/\/www.praimer.com.br\/wp-content\/uploads\/2023\/07\/Kepstan_Logo1-230x189.png 230w\" sizes=\"(max-width: 240px) 100vw, 240px\" alt=\"\" \t\tclass=\"so-widget-image\"\/>\n\t<\/div>\n\n<\/div><\/div><\/div><\/div><\/div><\/div><\/div><div id=\"pg-w64f754217a2fd-2\"  class=\"panel-grid panel-has-style\" ><div style=\"padding: 0px 0; \" data-overlay=\"true\" data-overlay-color=\"#000000\" class=\"panel-row-style panel-row-style-for-w64f754217a2fd-2\" ><div id=\"pgc-w64f754217a2fd-2-0\"  class=\"panel-grid-cell\" ><div class=\"BGC-GRIS-CLAR panel-cell-style panel-cell-style-for-w64f754217a2fd-2-0\" ><div id=\"panel-w64f754217a2fd-2-0-0\" class=\"so-panel widget widget_sow-image panel-first-child panel-last-child\" data-index=\"4\" ><div class=\"PADDING-H-1 AUGMENTAR-ICONA panel-widget-style panel-widget-style-for-w64f754217a2fd-2-0-0\" style=\"text-align: left;\" data-title-color=\"#47425d\" data-headings-color=\"#443f3f\" data-title_alignment=\"center\" ><div\n\t\t\t\n\t\t\tclass=\"so-widget-sow-image so-widget-sow-image-default-c67d20f9f743\"\n\t\t\t\n\t\t>\n<div class=\"sow-image-container\">\n\t\t<img \n\tsrc=\"https:\/\/www.praimer.com.br\/wp-content\/uploads\/2023\/07\/Orgasol_Logo.png\" width=\"577\" height=\"433\" srcset=\"https:\/\/www.praimer.com.br\/wp-content\/uploads\/2023\/07\/Orgasol_Logo.png 577w, https:\/\/www.praimer.com.br\/wp-content\/uploads\/2023\/07\/Orgasol_Logo-300x225.png 300w, https:\/\/www.praimer.com.br\/wp-content\/uploads\/2023\/07\/Orgasol_Logo-230x173.png 230w, https:\/\/www.praimer.com.br\/wp-content\/uploads\/2023\/07\/Orgasol_Logo-350x263.png 350w, https:\/\/www.praimer.com.br\/wp-content\/uploads\/2023\/07\/Orgasol_Logo-480x360.png 480w\" sizes=\"(max-width: 577px) 100vw, 577px\" alt=\"\" \t\tclass=\"so-widget-image\"\/>\n\t<\/div>\n\n<\/div><\/div><\/div><\/div><\/div><div id=\"pgc-w64f754217a2fd-2-1\"  class=\"panel-grid-cell panel-grid-cell-mobile-last\" ><div class=\"BGC-GRIS-CLAR panel-cell-style panel-cell-style-for-w64f754217a2fd-2-1\" ><div id=\"panel-w64f754217a2fd-2-1-0\" class=\"so-panel widget widget_sow-image panel-first-child panel-last-child\" data-index=\"5\" ><div class=\"PADDING-H-1 AUGMENTAR-ICONA panel-widget-style panel-widget-style-for-w64f754217a2fd-2-1-0\" style=\"text-align: left;\" data-title-color=\"#47425d\" data-headings-color=\"#443f3f\" data-title_alignment=\"center\" ><div\n\t\t\t\n\t\t\tclass=\"so-widget-sow-image so-widget-sow-image-default-c67d20f9f743\"\n\t\t\t\n\t\t>\n<div class=\"sow-image-container\">\n\t\t<img \n\tsrc=\"https:\/\/www.praimer.com.br\/wp-content\/uploads\/2023\/07\/Pebax_Logo-300x225-1.png\" width=\"300\" height=\"225\" srcset=\"https:\/\/www.praimer.com.br\/wp-content\/uploads\/2023\/07\/Pebax_Logo-300x225-1.png 300w, https:\/\/www.praimer.com.br\/wp-content\/uploads\/2023\/07\/Pebax_Logo-300x225-1-230x173.png 230w\" sizes=\"(max-width: 300px) 100vw, 300px\" title=\"Pebax_Logo-300&#215;225\" alt=\"\" \t\tclass=\"so-widget-image\"\/>\n\t<\/div>\n\n<\/div><\/div><\/div><\/div><\/div><div id=\"pgc-w64f754217a2fd-2-2\"  class=\"panel-grid-cell panel-grid-cell-empty\" ><div class=\"BGC-GRIS-CLAR panel-cell-style panel-cell-style-for-w64f754217a2fd-2-2\" ><\/div><\/div><\/div><\/div><div id=\"pg-w64f754217a2fd-3\"  class=\"panel-grid panel-has-style\" ><div style=\"padding: 0px 0; \" data-overlay=\"true\" data-overlay-color=\"#000000\" class=\"panel-row-style panel-row-style-for-w64f754217a2fd-3\" ><div id=\"pgc-w64f754217a2fd-3-0\"  class=\"panel-grid-cell\" ><div id=\"panel-w64f754217a2fd-3-0-0\" class=\"so-panel widget widget_sow-editor panel-first-child panel-last-child\" data-index=\"6\" ><div style=\"text-align: left;\" data-title-color=\"#47425d\" data-headings-color=\"#443f3f\" data-title_alignment=\"center\" class=\"panel-widget-style panel-widget-style-for-w64f754217a2fd-3-0-0\" ><div\n\t\t\t\n\t\t\tclass=\"so-widget-sow-editor so-widget-sow-editor-base\"\n\t\t\t\n\t\t>\n<div class=\"siteorigin-widget-tinymce textwidget\">\n\t<p><strong>Rilsan<\/strong>\u00ae es un pol\u00edmero de poliamida que destaca por su alto rendimiento, proporcionando una gran dureza y flexibilidad, as\u00ed como una resistencia excepcional a la acci\u00f3n de sustancias qu\u00edmicas y la permeaci\u00f3n.<br \/>\nArkema desarroll\u00f3 el proceso patentado Orgasol\u00ae, que produce aditivos a base de polvo de tres poliamidas (PA 6, PA 12 y PA 6\/12) bajo la marca<\/p>\n<p><strong>Orgasol<\/strong>\u00ae. Sus propiedades incluyen una microporosidad de 1 a 20m\u00b2\/g, un rango de temperatura de fusi\u00f3n entre 140 a 220\u00b0C y baja densidad, lo que mejora la resistencia a la abrasi\u00f3n. Los aditivos Orgasol\u00ae se aplican en una amplia variedad de sectores, como el recubrimiento de bobinas de planchas de metal, latas de envasado, muebles, pavimentos, dispositivos electr\u00f3nicos, cauchos y el sector gr\u00e1fico, entre otros.<\/p>\n<p><strong>Pebax<\/strong>\u00ae es una familia de elast\u00f3meros termopl\u00e1sticos (TPE) compuesta por bloques r\u00edgidos de poliamida y bloques blandos de poli\u00e9ter, lo que les proporciona una gran ligereza y un alto retorno de la energ\u00eda. Estos materiales son ampliamente utilizados en sectores que requieren estas caracter\u00edsticas, como el deportivo, el m\u00e9dico y la fabricaci\u00f3n de tejidos t\u00e9cnicos especiales. Adem\u00e1s, actualmente existe la opci\u00f3n de Pebax\u00ae bio, una variante amigable con el medio ambiente.<\/p>\n<\/div>\n<\/div><\/div><\/div><\/div><\/div><\/div><\/div><\/div><\/div><\/div><\/div><\/div><\/div>","protected":false},"excerpt":{"rendered":"<p>&nbsp; Productos Arkema En 2004, Total reorganiz\u00f3 sus operaciones qu\u00edmicas y cre\u00f3 Arkema, una compa\u00f1\u00eda con sede cerca de Par\u00eds y cotizada en bolsa desde 2006. Con 137 plantas de producci\u00f3n en Europa, Norteam\u00e9rica y Asia, Arkema se ha dividido en tres unidades de negocio desde 2012: Especialidades Industriales, Soluciones de Recubrimiento y Materiales de [&hellip;]<\/p>\n","protected":false},"author":2,"featured_media":0,"parent":0,"menu_order":0,"comment_status":"closed","ping_status":"closed","template":"page-templates\/page_fullwidth.php","meta":{"footnotes":""},"class_list":["post-3443","page","type-page","status-publish","hentry"],"yoast_head":"<!-- This site is optimized with the Yoast SEO plugin v27.5 - https:\/\/yoast.com\/product\/yoast-seo-wordpress\/ -->\n<title>Revestimentos Arkema - Praimer<\/title>\n<meta name=\"robots\" content=\"index, follow, max-snippet:-1, max-image-preview:large, max-video-preview:-1\" \/>\n<link rel=\"canonical\" href=\"https:\/\/www.praimer.com.br\/es\/revestimentos-arkema\/\" \/>\n<meta property=\"og:locale\" content=\"es_ES\" \/>\n<meta property=\"og:type\" content=\"article\" \/>\n<meta property=\"og:title\" content=\"Revestimentos Arkema - Praimer\" \/>\n<meta property=\"og:description\" content=\"&nbsp; Productos Arkema En 2004, Total reorganiz\u00f3 sus operaciones qu\u00edmicas y cre\u00f3 Arkema, una compa\u00f1\u00eda con sede cerca de Par\u00eds y cotizada en bolsa desde 2006. Con 137 plantas de producci\u00f3n en Europa, Norteam\u00e9rica y Asia, Arkema se ha dividido en tres unidades de negocio desde 2012: Especialidades Industriales, Soluciones de Recubrimiento y Materiales de [&hellip;]\" \/>\n<meta property=\"og:url\" content=\"https:\/\/www.praimer.com.br\/es\/revestimentos-arkema\/\" \/>\n<meta property=\"og:site_name\" content=\"Praimer\" \/>\n<meta property=\"article:publisher\" content=\"https:\/\/www.facebook.com\/praimerrevestimentos\" \/>\n<meta property=\"article:modified_time\" content=\"2023-09-05T16:15:29+00:00\" \/>\n<meta property=\"og:image\" content=\"https:\/\/www.praimer.com.br\/wp-content\/uploads\/2019\/12\/Praimer-revestimentos-antiaderentes-anticorrosivos-brasil.jpg\" \/>\n\t<meta property=\"og:image:width\" content=\"900\" \/>\n\t<meta property=\"og:image:height\" content=\"329\" \/>\n\t<meta property=\"og:image:type\" content=\"image\/jpeg\" \/>\n<meta name=\"twitter:card\" content=\"summary_large_image\" \/>\n<meta name=\"twitter:label1\" content=\"Tiempo de lectura\" \/>\n\t<meta name=\"twitter:data1\" content=\"2 minutos\" \/>\n<script type=\"application\/ld+json\" class=\"yoast-schema-graph\">{\"@context\":\"https:\\\/\\\/schema.org\",\"@graph\":[{\"@type\":\"WebPage\",\"@id\":\"https:\\\/\\\/www.praimer.com.br\\\/es\\\/revestimentos-arkema\\\/\",\"url\":\"https:\\\/\\\/www.praimer.com.br\\\/es\\\/revestimentos-arkema\\\/\",\"name\":\"Revestimentos Arkema - Praimer\",\"isPartOf\":{\"@id\":\"https:\\\/\\\/www.praimer.com.br\\\/es\\\/#website\"},\"datePublished\":\"2023-07-31T15:51:28+00:00\",\"dateModified\":\"2023-09-05T16:15:29+00:00\",\"breadcrumb\":{\"@id\":\"https:\\\/\\\/www.praimer.com.br\\\/es\\\/revestimentos-arkema\\\/#breadcrumb\"},\"inLanguage\":\"es\",\"potentialAction\":[{\"@type\":\"ReadAction\",\"target\":[\"https:\\\/\\\/www.praimer.com.br\\\/es\\\/revestimentos-arkema\\\/\"]}]},{\"@type\":\"BreadcrumbList\",\"@id\":\"https:\\\/\\\/www.praimer.com.br\\\/es\\\/revestimentos-arkema\\\/#breadcrumb\",\"itemListElement\":[{\"@type\":\"ListItem\",\"position\":1,\"name\":\"Portada\",\"item\":\"https:\\\/\\\/www.praimer.com.br\\\/es\\\/\"},{\"@type\":\"ListItem\",\"position\":2,\"name\":\"Revestimentos Arkema\"}]},{\"@type\":\"WebSite\",\"@id\":\"https:\\\/\\\/www.praimer.com.br\\\/es\\\/#website\",\"url\":\"https:\\\/\\\/www.praimer.com.br\\\/es\\\/\",\"name\":\"Praimer\",\"description\":\"Aplica\u00e7\u00e3o de revestimentos antiaderentes e anticorrosivos para a ind\u00fastria\",\"potentialAction\":[{\"@type\":\"SearchAction\",\"target\":{\"@type\":\"EntryPoint\",\"urlTemplate\":\"https:\\\/\\\/www.praimer.com.br\\\/es\\\/?s={search_term_string}\"},\"query-input\":{\"@type\":\"PropertyValueSpecification\",\"valueRequired\":true,\"valueName\":\"search_term_string\"}}],\"inLanguage\":\"es\"}]}<\/script>\n<!-- \/ Yoast SEO plugin. -->","yoast_head_json":{"title":"Revestimentos Arkema - Praimer","robots":{"index":"index","follow":"follow","max-snippet":"max-snippet:-1","max-image-preview":"max-image-preview:large","max-video-preview":"max-video-preview:-1"},"canonical":"https:\/\/www.praimer.com.br\/es\/revestimentos-arkema\/","og_locale":"es_ES","og_type":"article","og_title":"Revestimentos Arkema - Praimer","og_description":"&nbsp; Productos Arkema En 2004, Total reorganiz\u00f3 sus operaciones qu\u00edmicas y cre\u00f3 Arkema, una compa\u00f1\u00eda con sede cerca de Par\u00eds y cotizada en bolsa desde 2006. Con 137 plantas de producci\u00f3n en Europa, Norteam\u00e9rica y Asia, Arkema se ha dividido en tres unidades de negocio desde 2012: Especialidades Industriales, Soluciones de Recubrimiento y Materiales de [&hellip;]","og_url":"https:\/\/www.praimer.com.br\/es\/revestimentos-arkema\/","og_site_name":"Praimer","article_publisher":"https:\/\/www.facebook.com\/praimerrevestimentos","article_modified_time":"2023-09-05T16:15:29+00:00","og_image":[{"width":900,"height":329,"url":"https:\/\/www.praimer.com.br\/wp-content\/uploads\/2019\/12\/Praimer-revestimentos-antiaderentes-anticorrosivos-brasil.jpg","type":"image\/jpeg"}],"twitter_card":"summary_large_image","twitter_misc":{"Tiempo de lectura":"2 minutos"},"schema":{"@context":"https:\/\/schema.org","@graph":[{"@type":"WebPage","@id":"https:\/\/www.praimer.com.br\/es\/revestimentos-arkema\/","url":"https:\/\/www.praimer.com.br\/es\/revestimentos-arkema\/","name":"Revestimentos Arkema - Praimer","isPartOf":{"@id":"https:\/\/www.praimer.com.br\/es\/#website"},"datePublished":"2023-07-31T15:51:28+00:00","dateModified":"2023-09-05T16:15:29+00:00","breadcrumb":{"@id":"https:\/\/www.praimer.com.br\/es\/revestimentos-arkema\/#breadcrumb"},"inLanguage":"es","potentialAction":[{"@type":"ReadAction","target":["https:\/\/www.praimer.com.br\/es\/revestimentos-arkema\/"]}]},{"@type":"BreadcrumbList","@id":"https:\/\/www.praimer.com.br\/es\/revestimentos-arkema\/#breadcrumb","itemListElement":[{"@type":"ListItem","position":1,"name":"Portada","item":"https:\/\/www.praimer.com.br\/es\/"},{"@type":"ListItem","position":2,"name":"Revestimentos Arkema"}]},{"@type":"WebSite","@id":"https:\/\/www.praimer.com.br\/es\/#website","url":"https:\/\/www.praimer.com.br\/es\/","name":"Praimer","description":"Aplica\u00e7\u00e3o de revestimentos antiaderentes e anticorrosivos para a ind\u00fastria","potentialAction":[{"@type":"SearchAction","target":{"@type":"EntryPoint","urlTemplate":"https:\/\/www.praimer.com.br\/es\/?s={search_term_string}"},"query-input":{"@type":"PropertyValueSpecification","valueRequired":true,"valueName":"search_term_string"}}],"inLanguage":"es"}]}},"_links":{"self":[{"href":"https:\/\/www.praimer.com.br\/es\/wp-json\/wp\/v2\/pages\/3443","targetHints":{"allow":["GET"]}}],"collection":[{"href":"https:\/\/www.praimer.com.br\/es\/wp-json\/wp\/v2\/pages"}],"about":[{"href":"https:\/\/www.praimer.com.br\/es\/wp-json\/wp\/v2\/types\/page"}],"author":[{"embeddable":true,"href":"https:\/\/www.praimer.com.br\/es\/wp-json\/wp\/v2\/users\/2"}],"replies":[{"embeddable":true,"href":"https:\/\/www.praimer.com.br\/es\/wp-json\/wp\/v2\/comments?post=3443"}],"version-history":[{"count":9,"href":"https:\/\/www.praimer.com.br\/es\/wp-json\/wp\/v2\/pages\/3443\/revisions"}],"predecessor-version":[{"id":3446,"href":"https:\/\/www.praimer.com.br\/es\/wp-json\/wp\/v2\/pages\/3443\/revisions\/3446"}],"wp:attachment":[{"href":"https:\/\/www.praimer.com.br\/es\/wp-json\/wp\/v2\/media?parent=3443"}],"curies":[{"name":"wp","href":"https:\/\/api.w.org\/{rel}","templated":true}]}}