{"id":2849,"date":"2022-12-23T09:28:58","date_gmt":"2022-12-23T12:28:58","guid":{"rendered":"https:\/\/www.praimer.com.br\/?page_id=2849"},"modified":"2022-12-23T09:42:59","modified_gmt":"2022-12-23T12:42:59","slug":"politica-de-privacidad","status":"publish","type":"page","link":"https:\/\/www.praimer.com.br\/es\/politica-de-privacidad\/","title":{"rendered":"Pol\u00edtica de privacidad"},"content":{"rendered":"<p><strong>Pol\u00edtica actualizada el 25 de mayo de 2022.<\/strong><br \/>\n<strong>PRAIMER REVESTIMENTOS ANTIADERENTES S\/A (\u201cPRAIMER\u201d)<\/strong><\/p>\n<p>En <strong>PRAIMER<\/strong> estamos comprometidos con la privacidad y la protecci\u00f3n de los datos personales de los usuarios, clientes, socios y proveedores de servicios de nuestro sitio web y consideramos que este tema es uno de nuestros valores m\u00e1s importantes.<\/p>\n<p>Esta Pol\u00edtica de privacidad (\u00abPol\u00edtica\u00bb) tiene como objetivo exponer c\u00f3mo recopilamos, usamos, procesamos, almacenamos, compartimos y protegemos los datos personales obtenidos a trav\u00e9s de su acceso y navegaci\u00f3n en nuestro sitio web.<\/p>\n<p><strong>\u00bfQuienes somos?<\/strong><\/p>\n<p><strong>PRAIMER REVESTIMENTOS ANTIADERENTES S\/A<\/strong>, debidamente registrada en el CNPJ n\u00ba 03.318.555\/0001-74, con sede en Rodovia BR-376, km 505, CEP 84043-450, Col\u00f4nia Dona Luiza, Ponta Grossa-PR.<\/p>\n<p><strong>\u00bfC\u00f3mo puede ponerse en contacto con nosotros sobre asuntos relacionados con la privacidad?<\/strong><\/p>\n<p>Dirija sus consultas y solicitudes al Encargado del tratamiento de datos personales por parte de <strong>PRAIMER<\/strong> (\u201cDPO\u201d)\u201d a trav\u00e9s de uno de los siguientes contactos:<\/p>\n<p>\u2022 lgpd@praimer.com.br<br \/>\n\u2022 Carretera BR-376, km 505, CEP 84043-450, Colonia Dona Luiza, Ponta Grossa-PR<\/p>\n<p><strong>\u00bfQu\u00e9 datos personales recopilamos sobre usted?<\/strong><\/p>\n<p><strong>PRAIMER\u00a0<\/strong>recoge los datos personales de los usuarios que navegan por nuestra web o que utilizan nuestros productos o servicios.<\/p>\n<p>Teniendo en cuenta que el objetivo social de <strong>PRAIMER<\/strong> se centra en el modelo B2B (empresa a empresa), los datos personales se recopilan a peque\u00f1a escala. Recopilamos la menor cantidad posible de datos personales para lograr los fines para los cuales se recopilaron dichos datos, seg\u00fan lo dispuesto en esta Pol\u00edtica. A continuaci\u00f3n se indican los datos personales que recopilamos y utilizamos y con qu\u00e9 fines lo hacemos:<\/p>\n<p><strong>\u00bfPor qu\u00e9 recopilamos datos mediante cookies?<\/strong><\/p>\n<p>Nuestro sitio web puede utilizar cookies. En los casos en que se utilicen cookies, se enviar\u00e1 una declaraci\u00f3n a su navegador explicando el uso de cookies y solicitando su consentimiento1.<\/p>\n<p>Cuando navegas por nuestra web, <strong>PRAIMER<\/strong> recoge los siguientes tipos de Cookies:<\/p>\n<p><strong>\u2022 Cookies esenciales:<\/strong> se utilizan para recopilar informaci\u00f3n que permite el correcto y adecuado funcionamiento del sitio web cuando accede al mismo. Por ejemplo, se utilizan para identificar a los usuarios, asegurar el control de los cheques, ajustar la visualizaci\u00f3n de contenidos al dispositivo, etc.<\/p>\n<p><strong>\u2022 Cookies de an\u00e1lisis (Analytics):<\/strong> se utilizan para recopilar informaci\u00f3n sobre su uso del sitio web, para que podamos evaluar c\u00f3mo son sus interacciones con el sitio web para mejorar no solo nuestros servicios, sino tambi\u00e9n su experiencia al acceder al sitio web. Por ejemplo, qu\u00e9 contenido le interesa, con qu\u00e9 frecuencia accede al sitio, informaci\u00f3n sobre los clics en las p\u00e1ginas del sitio, etc.<\/p>\n<p><strong>\u2022 Cookies de preferencias:<\/strong> se utilizan para recopilar informaci\u00f3n que nos permite verificar cu\u00e1les son sus intereses y preferencias, de modo que podamos ofrecer nuestros servicios relacionados con sus intereses. Por ejemplo, a qu\u00e9 tipo de contenido accede m\u00e1s, preferencias en el uso de los sitios, etc.<\/p>\n<p>A excepci\u00f3n de las cookies esenciales que no se pueden deshabilitar, ya que esto le imposibilitar\u00eda acceder al sitio web, puede, en cualquier momento, desactivar el uso de otras cookies o incluso eliminarlas, mediante la gesti\u00f3n de cookies2 y realizando ajustes. a la configuraci\u00f3n de su navegador o dispositivo.<\/p>\n<p>Le recomendamos que visite el sitio web del navegador que utiliza habitualmente o el del fabricante de su dispositivo, para obtener m\u00e1s informaci\u00f3n sobre c\u00f3mo proceder.<\/p>\n<p>PRAIMER utiliza Facebook Ads, LinkedIn Ads y Google Analytics para recopilar informaci\u00f3n de forma autom\u00e1tica, que a trav\u00e9s de cookies de an\u00e1lisis identifica patrones de navegaci\u00f3n en nuestro sitio web, generando informes sobre sus actividades. Recomendamos leer las pol\u00edticas de privacidad de Facebook, LinkedIn y Google, disponibles en https:\/\/br.linkedin.com\/legal\/privacy-policy?src=or-search&amp;veh=www.google.com, https:\/\/www. facebook.com\/policy.php y https:\/\/policies.google.com\/privacy, respectivamente, para una mejor comprensi\u00f3n del manejo de la informaci\u00f3n recopilada por las cookies de an\u00e1lisis.<\/p>\n<p><strong>\u00bfPRAIMER comparte sus datos con terceros?<\/strong><\/p>\n<p>Su informaci\u00f3n es tratada con la debida confidencialidad y bajo ninguna circunstancia venderemos su informaci\u00f3n.<\/p>\n<p>PRAIMER s\u00f3lo comparte sus datos con terceros cuando sea necesario para el cumplimiento de las finalidades aqu\u00ed propuestas y para la subcontrataci\u00f3n de servicios.<\/p>\n<p>Por lo tanto, su informaci\u00f3n puede ser compartida con:<\/p>\n<p>\u2022 Prestaci\u00f3n de servicios PRAIMER. En sus procesos internos, si los servicios son subcontratados por PRAIMER, se podr\u00e1n compartir datos personales de los titulares, tales como para el uso del sistema de control interno, proveedor de hosting, medios de pago, etc.<\/p>\n<p>\u2022 Cumplimiento de los intereses y derechos de PRAIMER. En caso de litigio judicial o administrativo, para proteger los derechos de PRAIMER, cumplir con una obligaci\u00f3n legal o cumplir con una orden judicial.<\/p>\n<p>\u2022 Reesestructura corporativa. PRAIMER y las dem\u00e1s empresas que integran el grupo econ\u00f3mico podr\u00e1n tener acceso a su informaci\u00f3n, siempre observando el prop\u00f3sito y necesidad de dicho acceso, sin perjuicio de la posibilidad de transferencia total de sus datos en eventos de reorganizaci\u00f3n societaria (fusi\u00f3n, escisi\u00f3n y incorporaci\u00f3n). En estas hip\u00f3tesis, compartir informaci\u00f3n es fundamental para la continuidad del ejercicio de las actividades sociales.<\/p>\n<p><strong>\u00bfPRAIMER realiza transferencia internacional de datos personales?<\/strong><\/p>\n<p>Eventualmente, la informaci\u00f3n personal puede ser compartida con socios y proveedores ubicados en el extranjero, como para contratar un servicio de servidor o almacenamiento en la nube. Para ello, PRAIMER exige que estos agentes demuestren un nivel de cumplimiento similar o m\u00e1s riguroso que el previsto en la legislaci\u00f3n brasile\u00f1a aplicable.<\/p>\n<p>Asimismo, considerando que PRAIMER forma parte del GRUPO COATRESA, con domicilio social en Espa\u00f1a, se pueden producir las transferencias internacionales de datos que sean necesarias para el cumplimiento de un contrato que involucre al interesado o para atender demandas del grupo econ\u00f3mico.<\/p>\n<p>En caso de una transferencia internacional de datos personales tratados por PRAIMER, se dar\u00e1 cumplimiento a las Normas Corporativas Vinculantes (NCR) establecidas por GRUPO COATRESA, los art\u00edculos 33 a 36 de la LGPD y el Cap\u00edtulo V del RGPD (Reglamento General de Protecci\u00f3n de Datos de la Uni\u00f3n Europea).<\/p>\n<p><strong>\u00bfCu\u00e1les son los derechos relacionados con la privacidad y la protecci\u00f3n de datos y c\u00f3mo ejercerlos?<\/strong><\/p>\n<p>PRAIMER entiende la importancia de garantizar el ejercicio de los derechos de los interesados, en particular lo dispuesto en el art. 18 de la Ley N\u00b0 13.709\/2018 (\u201cLGPD\u201d).<\/p>\n<p>En ese sentido, derechos como: confirmaci\u00f3n de la existencia del tratamiento, revocaci\u00f3n del consentimiento, acceso, rectificaci\u00f3n, bloqueo o supresi\u00f3n, informaci\u00f3n sobre uso compartido, entre otros, podr\u00e1n ser ejercidos a trav\u00e9s del contacto lgpd@praimer.com.br<\/p>\n<p><strong>\u00bfC\u00f3mo protege PRAIMER sus datos?<\/strong><\/p>\n<p>PRAIMER observa estrictamente las pol\u00edticas y los mejores y m\u00e1s robustos procedimientos de seguridad del mercado para proteger los datos personales de accesos no autorizados y situaciones accidentales o il\u00edcitas de destrucci\u00f3n, p\u00e9rdida, alteraci\u00f3n, comunicaci\u00f3n o difusi\u00f3n.<\/p>\n<p>Entre tales mecanismos, destacamos los siguientes: firewalls, soluciones de cifrado, control de acceso mediante credenciales, gesti\u00f3n de perfiles de acceso por niveles, con revisi\u00f3n semestral de criticidad, procesos de gesti\u00f3n de vulnerabilidades, etc.<\/p>\n<p>A pesar de todos los cuidados, sabemos que el entorno de red est\u00e1 sujeto a incidentes, y aunque adoptemos todas las medidas de seguridad disponibles para evitarlo, no se puede garantizar absolutamente la seguridad frente a todas las amenazas existentes si se tienen en cuenta las circunstancias inherentes a la arquitectura de Internet.<\/p>\n<p>Adem\u00e1s, capacitamos constantemente a nuestros empleados sobre la importancia de la protecci\u00f3n de datos para mantenerlos actualizados con las mejores pr\u00e1cticas del mercado.<\/p>\n<p><strong>\u00bfCu\u00e1nto tiempo conservaremos sus datos?<\/strong><\/p>\n<p>En caso de que ya no sea necesario el uso de los datos personales, ya sea por cumplimiento de la finalidad para la cual fueron recabados, por revocaci\u00f3n del consentimiento o a solicitud del Titular, PRAIMER dispondr\u00e1 la supresi\u00f3n de los datos personales, salvo que sea obligado a almacenarlo por un per\u00edodo legal o por determinaci\u00f3n judicial o administrativa.<\/p>\n<p>As\u00ed, siempre que sea aplicable, excluimos los datos personales innecesarios o excesivos, velando siempre por el principio de minimizaci\u00f3n.<\/p>\n<p><strong>Consideraciones finales<\/strong><\/p>\n<p>PRAIMER actualizar\u00e1 y ajustar\u00e1 la Pol\u00edtica de Privacidad peri\u00f3dicamente, seg\u00fan sea necesario para reflejar sus pr\u00e1cticas de privacidad y protecci\u00f3n de datos personales, as\u00ed como las actualizaciones reglamentarias requeridas por la Autoridad Nacional de Protecci\u00f3n de Datos (\u201cANPD\u201d).<\/p>\n<p>Estamos disponibles para aclarar cualquier otra pregunta relacionada con la privacidad y la protecci\u00f3n de datos a trav\u00e9s de nuestro canal lgpd@praimer.com.br<\/p>\n","protected":false},"excerpt":{"rendered":"<p>Pol\u00edtica actualizada el 25 de mayo de 2022. PRAIMER REVESTIMENTOS ANTIADERENTES S\/A (\u201cPRAIMER\u201d) En PRAIMER estamos comprometidos con la privacidad y la protecci\u00f3n de los datos personales de los usuarios, clientes, socios y proveedores de servicios de nuestro sitio web y consideramos que este tema es uno de nuestros valores m\u00e1s importantes. Esta Pol\u00edtica de [&hellip;]<\/p>\n","protected":false},"author":2,"featured_media":0,"parent":0,"menu_order":0,"comment_status":"closed","ping_status":"closed","template":"","meta":{"footnotes":""},"class_list":["post-2849","page","type-page","status-publish","hentry"],"yoast_head":"<!-- This site is optimized with the Yoast SEO plugin v27.5 - https:\/\/yoast.com\/product\/yoast-seo-wordpress\/ -->\n<title>Pol\u00edtica de privacidad - Praimer<\/title>\n<meta name=\"robots\" content=\"index, follow, max-snippet:-1, max-image-preview:large, max-video-preview:-1\" \/>\n<link rel=\"canonical\" href=\"https:\/\/www.praimer.com.br\/es\/politica-de-privacidad\/\" \/>\n<meta property=\"og:locale\" content=\"es_ES\" \/>\n<meta property=\"og:type\" content=\"article\" \/>\n<meta property=\"og:title\" content=\"Pol\u00edtica de privacidad - Praimer\" \/>\n<meta property=\"og:description\" content=\"Pol\u00edtica actualizada el 25 de mayo de 2022. PRAIMER REVESTIMENTOS ANTIADERENTES S\/A (\u201cPRAIMER\u201d) En PRAIMER estamos comprometidos con la privacidad y la protecci\u00f3n de los datos personales de los usuarios, clientes, socios y proveedores de servicios de nuestro sitio web y consideramos que este tema es uno de nuestros valores m\u00e1s importantes. Esta Pol\u00edtica de [&hellip;]\" \/>\n<meta property=\"og:url\" content=\"https:\/\/www.praimer.com.br\/es\/politica-de-privacidad\/\" \/>\n<meta property=\"og:site_name\" content=\"Praimer\" \/>\n<meta property=\"article:publisher\" content=\"https:\/\/www.facebook.com\/praimerrevestimentos\" \/>\n<meta property=\"article:modified_time\" content=\"2022-12-23T12:42:59+00:00\" \/>\n<meta property=\"og:image\" content=\"https:\/\/www.praimer.com.br\/wp-content\/uploads\/2019\/12\/Praimer-revestimentos-antiaderentes-anticorrosivos-brasil.jpg\" \/>\n\t<meta property=\"og:image:width\" content=\"900\" \/>\n\t<meta property=\"og:image:height\" content=\"329\" \/>\n\t<meta property=\"og:image:type\" content=\"image\/jpeg\" \/>\n<meta name=\"twitter:card\" content=\"summary_large_image\" \/>\n<meta name=\"twitter:label1\" content=\"Tiempo de lectura\" \/>\n\t<meta name=\"twitter:data1\" content=\"6 minutos\" \/>\n<script type=\"application\/ld+json\" class=\"yoast-schema-graph\">{\"@context\":\"https:\\\/\\\/schema.org\",\"@graph\":[{\"@type\":\"WebPage\",\"@id\":\"https:\\\/\\\/www.praimer.com.br\\\/es\\\/politica-de-privacidad\\\/\",\"url\":\"https:\\\/\\\/www.praimer.com.br\\\/es\\\/politica-de-privacidad\\\/\",\"name\":\"Pol\u00edtica de privacidad - Praimer\",\"isPartOf\":{\"@id\":\"https:\\\/\\\/www.praimer.com.br\\\/es\\\/#website\"},\"datePublished\":\"2022-12-23T12:28:58+00:00\",\"dateModified\":\"2022-12-23T12:42:59+00:00\",\"breadcrumb\":{\"@id\":\"https:\\\/\\\/www.praimer.com.br\\\/es\\\/politica-de-privacidad\\\/#breadcrumb\"},\"inLanguage\":\"es\",\"potentialAction\":[{\"@type\":\"ReadAction\",\"target\":[\"https:\\\/\\\/www.praimer.com.br\\\/es\\\/politica-de-privacidad\\\/\"]}]},{\"@type\":\"BreadcrumbList\",\"@id\":\"https:\\\/\\\/www.praimer.com.br\\\/es\\\/politica-de-privacidad\\\/#breadcrumb\",\"itemListElement\":[{\"@type\":\"ListItem\",\"position\":1,\"name\":\"Portada\",\"item\":\"https:\\\/\\\/www.praimer.com.br\\\/es\\\/\"},{\"@type\":\"ListItem\",\"position\":2,\"name\":\"Pol\u00edtica de privacidad\"}]},{\"@type\":\"WebSite\",\"@id\":\"https:\\\/\\\/www.praimer.com.br\\\/es\\\/#website\",\"url\":\"https:\\\/\\\/www.praimer.com.br\\\/es\\\/\",\"name\":\"Praimer\",\"description\":\"Aplica\u00e7\u00e3o de revestimentos antiaderentes e anticorrosivos para a ind\u00fastria\",\"potentialAction\":[{\"@type\":\"SearchAction\",\"target\":{\"@type\":\"EntryPoint\",\"urlTemplate\":\"https:\\\/\\\/www.praimer.com.br\\\/es\\\/?s={search_term_string}\"},\"query-input\":{\"@type\":\"PropertyValueSpecification\",\"valueRequired\":true,\"valueName\":\"search_term_string\"}}],\"inLanguage\":\"es\"}]}<\/script>\n<!-- \/ Yoast SEO plugin. -->","yoast_head_json":{"title":"Pol\u00edtica de privacidad - Praimer","robots":{"index":"index","follow":"follow","max-snippet":"max-snippet:-1","max-image-preview":"max-image-preview:large","max-video-preview":"max-video-preview:-1"},"canonical":"https:\/\/www.praimer.com.br\/es\/politica-de-privacidad\/","og_locale":"es_ES","og_type":"article","og_title":"Pol\u00edtica de privacidad - Praimer","og_description":"Pol\u00edtica actualizada el 25 de mayo de 2022. PRAIMER REVESTIMENTOS ANTIADERENTES S\/A (\u201cPRAIMER\u201d) En PRAIMER estamos comprometidos con la privacidad y la protecci\u00f3n de los datos personales de los usuarios, clientes, socios y proveedores de servicios de nuestro sitio web y consideramos que este tema es uno de nuestros valores m\u00e1s importantes. Esta Pol\u00edtica de [&hellip;]","og_url":"https:\/\/www.praimer.com.br\/es\/politica-de-privacidad\/","og_site_name":"Praimer","article_publisher":"https:\/\/www.facebook.com\/praimerrevestimentos","article_modified_time":"2022-12-23T12:42:59+00:00","og_image":[{"width":900,"height":329,"url":"https:\/\/www.praimer.com.br\/wp-content\/uploads\/2019\/12\/Praimer-revestimentos-antiaderentes-anticorrosivos-brasil.jpg","type":"image\/jpeg"}],"twitter_card":"summary_large_image","twitter_misc":{"Tiempo de lectura":"6 minutos"},"schema":{"@context":"https:\/\/schema.org","@graph":[{"@type":"WebPage","@id":"https:\/\/www.praimer.com.br\/es\/politica-de-privacidad\/","url":"https:\/\/www.praimer.com.br\/es\/politica-de-privacidad\/","name":"Pol\u00edtica de privacidad - Praimer","isPartOf":{"@id":"https:\/\/www.praimer.com.br\/es\/#website"},"datePublished":"2022-12-23T12:28:58+00:00","dateModified":"2022-12-23T12:42:59+00:00","breadcrumb":{"@id":"https:\/\/www.praimer.com.br\/es\/politica-de-privacidad\/#breadcrumb"},"inLanguage":"es","potentialAction":[{"@type":"ReadAction","target":["https:\/\/www.praimer.com.br\/es\/politica-de-privacidad\/"]}]},{"@type":"BreadcrumbList","@id":"https:\/\/www.praimer.com.br\/es\/politica-de-privacidad\/#breadcrumb","itemListElement":[{"@type":"ListItem","position":1,"name":"Portada","item":"https:\/\/www.praimer.com.br\/es\/"},{"@type":"ListItem","position":2,"name":"Pol\u00edtica de privacidad"}]},{"@type":"WebSite","@id":"https:\/\/www.praimer.com.br\/es\/#website","url":"https:\/\/www.praimer.com.br\/es\/","name":"Praimer","description":"Aplica\u00e7\u00e3o de revestimentos antiaderentes e anticorrosivos para a ind\u00fastria","potentialAction":[{"@type":"SearchAction","target":{"@type":"EntryPoint","urlTemplate":"https:\/\/www.praimer.com.br\/es\/?s={search_term_string}"},"query-input":{"@type":"PropertyValueSpecification","valueRequired":true,"valueName":"search_term_string"}}],"inLanguage":"es"}]}},"_links":{"self":[{"href":"https:\/\/www.praimer.com.br\/es\/wp-json\/wp\/v2\/pages\/2849","targetHints":{"allow":["GET"]}}],"collection":[{"href":"https:\/\/www.praimer.com.br\/es\/wp-json\/wp\/v2\/pages"}],"about":[{"href":"https:\/\/www.praimer.com.br\/es\/wp-json\/wp\/v2\/types\/page"}],"author":[{"embeddable":true,"href":"https:\/\/www.praimer.com.br\/es\/wp-json\/wp\/v2\/users\/2"}],"replies":[{"embeddable":true,"href":"https:\/\/www.praimer.com.br\/es\/wp-json\/wp\/v2\/comments?post=2849"}],"version-history":[{"count":3,"href":"https:\/\/www.praimer.com.br\/es\/wp-json\/wp\/v2\/pages\/2849\/revisions"}],"predecessor-version":[{"id":2853,"href":"https:\/\/www.praimer.com.br\/es\/wp-json\/wp\/v2\/pages\/2849\/revisions\/2853"}],"wp:attachment":[{"href":"https:\/\/www.praimer.com.br\/es\/wp-json\/wp\/v2\/media?parent=2849"}],"curies":[{"name":"wp","href":"https:\/\/api.w.org\/{rel}","templated":true}]}}