{"id":2839,"date":"2022-12-23T08:46:42","date_gmt":"2022-12-23T11:46:42","guid":{"rendered":"https:\/\/www.praimer.com.br\/?page_id=2839"},"modified":"2022-12-23T09:54:46","modified_gmt":"2022-12-23T12:54:46","slug":"aviso-de-privacidad","status":"publish","type":"page","link":"https:\/\/www.praimer.com.br\/es\/aviso-de-privacidad\/","title":{"rendered":"Aviso de privacidad"},"content":{"rendered":"<p>Preocupados por el cuidado y transparencia de nuestros servicios, hemos elaborado el siguiente <strong>AVISO DE PRIVACIDAD<\/strong>.<\/p>\n<p>Si usted es nuestro cliente, utiliza nuestro sitio web o cualquiera de nuestros productos y servicios, tratamos sus datos personales.<\/p>\n<p><strong>A continuaci\u00f3n encontrar\u00e1 la informaci\u00f3n principal sobre c\u00f3mo se lleva a cabo este tratamiento.<\/strong><\/p>\n<h3>\u00bfQu\u00e9 son los datos personales?<\/h3>\n<p>Los datos personales son aquellos capaces de identificar a un individuo, directa o indirectamente, tales como:<br \/>\n\u2022 Nombre;<br \/>\n\u2022 fecha de nacimiento;<br \/>\n\u2022 nacionalidad;<br \/>\n\u2022 profesi\u00f3n;<br \/>\n\u2022 documentos de identificaci\u00f3n (por ejemplo, RG y CPF);<br \/>\n\u2022 direcci\u00f3n;<br \/>\n\u2022 tel\u00e9fono;<br \/>\n\u2022 localizaci\u00f3n,<br \/>\n\u2022 identificadores electr\u00f3nicos; etc.<\/p>\n<h3>\u00bfQu\u00e9 son los datos personales sensibles?<\/h3>\n<p>Los datos sensibles son aquellos que tratan de:<br \/>\n\u2022 origen racial o \u00e9tnico;<br \/>\n\u2022 convicci\u00f3n religiosa;<br \/>\n\u2022 opini\u00f3n pol\u00edtica;<br \/>\n\u2022 afiliaci\u00f3n sindical u organizaci\u00f3n religiosa, filos\u00f3fica o pol\u00edtica;<br \/>\n\u2022 salud;<br \/>\n\u2022 vida sexual;<br \/>\n\u2022 datos gen\u00e9ticos o biom\u00e9tricos.<\/p>\n<p>Son objeto de un tratamiento espec\u00edfico, ya que su uso indebido o incorrecto puede dar lugar a discriminaci\u00f3n del interesado.<\/p>\n<h3>\u00bfQu\u00e9 es la anonimizaci\u00f3n de datos personales?<\/h3>\n<p>Es el proceso por el cual el dato pierde su asociaci\u00f3n, directa o indirecta, capaz de identificar al Titular, considerando el uso de medios t\u00e9cnicos razonables disponibles al momento de su tratamiento.<\/p>\n<h3>\u00bfQu\u00e9 datos personales se recopilan?<\/h3>\n<p>Al utilizar nuestros servicios y plataformas, se pueden recopilar los siguientes tipos de datos personales:<br \/>\n\u2022 Datos de registro;<br \/>\n\u2022 Datos Financieros, si se contrata;<br \/>\n\u2022 Datos de localizaci\u00f3n;<br \/>\n\u2022 Datos del Dispositivo utilizado para acceder a plataformas y sitios web;<br \/>\n\u2022 Galletas.<\/p>\n<h3>\u00bfQu\u00e9 son las cookies?<\/h3>\n<p>Se trata de un microarchivo inform\u00e1tico o paquete de datos enviado por nuestros sitios web al navegador del usuario, con la finalidad de identificar al usuario y obtener datos de acceso, como p\u00e1ginas navegadas o enlaces pulsados, con el fin de personalizar la navegaci\u00f3n, haci\u00e9ndola m\u00e1s r\u00e1pida y eficiente. .<\/p>\n<h3>\u00bfPara qu\u00e9 se recopilan los datos personales?<\/h3>\n<p>PRAIMER recopila, procesa, comparte y almacena los datos personales necesarios para:<br \/>\n\u2022 el suministro de la informaci\u00f3n necesaria a los Titulares y organismos p\u00fablicos, en su caso;<br \/>\n\u2022 la ejecuci\u00f3n de contratos;<br \/>\n\u2022 control interno y facturaci\u00f3n de los servicios prestados;<br \/>\n\u2022 prospecci\u00f3n de nuevos clientes;<br \/>\n\u2022 protecci\u00f3n de cr\u00e9dito;<br \/>\n\u2022 cumplimiento de las obligaciones legales y reglamentarias;<br \/>\n\u2022 la protecci\u00f3n de la vida o la integridad f\u00edsica del titular o de terceros;<br \/>\n\u2022 garant\u00eda de prevenci\u00f3n de fraude y seguridad del titular;<br \/>\n\u2022 eventuales movimientos societarios, como venta, fusi\u00f3n, adquisici\u00f3n u orden judicial;<br \/>\n\u2022 en situaciones excepcionales, para atender sus intereses leg\u00edtimos, en los t\u00e9rminos de la ley.<\/p>\n<h3>\u00bfCu\u00e1nto tiempo almacenamos sus datos personales?<\/h3>\n<p>Los datos personales tratados por PRAIMER se conservar\u00e1n mientras sean \u00fatiles para los fines a los que est\u00e1n destinados o hasta que el Titular solicite su supresi\u00f3n, salvo que se trate de custodia para el cumplimiento de una obligaci\u00f3n legal o reglamentaria.<\/p>\n<h3>\u00bfC\u00f3mo protegemos sus datos personales?<\/h3>\n<p>\u2022 Adopci\u00f3n de medidas de seguridad de la informaci\u00f3n y protecci\u00f3n de datos, utilizando las tecnolog\u00edas disponibles;<br \/>\n\u2022 Protecci\u00f3n contra el acceso no autorizado a los sistemas de PRAIMER;<br \/>\n\u2022 Acceso restringido por parte de personas autorizadas al lugar donde se almacena la informaci\u00f3n personal;<br \/>\n\u2022 Compromiso de todos los involucrados en la prestaci\u00f3n del servicio de secreto absoluto de la informaci\u00f3n, adopci\u00f3n de las mejores pr\u00e1cticas en el manejo de datos, respeto a las pol\u00edticas y procedimientos internos de PRAIMER.<\/p>\n<h3>\u00bfCon qui\u00e9n compartimos sus datos personales?<\/h3>\n<p>\u2022 Socios: para brindar nuestros servicios, compartimos datos personales con otras empresas, como proveedores de alojamiento, sistemas de control interno, medios de pago, etc.<br \/>\n\u2022 Autoridades en Procedimientos Judiciales o Administrativos: este tipo de intercambio de datos puede ser necesario para cumplir con una obligaci\u00f3n legal, reglamentaria, orden judicial o para proteger derechos.<br \/>\n\u2022 Personas Autorizadas: cuando sea de su inter\u00e9s, para el cobro en raz\u00f3n de los contratos celebrados entre PRAIMER y el Titular y\/o con su consentimiento expreso.<\/p>\n<h3>\u00bfExiste una transferencia internacional de sus datos personales?<\/h3>\n<p>\u2022 Posibles socios y proveedores ubicados en el exterior, como por ejemplo para la contrataci\u00f3n de un servicio de almacenamiento o servidor en la nube.<br \/>\n\u2022 Grupo Coatresa, del que forma parte PRAIMER, cuando sea necesario para cumplir con un contrato que involucre al titular de los datos o para atender las demandas del grupo econ\u00f3mico.<\/p>\n<h3>\u00bfCu\u00e1les son tus derechos?<\/h3>\n<p>\u2022 Confirmaci\u00f3n de la existencia de procesamiento de datos;<br \/>\n\u2022 Acceso a los datos;<br \/>\n\u2022 Correcci\u00f3n de datos incompletos, inexactos o desactualizados;<br \/>\n\u2022 Anonimizaci\u00f3n, bloqueo o eliminaci\u00f3n de datos innecesarios, excesivos o no conformes;<br \/>\n\u2022 Portabilidad de sus datos a otro proveedor de servicios o productos, previa solicitud expresa del Titular;<br \/>\n\u2022 Eliminaci\u00f3n de datos procesados \u200b\u200bcon su consentimiento, excepto en los casos en que exista un requisito legal o reglamentario para el almacenamiento;<br \/>\n\u2022 Obtenci\u00f3n de informaci\u00f3n sobre entidades<\/p>\n<p>&nbsp;<\/p>\n","protected":false},"excerpt":{"rendered":"<p>Preocupados por el cuidado y transparencia de nuestros servicios, hemos elaborado el siguiente AVISO DE PRIVACIDAD. Si usted es nuestro cliente, utiliza nuestro sitio web o cualquiera de nuestros productos y servicios, tratamos sus datos personales. A continuaci\u00f3n encontrar\u00e1 la informaci\u00f3n principal sobre c\u00f3mo se lleva a cabo este tratamiento. \u00bfQu\u00e9 son los datos personales? [&hellip;]<\/p>\n","protected":false},"author":2,"featured_media":0,"parent":0,"menu_order":0,"comment_status":"closed","ping_status":"closed","template":"","meta":{"footnotes":""},"class_list":["post-2839","page","type-page","status-publish","hentry"],"yoast_head":"<!-- This site is optimized with the Yoast SEO plugin v27.4 - https:\/\/yoast.com\/product\/yoast-seo-wordpress\/ -->\n<title>Aviso de privacidad - Praimer<\/title>\n<meta name=\"robots\" content=\"index, follow, max-snippet:-1, max-image-preview:large, max-video-preview:-1\" \/>\n<link rel=\"canonical\" href=\"https:\/\/www.praimer.com.br\/es\/aviso-de-privacidad\/\" \/>\n<meta property=\"og:locale\" content=\"es_ES\" \/>\n<meta property=\"og:type\" content=\"article\" \/>\n<meta property=\"og:title\" content=\"Aviso de privacidad - Praimer\" \/>\n<meta property=\"og:description\" content=\"Preocupados por el cuidado y transparencia de nuestros servicios, hemos elaborado el siguiente AVISO DE PRIVACIDAD. Si usted es nuestro cliente, utiliza nuestro sitio web o cualquiera de nuestros productos y servicios, tratamos sus datos personales. A continuaci\u00f3n encontrar\u00e1 la informaci\u00f3n principal sobre c\u00f3mo se lleva a cabo este tratamiento. \u00bfQu\u00e9 son los datos personales? [&hellip;]\" \/>\n<meta property=\"og:url\" content=\"https:\/\/www.praimer.com.br\/es\/aviso-de-privacidad\/\" \/>\n<meta property=\"og:site_name\" content=\"Praimer\" \/>\n<meta property=\"article:publisher\" content=\"https:\/\/www.facebook.com\/praimerrevestimentos\" \/>\n<meta property=\"article:modified_time\" content=\"2022-12-23T12:54:46+00:00\" \/>\n<meta property=\"og:image\" content=\"https:\/\/www.praimer.com.br\/wp-content\/uploads\/2019\/12\/Praimer-revestimentos-antiaderentes-anticorrosivos-brasil.jpg\" \/>\n\t<meta property=\"og:image:width\" content=\"900\" \/>\n\t<meta property=\"og:image:height\" content=\"329\" \/>\n\t<meta property=\"og:image:type\" content=\"image\/jpeg\" \/>\n<meta name=\"twitter:card\" content=\"summary_large_image\" \/>\n<meta name=\"twitter:label1\" content=\"Tiempo de lectura\" \/>\n\t<meta name=\"twitter:data1\" content=\"4 minutos\" \/>\n<script type=\"application\/ld+json\" class=\"yoast-schema-graph\">{\"@context\":\"https:\\\/\\\/schema.org\",\"@graph\":[{\"@type\":\"WebPage\",\"@id\":\"https:\\\/\\\/www.praimer.com.br\\\/es\\\/aviso-de-privacidad\\\/\",\"url\":\"https:\\\/\\\/www.praimer.com.br\\\/es\\\/aviso-de-privacidad\\\/\",\"name\":\"Aviso de privacidad - Praimer\",\"isPartOf\":{\"@id\":\"https:\\\/\\\/www.praimer.com.br\\\/es\\\/#website\"},\"datePublished\":\"2022-12-23T11:46:42+00:00\",\"dateModified\":\"2022-12-23T12:54:46+00:00\",\"breadcrumb\":{\"@id\":\"https:\\\/\\\/www.praimer.com.br\\\/es\\\/aviso-de-privacidad\\\/#breadcrumb\"},\"inLanguage\":\"es\",\"potentialAction\":[{\"@type\":\"ReadAction\",\"target\":[\"https:\\\/\\\/www.praimer.com.br\\\/es\\\/aviso-de-privacidad\\\/\"]}]},{\"@type\":\"BreadcrumbList\",\"@id\":\"https:\\\/\\\/www.praimer.com.br\\\/es\\\/aviso-de-privacidad\\\/#breadcrumb\",\"itemListElement\":[{\"@type\":\"ListItem\",\"position\":1,\"name\":\"Portada\",\"item\":\"https:\\\/\\\/www.praimer.com.br\\\/es\\\/\"},{\"@type\":\"ListItem\",\"position\":2,\"name\":\"Aviso de privacidad\"}]},{\"@type\":\"WebSite\",\"@id\":\"https:\\\/\\\/www.praimer.com.br\\\/es\\\/#website\",\"url\":\"https:\\\/\\\/www.praimer.com.br\\\/es\\\/\",\"name\":\"Praimer\",\"description\":\"Aplica\u00e7\u00e3o de revestimentos antiaderentes e anticorrosivos para a ind\u00fastria\",\"potentialAction\":[{\"@type\":\"SearchAction\",\"target\":{\"@type\":\"EntryPoint\",\"urlTemplate\":\"https:\\\/\\\/www.praimer.com.br\\\/es\\\/?s={search_term_string}\"},\"query-input\":{\"@type\":\"PropertyValueSpecification\",\"valueRequired\":true,\"valueName\":\"search_term_string\"}}],\"inLanguage\":\"es\"}]}<\/script>\n<!-- \/ Yoast SEO plugin. -->","yoast_head_json":{"title":"Aviso de privacidad - Praimer","robots":{"index":"index","follow":"follow","max-snippet":"max-snippet:-1","max-image-preview":"max-image-preview:large","max-video-preview":"max-video-preview:-1"},"canonical":"https:\/\/www.praimer.com.br\/es\/aviso-de-privacidad\/","og_locale":"es_ES","og_type":"article","og_title":"Aviso de privacidad - Praimer","og_description":"Preocupados por el cuidado y transparencia de nuestros servicios, hemos elaborado el siguiente AVISO DE PRIVACIDAD. Si usted es nuestro cliente, utiliza nuestro sitio web o cualquiera de nuestros productos y servicios, tratamos sus datos personales. A continuaci\u00f3n encontrar\u00e1 la informaci\u00f3n principal sobre c\u00f3mo se lleva a cabo este tratamiento. \u00bfQu\u00e9 son los datos personales? [&hellip;]","og_url":"https:\/\/www.praimer.com.br\/es\/aviso-de-privacidad\/","og_site_name":"Praimer","article_publisher":"https:\/\/www.facebook.com\/praimerrevestimentos","article_modified_time":"2022-12-23T12:54:46+00:00","og_image":[{"width":900,"height":329,"url":"https:\/\/www.praimer.com.br\/wp-content\/uploads\/2019\/12\/Praimer-revestimentos-antiaderentes-anticorrosivos-brasil.jpg","type":"image\/jpeg"}],"twitter_card":"summary_large_image","twitter_misc":{"Tiempo de lectura":"4 minutos"},"schema":{"@context":"https:\/\/schema.org","@graph":[{"@type":"WebPage","@id":"https:\/\/www.praimer.com.br\/es\/aviso-de-privacidad\/","url":"https:\/\/www.praimer.com.br\/es\/aviso-de-privacidad\/","name":"Aviso de privacidad - Praimer","isPartOf":{"@id":"https:\/\/www.praimer.com.br\/es\/#website"},"datePublished":"2022-12-23T11:46:42+00:00","dateModified":"2022-12-23T12:54:46+00:00","breadcrumb":{"@id":"https:\/\/www.praimer.com.br\/es\/aviso-de-privacidad\/#breadcrumb"},"inLanguage":"es","potentialAction":[{"@type":"ReadAction","target":["https:\/\/www.praimer.com.br\/es\/aviso-de-privacidad\/"]}]},{"@type":"BreadcrumbList","@id":"https:\/\/www.praimer.com.br\/es\/aviso-de-privacidad\/#breadcrumb","itemListElement":[{"@type":"ListItem","position":1,"name":"Portada","item":"https:\/\/www.praimer.com.br\/es\/"},{"@type":"ListItem","position":2,"name":"Aviso de privacidad"}]},{"@type":"WebSite","@id":"https:\/\/www.praimer.com.br\/es\/#website","url":"https:\/\/www.praimer.com.br\/es\/","name":"Praimer","description":"Aplica\u00e7\u00e3o de revestimentos antiaderentes e anticorrosivos para a ind\u00fastria","potentialAction":[{"@type":"SearchAction","target":{"@type":"EntryPoint","urlTemplate":"https:\/\/www.praimer.com.br\/es\/?s={search_term_string}"},"query-input":{"@type":"PropertyValueSpecification","valueRequired":true,"valueName":"search_term_string"}}],"inLanguage":"es"}]}},"_links":{"self":[{"href":"https:\/\/www.praimer.com.br\/es\/wp-json\/wp\/v2\/pages\/2839","targetHints":{"allow":["GET"]}}],"collection":[{"href":"https:\/\/www.praimer.com.br\/es\/wp-json\/wp\/v2\/pages"}],"about":[{"href":"https:\/\/www.praimer.com.br\/es\/wp-json\/wp\/v2\/types\/page"}],"author":[{"embeddable":true,"href":"https:\/\/www.praimer.com.br\/es\/wp-json\/wp\/v2\/users\/2"}],"replies":[{"embeddable":true,"href":"https:\/\/www.praimer.com.br\/es\/wp-json\/wp\/v2\/comments?post=2839"}],"version-history":[{"count":2,"href":"https:\/\/www.praimer.com.br\/es\/wp-json\/wp\/v2\/pages\/2839\/revisions"}],"predecessor-version":[{"id":2864,"href":"https:\/\/www.praimer.com.br\/es\/wp-json\/wp\/v2\/pages\/2839\/revisions\/2864"}],"wp:attachment":[{"href":"https:\/\/www.praimer.com.br\/es\/wp-json\/wp\/v2\/media?parent=2839"}],"curies":[{"name":"wp","href":"https:\/\/api.w.org\/{rel}","templated":true}]}}