{"id":2284,"date":"2020-05-07T13:09:20","date_gmt":"2020-05-07T16:09:20","guid":{"rendered":"https:\/\/www.praimer.com.br\/revestimento-xylan\/"},"modified":"2020-05-07T13:30:11","modified_gmt":"2020-05-07T16:30:11","slug":"recubrimiento-xylan","status":"publish","type":"page","link":"https:\/\/www.praimer.com.br\/es\/recubrimiento-xylan\/","title":{"rendered":"Recubrimiento Xylan"},"content":{"rendered":"<div id=\"pl-2284\"  class=\"panel-layout\" ><div id=\"pg-2284-0\"  class=\"panel-grid panel-has-style\" ><div class=\"HOME-ROW siteorigin-panels-stretch panel-row-style panel-row-style-for-2284-0\" style=\"padding: 60px 0; \" data-stretch-type=\"full\" data-hasbg=\"hasbg\" data-siteorigin-parallax=\"{&quot;backgroundUrl&quot;:&quot;https:\\\/\\\/www.praimer.com.br\\\/wp-content\\\/uploads\\\/2019\\\/03\\\/revestimentos.jpg&quot;,&quot;backgroundSize&quot;:[1280,200],&quot;backgroundSizing&quot;:&quot;scaled&quot;,&quot;limitMotion&quot;:&quot;auto&quot;}\" data-overlay=\"true\" data-overlay-color=\"#000000\" ><div id=\"pgc-2284-0-0\"  class=\"panel-grid-cell\" ><div id=\"panel-2284-0-0-0\" class=\"so-panel widget widget_sow-editor panel-first-child panel-last-child\" data-index=\"0\" ><div class=\"TEXT-BLANC panel-widget-style panel-widget-style-for-2284-0-0-0\" style=\"text-align: left;\" data-title-color=\"#47425d\" data-headings-color=\"#443f3f\" data-title_alignment=\"center\" ><div\n\t\t\t\n\t\t\tclass=\"so-widget-sow-editor so-widget-sow-editor-base\"\n\t\t\t\n\t\t>\n<div class=\"siteorigin-widget-tinymce textwidget\">\n\t<h1 style=\"text-align: center;\">Recubrimiento Xylan \u00ae<\/h1>\n<\/div>\n<\/div><\/div><\/div><\/div><\/div><\/div><div id=\"pg-2284-1\"  class=\"panel-grid panel-has-style\" ><div style=\"padding: 40px 0; \" data-overlay=\"true\" data-overlay-color=\"#000000\" class=\"panel-row-style panel-row-style-for-2284-1\" ><div id=\"pgc-2284-1-0\"  class=\"panel-grid-cell\" ><div id=\"panel-2284-1-0-0\" class=\"so-panel widget widget_sow-image panel-first-child panel-last-child\" data-index=\"1\" ><div style=\"text-align: left;\" data-title-color=\"#47425d\" data-headings-color=\"#443f3f\" data-title_alignment=\"center\" class=\"panel-widget-style panel-widget-style-for-2284-1-0-0\" ><div\n\t\t\t\n\t\t\tclass=\"so-widget-sow-image so-widget-sow-image-default-c67d20f9f743-2284\"\n\t\t\t\n\t\t>\n<div class=\"sow-image-container\">\n\t\t<img \n\tsrc=\"https:\/\/www.praimer.com.br\/wp-content\/uploads\/2020\/04\/revestimento-whitford-xylan.png\" width=\"197\" height=\"197\" srcset=\"https:\/\/www.praimer.com.br\/wp-content\/uploads\/2020\/04\/revestimento-whitford-xylan.png 197w, https:\/\/www.praimer.com.br\/wp-content\/uploads\/2020\/04\/revestimento-whitford-xylan-150x150.png 150w\" sizes=\"(max-width: 197px) 100vw, 197px\" title=\"revestimento Xylan\" alt=\"revestimento Xylan\" \t\tclass=\"so-widget-image\"\/>\n\t<\/div>\n\n<\/div><\/div><\/div><\/div><div id=\"pgc-2284-1-1\"  class=\"panel-grid-cell\" ><div id=\"panel-2284-1-1-0\" class=\"so-panel widget widget_sow-editor panel-first-child panel-last-child\" data-index=\"2\" ><div style=\"text-align: left;\" data-title-color=\"#47425d\" data-headings-color=\"#443f3f\" data-title_alignment=\"center\" class=\"panel-widget-style panel-widget-style-for-2284-1-1-0\" ><div\n\t\t\t\n\t\t\tclass=\"so-widget-sow-editor so-widget-sow-editor-base\"\n\t\t\t\n\t\t>\n<div class=\"siteorigin-widget-tinymce textwidget\">\n\t<p style=\"text-align: justify;\">El recubrimiento Xylan\u00ae es la principal marca de Whitford para la linia de recubrimientos industriales. Compuesto por <strong>fluoropol\u00edmeros y reforzados con resinas aglutinantes<\/strong>, tienen una baja fricci\u00f3n y ofrecen una \u00f3ptima resistencia al desgaste. Su gama est\u00e1 formada por diferentes productos de acuerdo a las necesidades.<br \/>\n<strong>Xylan<\/strong><br \/>\n<strong>Xylan XLR<\/strong><br \/>\n<strong>Xylan XLR HB<\/strong><br \/>\nEstos recubrimientos son concebidos para usos extremos bajo <strong>altas presiones<\/strong>, <strong>altas temperaturas<\/strong> y <strong>entornos abrasivos<\/strong>.<\/p>\n<\/div>\n<\/div><\/div><\/div><\/div><\/div><\/div><div id=\"pg-2284-2\"  class=\"panel-grid panel-has-style\" ><div class=\"FRANJA-BLAVA-TITOL siteorigin-panels-stretch panel-row-style panel-row-style-for-2284-2\" style=\"padding: 0px 0; \" data-stretch-type=\"full\" data-overlay=\"true\" data-overlay-color=\"#000000\" ><div id=\"pgc-2284-2-0\"  class=\"panel-grid-cell\" ><div id=\"panel-2284-2-0-0\" class=\"so-panel widget widget_sow-editor panel-first-child panel-last-child\" data-index=\"3\" ><div class=\"blanc panel-widget-style panel-widget-style-for-2284-2-0-0\" style=\"text-align: left;\" data-title-color=\"#47425d\" data-headings-color=\"#443f3f\" data-title_alignment=\"center\" ><div\n\t\t\t\n\t\t\tclass=\"so-widget-sow-editor so-widget-sow-editor-base\"\n\t\t\t\n\t\t>\n<div class=\"siteorigin-widget-tinymce textwidget\">\n\t<h2 style=\"text-align: center;\">Propiedades y beneficios del recubrimiento Xylan \u00ae<\/h2>\n<\/div>\n<\/div><\/div><\/div><\/div><\/div><\/div><div id=\"pg-2284-3\"  class=\"panel-grid panel-has-style\" ><div class=\"BGC-GRIS siteorigin-panels-stretch panel-row-style panel-row-style-for-2284-3\" style=\"padding: 50px 0; \" data-stretch-type=\"full\" data-overlay=\"true\" data-overlay-color=\"#000000\" ><div id=\"pgc-2284-3-0\"  class=\"panel-grid-cell\" ><div id=\"panel-2284-3-0-0\" class=\"so-panel widget widget_sow-editor panel-first-child\" data-index=\"4\" ><div style=\"text-align: left;\" data-title-color=\"#47425d\" data-headings-color=\"#443f3f\" data-title_alignment=\"center\" class=\"panel-widget-style panel-widget-style-for-2284-3-0-0\" ><div\n\t\t\t\n\t\t\tclass=\"so-widget-sow-editor so-widget-sow-editor-base\"\n\t\t\t\n\t\t>\n<div class=\"siteorigin-widget-tinymce textwidget\">\n\t<p style=\"text-align: center;\">Las propiedades de los recubrimientos Xylan\u00ae se consiguen con la combinaci\u00f3n de pol\u00edmeros org\u00e1nicos con lubricantes de pel\u00edcula seca, obteniendo aleaciones pl\u00e1sticas con unas cualidades \u00fanicas muy \u00fatiles para entornos industriales extremos. Su aplicaci\u00f3n puede ser convencional o multi capa.<\/p>\n<p class=\"TEXTOS-DESTACATS\" style=\"text-align: center;\">Las propiedades mas destacables son:<\/p>\n<\/div>\n<\/div><\/div><\/div><div id=\"panel-2284-3-0-1\" class=\"so-panel widget widget_sow-editor panel-last-child\" data-index=\"5\" ><div style=\"text-align: left;\" data-title-color=\"#47425d\" data-headings-color=\"#443f3f\" data-title_alignment=\"center\" class=\"panel-widget-style panel-widget-style-for-2284-3-0-1\" ><div\n\t\t\t\n\t\t\tclass=\"so-widget-sow-editor so-widget-sow-editor-base\"\n\t\t\t\n\t\t>\n<div class=\"siteorigin-widget-tinymce textwidget\">\n\t<ul class=\"LLISTA-SUBRATLLADA\">\n<li>Coeficiente de fricci\u00f3n bajo. CoF de 0.02.<\/li>\n<li>Resistencia al desgaste bajo presiones.<\/li>\n<li>Resistencia qu\u00edmica y a la corrosi\u00f3n en la mayor\u00eda de los entornos.<\/li>\n<li>Resistencia a la intemperie. Luz del sol, agua salada y productos qu\u00edmicos.<\/li>\n<li>Posibilidad de trabajo con un gran rango de temperaturas. Entre -250\u00baC y 285\u00baC (-420\u00b0F y 550\u00b0F).<\/li>\n<li>Programa de curado flexible.<\/li>\n<li>Codificaci\u00f3n con una amplia gama de colores.<\/li>\n<li>Alta flexibilidad. Se puede doblar.<\/li>\n<li>Buena mecanizaci\u00f3n: fresado.<\/li>\n<li>\u00d3ptima adhesi\u00f3n a la mayor\u00eda de los materiales como metales, pl\u00e1sticos, cer\u00e1mica o madera.<\/li>\n<\/ul>\n<\/div>\n<\/div><\/div><\/div><\/div><\/div><\/div><div id=\"pg-2284-4\"  class=\"panel-grid panel-has-style\" ><div class=\"FRANJA-BLAVA-TITOL siteorigin-panels-stretch panel-row-style panel-row-style-for-2284-4\" style=\"padding: 0px 0; \" data-stretch-type=\"full\" data-overlay=\"true\" data-overlay-color=\"#000000\" ><div id=\"pgc-2284-4-0\"  class=\"panel-grid-cell\" ><div id=\"panel-2284-4-0-0\" class=\"so-panel widget widget_sow-editor panel-first-child panel-last-child\" data-index=\"6\" ><div class=\"blanc panel-widget-style panel-widget-style-for-2284-4-0-0\" style=\"text-align: left;\" data-title-color=\"#47425d\" data-headings-color=\"#443f3f\" data-title_alignment=\"center\" ><div\n\t\t\t\n\t\t\tclass=\"so-widget-sow-editor so-widget-sow-editor-base\"\n\t\t\t\n\t\t>\n<div class=\"siteorigin-widget-tinymce textwidget\">\n\t<h2 style=\"text-align: center;\">Aplicaciones<\/h2>\n<\/div>\n<\/div><\/div><\/div><\/div><\/div><\/div><div id=\"pg-2284-5\"  class=\"panel-grid panel-has-style\" ><div style=\"padding: 50px 0; \" data-overlay=\"true\" data-overlay-color=\"#000000\" class=\"panel-row-style panel-row-style-for-2284-5\" ><div id=\"pgc-2284-5-0\"  class=\"panel-grid-cell\" ><div id=\"panel-2284-5-0-0\" class=\"so-panel widget widget_sow-editor panel-first-child panel-last-child\" data-index=\"7\" ><div style=\"text-align: left;\" data-title-color=\"#47425d\" data-headings-color=\"#443f3f\" data-title_alignment=\"center\" class=\"panel-widget-style panel-widget-style-for-2284-5-0-0\" ><div\n\t\t\t\n\t\t\tclass=\"so-widget-sow-editor so-widget-sow-editor-base\"\n\t\t\t\n\t\t>\n<div class=\"siteorigin-widget-tinymce textwidget\">\n\t<p style=\"text-align: justify;\">El uso del recubrimiento Xylan\u00ae se orienta generalmente para reducir la fricci\u00f3n, mejorar la resistencia al desgaste y mejorar la antiadherencia. Entre los muchos sectores en que se aplica, destacamos:<\/p>\n<ul style=\"columns: 2; text-align: center; list-style-position: inside;\">\n<li>Menaje<\/li>\n<li>Panificaci\u00f3n industrial<\/li>\n<li>Automoci\u00f3n<\/li>\n<li>Industria petrolera y de gas<\/li>\n<\/ul>\n<p style=\"text-align: justify;\">Gracias a sus fluoropol\u00edmeros con <strong>PTFE<\/strong>, <strong>PFA<\/strong> y <strong>FEP<\/strong> es id\u00f3neo para aplicaciones metal con metal, ofreciendo protecci\u00f3n contra la corrosi\u00f3n. La baja fricci\u00f3n que aporta lo hace un recubrimiento muy interesante este sector, muy \u00fatil, por ejemplo, para mejorar el rendimiento de rodamientos.<\/p>\n<\/div>\n<\/div><\/div><\/div><\/div><\/div><\/div><div id=\"pg-2284-6\"  class=\"panel-grid panel-has-style\" ><div class=\"BGC-GRIS siteorigin-panels-stretch panel-row-style panel-row-style-for-2284-6\" style=\"padding: 50px 0; \" data-stretch-type=\"full\" data-overlay=\"true\" data-overlay-color=\"#000000\" ><div id=\"pgc-2284-6-0\"  class=\"panel-grid-cell\" ><div id=\"panel-2284-6-0-0\" class=\"so-panel widget widget_siteorigin-panels-builder panel-first-child panel-last-child\" data-index=\"8\" ><div style=\"text-align: left;\" data-title-color=\"#47425d\" data-headings-color=\"#443f3f\" data-title_alignment=\"center\" class=\"panel-widget-style panel-widget-style-for-2284-6-0-0\" ><div id=\"pl-w5eb43733c3faf\"  class=\"panel-layout\" ><div id=\"pg-w5eb43733c3faf-0\"  class=\"panel-grid panel-has-style\" ><div style=\"padding: 0px 0; \" data-overlay=\"true\" data-overlay-color=\"#000000\" class=\"panel-row-style panel-row-style-for-w5eb43733c3faf-0\" ><div id=\"pgc-w5eb43733c3faf-0-0\"  class=\"panel-grid-cell\" ><div id=\"panel-w5eb43733c3faf-0-0-0\" class=\"so-panel widget widget_sow-editor panel-first-child panel-last-child\" data-index=\"0\" ><div style=\"text-align: left;\" data-title-color=\"#47425d\" data-headings-color=\"#443f3f\" data-title_alignment=\"center\" class=\"panel-widget-style panel-widget-style-for-w5eb43733c3faf-0-0-0\" ><div\n\t\t\t\n\t\t\tclass=\"so-widget-sow-editor so-widget-sow-editor-base\"\n\t\t\t\n\t\t>\n<div class=\"siteorigin-widget-tinymce textwidget\">\n\t<h2 class=\"BLAU-FOSC\" style=\"text-align: center;\">Referencias Xylan \u00ae<\/h2>\n<\/div>\n<\/div><\/div><\/div><\/div><\/div><\/div><div id=\"pg-w5eb43733c3faf-1\"  class=\"panel-grid panel-has-style\" ><div style=\"padding: 0px 0; \" data-overlay=\"true\" data-overlay-color=\"#000000\" class=\"panel-row-style panel-row-style-for-w5eb43733c3faf-1\" ><div id=\"pgc-w5eb43733c3faf-1-0\"  class=\"panel-grid-cell\" ><div id=\"panel-w5eb43733c3faf-1-0-0\" class=\"so-panel widget widget_sow-editor panel-first-child panel-last-child\" data-index=\"1\" ><div style=\"text-align: left;\" data-title-color=\"#47425d\" data-headings-color=\"#443f3f\" data-title_alignment=\"center\" class=\"panel-widget-style panel-widget-style-for-w5eb43733c3faf-1-0-0\" ><div\n\t\t\t\n\t\t\tclass=\"so-widget-sow-editor so-widget-sow-editor-base\"\n\t\t\t\n\t\t>\n<div class=\"siteorigin-widget-tinymce textwidget\">\n\t<p style=\"text-align: center; padding-top: 40px;\"><b>333<\/b><br \/>\n<b>1006<\/b><br \/>\n<b>1010<\/b><br \/>\n<b>1014<\/b><br \/>\n<b>1052<\/b><br \/>\n<b>1054<\/b><br \/>\n<b>1058<\/b><br \/>\n<b>1070<\/b><br \/>\n<b>1088<\/b><br \/>\n<b>1220<\/b><br \/>\n<b>1290<\/b><br \/>\n<b>1270<\/b><br \/>\n<b>1311<\/b><\/p>\n<\/div>\n<\/div><\/div><\/div><\/div><div id=\"pgc-w5eb43733c3faf-1-1\"  class=\"panel-grid-cell\" ><div id=\"panel-w5eb43733c3faf-1-1-0\" class=\"so-panel widget widget_sow-editor panel-first-child panel-last-child\" data-index=\"2\" ><div style=\"text-align: left;\" data-title-color=\"#47425d\" data-headings-color=\"#443f3f\" data-title_alignment=\"center\" class=\"panel-widget-style panel-widget-style-for-w5eb43733c3faf-1-1-0\" ><div\n\t\t\t\n\t\t\tclass=\"so-widget-sow-editor so-widget-sow-editor-base\"\n\t\t\t\n\t\t>\n<div class=\"siteorigin-widget-tinymce textwidget\">\n\t<p style=\"text-align: center; padding-top: 40px;\"><b>1331<\/b><br \/>\n<b>1391<\/b><br \/>\n<b>1400<\/b><br \/>\n<b>1420<\/b><br \/>\n<b>1421<\/b><br \/>\n<b>1424<\/b><br \/>\n<b>1425<\/b><br \/>\n<b>1427<\/b><br \/>\n<b>1514<\/b><br \/>\n<b>1631<\/b><br \/>\n<b>1632<\/b><br \/>\n<b>1642<\/b><br \/>\n<b>1661<\/b><\/p>\n<\/div>\n<\/div><\/div><\/div><\/div><div id=\"pgc-w5eb43733c3faf-1-2\"  class=\"panel-grid-cell\" ><div id=\"panel-w5eb43733c3faf-1-2-0\" class=\"so-panel widget widget_sow-editor panel-first-child panel-last-child\" data-index=\"3\" ><div style=\"text-align: left;\" data-title-color=\"#47425d\" data-headings-color=\"#443f3f\" data-title_alignment=\"center\" class=\"panel-widget-style panel-widget-style-for-w5eb43733c3faf-1-2-0\" ><div\n\t\t\t\n\t\t\tclass=\"so-widget-sow-editor so-widget-sow-editor-base\"\n\t\t\t\n\t\t>\n<div class=\"siteorigin-widget-tinymce textwidget\">\n\t<p style=\"text-align: center; padding-top: 40px;\"><b>1700<\/b><br \/>\n<b>1756<\/b><br \/>\n<b>2000<\/b><br \/>\n<b>4016<\/b><br \/>\n<b>4018<\/b><br \/>\n<b>4090<\/b><br \/>\n<b>4248<\/b><br \/>\n<b>4430<\/b><br \/>\n<b>4500<\/b><br \/>\n<b>5200<\/b><br \/>\n<b>5230<\/b><br \/>\n<b>5251<\/b><br \/>\n<b>5420<\/b><\/p>\n<\/div>\n<\/div><\/div><\/div><\/div><div id=\"pgc-w5eb43733c3faf-1-3\"  class=\"panel-grid-cell\" ><div id=\"panel-w5eb43733c3faf-1-3-0\" class=\"so-panel widget widget_sow-editor panel-first-child panel-last-child\" data-index=\"4\" ><div style=\"text-align: left;\" data-title-color=\"#47425d\" data-headings-color=\"#443f3f\" data-title_alignment=\"center\" class=\"panel-widget-style panel-widget-style-for-w5eb43733c3faf-1-3-0\" ><div\n\t\t\t\n\t\t\tclass=\"so-widget-sow-editor so-widget-sow-editor-base\"\n\t\t\t\n\t\t>\n<div class=\"siteorigin-widget-tinymce textwidget\">\n\t<p style=\"text-align: center; padding-top: 40px;\"><b>8005<\/b><br \/>\n<b>8106<\/b><br \/>\n<b>8110<\/b><br \/>\n<b>8160<\/b><br \/>\n<b>8221<\/b><br \/>\n<b>8222<\/b><br \/>\n<b>8223<\/b><br \/>\n<b>8224<\/b><br \/>\n<b>8254<\/b><br \/>\n<b>8255<\/b><br \/>\n<b>8257<\/b><br \/>\n<b>8333<\/b><br \/>\n<b>8514<\/b><\/p>\n<\/div>\n<\/div><\/div><\/div><\/div><div id=\"pgc-w5eb43733c3faf-1-4\"  class=\"panel-grid-cell\" ><div id=\"panel-w5eb43733c3faf-1-4-0\" class=\"so-panel widget widget_sow-editor panel-first-child panel-last-child\" data-index=\"5\" ><div style=\"text-align: left;\" data-title-color=\"#47425d\" data-headings-color=\"#443f3f\" data-title_alignment=\"center\" class=\"panel-widget-style panel-widget-style-for-w5eb43733c3faf-1-4-0\" ><div\n\t\t\t\n\t\t\tclass=\"so-widget-sow-editor so-widget-sow-editor-base\"\n\t\t\t\n\t\t>\n<div class=\"siteorigin-widget-tinymce textwidget\">\n\t<p style=\"text-align: center; padding-top: 40px;\"><b>8530<\/b><br \/>\n<b>8620S<\/b><br \/>\n<b>8810<\/b><br \/>\n<b>8820<\/b><br \/>\n<b>8840<\/b><br \/>\n<b>8843<\/b><br \/>\n<b>8870<\/b><br \/>\n<b>8920<\/b><br \/>\n<b>9888<\/b><br \/>\n<b>80-018<\/b><br \/>\n<b>80-030<\/b><br \/>\n<b>80-087<\/b><br \/>\n<b>80-178<\/b><\/p>\n<\/div>\n<\/div><\/div><\/div><\/div><div id=\"pgc-w5eb43733c3faf-1-5\"  class=\"panel-grid-cell\" ><div id=\"panel-w5eb43733c3faf-1-5-0\" class=\"so-panel widget widget_sow-editor panel-first-child panel-last-child\" data-index=\"6\" ><div style=\"text-align: left;\" data-title-color=\"#47425d\" data-headings-color=\"#443f3f\" data-title_alignment=\"center\" class=\"panel-widget-style panel-widget-style-for-w5eb43733c3faf-1-5-0\" ><div\n\t\t\t\n\t\t\tclass=\"so-widget-sow-editor so-widget-sow-editor-base\"\n\t\t\t\n\t\t>\n<div class=\"siteorigin-widget-tinymce textwidget\">\n\t<p style=\"text-align: center; padding-top: 40px;\"><b>80-510<\/b><br \/>\n<b>80-511<\/b><br \/>\n<b>80-550<\/b><br \/>\n<b>80-610<\/b><br \/>\n<b>80-650<\/b><br \/>\n<b>80-787<\/b><br \/>\n<b>88-040<\/b><br \/>\n<b>88-042<\/b><br \/>\n<b>88-043<\/b><br \/>\n<b>88-044<\/b><br \/>\n<b>XLR 17<\/b><br \/>\n<b>Eterna\u00ae 17<\/b><br \/>\n<b>Eterna\u00ae 71<\/b><br \/>\n<b>Eterna\u00ae 73<\/b><\/p>\n<\/div>\n<\/div><\/div><\/div><\/div><\/div><\/div><\/div><\/div><\/div><\/div><\/div><\/div><\/div>","protected":false},"excerpt":{"rendered":"<p>Recubrimiento Xylan \u00ae El recubrimiento Xylan\u00ae es la principal marca de Whitford para la linia de recubrimientos industriales. Compuesto por fluoropol\u00edmeros y reforzados con resinas aglutinantes, tienen una baja fricci\u00f3n y ofrecen una \u00f3ptima resistencia al desgaste. Su gama est\u00e1 formada por diferentes productos de acuerdo a las necesidades. Xylan Xylan XLR Xylan XLR HB [&hellip;]<\/p>\n","protected":false},"author":2,"featured_media":1964,"parent":0,"menu_order":0,"comment_status":"closed","ping_status":"closed","template":"page-templates\/page_fullwidth.php","meta":{"footnotes":""},"class_list":["post-2284","page","type-page","status-publish","has-post-thumbnail","hentry"],"yoast_head":"<!-- This site is optimized with the Yoast SEO plugin v27.5 - https:\/\/yoast.com\/product\/yoast-seo-wordpress\/ -->\n<title>Recubrimiento Xylan - Praimer<\/title>\n<meta name=\"description\" content=\"El recubrimiento Xylan de Whitford es un fluoropol\u00edmero para sectores industriales reforzado con resinas, con baja fricci\u00f3n y resistencia al desgaste.\" \/>\n<meta name=\"robots\" content=\"index, follow, max-snippet:-1, max-image-preview:large, max-video-preview:-1\" \/>\n<link rel=\"canonical\" href=\"https:\/\/www.praimer.com.br\/es\/recubrimiento-xylan\/\" \/>\n<meta property=\"og:locale\" content=\"es_ES\" \/>\n<meta property=\"og:type\" content=\"article\" \/>\n<meta property=\"og:title\" content=\"Recubrimiento Xylan - Praimer\" \/>\n<meta property=\"og:description\" content=\"El recubrimiento Xylan de Whitford es un fluoropol\u00edmero para sectores industriales reforzado con resinas, con baja fricci\u00f3n y resistencia al desgaste.\" \/>\n<meta property=\"og:url\" content=\"https:\/\/www.praimer.com.br\/es\/recubrimiento-xylan\/\" \/>\n<meta property=\"og:site_name\" content=\"Praimer\" \/>\n<meta property=\"article:publisher\" content=\"https:\/\/www.facebook.com\/praimerrevestimentos\" \/>\n<meta property=\"article:modified_time\" content=\"2020-05-07T16:30:11+00:00\" \/>\n<meta property=\"og:image\" content=\"https:\/\/www.praimer.com.br\/wp-content\/uploads\/2020\/04\/revestimento-whitford-xylan.png\" \/>\n\t<meta property=\"og:image:width\" content=\"197\" \/>\n\t<meta property=\"og:image:height\" content=\"197\" \/>\n\t<meta property=\"og:image:type\" content=\"image\/png\" \/>\n<meta name=\"twitter:card\" content=\"summary_large_image\" \/>\n<meta name=\"twitter:label1\" content=\"Tiempo de lectura\" \/>\n\t<meta name=\"twitter:data1\" content=\"2 minutos\" \/>\n<script type=\"application\/ld+json\" class=\"yoast-schema-graph\">{\"@context\":\"https:\\\/\\\/schema.org\",\"@graph\":[{\"@type\":\"WebPage\",\"@id\":\"https:\\\/\\\/www.praimer.com.br\\\/es\\\/recubrimiento-xylan\\\/\",\"url\":\"https:\\\/\\\/www.praimer.com.br\\\/es\\\/recubrimiento-xylan\\\/\",\"name\":\"Recubrimiento Xylan - Praimer\",\"isPartOf\":{\"@id\":\"https:\\\/\\\/www.praimer.com.br\\\/es\\\/#website\"},\"primaryImageOfPage\":{\"@id\":\"https:\\\/\\\/www.praimer.com.br\\\/es\\\/recubrimiento-xylan\\\/#primaryimage\"},\"image\":{\"@id\":\"https:\\\/\\\/www.praimer.com.br\\\/es\\\/recubrimiento-xylan\\\/#primaryimage\"},\"thumbnailUrl\":\"https:\\\/\\\/www.praimer.com.br\\\/wp-content\\\/uploads\\\/2020\\\/04\\\/revestimento-whitford-xylan.png\",\"datePublished\":\"2020-05-07T16:09:20+00:00\",\"dateModified\":\"2020-05-07T16:30:11+00:00\",\"description\":\"El recubrimiento Xylan de Whitford es un fluoropol\u00edmero para sectores industriales reforzado con resinas, con baja fricci\u00f3n y resistencia al desgaste.\",\"breadcrumb\":{\"@id\":\"https:\\\/\\\/www.praimer.com.br\\\/es\\\/recubrimiento-xylan\\\/#breadcrumb\"},\"inLanguage\":\"es\",\"potentialAction\":[{\"@type\":\"ReadAction\",\"target\":[\"https:\\\/\\\/www.praimer.com.br\\\/es\\\/recubrimiento-xylan\\\/\"]}]},{\"@type\":\"ImageObject\",\"inLanguage\":\"es\",\"@id\":\"https:\\\/\\\/www.praimer.com.br\\\/es\\\/recubrimiento-xylan\\\/#primaryimage\",\"url\":\"https:\\\/\\\/www.praimer.com.br\\\/wp-content\\\/uploads\\\/2020\\\/04\\\/revestimento-whitford-xylan.png\",\"contentUrl\":\"https:\\\/\\\/www.praimer.com.br\\\/wp-content\\\/uploads\\\/2020\\\/04\\\/revestimento-whitford-xylan.png\",\"width\":197,\"height\":197,\"caption\":\"revestimento Xylan\"},{\"@type\":\"BreadcrumbList\",\"@id\":\"https:\\\/\\\/www.praimer.com.br\\\/es\\\/recubrimiento-xylan\\\/#breadcrumb\",\"itemListElement\":[{\"@type\":\"ListItem\",\"position\":1,\"name\":\"Portada\",\"item\":\"https:\\\/\\\/www.praimer.com.br\\\/es\\\/\"},{\"@type\":\"ListItem\",\"position\":2,\"name\":\"Recubrimiento Xylan\"}]},{\"@type\":\"WebSite\",\"@id\":\"https:\\\/\\\/www.praimer.com.br\\\/es\\\/#website\",\"url\":\"https:\\\/\\\/www.praimer.com.br\\\/es\\\/\",\"name\":\"Praimer\",\"description\":\"Aplica\u00e7\u00e3o de revestimentos antiaderentes e anticorrosivos para a ind\u00fastria\",\"potentialAction\":[{\"@type\":\"SearchAction\",\"target\":{\"@type\":\"EntryPoint\",\"urlTemplate\":\"https:\\\/\\\/www.praimer.com.br\\\/es\\\/?s={search_term_string}\"},\"query-input\":{\"@type\":\"PropertyValueSpecification\",\"valueRequired\":true,\"valueName\":\"search_term_string\"}}],\"inLanguage\":\"es\"}]}<\/script>\n<!-- \/ Yoast SEO plugin. -->","yoast_head_json":{"title":"Recubrimiento Xylan - Praimer","description":"El recubrimiento Xylan de Whitford es un fluoropol\u00edmero para sectores industriales reforzado con resinas, con baja fricci\u00f3n y resistencia al desgaste.","robots":{"index":"index","follow":"follow","max-snippet":"max-snippet:-1","max-image-preview":"max-image-preview:large","max-video-preview":"max-video-preview:-1"},"canonical":"https:\/\/www.praimer.com.br\/es\/recubrimiento-xylan\/","og_locale":"es_ES","og_type":"article","og_title":"Recubrimiento Xylan - Praimer","og_description":"El recubrimiento Xylan de Whitford es un fluoropol\u00edmero para sectores industriales reforzado con resinas, con baja fricci\u00f3n y resistencia al desgaste.","og_url":"https:\/\/www.praimer.com.br\/es\/recubrimiento-xylan\/","og_site_name":"Praimer","article_publisher":"https:\/\/www.facebook.com\/praimerrevestimentos","article_modified_time":"2020-05-07T16:30:11+00:00","og_image":[{"width":197,"height":197,"url":"https:\/\/www.praimer.com.br\/wp-content\/uploads\/2020\/04\/revestimento-whitford-xylan.png","type":"image\/png"}],"twitter_card":"summary_large_image","twitter_misc":{"Tiempo de lectura":"2 minutos"},"schema":{"@context":"https:\/\/schema.org","@graph":[{"@type":"WebPage","@id":"https:\/\/www.praimer.com.br\/es\/recubrimiento-xylan\/","url":"https:\/\/www.praimer.com.br\/es\/recubrimiento-xylan\/","name":"Recubrimiento Xylan - Praimer","isPartOf":{"@id":"https:\/\/www.praimer.com.br\/es\/#website"},"primaryImageOfPage":{"@id":"https:\/\/www.praimer.com.br\/es\/recubrimiento-xylan\/#primaryimage"},"image":{"@id":"https:\/\/www.praimer.com.br\/es\/recubrimiento-xylan\/#primaryimage"},"thumbnailUrl":"https:\/\/www.praimer.com.br\/wp-content\/uploads\/2020\/04\/revestimento-whitford-xylan.png","datePublished":"2020-05-07T16:09:20+00:00","dateModified":"2020-05-07T16:30:11+00:00","description":"El recubrimiento Xylan de Whitford es un fluoropol\u00edmero para sectores industriales reforzado con resinas, con baja fricci\u00f3n y resistencia al desgaste.","breadcrumb":{"@id":"https:\/\/www.praimer.com.br\/es\/recubrimiento-xylan\/#breadcrumb"},"inLanguage":"es","potentialAction":[{"@type":"ReadAction","target":["https:\/\/www.praimer.com.br\/es\/recubrimiento-xylan\/"]}]},{"@type":"ImageObject","inLanguage":"es","@id":"https:\/\/www.praimer.com.br\/es\/recubrimiento-xylan\/#primaryimage","url":"https:\/\/www.praimer.com.br\/wp-content\/uploads\/2020\/04\/revestimento-whitford-xylan.png","contentUrl":"https:\/\/www.praimer.com.br\/wp-content\/uploads\/2020\/04\/revestimento-whitford-xylan.png","width":197,"height":197,"caption":"revestimento Xylan"},{"@type":"BreadcrumbList","@id":"https:\/\/www.praimer.com.br\/es\/recubrimiento-xylan\/#breadcrumb","itemListElement":[{"@type":"ListItem","position":1,"name":"Portada","item":"https:\/\/www.praimer.com.br\/es\/"},{"@type":"ListItem","position":2,"name":"Recubrimiento Xylan"}]},{"@type":"WebSite","@id":"https:\/\/www.praimer.com.br\/es\/#website","url":"https:\/\/www.praimer.com.br\/es\/","name":"Praimer","description":"Aplica\u00e7\u00e3o de revestimentos antiaderentes e anticorrosivos para a ind\u00fastria","potentialAction":[{"@type":"SearchAction","target":{"@type":"EntryPoint","urlTemplate":"https:\/\/www.praimer.com.br\/es\/?s={search_term_string}"},"query-input":{"@type":"PropertyValueSpecification","valueRequired":true,"valueName":"search_term_string"}}],"inLanguage":"es"}]}},"_links":{"self":[{"href":"https:\/\/www.praimer.com.br\/es\/wp-json\/wp\/v2\/pages\/2284","targetHints":{"allow":["GET"]}}],"collection":[{"href":"https:\/\/www.praimer.com.br\/es\/wp-json\/wp\/v2\/pages"}],"about":[{"href":"https:\/\/www.praimer.com.br\/es\/wp-json\/wp\/v2\/types\/page"}],"author":[{"embeddable":true,"href":"https:\/\/www.praimer.com.br\/es\/wp-json\/wp\/v2\/users\/2"}],"replies":[{"embeddable":true,"href":"https:\/\/www.praimer.com.br\/es\/wp-json\/wp\/v2\/comments?post=2284"}],"version-history":[{"count":0,"href":"https:\/\/www.praimer.com.br\/es\/wp-json\/wp\/v2\/pages\/2284\/revisions"}],"wp:featuredmedia":[{"embeddable":true,"href":"https:\/\/www.praimer.com.br\/es\/wp-json\/wp\/v2\/media\/1964"}],"wp:attachment":[{"href":"https:\/\/www.praimer.com.br\/es\/wp-json\/wp\/v2\/media?parent=2284"}],"curies":[{"name":"wp","href":"https:\/\/api.w.org\/{rel}","templated":true}]}}