{"id":2247,"date":"2020-05-07T12:27:38","date_gmt":"2020-05-07T15:27:38","guid":{"rendered":"https:\/\/www.praimer.com.br\/revestimento-halar\/"},"modified":"2020-05-07T12:40:06","modified_gmt":"2020-05-07T15:40:06","slug":"recubrimiento-halar","status":"publish","type":"page","link":"https:\/\/www.praimer.com.br\/es\/recubrimiento-halar\/","title":{"rendered":"Recubrimiento Halar"},"content":{"rendered":"<div id=\"pl-2247\"  class=\"panel-layout\" ><div id=\"pg-2247-0\"  class=\"panel-grid panel-has-style\" ><div class=\"HOME-ROW siteorigin-panels-stretch panel-row-style panel-row-style-for-2247-0\" style=\"padding: 60px 0; \" data-stretch-type=\"full\" data-hasbg=\"hasbg\" data-siteorigin-parallax=\"{&quot;backgroundUrl&quot;:&quot;https:\\\/\\\/www.praimer.com.br\\\/wp-content\\\/uploads\\\/2019\\\/03\\\/revestimentos.jpg&quot;,&quot;backgroundSize&quot;:[1280,200],&quot;backgroundSizing&quot;:&quot;scaled&quot;,&quot;limitMotion&quot;:&quot;auto&quot;}\" data-overlay=\"true\" data-overlay-color=\"#000000\" ><div id=\"pgc-2247-0-0\"  class=\"panel-grid-cell\" ><div id=\"panel-2247-0-0-0\" class=\"so-panel widget widget_sow-editor panel-first-child panel-last-child\" data-index=\"0\" ><div class=\"TEXT-BLANC panel-widget-style panel-widget-style-for-2247-0-0-0\" style=\"text-align: left;\" data-title-color=\"#47425d\" data-headings-color=\"#443f3f\" data-title_alignment=\"center\" ><div\n\t\t\t\n\t\t\tclass=\"so-widget-sow-editor so-widget-sow-editor-base\"\n\t\t\t\n\t\t>\n<div class=\"siteorigin-widget-tinymce textwidget\">\n\t<h1 style=\"text-align: center;\">Recubrimiento Halar \u00ae<\/h1>\n<\/div>\n<\/div><\/div><\/div><\/div><\/div><\/div><div id=\"pg-2247-1\"  class=\"panel-grid panel-has-style\" ><div style=\"padding: 40px 0; \" data-overlay=\"true\" data-overlay-color=\"#000000\" class=\"panel-row-style panel-row-style-for-2247-1\" ><div id=\"pgc-2247-1-0\"  class=\"panel-grid-cell\" ><div id=\"panel-2247-1-0-0\" class=\"so-panel widget widget_sow-image panel-first-child panel-last-child\" data-index=\"1\" ><div style=\"text-align: left;\" data-title-color=\"#47425d\" data-headings-color=\"#443f3f\" data-title_alignment=\"center\" class=\"panel-widget-style panel-widget-style-for-2247-1-0-0\" ><div\n\t\t\t\n\t\t\tclass=\"so-widget-sow-image so-widget-sow-image-default-c67d20f9f743-2247\"\n\t\t\t\n\t\t>\n<div class=\"sow-image-container\">\n\t\t<img \n\tsrc=\"https:\/\/www.praimer.com.br\/wp-content\/uploads\/2020\/05\/revestimento-solvay-halar.png\" width=\"197\" height=\"197\" srcset=\"https:\/\/www.praimer.com.br\/wp-content\/uploads\/2020\/05\/revestimento-solvay-halar.png 197w, https:\/\/www.praimer.com.br\/wp-content\/uploads\/2020\/05\/revestimento-solvay-halar-150x150.png 150w\" sizes=\"(max-width: 197px) 100vw, 197px\" title=\"revestimento Solvay Halar\" alt=\"revestimento Solvay Halar\" \t\tclass=\"so-widget-image\"\/>\n\t<\/div>\n\n<\/div><\/div><\/div><\/div><div id=\"pgc-2247-1-1\"  class=\"panel-grid-cell\" ><div id=\"panel-2247-1-1-0\" class=\"so-panel widget widget_sow-editor panel-first-child panel-last-child\" data-index=\"2\" ><div style=\"text-align: left;\" data-title-color=\"#47425d\" data-headings-color=\"#443f3f\" data-title_alignment=\"center\" class=\"panel-widget-style panel-widget-style-for-2247-1-1-0\" ><div\n\t\t\t\n\t\t\tclass=\"so-widget-sow-editor so-widget-sow-editor-base\"\n\t\t\t\n\t\t>\n<div class=\"siteorigin-widget-tinymce textwidget\">\n\t<p style=\"text-align: justify;\">El recubrimiento Halar \u00ae ECTFE (<strong>etileno-clorotrifluoroetileno<\/strong>) es un pol\u00edmero semicristalino fluorado de alto rendimiento utilizado para industrias exigentes. Sus propiedades destacables son la <strong>anticorrosi\u00f3n<\/strong>, <strong>resistencia al fuego<\/strong> y <strong>resistencia qu\u00edmica<\/strong>, perfecto para mercados <strong>semiconductores<\/strong> y <strong>fotovoltaicos<\/strong>. Se presenta en diferentes formatos como dispersi\u00f3n, l\u00edquido o polvo.<\/p>\n<\/div>\n<\/div><\/div><\/div><\/div><\/div><\/div><div id=\"pg-2247-2\"  class=\"panel-grid panel-has-style\" ><div class=\"FRANJA-BLAVA-TITOL siteorigin-panels-stretch panel-row-style panel-row-style-for-2247-2\" style=\"padding: 0px 0; \" data-stretch-type=\"full\" data-overlay=\"true\" data-overlay-color=\"#000000\" ><div id=\"pgc-2247-2-0\"  class=\"panel-grid-cell\" ><div id=\"panel-2247-2-0-0\" class=\"so-panel widget widget_sow-editor panel-first-child panel-last-child\" data-index=\"3\" ><div class=\"blanc panel-widget-style panel-widget-style-for-2247-2-0-0\" style=\"text-align: left;\" data-title-color=\"#47425d\" data-headings-color=\"#443f3f\" data-title_alignment=\"center\" ><div\n\t\t\t\n\t\t\tclass=\"so-widget-sow-editor so-widget-sow-editor-base\"\n\t\t\t\n\t\t>\n<div class=\"siteorigin-widget-tinymce textwidget\">\n\t<h2 style=\"text-align: center;\">Propiedades y beneficios del recubrimiento Halar \u00ae<\/h2>\n<\/div>\n<\/div><\/div><\/div><\/div><\/div><\/div><div id=\"pg-2247-3\"  class=\"panel-grid panel-has-style\" ><div class=\"BGC-GRIS siteorigin-panels-stretch panel-row-style panel-row-style-for-2247-3\" style=\"padding: 50px 0; \" data-stretch-type=\"full\" data-overlay=\"true\" data-overlay-color=\"#000000\" ><div id=\"pgc-2247-3-0\"  class=\"panel-grid-cell\" ><div id=\"panel-2247-3-0-0\" class=\"so-panel widget widget_sow-editor panel-first-child panel-last-child\" data-index=\"4\" ><div style=\"text-align: left;\" data-title-color=\"#47425d\" data-headings-color=\"#443f3f\" data-title_alignment=\"center\" class=\"panel-widget-style panel-widget-style-for-2247-3-0-0\" ><div\n\t\t\t\n\t\t\tclass=\"so-widget-sow-editor so-widget-sow-editor-base\"\n\t\t\t\n\t\t>\n<div class=\"siteorigin-widget-tinymce textwidget\">\n\t<p style=\"text-align: center;\">El recubrimiento Halar\u00ae <strong>ECTFE<\/strong> es un fluoropol\u00edmero procesable por fusi\u00f3n. Se puede manejar a trav\u00e9s de diferentes t\u00e9cnicas como extrusi\u00f3n, moldeo por compresi\u00f3n, moldeo por inyecci\u00f3n y moldeo rotacional. Entre sus principales propiedades destacamos:<\/p>\n<ul style=\"columns: 3;\">\n<li>Baja permeabilidad<\/li>\n<li>Resistencia al fuego<\/li>\n<li>Resistencia a qu\u00edmicos<\/li>\n<li>Alta suavidad de superficie<\/li>\n<li>Gran resistencia a la abrasi\u00f3n<\/li>\n<li>Excelente resistencia a la intemperie<\/li>\n<li>Excelentes propiedades antiadherentes<\/li>\n<\/ul>\n<\/div>\n<\/div><\/div><\/div><\/div><\/div><\/div><div id=\"pg-2247-4\"  class=\"panel-grid panel-has-style\" ><div class=\"FRANJA-BLAVA-TITOL siteorigin-panels-stretch panel-row-style panel-row-style-for-2247-4\" style=\"padding: 0px 0; \" data-stretch-type=\"full\" data-overlay=\"true\" data-overlay-color=\"#000000\" ><div id=\"pgc-2247-4-0\"  class=\"panel-grid-cell\" ><div id=\"panel-2247-4-0-0\" class=\"so-panel widget widget_sow-editor panel-first-child panel-last-child\" data-index=\"5\" ><div class=\"blanc panel-widget-style panel-widget-style-for-2247-4-0-0\" style=\"text-align: left;\" data-title-color=\"#47425d\" data-headings-color=\"#443f3f\" data-title_alignment=\"center\" ><div\n\t\t\t\n\t\t\tclass=\"so-widget-sow-editor so-widget-sow-editor-base\"\n\t\t\t\n\t\t>\n<div class=\"siteorigin-widget-tinymce textwidget\">\n\t<h2 style=\"text-align: center;\">Aplicaciones<\/h2>\n<\/div>\n<\/div><\/div><\/div><\/div><\/div><\/div><div id=\"pg-2247-5\"  class=\"panel-grid panel-has-style\" ><div style=\"padding: 0px 0; \" data-overlay=\"true\" data-overlay-color=\"#000000\" class=\"panel-row-style panel-row-style-for-2247-5\" ><div id=\"pgc-2247-5-0\"  class=\"panel-grid-cell\" ><div id=\"panel-2247-5-0-0\" class=\"so-panel widget widget_sow-editor panel-first-child panel-last-child\" data-index=\"6\" ><div style=\"text-align: left;\" data-title-color=\"#47425d\" data-headings-color=\"#443f3f\" data-title_alignment=\"center\" class=\"panel-widget-style panel-widget-style-for-2247-5-0-0\" ><div\n\t\t\t\n\t\t\tclass=\"so-widget-sow-editor so-widget-sow-editor-base\"\n\t\t\t\n\t\t>\n<div class=\"siteorigin-widget-tinymce textwidget\">\n\t<p style=\"text-align: center;\">Gracias a las propiedades del <strong>ECTFE<\/strong> el recubrimiento Halar\u00ae puede ser utilizado en muchos sectores. Cuenta con una versi\u00f3n para contacto alimentario que cumple con todas las normativas, que se utiliza sobre todo en plantas potabilizadoras de agua.<\/p>\n<\/div>\n<\/div><\/div><\/div><\/div><\/div><\/div><div id=\"pg-2247-6\"  class=\"panel-grid panel-has-style\" ><div style=\"padding: 0px 0; \" data-overlay=\"true\" data-overlay-color=\"#000000\" class=\"panel-row-style panel-row-style-for-2247-6\" ><div id=\"pgc-2247-6-0\"  class=\"panel-grid-cell\" ><div id=\"panel-2247-6-0-0\" class=\"so-panel widget widget_sow-editor panel-first-child panel-last-child\" data-index=\"7\" ><div style=\"text-align: left;\" data-title-color=\"#47425d\" data-headings-color=\"#443f3f\" data-title_alignment=\"center\" class=\"panel-widget-style panel-widget-style-for-2247-6-0-0\" ><div\n\t\t\t\n\t\t\tclass=\"so-widget-sow-editor so-widget-sow-editor-base\"\n\t\t\t\n\t\t>\n<div class=\"siteorigin-widget-tinymce textwidget\">\n\t<h3>Industria de procesamiento qu\u00edmico (CPI)<\/h3>\n<p style=\"text-align: justify;\">Recubrimientos de alto rendimiento que ofrecen una excelente resistencia qu\u00edmica y baja permeabilidad. Es resistente a \u00e1cidos, agentes c\u00e1usticos, oxidantes y a solventes.<\/p>\n<h3>Industria del petr\u00f3leo y gas<\/h3>\n<p style=\"text-align: justify;\">Sus propiedades lo hacen una excelente soluci\u00f3n para aplicaciones de petr\u00f3leo y gas, con una elevada exposici\u00f3n al CO2.<\/p>\n<\/div>\n<\/div><\/div><\/div><\/div><div id=\"pgc-2247-6-1\"  class=\"panel-grid-cell\" ><div id=\"panel-2247-6-1-0\" class=\"so-panel widget widget_sow-editor panel-first-child panel-last-child\" data-index=\"8\" ><div style=\"text-align: left;\" data-title-color=\"#47425d\" data-headings-color=\"#443f3f\" data-title_alignment=\"center\" class=\"panel-widget-style panel-widget-style-for-2247-6-1-0\" ><div\n\t\t\t\n\t\t\tclass=\"so-widget-sow-editor so-widget-sow-editor-base\"\n\t\t\t\n\t\t>\n<div class=\"siteorigin-widget-tinymce textwidget\">\n\t<h3>Tuber\u00edas y v\u00e1lvulas para sistemas industriales<\/h3>\n<p style=\"text-align: justify;\">Su excepcional resistencia a oxidantes lo convierte en una buena soluci\u00f3n para reactores, conductos, tuber\u00edas y v\u00e1lvulas de sistemas industriales, incluso en entornos qu\u00edmicos.<\/p>\n<h3>Cableado el\u00e9ctrico, telecomunicaciones<\/h3>\n<p style=\"text-align: justify;\">Ofrece una baja constante diel\u00e9ctrica y una excelente resistencia a la intemperie, resistencia qu\u00edmica y t\u00e9rmica, ideal para sectores de telecomunicaciones y microel\u00e9ctrica.<\/p>\n<\/div>\n<\/div><\/div><\/div><\/div><\/div><\/div><div id=\"pg-2247-7\"  class=\"panel-grid panel-has-style\" ><div class=\"BGC-GRIS siteorigin-panels-stretch panel-row-style panel-row-style-for-2247-7\" style=\"padding: 50px 0; \" data-stretch-type=\"full\" data-overlay=\"true\" data-overlay-color=\"#000000\" ><div id=\"pgc-2247-7-0\"  class=\"panel-grid-cell\" ><div id=\"panel-2247-7-0-0\" class=\"so-panel widget widget_siteorigin-panels-builder panel-first-child panel-last-child\" data-index=\"9\" ><div style=\"text-align: left;\" data-title-color=\"#47425d\" data-headings-color=\"#443f3f\" data-title_alignment=\"center\" class=\"panel-widget-style panel-widget-style-for-2247-7-0-0\" ><div id=\"pl-w5eb42bd6dfa87\"  class=\"panel-layout\" ><div id=\"pg-w5eb42bd6dfa87-0\"  class=\"panel-grid panel-has-style\" ><div style=\"padding: 0px 0; \" data-overlay=\"true\" data-overlay-color=\"#000000\" class=\"panel-row-style panel-row-style-for-w5eb42bd6dfa87-0\" ><div id=\"pgc-w5eb42bd6dfa87-0-0\"  class=\"panel-grid-cell\" ><div id=\"panel-w5eb42bd6dfa87-0-0-0\" class=\"so-panel widget widget_sow-editor panel-first-child panel-last-child\" data-index=\"0\" ><div style=\"text-align: left;\" data-title-color=\"#47425d\" data-headings-color=\"#443f3f\" data-title_alignment=\"center\" class=\"panel-widget-style panel-widget-style-for-w5eb42bd6dfa87-0-0-0\" ><div\n\t\t\t\n\t\t\tclass=\"so-widget-sow-editor so-widget-sow-editor-base\"\n\t\t\t\n\t\t>\n<div class=\"siteorigin-widget-tinymce textwidget\">\n\t<h2 class=\"BLAU-FOSC\" style=\"text-align: center;\">Referencias Halar\u00ae<\/h2>\n<\/div>\n<\/div><\/div><\/div><\/div><\/div><\/div><div id=\"pg-w5eb42bd6dfa87-1\"  class=\"panel-grid panel-has-style\" ><div style=\"padding: 0px 0; \" data-overlay=\"true\" data-overlay-color=\"#000000\" class=\"panel-row-style panel-row-style-for-w5eb42bd6dfa87-1\" ><div id=\"pgc-w5eb42bd6dfa87-1-0\"  class=\"panel-grid-cell\" ><div id=\"panel-w5eb42bd6dfa87-1-0-0\" class=\"so-panel widget widget_sow-editor panel-first-child panel-last-child\" data-index=\"1\" ><div style=\"text-align: left;\" data-title-color=\"#47425d\" data-headings-color=\"#443f3f\" data-title_alignment=\"center\" class=\"panel-widget-style panel-widget-style-for-w5eb42bd6dfa87-1-0-0\" ><div\n\t\t\t\n\t\t\tclass=\"so-widget-sow-editor so-widget-sow-editor-base\"\n\t\t\t\n\t\t>\n<div class=\"siteorigin-widget-tinymce textwidget\">\n\t<p style=\"text-align: center; padding-top: 40px;\"><b>1400LC<\/b><br \/>\n<b>300DA<\/b><br \/>\n<b>3404DA<\/b><br \/>\n<b>500LC<\/b><br \/>\n<b>513LC<\/b><br \/>\n<b>558<\/b><\/p>\n<\/div>\n<\/div><\/div><\/div><\/div><div id=\"pgc-w5eb42bd6dfa87-1-1\"  class=\"panel-grid-cell\" ><div id=\"panel-w5eb42bd6dfa87-1-1-0\" class=\"so-panel widget widget_sow-editor panel-first-child panel-last-child\" data-index=\"2\" ><div style=\"text-align: left;\" data-title-color=\"#47425d\" data-headings-color=\"#443f3f\" data-title_alignment=\"center\" class=\"panel-widget-style panel-widget-style-for-w5eb42bd6dfa87-1-1-0\" ><div\n\t\t\t\n\t\t\tclass=\"so-widget-sow-editor so-widget-sow-editor-base\"\n\t\t\t\n\t\t>\n<div class=\"siteorigin-widget-tinymce textwidget\">\n\t<p style=\"text-align: center; padding-top: 40px;\"><b>6012F<\/b><br \/>\n<b>6014<\/b><br \/>\n<b>6014F<\/b><br \/>\n<b>6514<\/b><br \/>\n<b>6614<\/b><br \/>\n<b>6914<\/b><\/p>\n<\/div>\n<\/div><\/div><\/div><\/div><div id=\"pgc-w5eb42bd6dfa87-1-2\"  class=\"panel-grid-cell\" ><div id=\"panel-w5eb42bd6dfa87-1-2-0\" class=\"so-panel widget widget_sow-editor panel-first-child panel-last-child\" data-index=\"3\" ><div style=\"text-align: left;\" data-title-color=\"#47425d\" data-headings-color=\"#443f3f\" data-title_alignment=\"center\" class=\"panel-widget-style panel-widget-style-for-w5eb42bd6dfa87-1-2-0\" ><div\n\t\t\t\n\t\t\tclass=\"so-widget-sow-editor so-widget-sow-editor-base\"\n\t\t\t\n\t\t>\n<div class=\"siteorigin-widget-tinymce textwidget\">\n\t<p style=\"text-align: center; padding-top: 40px;\"><b>901<\/b><br \/>\n<b>902<\/b><br \/>\n<b>930LC<\/b><br \/>\n<b>9414<\/b><br \/>\n<b>XPH 871<\/b><\/p>\n<\/div>\n<\/div><\/div><\/div><\/div><\/div><\/div><\/div><\/div><\/div><\/div><\/div><\/div><\/div>","protected":false},"excerpt":{"rendered":"<p>Recubrimiento Halar \u00ae El recubrimiento Halar \u00ae ECTFE (etileno-clorotrifluoroetileno) es un pol\u00edmero semicristalino fluorado de alto rendimiento utilizado para industrias exigentes. Sus propiedades destacables son la anticorrosi\u00f3n, resistencia al fuego y resistencia qu\u00edmica, perfecto para mercados semiconductores y fotovoltaicos. Se presenta en diferentes formatos como dispersi\u00f3n, l\u00edquido o polvo.<\/p>\n","protected":false},"author":2,"featured_media":2180,"parent":0,"menu_order":0,"comment_status":"closed","ping_status":"closed","template":"page-templates\/page_fullwidth.php","meta":{"footnotes":""},"class_list":["post-2247","page","type-page","status-publish","has-post-thumbnail","hentry"],"yoast_head":"<!-- This site is optimized with the Yoast SEO plugin v27.4 - https:\/\/yoast.com\/product\/yoast-seo-wordpress\/ -->\n<title>Recubrimiento Halar - Praimer<\/title>\n<meta name=\"description\" content=\"El recubrimiento Halar ECTFE (etileno-clorotrifluoroetileno) de Solvay es un pol\u00edmero fluorado anticorrosivo con resistencia qu\u00edmica y al fuego.\" \/>\n<meta name=\"robots\" content=\"index, follow, max-snippet:-1, max-image-preview:large, max-video-preview:-1\" \/>\n<link rel=\"canonical\" href=\"https:\/\/www.praimer.com.br\/es\/recubrimiento-halar\/\" \/>\n<meta property=\"og:locale\" content=\"es_ES\" \/>\n<meta property=\"og:type\" content=\"article\" \/>\n<meta property=\"og:title\" content=\"Recubrimiento Halar - Praimer\" \/>\n<meta property=\"og:description\" content=\"El recubrimiento Halar ECTFE (etileno-clorotrifluoroetileno) de Solvay es un pol\u00edmero fluorado anticorrosivo con resistencia qu\u00edmica y al fuego.\" \/>\n<meta property=\"og:url\" content=\"https:\/\/www.praimer.com.br\/es\/recubrimiento-halar\/\" \/>\n<meta property=\"og:site_name\" content=\"Praimer\" \/>\n<meta property=\"article:publisher\" content=\"https:\/\/www.facebook.com\/praimerrevestimentos\" \/>\n<meta property=\"article:modified_time\" content=\"2020-05-07T15:40:06+00:00\" \/>\n<meta property=\"og:image\" content=\"https:\/\/www.praimer.com.br\/wp-content\/uploads\/2020\/05\/revestimento-solvay-halar.png\" \/>\n\t<meta property=\"og:image:width\" content=\"197\" \/>\n\t<meta property=\"og:image:height\" content=\"197\" \/>\n\t<meta property=\"og:image:type\" content=\"image\/png\" \/>\n<meta name=\"twitter:card\" content=\"summary_large_image\" \/>\n<meta name=\"twitter:label1\" content=\"Tiempo de lectura\" \/>\n\t<meta name=\"twitter:data1\" content=\"2 minutos\" \/>\n<script type=\"application\/ld+json\" class=\"yoast-schema-graph\">{\"@context\":\"https:\\\/\\\/schema.org\",\"@graph\":[{\"@type\":\"WebPage\",\"@id\":\"https:\\\/\\\/www.praimer.com.br\\\/es\\\/recubrimiento-halar\\\/\",\"url\":\"https:\\\/\\\/www.praimer.com.br\\\/es\\\/recubrimiento-halar\\\/\",\"name\":\"Recubrimiento Halar - Praimer\",\"isPartOf\":{\"@id\":\"https:\\\/\\\/www.praimer.com.br\\\/es\\\/#website\"},\"primaryImageOfPage\":{\"@id\":\"https:\\\/\\\/www.praimer.com.br\\\/es\\\/recubrimiento-halar\\\/#primaryimage\"},\"image\":{\"@id\":\"https:\\\/\\\/www.praimer.com.br\\\/es\\\/recubrimiento-halar\\\/#primaryimage\"},\"thumbnailUrl\":\"https:\\\/\\\/www.praimer.com.br\\\/wp-content\\\/uploads\\\/2020\\\/05\\\/revestimento-solvay-halar.png\",\"datePublished\":\"2020-05-07T15:27:38+00:00\",\"dateModified\":\"2020-05-07T15:40:06+00:00\",\"description\":\"El recubrimiento Halar ECTFE (etileno-clorotrifluoroetileno) de Solvay es un pol\u00edmero fluorado anticorrosivo con resistencia qu\u00edmica y al fuego.\",\"breadcrumb\":{\"@id\":\"https:\\\/\\\/www.praimer.com.br\\\/es\\\/recubrimiento-halar\\\/#breadcrumb\"},\"inLanguage\":\"es\",\"potentialAction\":[{\"@type\":\"ReadAction\",\"target\":[\"https:\\\/\\\/www.praimer.com.br\\\/es\\\/recubrimiento-halar\\\/\"]}]},{\"@type\":\"ImageObject\",\"inLanguage\":\"es\",\"@id\":\"https:\\\/\\\/www.praimer.com.br\\\/es\\\/recubrimiento-halar\\\/#primaryimage\",\"url\":\"https:\\\/\\\/www.praimer.com.br\\\/wp-content\\\/uploads\\\/2020\\\/05\\\/revestimento-solvay-halar.png\",\"contentUrl\":\"https:\\\/\\\/www.praimer.com.br\\\/wp-content\\\/uploads\\\/2020\\\/05\\\/revestimento-solvay-halar.png\",\"width\":197,\"height\":197,\"caption\":\"revestimento Solvay Halar\"},{\"@type\":\"BreadcrumbList\",\"@id\":\"https:\\\/\\\/www.praimer.com.br\\\/es\\\/recubrimiento-halar\\\/#breadcrumb\",\"itemListElement\":[{\"@type\":\"ListItem\",\"position\":1,\"name\":\"Portada\",\"item\":\"https:\\\/\\\/www.praimer.com.br\\\/es\\\/\"},{\"@type\":\"ListItem\",\"position\":2,\"name\":\"Recubrimiento Halar\"}]},{\"@type\":\"WebSite\",\"@id\":\"https:\\\/\\\/www.praimer.com.br\\\/es\\\/#website\",\"url\":\"https:\\\/\\\/www.praimer.com.br\\\/es\\\/\",\"name\":\"Praimer\",\"description\":\"Aplica\u00e7\u00e3o de revestimentos antiaderentes e anticorrosivos para a ind\u00fastria\",\"potentialAction\":[{\"@type\":\"SearchAction\",\"target\":{\"@type\":\"EntryPoint\",\"urlTemplate\":\"https:\\\/\\\/www.praimer.com.br\\\/es\\\/?s={search_term_string}\"},\"query-input\":{\"@type\":\"PropertyValueSpecification\",\"valueRequired\":true,\"valueName\":\"search_term_string\"}}],\"inLanguage\":\"es\"}]}<\/script>\n<!-- \/ Yoast SEO plugin. -->","yoast_head_json":{"title":"Recubrimiento Halar - Praimer","description":"El recubrimiento Halar ECTFE (etileno-clorotrifluoroetileno) de Solvay es un pol\u00edmero fluorado anticorrosivo con resistencia qu\u00edmica y al fuego.","robots":{"index":"index","follow":"follow","max-snippet":"max-snippet:-1","max-image-preview":"max-image-preview:large","max-video-preview":"max-video-preview:-1"},"canonical":"https:\/\/www.praimer.com.br\/es\/recubrimiento-halar\/","og_locale":"es_ES","og_type":"article","og_title":"Recubrimiento Halar - Praimer","og_description":"El recubrimiento Halar ECTFE (etileno-clorotrifluoroetileno) de Solvay es un pol\u00edmero fluorado anticorrosivo con resistencia qu\u00edmica y al fuego.","og_url":"https:\/\/www.praimer.com.br\/es\/recubrimiento-halar\/","og_site_name":"Praimer","article_publisher":"https:\/\/www.facebook.com\/praimerrevestimentos","article_modified_time":"2020-05-07T15:40:06+00:00","og_image":[{"width":197,"height":197,"url":"https:\/\/www.praimer.com.br\/wp-content\/uploads\/2020\/05\/revestimento-solvay-halar.png","type":"image\/png"}],"twitter_card":"summary_large_image","twitter_misc":{"Tiempo de lectura":"2 minutos"},"schema":{"@context":"https:\/\/schema.org","@graph":[{"@type":"WebPage","@id":"https:\/\/www.praimer.com.br\/es\/recubrimiento-halar\/","url":"https:\/\/www.praimer.com.br\/es\/recubrimiento-halar\/","name":"Recubrimiento Halar - Praimer","isPartOf":{"@id":"https:\/\/www.praimer.com.br\/es\/#website"},"primaryImageOfPage":{"@id":"https:\/\/www.praimer.com.br\/es\/recubrimiento-halar\/#primaryimage"},"image":{"@id":"https:\/\/www.praimer.com.br\/es\/recubrimiento-halar\/#primaryimage"},"thumbnailUrl":"https:\/\/www.praimer.com.br\/wp-content\/uploads\/2020\/05\/revestimento-solvay-halar.png","datePublished":"2020-05-07T15:27:38+00:00","dateModified":"2020-05-07T15:40:06+00:00","description":"El recubrimiento Halar ECTFE (etileno-clorotrifluoroetileno) de Solvay es un pol\u00edmero fluorado anticorrosivo con resistencia qu\u00edmica y al fuego.","breadcrumb":{"@id":"https:\/\/www.praimer.com.br\/es\/recubrimiento-halar\/#breadcrumb"},"inLanguage":"es","potentialAction":[{"@type":"ReadAction","target":["https:\/\/www.praimer.com.br\/es\/recubrimiento-halar\/"]}]},{"@type":"ImageObject","inLanguage":"es","@id":"https:\/\/www.praimer.com.br\/es\/recubrimiento-halar\/#primaryimage","url":"https:\/\/www.praimer.com.br\/wp-content\/uploads\/2020\/05\/revestimento-solvay-halar.png","contentUrl":"https:\/\/www.praimer.com.br\/wp-content\/uploads\/2020\/05\/revestimento-solvay-halar.png","width":197,"height":197,"caption":"revestimento Solvay Halar"},{"@type":"BreadcrumbList","@id":"https:\/\/www.praimer.com.br\/es\/recubrimiento-halar\/#breadcrumb","itemListElement":[{"@type":"ListItem","position":1,"name":"Portada","item":"https:\/\/www.praimer.com.br\/es\/"},{"@type":"ListItem","position":2,"name":"Recubrimiento Halar"}]},{"@type":"WebSite","@id":"https:\/\/www.praimer.com.br\/es\/#website","url":"https:\/\/www.praimer.com.br\/es\/","name":"Praimer","description":"Aplica\u00e7\u00e3o de revestimentos antiaderentes e anticorrosivos para a ind\u00fastria","potentialAction":[{"@type":"SearchAction","target":{"@type":"EntryPoint","urlTemplate":"https:\/\/www.praimer.com.br\/es\/?s={search_term_string}"},"query-input":{"@type":"PropertyValueSpecification","valueRequired":true,"valueName":"search_term_string"}}],"inLanguage":"es"}]}},"_links":{"self":[{"href":"https:\/\/www.praimer.com.br\/es\/wp-json\/wp\/v2\/pages\/2247","targetHints":{"allow":["GET"]}}],"collection":[{"href":"https:\/\/www.praimer.com.br\/es\/wp-json\/wp\/v2\/pages"}],"about":[{"href":"https:\/\/www.praimer.com.br\/es\/wp-json\/wp\/v2\/types\/page"}],"author":[{"embeddable":true,"href":"https:\/\/www.praimer.com.br\/es\/wp-json\/wp\/v2\/users\/2"}],"replies":[{"embeddable":true,"href":"https:\/\/www.praimer.com.br\/es\/wp-json\/wp\/v2\/comments?post=2247"}],"version-history":[{"count":0,"href":"https:\/\/www.praimer.com.br\/es\/wp-json\/wp\/v2\/pages\/2247\/revisions"}],"wp:featuredmedia":[{"embeddable":true,"href":"https:\/\/www.praimer.com.br\/es\/wp-json\/wp\/v2\/media\/2180"}],"wp:attachment":[{"href":"https:\/\/www.praimer.com.br\/es\/wp-json\/wp\/v2\/media?parent=2247"}],"curies":[{"name":"wp","href":"https:\/\/api.w.org\/{rel}","templated":true}]}}