{"id":1855,"date":"2020-04-24T11:29:07","date_gmt":"2020-04-24T14:29:07","guid":{"rendered":"https:\/\/www.praimer.com.br\/revestimentos-tecnicos\/"},"modified":"2024-08-08T06:12:49","modified_gmt":"2024-08-08T09:12:49","slug":"recubrimientos-tecnicos","status":"publish","type":"page","link":"https:\/\/www.praimer.com.br\/es\/recubrimientos-tecnicos\/","title":{"rendered":"Recubrimientos t\u00e9cnicos"},"content":{"rendered":"<div id=\"pl-1855\"  class=\"panel-layout\" ><div id=\"pg-1855-0\"  class=\"panel-grid panel-has-style\" ><div class=\"HOME-ROW siteorigin-panels-stretch panel-row-style panel-row-style-for-1855-0\" style=\"padding: 60px 0; \" data-stretch-type=\"full\" data-hasbg=\"hasbg\" data-siteorigin-parallax=\"{&quot;backgroundUrl&quot;:&quot;https:\\\/\\\/www.praimer.com.br\\\/wp-content\\\/uploads\\\/2019\\\/03\\\/revestimentos.jpg&quot;,&quot;backgroundSize&quot;:[1280,200],&quot;backgroundSizing&quot;:&quot;scaled&quot;,&quot;limitMotion&quot;:&quot;auto&quot;}\" data-overlay=\"true\" data-overlay-color=\"#000000\" ><div id=\"pgc-1855-0-0\"  class=\"panel-grid-cell\" ><div id=\"panel-1855-0-0-0\" class=\"so-panel widget widget_sow-editor panel-first-child panel-last-child\" data-index=\"0\" ><div class=\"TEXT-BLANC panel-widget-style panel-widget-style-for-1855-0-0-0\" style=\"text-align: left;\" data-title-color=\"#47425d\" data-headings-color=\"#443f3f\" data-title_alignment=\"center\" ><div\n\t\t\t\n\t\t\tclass=\"so-widget-sow-editor so-widget-sow-editor-base\"\n\t\t\t\n\t\t>\n<div class=\"siteorigin-widget-tinymce textwidget\">\n\t<h1 style=\"text-align: center;\">Recubrimientos t\u00e9cnicos<\/h1>\n<\/div>\n<\/div><\/div><\/div><\/div><\/div><\/div><div id=\"pg-1855-1\"  class=\"panel-grid panel-has-style\" ><div class=\"siteorigin-panels-stretch panel-row-style panel-row-style-for-1855-1\" style=\"padding: 50px 0; \" data-stretch-type=\"full\" data-overlay=\"true\" data-overlay-color=\"#000000\" ><div id=\"pgc-1855-1-0\"  class=\"panel-grid-cell\" ><div id=\"panel-1855-1-0-0\" class=\"so-panel widget widget_sow-editor panel-first-child panel-last-child\" data-index=\"1\" ><div style=\"text-align: left;\" data-title-color=\"#47425d\" data-headings-color=\"#443f3f\" data-title_alignment=\"center\" class=\"panel-widget-style panel-widget-style-for-1855-1-0-0\" ><div\n\t\t\t\n\t\t\tclass=\"so-widget-sow-editor so-widget-sow-editor-base\"\n\t\t\t\n\t\t>\n<div class=\"siteorigin-widget-tinymce textwidget\">\n\t<p style=\"text-align: center; padding-bottom: 20px;\">Hay una gran cantidad de <strong>recubrimientos t\u00e9cnicos<\/strong> en el mercado, pero cada uno tiene una aplicaci\u00f3n y especificaciones concretas. Sabemos que cada cliente es diferente y que cada proyecto requiere de unas caracter\u00edsticas espec\u00edficas, por eso en Praimer tenemos un <strong>amplio rango de proveedores<\/strong> para ofrecer el mejor recubrimiento t\u00e9cnico en cada caso. La elecci\u00f3n y aplicaci\u00f3n de la <strong>soluci\u00f3n \u00f3ptima<\/strong> forma parte de nuestro trabajo.<\/p>\n<h2 style=\"text-align: center;\">Los mejores fabricantes de recubrimientos t\u00e9cnicos<\/h2>\n<hr \/>\n<p style=\"text-align: center;\">Nuestra amplia experiencia en la aplicaci\u00f3n de recubrimientos nos ha llevado a tener un contacto directo con los principales fabricantes. S\u00f3lo con la <strong>aplicaci\u00f3n met\u00f3dica y rigurosa<\/strong> se pueden obtener los mejores resultados, y la confianza que depositan los fabricantes en Praimer es la mejor garantia. Algunos de los fabricantes de recubriminetos con los que trabajamos:<\/p>\n<\/div>\n<\/div><\/div><\/div><\/div><\/div><\/div><div id=\"pg-1855-2\"  class=\"panel-grid panel-has-style\" ><div style=\"padding: 0px 0; \" data-overlay=\"true\" data-overlay-color=\"#000000\" class=\"panel-row-style panel-row-style-for-1855-2\" ><div id=\"pgc-1855-2-0\"  class=\"panel-grid-cell\" ><div class=\"BGC-GRIS-CLAR PADDING-MIG-CELDES AUGMENTAR-ICONA panel-cell-style panel-cell-style-for-1855-2-0\" ><div id=\"panel-1855-2-0-0\" class=\"so-panel widget widget_sow-image panel-first-child panel-last-child\" data-index=\"2\" ><div class=\"PADDING-H-1 panel-widget-style panel-widget-style-for-1855-2-0-0\" style=\"text-align: left;\" data-title-color=\"#47425d\" data-headings-color=\"#443f3f\" data-title_alignment=\"center\" ><div\n\t\t\t\n\t\t\tclass=\"so-widget-sow-image so-widget-sow-image-default-c67d20f9f743-1855\"\n\t\t\t\n\t\t>\n<div class=\"sow-image-container\">\n\t\t\t<a href=\"\/esr\/recubrimientos-chemours-dupont\/\"\n\t\t\t\t\t>\n\t\t\t<img \n\tsrc=\"https:\/\/www.praimer.com.br\/wp-content\/uploads\/2019\/04\/revestimento-chemours-dupont.png\" width=\"274\" height=\"120\" srcset=\"https:\/\/www.praimer.com.br\/wp-content\/uploads\/2019\/04\/revestimento-chemours-dupont.png 274w, https:\/\/www.praimer.com.br\/wp-content\/uploads\/2019\/04\/revestimento-chemours-dupont-230x101.png 230w, https:\/\/www.praimer.com.br\/wp-content\/uploads\/2019\/04\/revestimento-chemours-dupont-272x120.png 272w\" sizes=\"(max-width: 274px) 100vw, 274px\" title=\"revestimento Chemours Dupont\" alt=\"revestimento Chemours Dupont\" \t\tclass=\"so-widget-image\"\/>\n\t\t\t<\/a><\/div>\n\n<\/div><\/div><\/div><\/div><\/div><div id=\"pgc-1855-2-1\"  class=\"panel-grid-cell\" ><div class=\"BGC-GRIS-CLAR PADDING-MIG-CELDES AUGMENTAR-ICONA panel-cell-style panel-cell-style-for-1855-2-1\" ><div id=\"panel-1855-2-1-0\" class=\"so-panel widget widget_sow-image panel-first-child panel-last-child\" data-index=\"3\" ><div class=\"PADDING-H-1 panel-widget-style panel-widget-style-for-1855-2-1-0\" style=\"text-align: left;\" data-title-color=\"#47425d\" data-headings-color=\"#443f3f\" data-title_alignment=\"center\" ><div\n\t\t\t\n\t\t\tclass=\"so-widget-sow-image so-widget-sow-image-default-c67d20f9f743-1855\"\n\t\t\t\n\t\t>\n<div class=\"sow-image-container\">\n\t\t\t<a href=\"\/es\/recubrimientos-solvay\/\"\n\t\t\t\t\t>\n\t\t\t<img \n\tsrc=\"https:\/\/www.praimer.com.br\/wp-content\/uploads\/2019\/04\/revestimento-solvay.png\" width=\"250\" height=\"120\" srcset=\"https:\/\/www.praimer.com.br\/wp-content\/uploads\/2019\/04\/revestimento-solvay.png 250w, https:\/\/www.praimer.com.br\/wp-content\/uploads\/2019\/04\/revestimento-solvay-230x110.png 230w\" sizes=\"(max-width: 250px) 100vw, 250px\" title=\"revestimento Solvay\" alt=\"revestimento Solvay\" \t\tclass=\"so-widget-image\"\/>\n\t\t\t<\/a><\/div>\n\n<\/div><\/div><\/div><\/div><\/div><div id=\"pgc-1855-2-2\"  class=\"panel-grid-cell\" ><div class=\"BGC-GRIS-CLAR PADDING-MIG-CELDES AUGMENTAR-ICONA panel-cell-style panel-cell-style-for-1855-2-2\" ><div id=\"panel-1855-2-2-0\" class=\"so-panel widget widget_sow-image panel-first-child panel-last-child\" data-index=\"4\" ><div class=\"PADDING-H-1 panel-widget-style panel-widget-style-for-1855-2-2-0\" style=\"text-align: left;\" data-title-color=\"#47425d\" data-headings-color=\"#443f3f\" data-title_alignment=\"center\" ><div\n\t\t\t\n\t\t\tclass=\"so-widget-sow-image so-widget-sow-image-default-c67d20f9f743-1855\"\n\t\t\t\n\t\t>\n<div class=\"sow-image-container\">\n\t\t\t<a href=\"\/es\/recubrimientos-whitford\/\"\n\t\t\t\t\t>\n\t\t\t<img \n\tsrc=\"https:\/\/www.praimer.com.br\/wp-content\/uploads\/2019\/04\/revestimento-whitford.png\" width=\"188\" height=\"120\" sizes=\"(max-width: 188px) 100vw, 188px\" title=\"revestimento Whitford\" alt=\"revestimento Whitford\" \t\tclass=\"so-widget-image\"\/>\n\t\t\t<\/a><\/div>\n\n<\/div><\/div><\/div><\/div><\/div><\/div><\/div><div id=\"pg-1855-3\"  class=\"panel-grid panel-has-style\" ><div style=\"padding: 0px 0; \" data-overlay=\"true\" data-overlay-color=\"#000000\" class=\"panel-row-style panel-row-style-for-1855-3\" ><div id=\"pgc-1855-3-0\"  class=\"panel-grid-cell\" ><div class=\"BGC-GRIS PADDING-MIG-CELDES panel-cell-style panel-cell-style-for-1855-3-0\" ><div id=\"panel-1855-3-0-0\" class=\"so-panel widget widget_sow-image panel-first-child panel-last-child\" data-index=\"5\" ><div class=\"PADDING-H-1 panel-widget-style panel-widget-style-for-1855-3-0-0\" style=\"text-align: left;\" data-title-color=\"#47425d\" data-headings-color=\"#443f3f\" data-title_alignment=\"center\" ><div\n\t\t\t\n\t\t\tclass=\"so-widget-sow-image so-widget-sow-image-default-c67d20f9f743-1855\"\n\t\t\t\n\t\t>\n<div class=\"sow-image-container\">\n\t\t<img \n\tsrc=\"https:\/\/www.praimer.com.br\/wp-content\/uploads\/2024\/08\/arkema_s-1.png\" width=\"197\" height=\"120\" sizes=\"(max-width: 197px) 100vw, 197px\" title=\"arkema_s\" alt=\"\" \t\tclass=\"so-widget-image\"\/>\n\t<\/div>\n\n<\/div><\/div><\/div><\/div><\/div><div id=\"pgc-1855-3-1\"  class=\"panel-grid-cell\" ><div class=\"BGC-GRIS PADDING-MIG-CELDES panel-cell-style panel-cell-style-for-1855-3-1\" ><div id=\"panel-1855-3-1-0\" class=\"so-panel widget widget_sow-image panel-first-child panel-last-child\" data-index=\"6\" ><div class=\"PADDING-H-1 panel-widget-style panel-widget-style-for-1855-3-1-0\" style=\"text-align: left;\" data-title-color=\"#47425d\" data-headings-color=\"#443f3f\" data-title_alignment=\"center\" ><div\n\t\t\t\n\t\t\tclass=\"so-widget-sow-image so-widget-sow-image-default-c67d20f9f743-1855\"\n\t\t\t\n\t\t>\n<div class=\"sow-image-container\">\n\t\t<img \n\tsrc=\"https:\/\/www.praimer.com.br\/wp-content\/uploads\/2019\/04\/revestimento-bechem.png\" width=\"124\" height=\"120\" sizes=\"(max-width: 124px) 100vw, 124px\" title=\"revestimento Bechem\" alt=\"revestimento Bechem\" \t\tclass=\"so-widget-image\"\/>\n\t<\/div>\n\n<\/div><\/div><\/div><\/div><\/div><div id=\"pgc-1855-3-2\"  class=\"panel-grid-cell\" ><div class=\"BGC-GRIS PADDING-MIG-CELDES panel-cell-style panel-cell-style-for-1855-3-2\" ><div id=\"panel-1855-3-2-0\" class=\"so-panel widget widget_sow-image panel-first-child panel-last-child\" data-index=\"7\" ><div class=\"PADDING-H-1 panel-widget-style panel-widget-style-for-1855-3-2-0\" style=\"text-align: left;\" data-title-color=\"#47425d\" data-headings-color=\"#443f3f\" data-title_alignment=\"center\" ><div\n\t\t\t\n\t\t\tclass=\"so-widget-sow-image so-widget-sow-image-default-c67d20f9f743-1855\"\n\t\t\t\n\t\t>\n<div class=\"sow-image-container\">\n\t\t<img \n\tsrc=\"https:\/\/www.praimer.com.br\/wp-content\/uploads\/2019\/04\/revestimento-daikin.png\" width=\"200\" height=\"120\" sizes=\"(max-width: 200px) 100vw, 200px\" title=\"revestimento Daikin\" alt=\"revestimento Daikin\" \t\tclass=\"so-widget-image\"\/>\n\t<\/div>\n\n<\/div><\/div><\/div><\/div><\/div><\/div><\/div><div id=\"pg-1855-4\"  class=\"panel-grid panel-has-style\" ><div style=\"padding: 0px 0; \" data-overlay=\"true\" data-overlay-color=\"#000000\" class=\"panel-row-style panel-row-style-for-1855-4\" ><div id=\"pgc-1855-4-0\"  class=\"panel-grid-cell\" ><div class=\"BGC-GRIS PADDING-MIG-CELDES panel-cell-style panel-cell-style-for-1855-4-0\" ><div id=\"panel-1855-4-0-0\" class=\"so-panel widget widget_sow-image panel-first-child panel-last-child\" data-index=\"8\" ><div class=\"PADDING-H-1 panel-widget-style panel-widget-style-for-1855-4-0-0\" style=\"text-align: left;\" data-title-color=\"#47425d\" data-headings-color=\"#443f3f\" data-title_alignment=\"center\" ><div\n\t\t\t\n\t\t\tclass=\"so-widget-sow-image so-widget-sow-image-default-c67d20f9f743-1855\"\n\t\t\t\n\t\t>\n<div class=\"sow-image-container\">\n\t\t<img \n\tsrc=\"https:\/\/www.praimer.com.br\/wp-content\/uploads\/2019\/04\/revestimento-fuchs.png\" width=\"149\" height=\"120\" sizes=\"(max-width: 149px) 100vw, 149px\" title=\"revestimento Fuchs\" alt=\"revestimento Fuchs\" \t\tclass=\"so-widget-image\"\/>\n\t<\/div>\n\n<\/div><\/div><\/div><\/div><\/div><div id=\"pgc-1855-4-1\"  class=\"panel-grid-cell\" ><div class=\"BGC-GRIS PADDING-MIG-CELDES panel-cell-style panel-cell-style-for-1855-4-1\" ><div id=\"panel-1855-4-1-0\" class=\"so-panel widget widget_sow-image panel-first-child panel-last-child\" data-index=\"9\" ><div class=\"PADDING-H-1 panel-widget-style panel-widget-style-for-1855-4-1-0\" style=\"text-align: left;\" data-title-color=\"#47425d\" data-headings-color=\"#443f3f\" data-title_alignment=\"center\" ><div\n\t\t\t\n\t\t\tclass=\"so-widget-sow-image so-widget-sow-image-default-c67d20f9f743-1855\"\n\t\t\t\n\t\t>\n<div class=\"sow-image-container\">\n\t\t<img \n\tsrc=\"https:\/\/www.praimer.com.br\/wp-content\/uploads\/2019\/04\/revestimento-hempel.png\" width=\"204\" height=\"120\" sizes=\"(max-width: 204px) 100vw, 204px\" title=\"revestimento Hempel\" alt=\"revestimento Hempel\" \t\tclass=\"so-widget-image\"\/>\n\t<\/div>\n\n<\/div><\/div><\/div><\/div><\/div><div id=\"pgc-1855-4-2\"  class=\"panel-grid-cell\" ><div class=\"BGC-GRIS PADDING-MIG-CELDES panel-cell-style panel-cell-style-for-1855-4-2\" ><div id=\"panel-1855-4-2-0\" class=\"so-panel widget widget_sow-image panel-first-child panel-last-child\" data-index=\"10\" ><div class=\"PADDING-H-1 panel-widget-style panel-widget-style-for-1855-4-2-0\" style=\"text-align: left;\" data-title-color=\"#47425d\" data-headings-color=\"#443f3f\" data-title_alignment=\"center\" ><div\n\t\t\t\n\t\t\tclass=\"so-widget-sow-image so-widget-sow-image-default-c67d20f9f743-1855\"\n\t\t\t\n\t\t>\n<div class=\"sow-image-container\">\n\t\t<img \n\tsrc=\"https:\/\/www.praimer.com.br\/wp-content\/uploads\/2019\/04\/revestimento-ilag.png\" width=\"200\" height=\"120\" sizes=\"(max-width: 200px) 100vw, 200px\" title=\"revestimento Ilag\" alt=\"revestimento Ilag\" \t\tclass=\"so-widget-image\"\/>\n\t<\/div>\n\n<\/div><\/div><\/div><\/div><\/div><\/div><\/div><div id=\"pg-1855-5\"  class=\"panel-grid panel-has-style\" ><div style=\"padding: 0px 0; \" data-overlay=\"true\" data-overlay-color=\"#000000\" class=\"panel-row-style panel-row-style-for-1855-5\" ><div id=\"pgc-1855-5-0\"  class=\"panel-grid-cell\" ><div class=\"BGC-GRIS PADDING-MIG-CELDES panel-cell-style panel-cell-style-for-1855-5-0\" ><div id=\"panel-1855-5-0-0\" class=\"so-panel widget widget_sow-image panel-first-child panel-last-child\" data-index=\"11\" ><div class=\"PADDING-H-1 panel-widget-style panel-widget-style-for-1855-5-0-0\" style=\"text-align: left;\" data-title-color=\"#47425d\" data-headings-color=\"#443f3f\" data-title_alignment=\"center\" ><div\n\t\t\t\n\t\t\tclass=\"so-widget-sow-image so-widget-sow-image-default-c67d20f9f743-1855\"\n\t\t\t\n\t\t>\n<div class=\"sow-image-container\">\n\t\t<img \n\tsrc=\"https:\/\/www.praimer.com.br\/wp-content\/uploads\/2019\/04\/revestimento-weilburger.png\" width=\"274\" height=\"120\" srcset=\"https:\/\/www.praimer.com.br\/wp-content\/uploads\/2019\/04\/revestimento-weilburger.png 274w, https:\/\/www.praimer.com.br\/wp-content\/uploads\/2019\/04\/revestimento-weilburger-230x101.png 230w, https:\/\/www.praimer.com.br\/wp-content\/uploads\/2019\/04\/revestimento-weilburger-272x120.png 272w\" sizes=\"(max-width: 274px) 100vw, 274px\" title=\"revestimento Weilburger\" alt=\"revestimento Weilburger\" \t\tclass=\"so-widget-image\"\/>\n\t<\/div>\n\n<\/div><\/div><\/div><\/div><\/div><div id=\"pgc-1855-5-1\"  class=\"panel-grid-cell panel-grid-cell-empty panel-grid-cell-mobile-last\" ><\/div><div id=\"pgc-1855-5-2\"  class=\"panel-grid-cell panel-grid-cell-empty\" ><\/div><\/div><\/div><div id=\"pg-1855-6\"  class=\"panel-grid panel-has-style\" ><div class=\"siteorigin-panels-stretch panel-row-style panel-row-style-for-1855-6\" style=\"padding: 50px 0; \" data-stretch-type=\"full\" data-hasbg=\"hasbg\" data-siteorigin-parallax=\"{&quot;backgroundUrl&quot;:&quot;https:\\\/\\\/www.praimer.com.br\\\/wp-content\\\/uploads\\\/2020\\\/04\\\/revestimentos-tecnicos.jpg&quot;,&quot;backgroundSize&quot;:[1692,899],&quot;backgroundSizing&quot;:&quot;scaled&quot;,&quot;limitMotion&quot;:&quot;auto&quot;}\" data-overlay=\"true\" data-overlay-color=\"#000000\" ><div id=\"pgc-1855-6-0\"  class=\"panel-grid-cell\" ><div id=\"panel-1855-6-0-0\" class=\"so-panel widget widget_sow-editor panel-first-child panel-last-child\" data-index=\"12\" ><div class=\"blanc panel-widget-style panel-widget-style-for-1855-6-0-0\" style=\"text-align: left;\" data-title-color=\"#47425d\" data-headings-color=\"#443f3f\" data-title_alignment=\"center\" ><div\n\t\t\t\n\t\t\tclass=\"so-widget-sow-editor so-widget-sow-editor-base\"\n\t\t\t\n\t\t>\n<div class=\"siteorigin-widget-tinymce textwidget\">\n\t<h2 style=\"text-align: center;\">Calidad y tecnolog\u00eda<\/h2>\n<hr \/>\n<p style=\"text-align: center;\">Nuestro objetivo es optimizar el proceso productivo del cliente a trav\u00e9s de la aplicaci\u00f3n de recubrimientos t\u00e9cnicos. Para obtener la mejor calidad y mejor rendimiento en cada proyecto, trabajamos continuamente para estar actualizados con las <strong>nuevas tecnolog\u00edas de recubrimientos<\/strong> como:<br \/>\n<strong>sol-gel<\/strong><br \/>\n<strong>silic\u00f3nicos<\/strong><br \/>\n<strong>fluoropol\u00edmeros<\/strong><br \/>\n<strong>elast\u00f3meros<\/strong><br \/>\nS\u00f3lo de esta forma podemos ofrecer el mejor servicio integral para todos los sectores industriales. La <strong>certifici\u00f3n ISO 9001:2015<\/strong> garantiza la excelencia de nuestro trabajo que el personal altamente qualificado realiza en nuestras instalaciones de Ponta Grossa en Brasil.<\/p>\n<\/div>\n<\/div><\/div><\/div><\/div><\/div><\/div><\/div>","protected":false},"excerpt":{"rendered":"<p>Recubrimientos t\u00e9cnicos Hay una gran cantidad de recubrimientos t\u00e9cnicos en el mercado, pero cada uno tiene una aplicaci\u00f3n y especificaciones concretas. Sabemos que cada cliente es diferente y que cada proyecto requiere de unas caracter\u00edsticas espec\u00edficas, por eso en Praimer tenemos un amplio rango de proveedores para ofrecer el mejor recubrimiento t\u00e9cnico en cada caso. [&hellip;]<\/p>\n","protected":false},"author":2,"featured_media":1749,"parent":0,"menu_order":0,"comment_status":"closed","ping_status":"closed","template":"page-templates\/page_fullwidth.php","meta":{"footnotes":""},"class_list":["post-1855","page","type-page","status-publish","has-post-thumbnail","hentry"],"yoast_head":"<!-- This site is optimized with the Yoast SEO plugin v27.5 - https:\/\/yoast.com\/product\/yoast-seo-wordpress\/ -->\n<title>Recubrimientos t\u00e9cnicos - Praimer<\/title>\n<meta name=\"description\" content=\"Trabajamos con los mejores fabricantes de recubrimientos t\u00e9cnicos para la industria. Con la certificaci\u00f3n ISO garantizamos nuestros servicios en Brasil.\" \/>\n<meta name=\"robots\" content=\"index, follow, max-snippet:-1, max-image-preview:large, max-video-preview:-1\" \/>\n<link rel=\"canonical\" href=\"https:\/\/www.praimer.com.br\/es\/recubrimientos-tecnicos\/\" \/>\n<meta property=\"og:locale\" content=\"es_ES\" \/>\n<meta property=\"og:type\" content=\"article\" \/>\n<meta property=\"og:title\" content=\"Recubrimientos t\u00e9cnicos - Praimer\" \/>\n<meta property=\"og:description\" content=\"Trabajamos con los mejores fabricantes de recubrimientos t\u00e9cnicos para la industria. Con la certificaci\u00f3n ISO garantizamos nuestros servicios en Brasil.\" \/>\n<meta property=\"og:url\" content=\"https:\/\/www.praimer.com.br\/es\/recubrimientos-tecnicos\/\" \/>\n<meta property=\"og:site_name\" content=\"Praimer\" \/>\n<meta property=\"article:publisher\" content=\"https:\/\/www.facebook.com\/praimerrevestimentos\" \/>\n<meta property=\"article:modified_time\" content=\"2024-08-08T09:12:49+00:00\" \/>\n<meta property=\"og:image\" content=\"https:\/\/www.praimer.com.br\/wp-content\/uploads\/2020\/04\/revestimentos-tecnicos.jpg\" \/>\n\t<meta property=\"og:image:width\" content=\"1692\" \/>\n\t<meta property=\"og:image:height\" content=\"899\" \/>\n\t<meta property=\"og:image:type\" content=\"image\/jpeg\" \/>\n<meta name=\"twitter:card\" content=\"summary_large_image\" \/>\n<meta name=\"twitter:label1\" content=\"Tiempo de lectura\" \/>\n\t<meta name=\"twitter:data1\" content=\"4 minutos\" \/>\n<script type=\"application\/ld+json\" class=\"yoast-schema-graph\">{\"@context\":\"https:\\\/\\\/schema.org\",\"@graph\":[{\"@type\":\"WebPage\",\"@id\":\"https:\\\/\\\/www.praimer.com.br\\\/es\\\/recubrimientos-tecnicos\\\/\",\"url\":\"https:\\\/\\\/www.praimer.com.br\\\/es\\\/recubrimientos-tecnicos\\\/\",\"name\":\"Recubrimientos t\u00e9cnicos - Praimer\",\"isPartOf\":{\"@id\":\"https:\\\/\\\/www.praimer.com.br\\\/es\\\/#website\"},\"primaryImageOfPage\":{\"@id\":\"https:\\\/\\\/www.praimer.com.br\\\/es\\\/recubrimientos-tecnicos\\\/#primaryimage\"},\"image\":{\"@id\":\"https:\\\/\\\/www.praimer.com.br\\\/es\\\/recubrimientos-tecnicos\\\/#primaryimage\"},\"thumbnailUrl\":\"https:\\\/\\\/www.praimer.com.br\\\/wp-content\\\/uploads\\\/2020\\\/04\\\/revestimentos-tecnicos.jpg\",\"datePublished\":\"2020-04-24T14:29:07+00:00\",\"dateModified\":\"2024-08-08T09:12:49+00:00\",\"description\":\"Trabajamos con los mejores fabricantes de recubrimientos t\u00e9cnicos para la industria. Con la certificaci\u00f3n ISO garantizamos nuestros servicios en Brasil.\",\"breadcrumb\":{\"@id\":\"https:\\\/\\\/www.praimer.com.br\\\/es\\\/recubrimientos-tecnicos\\\/#breadcrumb\"},\"inLanguage\":\"es\",\"potentialAction\":[{\"@type\":\"ReadAction\",\"target\":[\"https:\\\/\\\/www.praimer.com.br\\\/es\\\/recubrimientos-tecnicos\\\/\"]}]},{\"@type\":\"ImageObject\",\"inLanguage\":\"es\",\"@id\":\"https:\\\/\\\/www.praimer.com.br\\\/es\\\/recubrimientos-tecnicos\\\/#primaryimage\",\"url\":\"https:\\\/\\\/www.praimer.com.br\\\/wp-content\\\/uploads\\\/2020\\\/04\\\/revestimentos-tecnicos.jpg\",\"contentUrl\":\"https:\\\/\\\/www.praimer.com.br\\\/wp-content\\\/uploads\\\/2020\\\/04\\\/revestimentos-tecnicos.jpg\",\"width\":1692,\"height\":899,\"caption\":\"Recubrimientos t\u00e9cnicos\"},{\"@type\":\"BreadcrumbList\",\"@id\":\"https:\\\/\\\/www.praimer.com.br\\\/es\\\/recubrimientos-tecnicos\\\/#breadcrumb\",\"itemListElement\":[{\"@type\":\"ListItem\",\"position\":1,\"name\":\"Portada\",\"item\":\"https:\\\/\\\/www.praimer.com.br\\\/es\\\/\"},{\"@type\":\"ListItem\",\"position\":2,\"name\":\"Recubrimientos t\u00e9cnicos\"}]},{\"@type\":\"WebSite\",\"@id\":\"https:\\\/\\\/www.praimer.com.br\\\/es\\\/#website\",\"url\":\"https:\\\/\\\/www.praimer.com.br\\\/es\\\/\",\"name\":\"Praimer\",\"description\":\"Aplica\u00e7\u00e3o de revestimentos antiaderentes e anticorrosivos para a ind\u00fastria\",\"potentialAction\":[{\"@type\":\"SearchAction\",\"target\":{\"@type\":\"EntryPoint\",\"urlTemplate\":\"https:\\\/\\\/www.praimer.com.br\\\/es\\\/?s={search_term_string}\"},\"query-input\":{\"@type\":\"PropertyValueSpecification\",\"valueRequired\":true,\"valueName\":\"search_term_string\"}}],\"inLanguage\":\"es\"}]}<\/script>\n<!-- \/ Yoast SEO plugin. -->","yoast_head_json":{"title":"Recubrimientos t\u00e9cnicos - Praimer","description":"Trabajamos con los mejores fabricantes de recubrimientos t\u00e9cnicos para la industria. Con la certificaci\u00f3n ISO garantizamos nuestros servicios en Brasil.","robots":{"index":"index","follow":"follow","max-snippet":"max-snippet:-1","max-image-preview":"max-image-preview:large","max-video-preview":"max-video-preview:-1"},"canonical":"https:\/\/www.praimer.com.br\/es\/recubrimientos-tecnicos\/","og_locale":"es_ES","og_type":"article","og_title":"Recubrimientos t\u00e9cnicos - Praimer","og_description":"Trabajamos con los mejores fabricantes de recubrimientos t\u00e9cnicos para la industria. Con la certificaci\u00f3n ISO garantizamos nuestros servicios en Brasil.","og_url":"https:\/\/www.praimer.com.br\/es\/recubrimientos-tecnicos\/","og_site_name":"Praimer","article_publisher":"https:\/\/www.facebook.com\/praimerrevestimentos","article_modified_time":"2024-08-08T09:12:49+00:00","og_image":[{"width":1692,"height":899,"url":"https:\/\/www.praimer.com.br\/wp-content\/uploads\/2020\/04\/revestimentos-tecnicos.jpg","type":"image\/jpeg"}],"twitter_card":"summary_large_image","twitter_misc":{"Tiempo de lectura":"4 minutos"},"schema":{"@context":"https:\/\/schema.org","@graph":[{"@type":"WebPage","@id":"https:\/\/www.praimer.com.br\/es\/recubrimientos-tecnicos\/","url":"https:\/\/www.praimer.com.br\/es\/recubrimientos-tecnicos\/","name":"Recubrimientos t\u00e9cnicos - Praimer","isPartOf":{"@id":"https:\/\/www.praimer.com.br\/es\/#website"},"primaryImageOfPage":{"@id":"https:\/\/www.praimer.com.br\/es\/recubrimientos-tecnicos\/#primaryimage"},"image":{"@id":"https:\/\/www.praimer.com.br\/es\/recubrimientos-tecnicos\/#primaryimage"},"thumbnailUrl":"https:\/\/www.praimer.com.br\/wp-content\/uploads\/2020\/04\/revestimentos-tecnicos.jpg","datePublished":"2020-04-24T14:29:07+00:00","dateModified":"2024-08-08T09:12:49+00:00","description":"Trabajamos con los mejores fabricantes de recubrimientos t\u00e9cnicos para la industria. Con la certificaci\u00f3n ISO garantizamos nuestros servicios en Brasil.","breadcrumb":{"@id":"https:\/\/www.praimer.com.br\/es\/recubrimientos-tecnicos\/#breadcrumb"},"inLanguage":"es","potentialAction":[{"@type":"ReadAction","target":["https:\/\/www.praimer.com.br\/es\/recubrimientos-tecnicos\/"]}]},{"@type":"ImageObject","inLanguage":"es","@id":"https:\/\/www.praimer.com.br\/es\/recubrimientos-tecnicos\/#primaryimage","url":"https:\/\/www.praimer.com.br\/wp-content\/uploads\/2020\/04\/revestimentos-tecnicos.jpg","contentUrl":"https:\/\/www.praimer.com.br\/wp-content\/uploads\/2020\/04\/revestimentos-tecnicos.jpg","width":1692,"height":899,"caption":"Recubrimientos t\u00e9cnicos"},{"@type":"BreadcrumbList","@id":"https:\/\/www.praimer.com.br\/es\/recubrimientos-tecnicos\/#breadcrumb","itemListElement":[{"@type":"ListItem","position":1,"name":"Portada","item":"https:\/\/www.praimer.com.br\/es\/"},{"@type":"ListItem","position":2,"name":"Recubrimientos t\u00e9cnicos"}]},{"@type":"WebSite","@id":"https:\/\/www.praimer.com.br\/es\/#website","url":"https:\/\/www.praimer.com.br\/es\/","name":"Praimer","description":"Aplica\u00e7\u00e3o de revestimentos antiaderentes e anticorrosivos para a ind\u00fastria","potentialAction":[{"@type":"SearchAction","target":{"@type":"EntryPoint","urlTemplate":"https:\/\/www.praimer.com.br\/es\/?s={search_term_string}"},"query-input":{"@type":"PropertyValueSpecification","valueRequired":true,"valueName":"search_term_string"}}],"inLanguage":"es"}]}},"_links":{"self":[{"href":"https:\/\/www.praimer.com.br\/es\/wp-json\/wp\/v2\/pages\/1855","targetHints":{"allow":["GET"]}}],"collection":[{"href":"https:\/\/www.praimer.com.br\/es\/wp-json\/wp\/v2\/pages"}],"about":[{"href":"https:\/\/www.praimer.com.br\/es\/wp-json\/wp\/v2\/types\/page"}],"author":[{"embeddable":true,"href":"https:\/\/www.praimer.com.br\/es\/wp-json\/wp\/v2\/users\/2"}],"replies":[{"embeddable":true,"href":"https:\/\/www.praimer.com.br\/es\/wp-json\/wp\/v2\/comments?post=1855"}],"version-history":[{"count":7,"href":"https:\/\/www.praimer.com.br\/es\/wp-json\/wp\/v2\/pages\/1855\/revisions"}],"predecessor-version":[{"id":3750,"href":"https:\/\/www.praimer.com.br\/es\/wp-json\/wp\/v2\/pages\/1855\/revisions\/3750"}],"wp:featuredmedia":[{"embeddable":true,"href":"https:\/\/www.praimer.com.br\/es\/wp-json\/wp\/v2\/media\/1749"}],"wp:attachment":[{"href":"https:\/\/www.praimer.com.br\/es\/wp-json\/wp\/v2\/media?parent=1855"}],"curies":[{"name":"wp","href":"https:\/\/api.w.org\/{rel}","templated":true}]}}