{"id":1440,"date":"2019-03-07T13:11:33","date_gmt":"2019-03-07T16:11:33","guid":{"rendered":"https:\/\/www.praimer.com.br\/coatresa-group\/"},"modified":"2022-02-15T15:08:21","modified_gmt":"2022-02-15T18:08:21","slug":"coatresa-group","status":"publish","type":"page","link":"https:\/\/www.praimer.com.br\/es\/coatresa-group\/","title":{"rendered":"Coatresa Group"},"content":{"rendered":"<div id=\"pl-1440\"  class=\"panel-layout\" ><div id=\"pg-1440-0\"  class=\"panel-grid panel-has-style\" ><div class=\"HOME-ROW siteorigin-panels-stretch panel-row-style panel-row-style-for-1440-0\" style=\"padding: 60px 0; \" data-stretch-type=\"full\" data-hasbg=\"hasbg\" data-siteorigin-parallax=\"{&quot;backgroundUrl&quot;:&quot;https:\\\/\\\/www.praimer.com.br\\\/wp-content\\\/uploads\\\/2019\\\/03\\\/revestimentos.jpg&quot;,&quot;backgroundSize&quot;:[1280,200],&quot;backgroundSizing&quot;:&quot;scaled&quot;,&quot;limitMotion&quot;:&quot;auto&quot;}\" data-overlay=\"true\" data-overlay-color=\"#000000\" ><div id=\"pgc-1440-0-0\"  class=\"panel-grid-cell\" ><div id=\"panel-1440-0-0-0\" class=\"so-panel widget widget_sow-editor panel-first-child panel-last-child\" data-index=\"0\" ><div class=\"TEXT-BLANC panel-widget-style panel-widget-style-for-1440-0-0-0\" style=\"text-align: left;\" data-title-color=\"#47425d\" data-headings-color=\"#443f3f\" data-title_alignment=\"center\" ><div\n\t\t\t\n\t\t\tclass=\"so-widget-sow-editor so-widget-sow-editor-base\"\n\t\t\t\n\t\t>\n<div class=\"siteorigin-widget-tinymce textwidget\">\n\t<h1 style=\"text-align: center;\">Praimer Revestimentos Antiaderentes<\/h1>\n<\/div>\n<\/div><\/div><\/div><\/div><\/div><\/div><div id=\"pg-1440-1\"  class=\"panel-grid panel-has-style\" ><div class=\"BG-DIV siteorigin-panels-stretch panel-row-style panel-row-style-for-1440-1\" style=\"padding: 50px 0; \" data-stretch-type=\"full\" data-hasbg=\"hasbg\" data-siteorigin-parallax=\"{&quot;backgroundUrl&quot;:&quot;https:\\\/\\\/www.praimer.com.br\\\/wp-content\\\/uploads\\\/2019\\\/03\\\/revestimentos-antiaderentes-anticorrosivos-brasil.jpg&quot;,&quot;backgroundSize&quot;:[2000,1125],&quot;backgroundSizing&quot;:&quot;scaled&quot;,&quot;limitMotion&quot;:&quot;auto&quot;}\" data-overlay=\"true\" data-overlay-color=\"#ffffff\" ><div id=\"pgc-1440-1-0\"  class=\"panel-grid-cell\" ><div id=\"panel-1440-1-0-0\" class=\"so-panel widget widget_siteorigin-panels-builder panel-first-child panel-last-child\" data-index=\"1\" ><div style=\"text-align: left;\" data-title-color=\"#47425d\" data-headings-color=\"#443f3f\" data-title_alignment=\"center\" class=\"panel-widget-style panel-widget-style-for-1440-1-0-0\" ><div id=\"pl-w620bc3f409159\"  class=\"panel-layout\" ><div id=\"pg-w620bc3f409159-0\"  class=\"panel-grid panel-has-style\" ><div style=\"padding: 0px 0; \" data-overlay=\"true\" data-overlay-color=\"#000000\" class=\"panel-row-style panel-row-style-for-w620bc3f409159-0\" ><div id=\"pgc-w620bc3f409159-0-0\"  class=\"panel-grid-cell\" ><div id=\"panel-w620bc3f409159-0-0-0\" class=\"so-panel widget widget_sow-image panel-first-child panel-last-child\" data-index=\"0\" ><div style=\"text-align: left;\" data-title-color=\"#47425d\" data-headings-color=\"#443f3f\" data-title_alignment=\"center\" class=\"panel-widget-style panel-widget-style-for-w620bc3f409159-0-0-0\" ><div\n\t\t\t\n\t\t\tclass=\"so-widget-sow-image so-widget-sow-image-default-8b5b6f678277\"\n\t\t\t\n\t\t>\n<div class=\"sow-image-container\">\n\t\t<img \n\tsrc=\"https:\/\/www.praimer.com.br\/wp-content\/uploads\/2020\/02\/praimer-revestimentos-antiaderentes-anticorrosivos.jpg\" width=\"900\" height=\"592\" srcset=\"https:\/\/www.praimer.com.br\/wp-content\/uploads\/2020\/02\/praimer-revestimentos-antiaderentes-anticorrosivos.jpg 900w, https:\/\/www.praimer.com.br\/wp-content\/uploads\/2020\/02\/praimer-revestimentos-antiaderentes-anticorrosivos-300x197.jpg 300w, https:\/\/www.praimer.com.br\/wp-content\/uploads\/2020\/02\/praimer-revestimentos-antiaderentes-anticorrosivos-768x505.jpg 768w, https:\/\/www.praimer.com.br\/wp-content\/uploads\/2020\/02\/praimer-revestimentos-antiaderentes-anticorrosivos-830x546.jpg 830w, https:\/\/www.praimer.com.br\/wp-content\/uploads\/2020\/02\/praimer-revestimentos-antiaderentes-anticorrosivos-230x151.jpg 230w, https:\/\/www.praimer.com.br\/wp-content\/uploads\/2020\/02\/praimer-revestimentos-antiaderentes-anticorrosivos-350x230.jpg 350w, https:\/\/www.praimer.com.br\/wp-content\/uploads\/2020\/02\/praimer-revestimentos-antiaderentes-anticorrosivos-480x316.jpg 480w\" sizes=\"(max-width: 900px) 100vw, 900px\" title=\"Praimer: recubrimientos antiadherentes y anticorrosivos\" alt=\"Praimer: recubrimientos antiadherentes y anticorrosivos\" \t\tclass=\"so-widget-image\"\/>\n\t<\/div>\n\n<\/div><\/div><\/div><\/div><div id=\"pgc-w620bc3f409159-0-1\"  class=\"panel-grid-cell\" ><div id=\"panel-w620bc3f409159-0-1-0\" class=\"so-panel widget widget_sow-editor panel-first-child\" data-index=\"1\" ><div style=\"text-align: left;\" data-title-color=\"#47425d\" data-headings-color=\"#443f3f\" data-title_alignment=\"center\" class=\"panel-widget-style panel-widget-style-for-w620bc3f409159-0-1-0\" ><div\n\t\t\t\n\t\t\tclass=\"so-widget-sow-editor so-widget-sow-editor-base\"\n\t\t\t\n\t\t>\n<div class=\"siteorigin-widget-tinymce textwidget\">\n\t<p style=\"text-align: justify;\">Desde nuestros inicios en 1999 nos hemos dedicado a la aplicaci\u00f3n de recubrimientos t\u00e9cnicos para los sectores industriales. Con nuestra experiencia y con la incorporaci\u00f3n al Grupo Coatresa en 2008, tenemos el conocimiento para ofrecer las mejores soluciones antiadherentes y tratamientos anticorrosivos, as\u00ed como nuestra especializaci\u00f3n en el mundo de la panificaci\u00f3n y la alimentaci\u00f3n.<\/p>\n<p style=\"text-align: justify;\">Nuestra planta est\u00e1 ubicada en Ponta Grossa, Brasil. Con 5000 m\u00b2 de superficie, es una de las plantas m\u00e1s modernas y automatizadas. Contamos con equipos para la aplicaci\u00f3n autom\u00e1tica de recubrimientos para piezas procedentes de todos los sectores industriales, optimizando su proceso productivo.<\/p>\n<\/div>\n<\/div><\/div><\/div><div id=\"panel-w620bc3f409159-0-1-1\" class=\"widget_text so-panel widget widget_custom_html panel-last-child\" data-index=\"2\" ><div style=\"text-align: center;\" data-title-color=\"#47425d\" data-headings-color=\"#443f3f\" data-title_alignment=\"center\" class=\"widget_text panel-widget-style panel-widget-style-for-w620bc3f409159-0-1-1\" ><div class=\"textwidget custom-html-widget\"><a href=\"\/es\/contacto\/\" class=\"roll-button blau\">CONTACTO<\/a><\/div><\/div><\/div><\/div><\/div><\/div><div id=\"pg-w620bc3f409159-1\"  class=\"panel-grid panel-has-style\" ><div style=\"padding: 20px 0; \" data-overlay=\"true\" data-overlay-color=\"#000000\" class=\"panel-row-style panel-row-style-for-w620bc3f409159-1\" ><div id=\"pgc-w620bc3f409159-1-0\"  class=\"panel-grid-cell\" ><div id=\"panel-w620bc3f409159-1-0-0\" class=\"so-panel widget widget_sow-editor panel-first-child panel-last-child\" data-index=\"3\" ><div style=\"text-align: left;\" data-title-color=\"#47425d\" data-headings-color=\"#443f3f\" data-title_alignment=\"center\" class=\"panel-widget-style panel-widget-style-for-w620bc3f409159-1-0-0\" ><div\n\t\t\t\n\t\t\tclass=\"so-widget-sow-editor so-widget-sow-editor-base\"\n\t\t\t\n\t\t>\n<div class=\"siteorigin-widget-tinymce textwidget\">\n\t<p style=\"text-align: justify;\">Con la entrada al Grupo Coatresa disponemos de la exclusiva tecnolog\u00eda de recubrimientos Testrong, antiadherentes especializados para el sector de panificaci\u00f3n y boller\u00eda industrial. Su alto rendimiento y sus beneficios est\u00e1n altamente probados en el mercado europeo, aportando as\u00ed un tecnolog\u00eda de alto valor al mercado brasile\u00f1o.<\/p>\n<\/div>\n<\/div><\/div><\/div><\/div><\/div><\/div><div id=\"pg-w620bc3f409159-2\"  class=\"panel-grid panel-has-style\" ><div style=\"padding: 0px 0; \" data-overlay=\"true\" data-overlay-color=\"#000000\" class=\"panel-row-style panel-row-style-for-w620bc3f409159-2\" ><div id=\"pgc-w620bc3f409159-2-0\"  class=\"panel-grid-cell\" ><div id=\"panel-w620bc3f409159-2-0-0\" class=\"so-panel widget widget_sow-image panel-first-child panel-last-child\" data-index=\"4\" ><div class=\"ICONA-GRAN MARGE-DRETA panel-widget-style panel-widget-style-for-w620bc3f409159-2-0-0\" style=\"text-align: left;\" data-title-color=\"#47425d\" data-headings-color=\"#443f3f\" data-title_alignment=\"center\" ><div\n\t\t\t\n\t\t\tclass=\"so-widget-sow-image so-widget-sow-image-default-e4c2d9f6c920\"\n\t\t\t\n\t\t>\n<div class=\"sow-image-container\">\n\t\t<img \n\tsrc=\"https:\/\/www.praimer.com.br\/wp-content\/uploads\/2019\/03\/revestimentos-antiaderentes-testrong-panificacao-230x71.png\" width=\"230\" height=\"71\" srcset=\"https:\/\/www.praimer.com.br\/wp-content\/uploads\/2019\/03\/revestimentos-antiaderentes-testrong-panificacao-230x71.png 230w, https:\/\/www.praimer.com.br\/wp-content\/uploads\/2019\/03\/revestimentos-antiaderentes-testrong-panificacao-300x92.png 300w, https:\/\/www.praimer.com.br\/wp-content\/uploads\/2019\/03\/revestimentos-antiaderentes-testrong-panificacao-350x108.png 350w, https:\/\/www.praimer.com.br\/wp-content\/uploads\/2019\/03\/revestimentos-antiaderentes-testrong-panificacao.png 432w\" sizes=\"(max-width: 230px) 100vw, 230px\" title=\"revestimentos antiaderentes Testrong para panifica\u00e7\u00e3o\" alt=\"revestimentos antiaderentes Testrong para panifica\u00e7\u00e3o\" \t\tclass=\"so-widget-image\"\/>\n\t<\/div>\n\n<\/div><\/div><\/div><\/div><div id=\"pgc-w620bc3f409159-2-1\"  class=\"panel-grid-cell\" ><div id=\"panel-w620bc3f409159-2-1-0\" class=\"widget_text so-panel widget widget_custom_html panel-first-child panel-last-child\" data-index=\"5\" ><div style=\"text-align: left;\" data-title-color=\"#47425d\" data-headings-color=\"#443f3f\" data-title_alignment=\"center\" class=\"widget_text panel-widget-style panel-widget-style-for-w620bc3f409159-2-1-0\" ><div class=\"textwidget custom-html-widget\"><a href=\"\/es\/recubrimientos-industria-panificadora\/\" class=\"roll-button blau\">SABER +<\/a><\/div><\/div><\/div><\/div><\/div><\/div><div id=\"pg-w620bc3f409159-3\"  class=\"panel-grid panel-has-style\" ><div style=\"padding: 0px 0; \" data-overlay=\"true\" data-overlay-color=\"#000000\" class=\"panel-row-style panel-row-style-for-w620bc3f409159-3\" ><div id=\"pgc-w620bc3f409159-3-0\"  class=\"panel-grid-cell\" ><div id=\"panel-w620bc3f409159-3-0-0\" class=\"so-panel widget widget_sow-editor panel-first-child panel-last-child\" data-index=\"6\" ><div style=\"text-align: left;\" data-title-color=\"#47425d\" data-headings-color=\"#443f3f\" data-title_alignment=\"center\" class=\"panel-widget-style panel-widget-style-for-w620bc3f409159-3-0-0\" ><div\n\t\t\t\n\t\t\tclass=\"so-widget-sow-editor so-widget-sow-editor-base\"\n\t\t\t\n\t\t>\n<div class=\"siteorigin-widget-tinymce textwidget\">\n\t<p style=\"text-align: justify;\">Las modernas l\u00edneas automatizadas junto con el know-how de Coatresa y la aplicaci\u00f3n de Testrong\u00ae, hace de PRAIMER la empresa referente en Brasil en la aplicaci\u00f3n de recubrimientos antiadherentes en el sector de la panificaci\u00f3n.<\/p>\n<\/div>\n<\/div><\/div><\/div><\/div><\/div><\/div><\/div><\/div><\/div><\/div><\/div><\/div><div id=\"pg-1440-2\"  class=\"panel-grid panel-has-style\" ><div class=\"OVERLAY-CLAR BG-DIV siteorigin-panels-stretch panel-row-style panel-row-style-for-1440-2\" style=\"padding: 50px 0; \" data-stretch-type=\"full\" data-hasbg=\"hasbg\" data-siteorigin-parallax=\"{&quot;backgroundUrl&quot;:&quot;https:\\\/\\\/www.praimer.com.br\\\/wp-content\\\/uploads\\\/2019\\\/03\\\/coatresa-group-revestimentos-antiaderentes.jpg&quot;,&quot;backgroundSize&quot;:[900,592],&quot;backgroundSizing&quot;:&quot;scaled&quot;,&quot;limitMotion&quot;:&quot;auto&quot;}\" data-overlay=\"true\" data-overlay-color=\"#000000\" ><div id=\"pgc-1440-2-0\"  class=\"panel-grid-cell\" ><div id=\"panel-1440-2-0-0\" class=\"so-panel widget widget_sow-image panel-first-child\" data-index=\"2\" ><div style=\"text-align: left;\" data-title-color=\"#47425d\" data-headings-color=\"#443f3f\" data-title_alignment=\"center\" class=\"panel-widget-style panel-widget-style-for-1440-2-0-0\" ><div\n\t\t\t\n\t\t\tclass=\"so-widget-sow-image so-widget-sow-image-default-c67d20f9f743-1440\"\n\t\t\t\n\t\t>\n<div class=\"sow-image-container\">\n\t\t<img \n\tsrc=\"https:\/\/www.praimer.com.br\/wp-content\/uploads\/2019\/03\/grupo-coatresa-230x63.png\" width=\"230\" height=\"63\" srcset=\"https:\/\/www.praimer.com.br\/wp-content\/uploads\/2019\/03\/grupo-coatresa-230x63.png 230w, https:\/\/www.praimer.com.br\/wp-content\/uploads\/2019\/03\/grupo-coatresa-300x82.png 300w, https:\/\/www.praimer.com.br\/wp-content\/uploads\/2019\/03\/grupo-coatresa-350x95.png 350w, https:\/\/www.praimer.com.br\/wp-content\/uploads\/2019\/03\/grupo-coatresa-480x131.png 480w, https:\/\/www.praimer.com.br\/wp-content\/uploads\/2019\/03\/grupo-coatresa.png 500w\" sizes=\"(max-width: 230px) 100vw, 230px\" title=\"Grupo Coatresa\" alt=\"Grupo Coatresa\" \t\tclass=\"so-widget-image\"\/>\n\t<\/div>\n\n<\/div><\/div><\/div><div id=\"panel-1440-2-0-1\" class=\"so-panel widget widget_sow-editor panel-last-child\" data-index=\"3\" ><div class=\"TEXT-BLANC panel-widget-style panel-widget-style-for-1440-2-0-1\" style=\"text-align: left;\" data-title-color=\"#47425d\" data-headings-color=\"#443f3f\" data-title_alignment=\"center\" ><div\n\t\t\t\n\t\t\tclass=\"so-widget-sow-editor so-widget-sow-editor-base\"\n\t\t\t\n\t\t>\n<div class=\"siteorigin-widget-tinymce textwidget\">\n\t<p style=\"text-align: center;\">El Grupo Coatresa nace de la necesidad de ofrecer un servicio integral de aplicaci\u00f3n de recubrimientos t\u00e9cnicos a un mercado industrial global y en expansi\u00f3n.<\/p>\n<p style=\"text-align: center;\">El grupo se compone de varias empresas en distintos \u00e1mbitos geogr\u00e1ficos y con amplia experiencia en el sector del recubrimiento y de tratamiento de superficies, destinadas a ofrecer las mejores soluciones a clientes de diferentes sectores industriales. Todas ellas son expertas en la aplicaci\u00f3n de recubrimientos t\u00e9cnicos con productos base <b>PTFE<\/b> como <b>Teflon<\/b>\u00ae, <b>Xylan<\/b>\u00ae, <b>Halar<\/b>\u00ae o <b>Rilsan<\/b>\u00ae, y otros antiadherentes como <b>cauchos<\/b>, <b>siliconas<\/b>, <b>EPDM<\/b>, <b>gomas<\/b> y <b>poliuretanos<\/b> que aportan soluciones en recubrimientos \u00fanicas a la industria.<\/p>\n<\/div>\n<\/div><\/div><\/div><\/div><\/div><\/div><div id=\"pg-1440-3\"  class=\"panel-grid panel-has-style\" ><div style=\"padding: 50px 0; \" data-overlay=\"true\" data-overlay-color=\"#000000\" class=\"panel-row-style panel-row-style-for-1440-3\" ><div id=\"pgc-1440-3-0\"  class=\"panel-grid-cell panel-grid-cell-empty\" ><\/div><div id=\"pgc-1440-3-1\"  class=\"panel-grid-cell panel-grid-cell-mobile-last\" ><div id=\"panel-1440-3-1-0\" class=\"so-panel widget widget_sow-editor panel-first-child\" data-index=\"4\" ><div style=\"text-align: left;\" data-title-color=\"#47425d\" data-headings-color=\"#443f3f\" data-title_alignment=\"center\" class=\"panel-widget-style panel-widget-style-for-1440-3-1-0\" ><div\n\t\t\t\n\t\t\tclass=\"so-widget-sow-editor so-widget-sow-editor-base\"\n\t\t\t\n\t\t>\n<div class=\"siteorigin-widget-tinymce textwidget\">\n\t<h2 style=\"text-align: center;\">Evoluci\u00f3n de la marca<\/h2>\n<hr \/>\n<\/div>\n<\/div><\/div><\/div><div id=\"panel-1440-3-1-1\" class=\"so-panel widget widget_sow-image panel-last-child\" data-index=\"5\" ><div style=\"text-align: left;\" data-title-color=\"#47425d\" data-headings-color=\"#443f3f\" data-title_alignment=\"center\" class=\"panel-widget-style panel-widget-style-for-1440-3-1-1\" ><div\n\t\t\t\n\t\t\tclass=\"so-widget-sow-image so-widget-sow-image-default-c67d20f9f743-1440\"\n\t\t\t\n\t\t>\n<div class=\"sow-image-container\">\n\t\t<img \n\tsrc=\"https:\/\/www.praimer.com.br\/wp-content\/uploads\/2019\/03\/praimer-grupo-coatresa.jpg\" width=\"800\" height=\"136\" srcset=\"https:\/\/www.praimer.com.br\/wp-content\/uploads\/2019\/03\/praimer-grupo-coatresa.jpg 800w, https:\/\/www.praimer.com.br\/wp-content\/uploads\/2019\/03\/praimer-grupo-coatresa-300x51.jpg 300w, https:\/\/www.praimer.com.br\/wp-content\/uploads\/2019\/03\/praimer-grupo-coatresa-768x131.jpg 768w, https:\/\/www.praimer.com.br\/wp-content\/uploads\/2019\/03\/praimer-grupo-coatresa-230x39.jpg 230w, https:\/\/www.praimer.com.br\/wp-content\/uploads\/2019\/03\/praimer-grupo-coatresa-350x60.jpg 350w, https:\/\/www.praimer.com.br\/wp-content\/uploads\/2019\/03\/praimer-grupo-coatresa-480x82.jpg 480w\" sizes=\"(max-width: 800px) 100vw, 800px\" title=\"Praimer e Grupo Coatresa\" alt=\"Praimer e Grupo Coatresa\" \t\tclass=\"so-widget-image\"\/>\n\t<\/div>\n\n<\/div><\/div><\/div><\/div><div id=\"pgc-1440-3-2\"  class=\"panel-grid-cell panel-grid-cell-empty\" ><\/div><\/div><\/div><\/div>","protected":false},"excerpt":{"rendered":"<p>Praimer Revestimentos Antiaderentes<\/p>\n","protected":false},"author":2,"featured_media":1703,"parent":0,"menu_order":0,"comment_status":"closed","ping_status":"closed","template":"page-templates\/page_fullwidth.php","meta":{"_monsterinsights_skip_tracking":false,"_monsterinsights_sitenote_active":false,"_monsterinsights_sitenote_note":"","_monsterinsights_sitenote_category":0,"footnotes":""},"class_list":["post-1440","page","type-page","status-publish","has-post-thumbnail","hentry"],"yoast_head":"<!-- This site is optimized with the Yoast SEO plugin v27.3 - https:\/\/yoast.com\/product\/yoast-seo-wordpress\/ -->\n<title>Coatresa Group - Praimer<\/title>\n<meta name=\"description\" content=\"En Praimer Revestimientos Antiaderentes Ltda aplicamos recubrimientos t\u00e9cnicos en todos los sectores industriales. Somos del Grupo Coatresa\" \/>\n<meta name=\"robots\" content=\"index, follow, max-snippet:-1, max-image-preview:large, max-video-preview:-1\" \/>\n<link rel=\"canonical\" href=\"https:\/\/www.praimer.com.br\/es\/coatresa-group\/\" \/>\n<meta property=\"og:locale\" content=\"es_ES\" \/>\n<meta property=\"og:type\" content=\"article\" \/>\n<meta property=\"og:title\" content=\"Coatresa Group - Praimer\" \/>\n<meta property=\"og:description\" content=\"En Praimer Revestimientos Antiaderentes Ltda aplicamos recubrimientos t\u00e9cnicos en todos los sectores industriales. Somos del Grupo Coatresa\" \/>\n<meta property=\"og:url\" content=\"https:\/\/www.praimer.com.br\/es\/coatresa-group\/\" \/>\n<meta property=\"og:site_name\" content=\"Praimer\" \/>\n<meta property=\"article:publisher\" content=\"https:\/\/www.facebook.com\/praimerrevestimentos\" \/>\n<meta property=\"article:modified_time\" content=\"2022-02-15T18:08:21+00:00\" \/>\n<meta property=\"og:image\" content=\"https:\/\/www.praimer.com.br\/wp-content\/uploads\/2020\/02\/praimer-revestimentos-antiaderentes-anticorrosivos.jpg\" \/>\n\t<meta property=\"og:image:width\" content=\"900\" \/>\n\t<meta property=\"og:image:height\" content=\"592\" \/>\n\t<meta property=\"og:image:type\" content=\"image\/jpeg\" \/>\n<meta name=\"twitter:card\" content=\"summary_large_image\" \/>\n<meta name=\"twitter:label1\" content=\"Tiempo de lectura\" \/>\n\t<meta name=\"twitter:data1\" content=\"2 minutos\" \/>\n<script type=\"application\/ld+json\" class=\"yoast-schema-graph\">{\"@context\":\"https:\\\/\\\/schema.org\",\"@graph\":[{\"@type\":\"WebPage\",\"@id\":\"https:\\\/\\\/www.praimer.com.br\\\/es\\\/coatresa-group\\\/\",\"url\":\"https:\\\/\\\/www.praimer.com.br\\\/es\\\/coatresa-group\\\/\",\"name\":\"Coatresa Group - Praimer\",\"isPartOf\":{\"@id\":\"https:\\\/\\\/www.praimer.com.br\\\/es\\\/#website\"},\"primaryImageOfPage\":{\"@id\":\"https:\\\/\\\/www.praimer.com.br\\\/es\\\/coatresa-group\\\/#primaryimage\"},\"image\":{\"@id\":\"https:\\\/\\\/www.praimer.com.br\\\/es\\\/coatresa-group\\\/#primaryimage\"},\"thumbnailUrl\":\"https:\\\/\\\/www.praimer.com.br\\\/wp-content\\\/uploads\\\/2020\\\/02\\\/praimer-revestimentos-antiaderentes-anticorrosivos.jpg\",\"datePublished\":\"2019-03-07T16:11:33+00:00\",\"dateModified\":\"2022-02-15T18:08:21+00:00\",\"description\":\"En Praimer Revestimientos Antiaderentes Ltda aplicamos recubrimientos t\u00e9cnicos en todos los sectores industriales. Somos del Grupo Coatresa\",\"breadcrumb\":{\"@id\":\"https:\\\/\\\/www.praimer.com.br\\\/es\\\/coatresa-group\\\/#breadcrumb\"},\"inLanguage\":\"es\",\"potentialAction\":[{\"@type\":\"ReadAction\",\"target\":[\"https:\\\/\\\/www.praimer.com.br\\\/es\\\/coatresa-group\\\/\"]}]},{\"@type\":\"ImageObject\",\"inLanguage\":\"es\",\"@id\":\"https:\\\/\\\/www.praimer.com.br\\\/es\\\/coatresa-group\\\/#primaryimage\",\"url\":\"https:\\\/\\\/www.praimer.com.br\\\/wp-content\\\/uploads\\\/2020\\\/02\\\/praimer-revestimentos-antiaderentes-anticorrosivos.jpg\",\"contentUrl\":\"https:\\\/\\\/www.praimer.com.br\\\/wp-content\\\/uploads\\\/2020\\\/02\\\/praimer-revestimentos-antiaderentes-anticorrosivos.jpg\",\"width\":900,\"height\":592,\"caption\":\"Praimer: recubrimientos antiadherentes y anticorrosivos\"},{\"@type\":\"BreadcrumbList\",\"@id\":\"https:\\\/\\\/www.praimer.com.br\\\/es\\\/coatresa-group\\\/#breadcrumb\",\"itemListElement\":[{\"@type\":\"ListItem\",\"position\":1,\"name\":\"Portada\",\"item\":\"https:\\\/\\\/www.praimer.com.br\\\/es\\\/\"},{\"@type\":\"ListItem\",\"position\":2,\"name\":\"Coatresa Group\"}]},{\"@type\":\"WebSite\",\"@id\":\"https:\\\/\\\/www.praimer.com.br\\\/es\\\/#website\",\"url\":\"https:\\\/\\\/www.praimer.com.br\\\/es\\\/\",\"name\":\"Praimer\",\"description\":\"Aplica\u00e7\u00e3o de revestimentos antiaderentes e anticorrosivos para a ind\u00fastria\",\"potentialAction\":[{\"@type\":\"SearchAction\",\"target\":{\"@type\":\"EntryPoint\",\"urlTemplate\":\"https:\\\/\\\/www.praimer.com.br\\\/es\\\/?s={search_term_string}\"},\"query-input\":{\"@type\":\"PropertyValueSpecification\",\"valueRequired\":true,\"valueName\":\"search_term_string\"}}],\"inLanguage\":\"es\"}]}<\/script>\n<!-- \/ Yoast SEO plugin. -->","yoast_head_json":{"title":"Coatresa Group - Praimer","description":"En Praimer Revestimientos Antiaderentes Ltda aplicamos recubrimientos t\u00e9cnicos en todos los sectores industriales. Somos del Grupo Coatresa","robots":{"index":"index","follow":"follow","max-snippet":"max-snippet:-1","max-image-preview":"max-image-preview:large","max-video-preview":"max-video-preview:-1"},"canonical":"https:\/\/www.praimer.com.br\/es\/coatresa-group\/","og_locale":"es_ES","og_type":"article","og_title":"Coatresa Group - Praimer","og_description":"En Praimer Revestimientos Antiaderentes Ltda aplicamos recubrimientos t\u00e9cnicos en todos los sectores industriales. Somos del Grupo Coatresa","og_url":"https:\/\/www.praimer.com.br\/es\/coatresa-group\/","og_site_name":"Praimer","article_publisher":"https:\/\/www.facebook.com\/praimerrevestimentos","article_modified_time":"2022-02-15T18:08:21+00:00","og_image":[{"width":900,"height":592,"url":"https:\/\/www.praimer.com.br\/wp-content\/uploads\/2020\/02\/praimer-revestimentos-antiaderentes-anticorrosivos.jpg","type":"image\/jpeg"}],"twitter_card":"summary_large_image","twitter_misc":{"Tiempo de lectura":"2 minutos"},"schema":{"@context":"https:\/\/schema.org","@graph":[{"@type":"WebPage","@id":"https:\/\/www.praimer.com.br\/es\/coatresa-group\/","url":"https:\/\/www.praimer.com.br\/es\/coatresa-group\/","name":"Coatresa Group - Praimer","isPartOf":{"@id":"https:\/\/www.praimer.com.br\/es\/#website"},"primaryImageOfPage":{"@id":"https:\/\/www.praimer.com.br\/es\/coatresa-group\/#primaryimage"},"image":{"@id":"https:\/\/www.praimer.com.br\/es\/coatresa-group\/#primaryimage"},"thumbnailUrl":"https:\/\/www.praimer.com.br\/wp-content\/uploads\/2020\/02\/praimer-revestimentos-antiaderentes-anticorrosivos.jpg","datePublished":"2019-03-07T16:11:33+00:00","dateModified":"2022-02-15T18:08:21+00:00","description":"En Praimer Revestimientos Antiaderentes Ltda aplicamos recubrimientos t\u00e9cnicos en todos los sectores industriales. Somos del Grupo Coatresa","breadcrumb":{"@id":"https:\/\/www.praimer.com.br\/es\/coatresa-group\/#breadcrumb"},"inLanguage":"es","potentialAction":[{"@type":"ReadAction","target":["https:\/\/www.praimer.com.br\/es\/coatresa-group\/"]}]},{"@type":"ImageObject","inLanguage":"es","@id":"https:\/\/www.praimer.com.br\/es\/coatresa-group\/#primaryimage","url":"https:\/\/www.praimer.com.br\/wp-content\/uploads\/2020\/02\/praimer-revestimentos-antiaderentes-anticorrosivos.jpg","contentUrl":"https:\/\/www.praimer.com.br\/wp-content\/uploads\/2020\/02\/praimer-revestimentos-antiaderentes-anticorrosivos.jpg","width":900,"height":592,"caption":"Praimer: recubrimientos antiadherentes y anticorrosivos"},{"@type":"BreadcrumbList","@id":"https:\/\/www.praimer.com.br\/es\/coatresa-group\/#breadcrumb","itemListElement":[{"@type":"ListItem","position":1,"name":"Portada","item":"https:\/\/www.praimer.com.br\/es\/"},{"@type":"ListItem","position":2,"name":"Coatresa Group"}]},{"@type":"WebSite","@id":"https:\/\/www.praimer.com.br\/es\/#website","url":"https:\/\/www.praimer.com.br\/es\/","name":"Praimer","description":"Aplica\u00e7\u00e3o de revestimentos antiaderentes e anticorrosivos para a ind\u00fastria","potentialAction":[{"@type":"SearchAction","target":{"@type":"EntryPoint","urlTemplate":"https:\/\/www.praimer.com.br\/es\/?s={search_term_string}"},"query-input":{"@type":"PropertyValueSpecification","valueRequired":true,"valueName":"search_term_string"}}],"inLanguage":"es"}]}},"_links":{"self":[{"href":"https:\/\/www.praimer.com.br\/es\/wp-json\/wp\/v2\/pages\/1440","targetHints":{"allow":["GET"]}}],"collection":[{"href":"https:\/\/www.praimer.com.br\/es\/wp-json\/wp\/v2\/pages"}],"about":[{"href":"https:\/\/www.praimer.com.br\/es\/wp-json\/wp\/v2\/types\/page"}],"author":[{"embeddable":true,"href":"https:\/\/www.praimer.com.br\/es\/wp-json\/wp\/v2\/users\/2"}],"replies":[{"embeddable":true,"href":"https:\/\/www.praimer.com.br\/es\/wp-json\/wp\/v2\/comments?post=1440"}],"version-history":[{"count":4,"href":"https:\/\/www.praimer.com.br\/es\/wp-json\/wp\/v2\/pages\/1440\/revisions"}],"predecessor-version":[{"id":2780,"href":"https:\/\/www.praimer.com.br\/es\/wp-json\/wp\/v2\/pages\/1440\/revisions\/2780"}],"wp:featuredmedia":[{"embeddable":true,"href":"https:\/\/www.praimer.com.br\/es\/wp-json\/wp\/v2\/media\/1703"}],"wp:attachment":[{"href":"https:\/\/www.praimer.com.br\/es\/wp-json\/wp\/v2\/media?parent=1440"}],"curies":[{"name":"wp","href":"https:\/\/api.w.org\/{rel}","templated":true}]}}