{"id":3680,"date":"2023-09-05T11:49:49","date_gmt":"2023-09-05T14:49:49","guid":{"rendered":"https:\/\/www.praimer.com.br\/?page_id=3680"},"modified":"2023-09-05T11:52:31","modified_gmt":"2023-09-05T14:52:31","slug":"revestimento-weilburger-senotherm","status":"publish","type":"page","link":"https:\/\/www.praimer.com.br\/en\/revestimento-weilburger-senotherm\/","title":{"rendered":"Revestimento Senotherm"},"content":{"rendered":"<div id=\"pl-3680\"  class=\"panel-layout\" ><div id=\"pg-3680-0\"  class=\"panel-grid panel-has-style\" ><div style=\"padding: 0px 0; \" data-overlay=\"true\" data-overlay-color=\"#000000\" class=\"panel-row-style panel-row-style-for-3680-0\" ><div id=\"pgc-3680-0-0\"  class=\"panel-grid-cell\" ><div id=\"panel-3680-0-0-0\" class=\"so-panel widget widget_sow-image panel-first-child panel-last-child\" data-index=\"0\" ><div style=\"text-align: left;\" data-title-color=\"#47425d\" data-headings-color=\"#443f3f\" data-title_alignment=\"center\" class=\"panel-widget-style panel-widget-style-for-3680-0-0-0\" ><div\n\t\t\t\n\t\t\tclass=\"so-widget-sow-image so-widget-sow-image-default-c67d20f9f743-3680\"\n\t\t\t\n\t\t>\n<div class=\"sow-image-container\">\n\t\t<img \n\tsrc=\"https:\/\/www.praimer.com.br\/wp-content\/uploads\/2023\/07\/recubrimientos-weilburger-senotherm-1.png\" width=\"197\" height=\"197\" srcset=\"https:\/\/www.praimer.com.br\/wp-content\/uploads\/2023\/07\/recubrimientos-weilburger-senotherm-1.png 197w, https:\/\/www.praimer.com.br\/wp-content\/uploads\/2023\/07\/recubrimientos-weilburger-senotherm-1-150x150.png 150w\" sizes=\"(max-width: 197px) 100vw, 197px\" title=\"recubrimientos-weilburger-senotherm\" alt=\"\" \t\tclass=\"so-widget-image\"\/>\n\t<\/div>\n\n<\/div><\/div><\/div><\/div><div id=\"pgc-3680-0-1\"  class=\"panel-grid-cell\" ><div id=\"panel-3680-0-1-0\" class=\"so-panel widget widget_sow-editor panel-first-child panel-last-child\" data-index=\"1\" ><div style=\"text-align: left;\" data-title-color=\"#47425d\" data-headings-color=\"#000000\" data-title_alignment=\"center\" class=\"panel-widget-style panel-widget-style-for-3680-0-1-0\" ><div\n\t\t\t\n\t\t\tclass=\"so-widget-sow-editor so-widget-sow-editor-base\"\n\t\t\t\n\t\t>\n<div class=\"siteorigin-widget-tinymce textwidget\">\n\t<p>&nbsp;<\/p>\n<h1 style=\"text-align: left;\">Senotherm\u00ae Coatings<\/h1>\n<hr align=\"left\" \/>\n<p style=\"text-align: justify;\">Senotherm\u00ae is the Weilburger brand that offers a wide range of high-temperature resistant coatings for various types of surfaces exposed to extreme thermal loads. These coatings are ideal for applications in:<\/p>\n<ul>\n<li style=\"text-align: justify;\">Stoves<\/li>\n<li style=\"text-align: justify;\">Stove ducts<\/li>\n<li style=\"text-align: justify;\">Chimneys<\/li>\n<li style=\"text-align: justify;\">Cooktops and kitchen plates<\/li>\n<li style=\"text-align: justify;\">Barbecues and smoking grills<\/li>\n<li style=\"text-align: justify;\">Technical sector, functional parts<\/li>\n<\/ul>\n<p style=\"text-align: justify;\">Senotherm\u00ae is a leader in the European market when it comes to coating technology. With over 40 years of experience in this specialized field, a continuous focus on research and development, and resulting innovations, Senotherm\u00ae has created a unique range of coating systems that meet the demanding market requirements. Whether it's stoves or fire-resistant components in the domestic environment, Senotherm\u00ae stands as the best available solution.<\/p>\n<p style=\"text-align: justify;\">The quality of Senotherm\u00ae coatings is backed by rigorous standards and broad approval. Additionally, we introduce the new Non-Smoker\u00ae range, which offers innovative solutions in smoke-free coatings.<\/p>\n<\/div>\n<\/div><\/div><\/div><\/div><\/div><\/div><div id=\"pg-3680-1\"  class=\"panel-grid panel-has-style\" ><div class=\"FRANJA-BLAVA-TITOL siteorigin-panels-stretch panel-row-style panel-row-style-for-3680-1\" style=\"padding: 0px 0; \" data-stretch-type=\"full\" data-overlay=\"true\" data-overlay-color=\"#000000\" ><div id=\"pgc-3680-1-0\"  class=\"panel-grid-cell\" ><div id=\"panel-3680-1-0-0\" class=\"so-panel widget widget_sow-editor panel-first-child panel-last-child\" data-index=\"2\" ><div class=\"blanc panel-widget-style panel-widget-style-for-3680-1-0-0\" style=\"text-align: left;\" data-title-color=\"#47425d\" data-headings-color=\"#443f3f\" data-title_alignment=\"center\" ><div\n\t\t\t\n\t\t\tclass=\"so-widget-sow-editor so-widget-sow-editor-base\"\n\t\t\t\n\t\t>\n<div class=\"siteorigin-widget-tinymce textwidget\">\n\t<h2 style=\"text-align: center;\">Properties of Senotherm\u00ae Coating<\/h2>\n<\/div>\n<\/div><\/div><\/div><\/div><\/div><\/div><div id=\"pg-3680-2\"  class=\"panel-grid panel-has-style\" ><div class=\"BGC-GRIS siteorigin-panels-stretch panel-row-style panel-row-style-for-3680-2\" style=\"padding: 50px 0; \" data-stretch-type=\"full\" data-overlay=\"true\" data-overlay-color=\"#000000\" ><div id=\"pgc-3680-2-0\"  class=\"panel-grid-cell\" ><div id=\"panel-3680-2-0-0\" class=\"so-panel widget widget_sow-editor panel-first-child panel-last-child\" data-index=\"3\" ><div style=\"text-align: left;\" data-title-color=\"#47425d\" data-headings-color=\"#443f3f\" data-title_alignment=\"center\" class=\"panel-widget-style panel-widget-style-for-3680-2-0-0\" ><div\n\t\t\t\n\t\t\tclass=\"so-widget-sow-editor so-widget-sow-editor-base\"\n\t\t\t\n\t\t>\n<div class=\"siteorigin-widget-tinymce textwidget\">\n\t<p>Senotherm\u00ae offers a groundbreaking solution for smoke emission in ovens and stoves. With its Non-Smoker\u00ae coating range, the UHT and UHT HYDRO products provide coating options that prevent smoke and odor generation during the customer's initial use and minimize the formation of contaminants such as VOCs.<\/p>\n<p>Unlike conventional coatings that require final drying at temperatures above 200\u00b0C, Senotherm\u00ae Non-Smoker\u00ae coatings cure completely at room temperature. Customers can enjoy their stoves without interruptions from the very beginning, without worrying about smoke and odor generation during the initial use.<\/p>\n<p>Advantages of Non-Smoker\u00ae Coatings<\/p>\n<ul>\n<li>o annoying smoke or odor for the end customer<\/li>\n<li>Final curing at room temperature (18-23\u00b0C)<\/li>\n<li>Sustainable and more sensitive coating<\/li>\n<li>Increased robustness for transportation and final assembly<\/li>\n<li>No longer need to perform costly removal of hardened overspray separately, as it can now be discarded as common commercial waste.<\/li>\n<\/ul>\n<\/div>\n<\/div><\/div><\/div><\/div><\/div><\/div><div id=\"pg-3680-3\"  class=\"panel-grid panel-has-style\" ><div class=\"siteorigin-panels-stretch panel-row-style panel-row-style-for-3680-3\" style=\"padding: 50px 0; \" data-stretch-type=\"full\" data-overlay=\"true\" data-overlay-color=\"#000000\" ><div id=\"pgc-3680-3-0\"  class=\"panel-grid-cell\" ><div id=\"panel-3680-3-0-0\" class=\"so-panel widget widget_siteorigin-panels-builder panel-first-child panel-last-child\" data-index=\"4\" ><div style=\"text-align: left;\" data-title-color=\"#47425d\" data-headings-color=\"#443f3f\" data-title_alignment=\"center\" class=\"panel-widget-style panel-widget-style-for-3680-3-0-0\" ><div id=\"pl-w64f740830f90b\"  class=\"panel-layout\" ><div id=\"pg-w64f740830f90b-0\"  class=\"panel-grid panel-has-style\" ><div style=\"padding: 0px 0; \" data-overlay=\"true\" data-overlay-color=\"#000000\" class=\"panel-row-style panel-row-style-for-w64f740830f90b-0\" ><div id=\"pgc-w64f740830f90b-0-0\"  class=\"panel-grid-cell\" ><div id=\"panel-w64f740830f90b-0-0-0\" class=\"so-panel widget widget_sow-editor panel-first-child panel-last-child\" data-index=\"0\" ><div style=\"text-align: left;\" data-title-color=\"#47425d\" data-headings-color=\"#443f3f\" data-title_alignment=\"center\" class=\"panel-widget-style panel-widget-style-for-w64f740830f90b-0-0-0\" ><div\n\t\t\t\n\t\t\tclass=\"so-widget-sow-editor so-widget-sow-editor-base\"\n\t\t\t\n\t\t>\n<div class=\"siteorigin-widget-tinymce textwidget\">\n\t<h2 class=\"BLAU-FOSC\" style=\"text-align: center;\">References for Senotherm\u00ae<\/h2>\n<\/div>\n<\/div><\/div><\/div><\/div><\/div><\/div><div id=\"pg-w64f740830f90b-1\"  class=\"panel-grid panel-has-style\" ><div style=\"padding: 0px 0; \" data-overlay=\"true\" data-overlay-color=\"#000000\" class=\"panel-row-style panel-row-style-for-w64f740830f90b-1\" ><div id=\"pgc-w64f740830f90b-1-0\"  class=\"panel-grid-cell\" ><div id=\"panel-w64f740830f90b-1-0-0\" class=\"so-panel widget widget_sow-editor panel-first-child panel-last-child\" data-index=\"1\" ><div style=\"text-align: left;\" data-title-color=\"#47425d\" data-headings-color=\"#443f3f\" data-title_alignment=\"center\" class=\"panel-widget-style panel-widget-style-for-w64f740830f90b-1-0-0\" ><div\n\t\t\t\n\t\t\tclass=\"so-widget-sow-editor so-widget-sow-editor-base\"\n\t\t\t\n\t\t>\n<div class=\"siteorigin-widget-tinymce textwidget\">\n\t<p style=\"text-align: center; padding-top: 40px;\"><b>1030 CLASSIC<\/b><br \/>\n<b>1666 CLASSIC<\/b><br \/>\n<b>1664 CLASSIC<\/b><br \/>\n<b>1111 CLASSIC<\/b><br \/>\n<b>1155 UHT<\/b><br \/>\n<b>1157 UHT<\/b><br \/>\n<b>3590 UHT-HYDRO<\/b><br \/>\n<b>2860 UHT-HYDRO<\/b><\/p>\n<\/div>\n<\/div><\/div><\/div><\/div><\/div><\/div><\/div><\/div><\/div><\/div><\/div><\/div><\/div>","protected":false},"excerpt":{"rendered":"<p>&nbsp; Senotherm\u00ae Coatings Senotherm\u00ae is the Weilburger brand that offers a wide range of high-temperature resistant coatings for various types of surfaces exposed to extreme thermal loads. These coatings are ideal for applications in: Stoves Stove ducts Chimneys Cooktops and kitchen plates Barbecues and smoking grills Technical sector, functional parts Senotherm\u00ae is a leader in [&hellip;]<\/p>\n","protected":false},"author":2,"featured_media":0,"parent":0,"menu_order":0,"comment_status":"closed","ping_status":"closed","template":"page-templates\/page_fullwidth.php","meta":{"_monsterinsights_skip_tracking":false,"_monsterinsights_sitenote_active":false,"_monsterinsights_sitenote_note":"","_monsterinsights_sitenote_category":0,"footnotes":""},"class_list":["post-3680","page","type-page","status-publish","hentry"],"yoast_head":"<!-- This site is optimized with the Yoast SEO plugin v27.3 - https:\/\/yoast.com\/product\/yoast-seo-wordpress\/ -->\n<title>Revestimento Senotherm - Praimer<\/title>\n<meta name=\"robots\" content=\"index, follow, max-snippet:-1, max-image-preview:large, max-video-preview:-1\" \/>\n<link rel=\"canonical\" href=\"https:\/\/www.praimer.com.br\/en\/revestimento-weilburger-senotherm\/\" \/>\n<meta property=\"og:locale\" content=\"en_US\" \/>\n<meta property=\"og:type\" content=\"article\" \/>\n<meta property=\"og:title\" content=\"Revestimento Senotherm - Praimer\" \/>\n<meta property=\"og:description\" content=\"&nbsp; Senotherm\u00ae Coatings Senotherm\u00ae is the Weilburger brand that offers a wide range of high-temperature resistant coatings for various types of surfaces exposed to extreme thermal loads. These coatings are ideal for applications in: Stoves Stove ducts Chimneys Cooktops and kitchen plates Barbecues and smoking grills Technical sector, functional parts Senotherm\u00ae is a leader in [&hellip;]\" \/>\n<meta property=\"og:url\" content=\"https:\/\/www.praimer.com.br\/en\/revestimento-weilburger-senotherm\/\" \/>\n<meta property=\"og:site_name\" content=\"Praimer\" \/>\n<meta property=\"article:publisher\" content=\"https:\/\/www.facebook.com\/praimerrevestimentos\" \/>\n<meta property=\"article:modified_time\" content=\"2023-09-05T14:52:31+00:00\" \/>\n<meta property=\"og:image\" content=\"https:\/\/www.praimer.com.br\/wp-content\/uploads\/2019\/12\/Praimer-revestimentos-antiaderentes-anticorrosivos-brasil.jpg\" \/>\n\t<meta property=\"og:image:width\" content=\"900\" \/>\n\t<meta property=\"og:image:height\" content=\"329\" \/>\n\t<meta property=\"og:image:type\" content=\"image\/jpeg\" \/>\n<meta name=\"twitter:card\" content=\"summary_large_image\" \/>\n<meta name=\"twitter:label1\" content=\"Est. reading time\" \/>\n\t<meta name=\"twitter:data1\" content=\"2 minutes\" \/>\n<script type=\"application\/ld+json\" class=\"yoast-schema-graph\">{\"@context\":\"https:\\\/\\\/schema.org\",\"@graph\":[{\"@type\":\"WebPage\",\"@id\":\"https:\\\/\\\/www.praimer.com.br\\\/en\\\/revestimento-weilburger-senotherm\\\/\",\"url\":\"https:\\\/\\\/www.praimer.com.br\\\/en\\\/revestimento-weilburger-senotherm\\\/\",\"name\":\"Revestimento Senotherm - Praimer\",\"isPartOf\":{\"@id\":\"https:\\\/\\\/www.praimer.com.br\\\/en\\\/#website\"},\"datePublished\":\"2023-09-05T14:49:49+00:00\",\"dateModified\":\"2023-09-05T14:52:31+00:00\",\"breadcrumb\":{\"@id\":\"https:\\\/\\\/www.praimer.com.br\\\/en\\\/revestimento-weilburger-senotherm\\\/#breadcrumb\"},\"inLanguage\":\"en-US\",\"potentialAction\":[{\"@type\":\"ReadAction\",\"target\":[\"https:\\\/\\\/www.praimer.com.br\\\/en\\\/revestimento-weilburger-senotherm\\\/\"]}]},{\"@type\":\"BreadcrumbList\",\"@id\":\"https:\\\/\\\/www.praimer.com.br\\\/en\\\/revestimento-weilburger-senotherm\\\/#breadcrumb\",\"itemListElement\":[{\"@type\":\"ListItem\",\"position\":1,\"name\":\"Portada\",\"item\":\"https:\\\/\\\/www.praimer.com.br\\\/en\\\/\"},{\"@type\":\"ListItem\",\"position\":2,\"name\":\"Revestimento Senotherm\"}]},{\"@type\":\"WebSite\",\"@id\":\"https:\\\/\\\/www.praimer.com.br\\\/en\\\/#website\",\"url\":\"https:\\\/\\\/www.praimer.com.br\\\/en\\\/\",\"name\":\"Praimer\",\"description\":\"Aplica\u00e7\u00e3o de revestimentos antiaderentes e anticorrosivos para a ind\u00fastria\",\"potentialAction\":[{\"@type\":\"SearchAction\",\"target\":{\"@type\":\"EntryPoint\",\"urlTemplate\":\"https:\\\/\\\/www.praimer.com.br\\\/en\\\/?s={search_term_string}\"},\"query-input\":{\"@type\":\"PropertyValueSpecification\",\"valueRequired\":true,\"valueName\":\"search_term_string\"}}],\"inLanguage\":\"en-US\"}]}<\/script>\n<!-- \/ Yoast SEO plugin. -->","yoast_head_json":{"title":"Revestimento Senotherm - Praimer","robots":{"index":"index","follow":"follow","max-snippet":"max-snippet:-1","max-image-preview":"max-image-preview:large","max-video-preview":"max-video-preview:-1"},"canonical":"https:\/\/www.praimer.com.br\/en\/revestimento-weilburger-senotherm\/","og_locale":"en_US","og_type":"article","og_title":"Revestimento Senotherm - Praimer","og_description":"&nbsp; Senotherm\u00ae Coatings Senotherm\u00ae is the Weilburger brand that offers a wide range of high-temperature resistant coatings for various types of surfaces exposed to extreme thermal loads. These coatings are ideal for applications in: Stoves Stove ducts Chimneys Cooktops and kitchen plates Barbecues and smoking grills Technical sector, functional parts Senotherm\u00ae is a leader in [&hellip;]","og_url":"https:\/\/www.praimer.com.br\/en\/revestimento-weilburger-senotherm\/","og_site_name":"Praimer","article_publisher":"https:\/\/www.facebook.com\/praimerrevestimentos","article_modified_time":"2023-09-05T14:52:31+00:00","og_image":[{"width":900,"height":329,"url":"https:\/\/www.praimer.com.br\/wp-content\/uploads\/2019\/12\/Praimer-revestimentos-antiaderentes-anticorrosivos-brasil.jpg","type":"image\/jpeg"}],"twitter_card":"summary_large_image","twitter_misc":{"Est. reading time":"2 minutes"},"schema":{"@context":"https:\/\/schema.org","@graph":[{"@type":"WebPage","@id":"https:\/\/www.praimer.com.br\/en\/revestimento-weilburger-senotherm\/","url":"https:\/\/www.praimer.com.br\/en\/revestimento-weilburger-senotherm\/","name":"Revestimento Senotherm - Praimer","isPartOf":{"@id":"https:\/\/www.praimer.com.br\/en\/#website"},"datePublished":"2023-09-05T14:49:49+00:00","dateModified":"2023-09-05T14:52:31+00:00","breadcrumb":{"@id":"https:\/\/www.praimer.com.br\/en\/revestimento-weilburger-senotherm\/#breadcrumb"},"inLanguage":"en-US","potentialAction":[{"@type":"ReadAction","target":["https:\/\/www.praimer.com.br\/en\/revestimento-weilburger-senotherm\/"]}]},{"@type":"BreadcrumbList","@id":"https:\/\/www.praimer.com.br\/en\/revestimento-weilburger-senotherm\/#breadcrumb","itemListElement":[{"@type":"ListItem","position":1,"name":"Portada","item":"https:\/\/www.praimer.com.br\/en\/"},{"@type":"ListItem","position":2,"name":"Revestimento Senotherm"}]},{"@type":"WebSite","@id":"https:\/\/www.praimer.com.br\/en\/#website","url":"https:\/\/www.praimer.com.br\/en\/","name":"Praimer","description":"Aplica\u00e7\u00e3o de revestimentos antiaderentes e anticorrosivos para a ind\u00fastria","potentialAction":[{"@type":"SearchAction","target":{"@type":"EntryPoint","urlTemplate":"https:\/\/www.praimer.com.br\/en\/?s={search_term_string}"},"query-input":{"@type":"PropertyValueSpecification","valueRequired":true,"valueName":"search_term_string"}}],"inLanguage":"en-US"}]}},"_links":{"self":[{"href":"https:\/\/www.praimer.com.br\/en\/wp-json\/wp\/v2\/pages\/3680","targetHints":{"allow":["GET"]}}],"collection":[{"href":"https:\/\/www.praimer.com.br\/en\/wp-json\/wp\/v2\/pages"}],"about":[{"href":"https:\/\/www.praimer.com.br\/en\/wp-json\/wp\/v2\/types\/page"}],"author":[{"embeddable":true,"href":"https:\/\/www.praimer.com.br\/en\/wp-json\/wp\/v2\/users\/2"}],"replies":[{"embeddable":true,"href":"https:\/\/www.praimer.com.br\/en\/wp-json\/wp\/v2\/comments?post=3680"}],"version-history":[{"count":9,"href":"https:\/\/www.praimer.com.br\/en\/wp-json\/wp\/v2\/pages\/3680\/revisions"}],"predecessor-version":[{"id":3689,"href":"https:\/\/www.praimer.com.br\/en\/wp-json\/wp\/v2\/pages\/3680\/revisions\/3689"}],"wp:attachment":[{"href":"https:\/\/www.praimer.com.br\/en\/wp-json\/wp\/v2\/media?parent=3680"}],"curies":[{"name":"wp","href":"https:\/\/api.w.org\/{rel}","templated":true}]}}