{"id":3652,"date":"2023-09-05T10:45:30","date_gmt":"2023-09-05T13:45:30","guid":{"rendered":"https:\/\/www.praimer.com.br\/?page_id=3652"},"modified":"2023-09-05T12:10:10","modified_gmt":"2023-09-05T15:10:10","slug":"revestimentos-weilburger","status":"publish","type":"page","link":"https:\/\/www.praimer.com.br\/en\/revestimentos-weilburger\/","title":{"rendered":"Revestimentos Weilburger"},"content":{"rendered":"<div id=\"pl-3652\"  class=\"panel-layout\" ><div id=\"pg-3652-0\"  class=\"panel-grid panel-has-style\" ><div style=\"padding: 0px 0; \" data-overlay=\"true\" data-overlay-color=\"#000000\" class=\"panel-row-style panel-row-style-for-3652-0\" ><div id=\"pgc-3652-0-0\"  class=\"panel-grid-cell\" ><div id=\"panel-3652-0-0-0\" class=\"so-panel widget widget_sow-image panel-first-child\" data-index=\"0\" ><div style=\"text-align: left;\" data-title-color=\"#47425d\" data-headings-color=\"#443f3f\" data-title_alignment=\"center\" class=\"panel-widget-style panel-widget-style-for-3652-0-0-0\" ><div\n\t\t\t\n\t\t\tclass=\"so-widget-sow-image so-widget-sow-image-default-c67d20f9f743-3652\"\n\t\t\t\n\t\t>\n<div class=\"sow-image-container\">\n\t\t<img \n\tsrc=\"https:\/\/www.praimer.com.br\/wp-content\/uploads\/2023\/07\/recubrimientos-weilburger.png\" width=\"274\" height=\"120\" srcset=\"https:\/\/www.praimer.com.br\/wp-content\/uploads\/2023\/07\/recubrimientos-weilburger.png 274w, https:\/\/www.praimer.com.br\/wp-content\/uploads\/2023\/07\/recubrimientos-weilburger-230x101.png 230w, https:\/\/www.praimer.com.br\/wp-content\/uploads\/2023\/07\/recubrimientos-weilburger-272x120.png 272w\" sizes=\"(max-width: 274px) 100vw, 274px\" alt=\"\" \t\tclass=\"so-widget-image\"\/>\n\t<\/div>\n\n<\/div><\/div><\/div><div id=\"panel-3652-0-0-1\" class=\"so-panel widget widget_sow-editor panel-last-child\" data-index=\"1\" ><div style=\"text-align: left;\" data-title-color=\"#47425d\" data-headings-color=\"#000000\" data-title_alignment=\"center\" class=\"panel-widget-style panel-widget-style-for-3652-0-0-1\" ><div\n\t\t\t\n\t\t\tclass=\"so-widget-sow-editor so-widget-sow-editor-base\"\n\t\t\t\n\t\t>\n<div class=\"siteorigin-widget-tinymce textwidget\">\n\t<p>&nbsp;<\/p>\n<h1 style=\"text-align: center;\">Weilburger\u00ae Coatings<\/h1>\n<hr \/>\n<p style=\"text-align: justify;\">Weilburger is a medium-sized company of German origin, founded in 1900, with a presence on several continents through its 11 production plants and 8 distribution warehouses. It is dedicated to the manufacturing of coatings for industrial and consumer goods, as well as special varnishes for the graphic industry.<\/p>\n<p style=\"text-align: justify;\">Its industrial coatings business unit, +COATINGS, offers a wide range of coatings for various surfaces, including metal, wood, plastic, glass, and aluminum foil, with finishes tailored to the specific needs of each application.<\/p>\n<\/div>\n<\/div><\/div><\/div><\/div><\/div><\/div><div id=\"pg-3652-1\"  class=\"panel-grid panel-has-style\" ><div class=\"FRANJA-BLAVA-TITOL siteorigin-panels-stretch panel-row-style panel-row-style-for-3652-1\" style=\"padding: 0px 0; \" data-stretch-type=\"full\" data-overlay=\"true\" data-overlay-color=\"#000000\" ><div id=\"pgc-3652-1-0\"  class=\"panel-grid-cell\" ><div id=\"panel-3652-1-0-0\" class=\"so-panel widget widget_sow-editor panel-first-child panel-last-child\" data-index=\"2\" ><div class=\"blanc panel-widget-style panel-widget-style-for-3652-1-0-0\" style=\"text-align: left;\" data-title-color=\"#47425d\" data-headings-color=\"#443f3f\" data-title_alignment=\"center\" ><div\n\t\t\t\n\t\t\tclass=\"so-widget-sow-editor so-widget-sow-editor-base\"\n\t\t\t\n\t\t>\n<div class=\"siteorigin-widget-tinymce textwidget\">\n\t<h2 style=\"text-align: center;\">Weilburger Products<\/h2>\n<\/div>\n<\/div><\/div><\/div><\/div><\/div><\/div><div id=\"pg-3652-2\"  class=\"panel-grid panel-has-style\" ><div class=\"BGC-GRIS siteorigin-panels-stretch panel-row-style panel-row-style-for-3652-2\" style=\"padding: 50px 0; \" data-stretch-type=\"full\" data-overlay=\"true\" data-overlay-color=\"#000000\" ><div id=\"pgc-3652-2-0\"  class=\"panel-grid-cell\" ><div id=\"panel-3652-2-0-0\" class=\"so-panel widget widget_siteorigin-panels-builder panel-first-child panel-last-child\" data-index=\"3\" ><div style=\"text-align: left;\" data-title-color=\"#47425d\" data-headings-color=\"#443f3f\" data-title_alignment=\"center\" class=\"panel-widget-style panel-widget-style-for-3652-2-0-0\" ><div id=\"pl-w64f744d20d3b1\"  class=\"panel-layout\" ><div id=\"pg-w64f744d20d3b1-0\"  class=\"panel-grid panel-has-style\" ><div style=\"padding: 0px 0; \" data-overlay=\"true\" data-overlay-color=\"#000000\" class=\"panel-row-style panel-row-style-for-w64f744d20d3b1-0\" ><div id=\"pgc-w64f744d20d3b1-0-0\"  class=\"panel-grid-cell\" ><div id=\"panel-w64f744d20d3b1-0-0-0\" class=\"so-panel widget widget_sow-editor panel-first-child panel-last-child\" data-index=\"0\" ><div style=\"text-align: left;\" data-title-color=\"#47425d\" data-headings-color=\"#443f3f\" data-title_alignment=\"center\" class=\"panel-widget-style panel-widget-style-for-w64f744d20d3b1-0-0-0\" ><div\n\t\t\t\n\t\t\tclass=\"so-widget-sow-editor so-widget-sow-editor-base\"\n\t\t\t\n\t\t>\n<div class=\"siteorigin-widget-tinymce textwidget\">\n\t<p>In this unit, Weilburger has some flagship brands such as Senorail\u00ae, which focuses on the transportation industry, while Senotherm\u00ae and Greblon\u00ae are used in the coatings industry and are targeted at different applications and surfaces.<\/p>\n<\/div>\n<\/div><\/div><\/div><\/div><\/div><\/div><div id=\"pg-w64f744d20d3b1-1\"  class=\"panel-grid panel-has-style\" ><div style=\"padding: 0px 0; \" data-overlay=\"true\" data-overlay-color=\"#000000\" class=\"panel-row-style panel-row-style-for-w64f744d20d3b1-1\" ><div id=\"pgc-w64f744d20d3b1-1-0\"  class=\"panel-grid-cell panel-grid-cell-empty\" ><\/div><div id=\"pgc-w64f744d20d3b1-1-1\"  class=\"panel-grid-cell\" ><div class=\"BGC-BLANC panel-cell-style panel-cell-style-for-w64f744d20d3b1-1-1\" ><div id=\"panel-w64f744d20d3b1-1-1-0\" class=\"so-panel widget widget_sow-image panel-first-child panel-last-child\" data-index=\"1\" ><div class=\"PADDING-H-1 AUGMENTAR-ICONA panel-widget-style panel-widget-style-for-w64f744d20d3b1-1-1-0\" style=\"text-align: left;\" data-title-color=\"#47425d\" data-headings-color=\"#443f3f\" data-title_alignment=\"center\" ><div\n\t\t\t\n\t\t\tclass=\"so-widget-sow-image so-widget-sow-image-default-3a2476c0e107\"\n\t\t\t\n\t\t>\n<div class=\"sow-image-container\">\n\t\t\t<a href=\"https:\/\/www.praimer.com.br\/en\/revestimento-weilburger-greblon\/\"\n\t\t\t\t\t>\n\t\t\t<img \n\tsrc=\"https:\/\/www.praimer.com.br\/wp-content\/uploads\/2023\/07\/recubrimientos-weilburger-greblon.png\" width=\"197\" height=\"197\" srcset=\"https:\/\/www.praimer.com.br\/wp-content\/uploads\/2023\/07\/recubrimientos-weilburger-greblon.png 197w, https:\/\/www.praimer.com.br\/wp-content\/uploads\/2023\/07\/recubrimientos-weilburger-greblon-150x150.png 150w\" sizes=\"(max-width: 197px) 100vw, 197px\" alt=\"\" \t\tclass=\"so-widget-image\"\/>\n\t\t\t<\/a><\/div>\n\n<\/div><\/div><\/div><\/div><\/div><div id=\"pgc-w64f744d20d3b1-1-2\"  class=\"panel-grid-cell panel-grid-cell-mobile-last\" ><div class=\"BGC-BLANC panel-cell-style panel-cell-style-for-w64f744d20d3b1-1-2\" ><div id=\"panel-w64f744d20d3b1-1-2-0\" class=\"so-panel widget widget_sow-image panel-first-child panel-last-child\" data-index=\"2\" ><div class=\"PADDING-H-1 AUGMENTAR-ICONA panel-widget-style panel-widget-style-for-w64f744d20d3b1-1-2-0\" style=\"text-align: left;\" data-title-color=\"#47425d\" data-headings-color=\"#443f3f\" data-title_alignment=\"center\" ><div\n\t\t\t\n\t\t\tclass=\"so-widget-sow-image so-widget-sow-image-default-c67d20f9f743\"\n\t\t\t\n\t\t>\n<div class=\"sow-image-container\">\n\t\t\t<a href=\"https:\/\/www.praimer.com.br\/en\/revestimento-weilburger-senotherm\/\"\n\t\t\t\t\t>\n\t\t\t<img \n\tsrc=\"https:\/\/www.praimer.com.br\/wp-content\/uploads\/2023\/07\/recubrimientos-weilburger-senotherm.png\" width=\"197\" height=\"197\" srcset=\"https:\/\/www.praimer.com.br\/wp-content\/uploads\/2023\/07\/recubrimientos-weilburger-senotherm.png 197w, https:\/\/www.praimer.com.br\/wp-content\/uploads\/2023\/07\/recubrimientos-weilburger-senotherm-150x150.png 150w\" sizes=\"(max-width: 197px) 100vw, 197px\" alt=\"\" \t\tclass=\"so-widget-image\"\/>\n\t\t\t<\/a><\/div>\n\n<\/div><\/div><\/div><\/div><\/div><div id=\"pgc-w64f744d20d3b1-1-3\"  class=\"panel-grid-cell panel-grid-cell-empty\" ><\/div><\/div><\/div><div id=\"pg-w64f744d20d3b1-2\"  class=\"panel-grid panel-has-style\" ><div style=\"padding: 0px 0; \" data-overlay=\"true\" data-overlay-color=\"#000000\" class=\"panel-row-style panel-row-style-for-w64f744d20d3b1-2\" ><div id=\"pgc-w64f744d20d3b1-2-0\"  class=\"panel-grid-cell\" ><div id=\"panel-w64f744d20d3b1-2-0-0\" class=\"so-panel widget widget_sow-editor panel-first-child panel-last-child\" data-index=\"3\" ><div style=\"text-align: left;\" data-title-color=\"#47425d\" data-headings-color=\"#443f3f\" data-title_alignment=\"center\" class=\"panel-widget-style panel-widget-style-for-w64f744d20d3b1-2-0-0\" ><div\n\t\t\t\n\t\t\tclass=\"so-widget-sow-editor so-widget-sow-editor-base\"\n\t\t\t\n\t\t>\n<div class=\"siteorigin-widget-tinymce textwidget\">\n\t<p>Weilburger markets its <strong>Senotherm\u00ae<\/strong> brand as a range of special coatings to withstand high temperatures of up to 600\u00b0C. This coating system is used in various products such as chimneys, flues, barbecues, grills, and warming plates. The brand consists of three different varieties: classic, solvent-based, and water-based.<\/p>\n<p>The non-stick coatings manufactured by Weilburger are marketed under the <strong>Greblon\u00ae<\/strong> brand, which can be used for both kitchenware and the food industry.<\/p>\n<p>Weilburger has another business unit called<strong> +GRAPHICS<\/strong>, focused on the graphic industry, offering a wide range of finishes for paper, cardboard, plastics, and metal, including dispersion coatings, UV-resistant lacquers, oil-based varnishes, and printing inks. Additionally, packaging solutions are also provided for the food industry.<\/p>\n<\/div>\n<\/div><\/div><\/div><\/div><\/div><\/div><\/div><\/div><\/div><\/div><\/div><\/div><\/div>","protected":false},"excerpt":{"rendered":"<p>&nbsp; Weilburger\u00ae Coatings Weilburger is a medium-sized company of German origin, founded in 1900, with a presence on several continents through its 11 production plants and 8 distribution warehouses. It is dedicated to the manufacturing of coatings for industrial and consumer goods, as well as special varnishes for the graphic industry. Its industrial coatings business [&hellip;]<\/p>\n","protected":false},"author":2,"featured_media":0,"parent":0,"menu_order":0,"comment_status":"closed","ping_status":"closed","template":"page-templates\/page_fullwidth.php","meta":{"_monsterinsights_skip_tracking":false,"_monsterinsights_sitenote_active":false,"_monsterinsights_sitenote_note":"","_monsterinsights_sitenote_category":0,"footnotes":""},"class_list":["post-3652","page","type-page","status-publish","hentry"],"yoast_head":"<!-- This site is optimized with the Yoast SEO plugin v27.3 - https:\/\/yoast.com\/product\/yoast-seo-wordpress\/ -->\n<title>Revestimentos Weilburger - Praimer<\/title>\n<meta name=\"robots\" content=\"index, follow, max-snippet:-1, max-image-preview:large, max-video-preview:-1\" \/>\n<link rel=\"canonical\" href=\"https:\/\/www.praimer.com.br\/en\/revestimentos-weilburger\/\" \/>\n<meta property=\"og:locale\" content=\"en_US\" \/>\n<meta property=\"og:type\" content=\"article\" \/>\n<meta property=\"og:title\" content=\"Revestimentos Weilburger - Praimer\" \/>\n<meta property=\"og:description\" content=\"&nbsp; Weilburger\u00ae Coatings Weilburger is a medium-sized company of German origin, founded in 1900, with a presence on several continents through its 11 production plants and 8 distribution warehouses. It is dedicated to the manufacturing of coatings for industrial and consumer goods, as well as special varnishes for the graphic industry. Its industrial coatings business [&hellip;]\" \/>\n<meta property=\"og:url\" content=\"https:\/\/www.praimer.com.br\/en\/revestimentos-weilburger\/\" \/>\n<meta property=\"og:site_name\" content=\"Praimer\" \/>\n<meta property=\"article:publisher\" content=\"https:\/\/www.facebook.com\/praimerrevestimentos\" \/>\n<meta property=\"article:modified_time\" content=\"2023-09-05T15:10:10+00:00\" \/>\n<meta property=\"og:image\" content=\"https:\/\/www.praimer.com.br\/wp-content\/uploads\/2019\/12\/Praimer-revestimentos-antiaderentes-anticorrosivos-brasil.jpg\" \/>\n\t<meta property=\"og:image:width\" content=\"900\" \/>\n\t<meta property=\"og:image:height\" content=\"329\" \/>\n\t<meta property=\"og:image:type\" content=\"image\/jpeg\" \/>\n<meta name=\"twitter:card\" content=\"summary_large_image\" \/>\n<meta name=\"twitter:label1\" content=\"Est. reading time\" \/>\n\t<meta name=\"twitter:data1\" content=\"2 minutes\" \/>\n<script type=\"application\/ld+json\" class=\"yoast-schema-graph\">{\"@context\":\"https:\\\/\\\/schema.org\",\"@graph\":[{\"@type\":\"WebPage\",\"@id\":\"https:\\\/\\\/www.praimer.com.br\\\/en\\\/revestimentos-weilburger\\\/\",\"url\":\"https:\\\/\\\/www.praimer.com.br\\\/en\\\/revestimentos-weilburger\\\/\",\"name\":\"Revestimentos Weilburger - Praimer\",\"isPartOf\":{\"@id\":\"https:\\\/\\\/www.praimer.com.br\\\/en\\\/#website\"},\"datePublished\":\"2023-09-05T13:45:30+00:00\",\"dateModified\":\"2023-09-05T15:10:10+00:00\",\"breadcrumb\":{\"@id\":\"https:\\\/\\\/www.praimer.com.br\\\/en\\\/revestimentos-weilburger\\\/#breadcrumb\"},\"inLanguage\":\"en-US\",\"potentialAction\":[{\"@type\":\"ReadAction\",\"target\":[\"https:\\\/\\\/www.praimer.com.br\\\/en\\\/revestimentos-weilburger\\\/\"]}]},{\"@type\":\"BreadcrumbList\",\"@id\":\"https:\\\/\\\/www.praimer.com.br\\\/en\\\/revestimentos-weilburger\\\/#breadcrumb\",\"itemListElement\":[{\"@type\":\"ListItem\",\"position\":1,\"name\":\"Portada\",\"item\":\"https:\\\/\\\/www.praimer.com.br\\\/en\\\/\"},{\"@type\":\"ListItem\",\"position\":2,\"name\":\"Revestimentos Weilburger\"}]},{\"@type\":\"WebSite\",\"@id\":\"https:\\\/\\\/www.praimer.com.br\\\/en\\\/#website\",\"url\":\"https:\\\/\\\/www.praimer.com.br\\\/en\\\/\",\"name\":\"Praimer\",\"description\":\"Aplica\u00e7\u00e3o de revestimentos antiaderentes e anticorrosivos para a ind\u00fastria\",\"potentialAction\":[{\"@type\":\"SearchAction\",\"target\":{\"@type\":\"EntryPoint\",\"urlTemplate\":\"https:\\\/\\\/www.praimer.com.br\\\/en\\\/?s={search_term_string}\"},\"query-input\":{\"@type\":\"PropertyValueSpecification\",\"valueRequired\":true,\"valueName\":\"search_term_string\"}}],\"inLanguage\":\"en-US\"}]}<\/script>\n<!-- \/ Yoast SEO plugin. -->","yoast_head_json":{"title":"Revestimentos Weilburger - Praimer","robots":{"index":"index","follow":"follow","max-snippet":"max-snippet:-1","max-image-preview":"max-image-preview:large","max-video-preview":"max-video-preview:-1"},"canonical":"https:\/\/www.praimer.com.br\/en\/revestimentos-weilburger\/","og_locale":"en_US","og_type":"article","og_title":"Revestimentos Weilburger - Praimer","og_description":"&nbsp; Weilburger\u00ae Coatings Weilburger is a medium-sized company of German origin, founded in 1900, with a presence on several continents through its 11 production plants and 8 distribution warehouses. It is dedicated to the manufacturing of coatings for industrial and consumer goods, as well as special varnishes for the graphic industry. Its industrial coatings business [&hellip;]","og_url":"https:\/\/www.praimer.com.br\/en\/revestimentos-weilburger\/","og_site_name":"Praimer","article_publisher":"https:\/\/www.facebook.com\/praimerrevestimentos","article_modified_time":"2023-09-05T15:10:10+00:00","og_image":[{"width":900,"height":329,"url":"https:\/\/www.praimer.com.br\/wp-content\/uploads\/2019\/12\/Praimer-revestimentos-antiaderentes-anticorrosivos-brasil.jpg","type":"image\/jpeg"}],"twitter_card":"summary_large_image","twitter_misc":{"Est. reading time":"2 minutes"},"schema":{"@context":"https:\/\/schema.org","@graph":[{"@type":"WebPage","@id":"https:\/\/www.praimer.com.br\/en\/revestimentos-weilburger\/","url":"https:\/\/www.praimer.com.br\/en\/revestimentos-weilburger\/","name":"Revestimentos Weilburger - Praimer","isPartOf":{"@id":"https:\/\/www.praimer.com.br\/en\/#website"},"datePublished":"2023-09-05T13:45:30+00:00","dateModified":"2023-09-05T15:10:10+00:00","breadcrumb":{"@id":"https:\/\/www.praimer.com.br\/en\/revestimentos-weilburger\/#breadcrumb"},"inLanguage":"en-US","potentialAction":[{"@type":"ReadAction","target":["https:\/\/www.praimer.com.br\/en\/revestimentos-weilburger\/"]}]},{"@type":"BreadcrumbList","@id":"https:\/\/www.praimer.com.br\/en\/revestimentos-weilburger\/#breadcrumb","itemListElement":[{"@type":"ListItem","position":1,"name":"Portada","item":"https:\/\/www.praimer.com.br\/en\/"},{"@type":"ListItem","position":2,"name":"Revestimentos Weilburger"}]},{"@type":"WebSite","@id":"https:\/\/www.praimer.com.br\/en\/#website","url":"https:\/\/www.praimer.com.br\/en\/","name":"Praimer","description":"Aplica\u00e7\u00e3o de revestimentos antiaderentes e anticorrosivos para a ind\u00fastria","potentialAction":[{"@type":"SearchAction","target":{"@type":"EntryPoint","urlTemplate":"https:\/\/www.praimer.com.br\/en\/?s={search_term_string}"},"query-input":{"@type":"PropertyValueSpecification","valueRequired":true,"valueName":"search_term_string"}}],"inLanguage":"en-US"}]}},"_links":{"self":[{"href":"https:\/\/www.praimer.com.br\/en\/wp-json\/wp\/v2\/pages\/3652","targetHints":{"allow":["GET"]}}],"collection":[{"href":"https:\/\/www.praimer.com.br\/en\/wp-json\/wp\/v2\/pages"}],"about":[{"href":"https:\/\/www.praimer.com.br\/en\/wp-json\/wp\/v2\/types\/page"}],"author":[{"embeddable":true,"href":"https:\/\/www.praimer.com.br\/en\/wp-json\/wp\/v2\/users\/2"}],"replies":[{"embeddable":true,"href":"https:\/\/www.praimer.com.br\/en\/wp-json\/wp\/v2\/comments?post=3652"}],"version-history":[{"count":10,"href":"https:\/\/www.praimer.com.br\/en\/wp-json\/wp\/v2\/pages\/3652\/revisions"}],"predecessor-version":[{"id":3704,"href":"https:\/\/www.praimer.com.br\/en\/wp-json\/wp\/v2\/pages\/3652\/revisions\/3704"}],"wp:attachment":[{"href":"https:\/\/www.praimer.com.br\/en\/wp-json\/wp\/v2\/media?parent=3652"}],"curies":[{"name":"wp","href":"https:\/\/api.w.org\/{rel}","templated":true}]}}