{"id":3609,"date":"2023-09-05T08:40:10","date_gmt":"2023-09-05T11:40:10","guid":{"rendered":"https:\/\/www.praimer.com.br\/?page_id=3609"},"modified":"2023-09-05T11:34:18","modified_gmt":"2023-09-05T14:34:18","slug":"revestimento-whitford-xylan","status":"publish","type":"page","link":"https:\/\/www.praimer.com.br\/en\/revestimento-whitford-xylan\/","title":{"rendered":"Revestimento Xylan"},"content":{"rendered":"<div id=\"pl-3609\"  class=\"panel-layout\" ><div id=\"pg-3609-0\"  class=\"panel-grid panel-has-style\" ><div style=\"padding: 0px 0; \" data-overlay=\"true\" data-overlay-color=\"#000000\" class=\"panel-row-style panel-row-style-for-3609-0\" ><div id=\"pgc-3609-0-0\"  class=\"panel-grid-cell\" ><div id=\"panel-3609-0-0-0\" class=\"so-panel widget widget_sow-image panel-first-child panel-last-child\" data-index=\"0\" ><div style=\"text-align: left;\" data-title-color=\"#47425d\" data-headings-color=\"#443f3f\" data-title_alignment=\"center\" class=\"panel-widget-style panel-widget-style-for-3609-0-0-0\" ><div\n\t\t\t\n\t\t\tclass=\"so-widget-sow-image so-widget-sow-image-default-c67d20f9f743-3609\"\n\t\t\t\n\t\t>\n<div class=\"sow-image-container\">\n\t\t<img \n\tsrc=\"https:\/\/www.praimer.com.br\/wp-content\/uploads\/2023\/07\/Recubrimiento-Whitford_Xylan.png\" width=\"197\" height=\"197\" srcset=\"https:\/\/www.praimer.com.br\/wp-content\/uploads\/2023\/07\/Recubrimiento-Whitford_Xylan.png 197w, https:\/\/www.praimer.com.br\/wp-content\/uploads\/2023\/07\/Recubrimiento-Whitford_Xylan-150x150.png 150w\" sizes=\"(max-width: 197px) 100vw, 197px\" alt=\"\" \t\tclass=\"so-widget-image\"\/>\n\t<\/div>\n\n<\/div><\/div><\/div><\/div><div id=\"pgc-3609-0-1\"  class=\"panel-grid-cell\" ><div id=\"panel-3609-0-1-0\" class=\"so-panel widget widget_sow-editor panel-first-child panel-last-child\" data-index=\"1\" ><div style=\"text-align: left;\" data-title-color=\"#47425d\" data-headings-color=\"#000000\" data-title_alignment=\"center\" class=\"panel-widget-style panel-widget-style-for-3609-0-1-0\" ><div\n\t\t\t\n\t\t\tclass=\"so-widget-sow-editor so-widget-sow-editor-base\"\n\t\t\t\n\t\t>\n<div class=\"siteorigin-widget-tinymce textwidget\">\n\t<p>&nbsp;<\/p>\n<h1 style=\"text-align: left;\">Xylan\u00ae Coatings<\/h1>\n<hr align=\"left\" \/>\n<p style=\"text-align: justify;\">Xylan\u00ae stands out as the leading brand of industrial coatings developed by Whitford. This renowned brand encompasses a wide range of fluoropolymer compounds and non-stick resins, known for their low coefficient of friction. These coatings offer advanced solutions for various industrial applications, providing superior non-stick properties and optimal performance in terms of friction reduction.<\/p>\n<\/div>\n<\/div><\/div><\/div><\/div><\/div><\/div><div id=\"pg-3609-1\"  class=\"panel-grid panel-has-style\" ><div class=\"FRANJA-BLAVA-TITOL siteorigin-panels-stretch panel-row-style panel-row-style-for-3609-1\" style=\"padding: 0px 0; \" data-stretch-type=\"full\" data-overlay=\"true\" data-overlay-color=\"#000000\" ><div id=\"pgc-3609-1-0\"  class=\"panel-grid-cell\" ><div id=\"panel-3609-1-0-0\" class=\"so-panel widget widget_sow-editor panel-first-child panel-last-child\" data-index=\"2\" ><div style=\"text-align: left;\" data-title-color=\"#47425d\" data-headings-color=\"#443f3f\" data-title_alignment=\"center\" class=\"panel-widget-style panel-widget-style-for-3609-1-0-0\" ><div\n\t\t\t\n\t\t\tclass=\"so-widget-sow-editor so-widget-sow-editor-base\"\n\t\t\t\n\t\t>\n<div class=\"siteorigin-widget-tinymce textwidget\">\n\t<h2 style=\"text-align: center;\">Properties and Applications of Xylan\u00ae Coating<\/h2>\n<\/div>\n<\/div><\/div><\/div><\/div><\/div><\/div><div id=\"pg-3609-2\"  class=\"panel-grid panel-has-style\" ><div class=\"BGC-GRIS siteorigin-panels-stretch panel-row-style panel-row-style-for-3609-2\" style=\"padding: 50px 0; \" data-stretch-type=\"full\" data-overlay=\"true\" data-overlay-color=\"#000000\" ><div id=\"pgc-3609-2-0\"  class=\"panel-grid-cell\" ><div id=\"panel-3609-2-0-0\" class=\"so-panel widget widget_sow-editor panel-first-child panel-last-child\" data-index=\"3\" ><div style=\"text-align: left;\" data-title-color=\"#47425d\" data-headings-color=\"#443f3f\" data-title_alignment=\"center\" class=\"panel-widget-style panel-widget-style-for-3609-2-0-0\" ><div\n\t\t\t\n\t\t\tclass=\"so-widget-sow-editor so-widget-sow-editor-base\"\n\t\t\t\n\t\t>\n<div class=\"siteorigin-widget-tinymce textwidget\">\n\t<p>Xylan\u00ae coatings primarily function as dry lubricants but they also possess numerous additional beneficial properties. These lubricants are combined with cutting-edge high-temperature organic polymers, resulting in plastic alloys with unique properties. As a result, Xylan\u00ae coatings can withstand heavy loads, high temperatures, and chemical and corrosive environments.<\/p>\n<p>These coatings can be applied in one or multiple layers, either in conventional or reinforced systems. In general, some of their main properties include:<\/p>\n<ul>\n<li>Low coefficient of friction<\/li>\n<li>Wear resistance<\/li>\n<li>Resistance to corrosion and chemical agents in most environments<\/li>\n<li>Resistance to both direct sunlight and seawater<\/li>\n<li>Operating temperature range between -250\u00baC and 285\u00baC<\/li>\n<li>Wide range of colors<\/li>\n<li>High flexibility<\/li>\n<li>Good machinability<\/li>\n<li>A curing schedule<\/li>\n<li>Excellent adhesion to most substrates<\/li>\n<\/ul>\n<p>Xylan\u00ae coatings are based on a combination of fluoropolymers such as PTFE, PFA, and FEP. These different compositions allow for tailoring the performance of the coatings to various uses and specific industries, such as household items, industrial baking, automotive, and even the oil and gas industry. Each composition offers distinct characteristics that meet the needs and demands of each particular sector.<\/p>\n<\/div>\n<\/div><\/div><\/div><\/div><\/div><\/div><div id=\"pg-3609-3\"  class=\"panel-grid panel-has-style\" ><div class=\"siteorigin-panels-stretch panel-row-style panel-row-style-for-3609-3\" style=\"padding: 50px 0; \" data-stretch-type=\"full\" data-overlay=\"true\" data-overlay-color=\"#000000\" ><div id=\"pgc-3609-3-0\"  class=\"panel-grid-cell panel-grid-cell-empty\" ><\/div><\/div><\/div><div id=\"pg-3609-4\"  class=\"panel-grid panel-has-style\" ><div class=\"BGC-GRIS siteorigin-panels-stretch panel-row-style panel-row-style-for-3609-4\" style=\"padding: 50px 0; \" data-stretch-type=\"full\" data-overlay=\"true\" data-overlay-color=\"#000000\" ><div id=\"pgc-3609-4-0\"  class=\"panel-grid-cell\" ><div id=\"panel-3609-4-0-0\" class=\"so-panel widget widget_siteorigin-panels-builder panel-first-child panel-last-child\" data-index=\"4\" ><div style=\"text-align: left;\" data-title-color=\"#47425d\" data-headings-color=\"#443f3f\" data-title_alignment=\"center\" class=\"panel-widget-style panel-widget-style-for-3609-4-0-0\" ><div id=\"pl-w64f7140e87ea3\"  class=\"panel-layout\" ><div id=\"pg-w64f7140e87ea3-0\"  class=\"panel-grid panel-has-style\" ><div style=\"padding: 0px 0; \" data-overlay=\"true\" data-overlay-color=\"#000000\" class=\"panel-row-style panel-row-style-for-w64f7140e87ea3-0\" ><div id=\"pgc-w64f7140e87ea3-0-0\"  class=\"panel-grid-cell\" ><div id=\"panel-w64f7140e87ea3-0-0-0\" class=\"so-panel widget widget_sow-editor panel-first-child panel-last-child\" data-index=\"0\" ><div style=\"text-align: left;\" data-title-color=\"#47425d\" data-headings-color=\"#443f3f\" data-title_alignment=\"center\" class=\"panel-widget-style panel-widget-style-for-w64f7140e87ea3-0-0-0\" ><div\n\t\t\t\n\t\t\tclass=\"so-widget-sow-editor so-widget-sow-editor-base\"\n\t\t\t\n\t\t>\n<div class=\"siteorigin-widget-tinymce textwidget\">\n\t<p>&nbsp;<\/p>\n<h2 class=\"BLAU-FOSC\" style=\"text-align: center;\">References for Xylan\u00ae<\/h2>\n<\/div>\n<\/div><\/div><\/div><\/div><\/div><\/div><div id=\"pg-w64f7140e87ea3-1\"  class=\"panel-grid panel-has-style\" ><div style=\"padding: 0px 0; \" data-overlay=\"true\" data-overlay-color=\"#000000\" class=\"panel-row-style panel-row-style-for-w64f7140e87ea3-1\" ><div id=\"pgc-w64f7140e87ea3-1-0\"  class=\"panel-grid-cell\" ><div id=\"panel-w64f7140e87ea3-1-0-0\" class=\"so-panel widget widget_sow-editor panel-first-child panel-last-child\" data-index=\"1\" ><div style=\"text-align: left;\" data-title-color=\"#47425d\" data-headings-color=\"#443f3f\" data-title_alignment=\"center\" class=\"panel-widget-style panel-widget-style-for-w64f7140e87ea3-1-0-0\" ><div\n\t\t\t\n\t\t\tclass=\"so-widget-sow-editor so-widget-sow-editor-base\"\n\t\t\t\n\t\t>\n<div class=\"siteorigin-widget-tinymce textwidget\">\n\t<p style=\"text-align: center; padding-top: 40px;\"><b>Xylan 333<\/b><br \/>\n<b>Xylan 1006<\/b><br \/>\n<b>Xylan 1010<\/b><br \/>\n<b>Xylan 1014<\/b><br \/>\n<b>Xylan 1052<\/b><br \/>\n<b>Xylan 1054<\/b><br \/>\n<b>Xylan 1058<\/b><br \/>\n<b>Xylan 1070<\/b><br \/>\n<b>Xylan 1088<\/b><br \/>\n<b>Xylan 1220<\/b><br \/>\n<b>Xylan 1290<\/b><br \/>\n<b>Xylan 1270<\/b><br \/>\n<b>Xylan 1311<\/b><\/p>\n<\/div>\n<\/div><\/div><\/div><\/div><div id=\"pgc-w64f7140e87ea3-1-1\"  class=\"panel-grid-cell\" ><div id=\"panel-w64f7140e87ea3-1-1-0\" class=\"so-panel widget widget_sow-editor panel-first-child panel-last-child\" data-index=\"2\" ><div style=\"text-align: left;\" data-title-color=\"#47425d\" data-headings-color=\"#443f3f\" data-title_alignment=\"center\" class=\"panel-widget-style panel-widget-style-for-w64f7140e87ea3-1-1-0\" ><div\n\t\t\t\n\t\t\tclass=\"so-widget-sow-editor so-widget-sow-editor-base\"\n\t\t\t\n\t\t>\n<div class=\"siteorigin-widget-tinymce textwidget\">\n\t<p style=\"text-align: center; padding-top: 40px;\"><b>Xylan 1331<\/b><br \/>\n<b>Xylan 1391<\/b><br \/>\n<b>Xylan 1400<\/b><br \/>\n<b>Xylan 1420<\/b><br \/>\n<b>Xylan 1421<\/b><br \/>\n<b>Xylan 1424<\/b><br \/>\n<b>Xylan 1425<\/b><br \/>\n<b>Xylan 1427<\/b><br \/>\n<b>Xylan 1514<\/b><br \/>\n<b>Xylan 1631<\/b><br \/>\n<b>Xylan 1632<\/b><br \/>\n<b>Xylan 1642<\/b><br \/>\n<b>Xylan 1661<\/b><\/p>\n<\/div>\n<\/div><\/div><\/div><\/div><div id=\"pgc-w64f7140e87ea3-1-2\"  class=\"panel-grid-cell\" ><div id=\"panel-w64f7140e87ea3-1-2-0\" class=\"so-panel widget widget_sow-editor panel-first-child panel-last-child\" data-index=\"3\" ><div style=\"text-align: left;\" data-title-color=\"#47425d\" data-headings-color=\"#443f3f\" data-title_alignment=\"center\" class=\"panel-widget-style panel-widget-style-for-w64f7140e87ea3-1-2-0\" ><div\n\t\t\t\n\t\t\tclass=\"so-widget-sow-editor so-widget-sow-editor-base\"\n\t\t\t\n\t\t>\n<div class=\"siteorigin-widget-tinymce textwidget\">\n\t<p style=\"text-align: center; padding-top: 40px;\"><b>Xylan 1700<\/b><br \/>\n<b>Xylan 1756<\/b><br \/>\n<b>Xylan 2000<\/b><br \/>\n<b>Xylan 4016<\/b><br \/>\n<b>Xylan 4018<\/b><br \/>\n<b>Xylan 4090<\/b><br \/>\n<b>Xylan 4248<\/b><br \/>\n<b>Xylan 4430<\/b><br \/>\n<b>Xylan 4500<\/b><br \/>\n<b>Xylan 5200<\/b><br \/>\n<b>Xylan 5230<\/b><br \/>\n<b>Xylan 5251<\/b><br \/>\n<b>Xylan 5420<\/b><\/p>\n<\/div>\n<\/div><\/div><\/div><\/div><div id=\"pgc-w64f7140e87ea3-1-3\"  class=\"panel-grid-cell\" ><div id=\"panel-w64f7140e87ea3-1-3-0\" class=\"so-panel widget widget_sow-editor panel-first-child panel-last-child\" data-index=\"4\" ><div style=\"text-align: left;\" data-title-color=\"#47425d\" data-headings-color=\"#443f3f\" data-title_alignment=\"center\" class=\"panel-widget-style panel-widget-style-for-w64f7140e87ea3-1-3-0\" ><div\n\t\t\t\n\t\t\tclass=\"so-widget-sow-editor so-widget-sow-editor-base\"\n\t\t\t\n\t\t>\n<div class=\"siteorigin-widget-tinymce textwidget\">\n\t<p style=\"text-align: center; padding-top: 40px;\"><b>Xylan 8005<\/b><br \/>\n<b>Xylan 8106<\/b><br \/>\n<b>Xylan 8110<\/b><br \/>\n<b>Xylan 8160<\/b><br \/>\n<b>Xylan 8221<\/b><br \/>\n<b>Xylan 8222<\/b><br \/>\n<b>Xylan 8223<\/b><br \/>\n<b>Xylan 8224<\/b><br \/>\n<b>Xylan 8254<\/b><br \/>\n<b>Xylan 8255<\/b><br \/>\n<b>Xylan 8257<\/b><br \/>\n<b>Xylan 8333<\/b><br \/>\n<b>Xylan 8514<\/b><\/p>\n<\/div>\n<\/div><\/div><\/div><\/div><div id=\"pgc-w64f7140e87ea3-1-4\"  class=\"panel-grid-cell\" ><div id=\"panel-w64f7140e87ea3-1-4-0\" class=\"so-panel widget widget_sow-editor panel-first-child panel-last-child\" data-index=\"5\" ><div style=\"text-align: left;\" data-title-color=\"#47425d\" data-headings-color=\"#443f3f\" data-title_alignment=\"center\" class=\"panel-widget-style panel-widget-style-for-w64f7140e87ea3-1-4-0\" ><div\n\t\t\t\n\t\t\tclass=\"so-widget-sow-editor so-widget-sow-editor-base\"\n\t\t\t\n\t\t>\n<div class=\"siteorigin-widget-tinymce textwidget\">\n\t<p style=\"text-align: center; padding-top: 40px;\"><b>Xylan 8530<\/b><br \/>\n<b>Xylan 8620S<\/b><br \/>\n<b>Xylan 8810<\/b><br \/>\n<b>Xylan 8820<\/b><br \/>\n<b>Xylan 8840<\/b><br \/>\n<b>Xylan 8843<\/b><br \/>\n<b>Xylan 8870<\/b><br \/>\n<b>Xylan 8920<\/b><br \/>\n<b>Xylan 9888<\/b><br \/>\n<b>Xylan 80-018<\/b><br \/>\n<b>Xylan 80-030<\/b><br \/>\n<b>Xylan 80-087<\/b><br \/>\n<b>Xylan 80-178<\/b><\/p>\n<\/div>\n<\/div><\/div><\/div><\/div><div id=\"pgc-w64f7140e87ea3-1-5\"  class=\"panel-grid-cell\" ><div id=\"panel-w64f7140e87ea3-1-5-0\" class=\"so-panel widget widget_sow-editor panel-first-child panel-last-child\" data-index=\"6\" ><div style=\"text-align: left;\" data-title-color=\"#47425d\" data-headings-color=\"#443f3f\" data-title_alignment=\"center\" class=\"panel-widget-style panel-widget-style-for-w64f7140e87ea3-1-5-0\" ><div\n\t\t\t\n\t\t\tclass=\"so-widget-sow-editor so-widget-sow-editor-base\"\n\t\t\t\n\t\t>\n<div class=\"siteorigin-widget-tinymce textwidget\">\n\t<p style=\"text-align: center; padding-top: 40px;\"><b>Xylan 80-510<\/b><br \/>\n<b>Xylan 80-511<\/b><br \/>\n<b>Xylan 80-550<\/b><br \/>\n<b>Xylan 80-610<\/b><br \/>\n<b>Xylan 80-650<\/b><br \/>\n<b>Xylan 80-787<\/b><br \/>\n<b>Xylan 88-040<\/b><br \/>\n<b>Xylan 88-042<\/b><br \/>\n<b>Xylan 88-043<\/b><br \/>\n<b>Xylan 88-044<\/b><br \/>\n<b>Xylan XLR 17<\/b><br \/>\n<b>Eterna\u00ae 17<\/b><br \/>\n<b>Eterna\u00ae 71<\/b><br \/>\n<b>Eterna\u00ae 73<\/b><\/p>\n<\/div>\n<\/div><\/div><\/div><\/div><\/div><\/div><\/div><\/div><\/div><\/div><\/div><\/div><\/div>","protected":false},"excerpt":{"rendered":"<p>&nbsp; Xylan\u00ae Coatings Xylan\u00ae stands out as the leading brand of industrial coatings developed by Whitford. This renowned brand encompasses a wide range of fluoropolymer compounds and non-stick resins, known for their low coefficient of friction. These coatings offer advanced solutions for various industrial applications, providing superior non-stick properties and optimal performance in terms of [&hellip;]<\/p>\n","protected":false},"author":2,"featured_media":0,"parent":0,"menu_order":0,"comment_status":"closed","ping_status":"closed","template":"page-templates\/page_fullwidth.php","meta":{"footnotes":""},"class_list":["post-3609","page","type-page","status-publish","hentry"],"yoast_head":"<!-- This site is optimized with the Yoast SEO plugin v27.4 - https:\/\/yoast.com\/product\/yoast-seo-wordpress\/ -->\n<title>Revestimento Xylan - Praimer<\/title>\n<meta name=\"robots\" content=\"index, follow, max-snippet:-1, max-image-preview:large, max-video-preview:-1\" \/>\n<link rel=\"canonical\" href=\"https:\/\/www.praimer.com.br\/en\/revestimento-whitford-xylan\/\" \/>\n<meta property=\"og:locale\" content=\"en_US\" \/>\n<meta property=\"og:type\" content=\"article\" \/>\n<meta property=\"og:title\" content=\"Revestimento Xylan - Praimer\" \/>\n<meta property=\"og:description\" content=\"&nbsp; Xylan\u00ae Coatings Xylan\u00ae stands out as the leading brand of industrial coatings developed by Whitford. This renowned brand encompasses a wide range of fluoropolymer compounds and non-stick resins, known for their low coefficient of friction. These coatings offer advanced solutions for various industrial applications, providing superior non-stick properties and optimal performance in terms of [&hellip;]\" \/>\n<meta property=\"og:url\" content=\"https:\/\/www.praimer.com.br\/en\/revestimento-whitford-xylan\/\" \/>\n<meta property=\"og:site_name\" content=\"Praimer\" \/>\n<meta property=\"article:publisher\" content=\"https:\/\/www.facebook.com\/praimerrevestimentos\" \/>\n<meta property=\"article:modified_time\" content=\"2023-09-05T14:34:18+00:00\" \/>\n<meta property=\"og:image\" content=\"https:\/\/www.praimer.com.br\/wp-content\/uploads\/2019\/12\/Praimer-revestimentos-antiaderentes-anticorrosivos-brasil.jpg\" \/>\n\t<meta property=\"og:image:width\" content=\"900\" \/>\n\t<meta property=\"og:image:height\" content=\"329\" \/>\n\t<meta property=\"og:image:type\" content=\"image\/jpeg\" \/>\n<meta name=\"twitter:card\" content=\"summary_large_image\" \/>\n<meta name=\"twitter:label1\" content=\"Est. reading time\" \/>\n\t<meta name=\"twitter:data1\" content=\"2 minutes\" \/>\n<script type=\"application\/ld+json\" class=\"yoast-schema-graph\">{\"@context\":\"https:\\\/\\\/schema.org\",\"@graph\":[{\"@type\":\"WebPage\",\"@id\":\"https:\\\/\\\/www.praimer.com.br\\\/en\\\/revestimento-whitford-xylan\\\/\",\"url\":\"https:\\\/\\\/www.praimer.com.br\\\/en\\\/revestimento-whitford-xylan\\\/\",\"name\":\"Revestimento Xylan - Praimer\",\"isPartOf\":{\"@id\":\"https:\\\/\\\/www.praimer.com.br\\\/en\\\/#website\"},\"datePublished\":\"2023-09-05T11:40:10+00:00\",\"dateModified\":\"2023-09-05T14:34:18+00:00\",\"breadcrumb\":{\"@id\":\"https:\\\/\\\/www.praimer.com.br\\\/en\\\/revestimento-whitford-xylan\\\/#breadcrumb\"},\"inLanguage\":\"en-US\",\"potentialAction\":[{\"@type\":\"ReadAction\",\"target\":[\"https:\\\/\\\/www.praimer.com.br\\\/en\\\/revestimento-whitford-xylan\\\/\"]}]},{\"@type\":\"BreadcrumbList\",\"@id\":\"https:\\\/\\\/www.praimer.com.br\\\/en\\\/revestimento-whitford-xylan\\\/#breadcrumb\",\"itemListElement\":[{\"@type\":\"ListItem\",\"position\":1,\"name\":\"Portada\",\"item\":\"https:\\\/\\\/www.praimer.com.br\\\/en\\\/\"},{\"@type\":\"ListItem\",\"position\":2,\"name\":\"Revestimento Xylan\"}]},{\"@type\":\"WebSite\",\"@id\":\"https:\\\/\\\/www.praimer.com.br\\\/en\\\/#website\",\"url\":\"https:\\\/\\\/www.praimer.com.br\\\/en\\\/\",\"name\":\"Praimer\",\"description\":\"Aplica\u00e7\u00e3o de revestimentos antiaderentes e anticorrosivos para a ind\u00fastria\",\"potentialAction\":[{\"@type\":\"SearchAction\",\"target\":{\"@type\":\"EntryPoint\",\"urlTemplate\":\"https:\\\/\\\/www.praimer.com.br\\\/en\\\/?s={search_term_string}\"},\"query-input\":{\"@type\":\"PropertyValueSpecification\",\"valueRequired\":true,\"valueName\":\"search_term_string\"}}],\"inLanguage\":\"en-US\"}]}<\/script>\n<!-- \/ Yoast SEO plugin. -->","yoast_head_json":{"title":"Revestimento Xylan - Praimer","robots":{"index":"index","follow":"follow","max-snippet":"max-snippet:-1","max-image-preview":"max-image-preview:large","max-video-preview":"max-video-preview:-1"},"canonical":"https:\/\/www.praimer.com.br\/en\/revestimento-whitford-xylan\/","og_locale":"en_US","og_type":"article","og_title":"Revestimento Xylan - Praimer","og_description":"&nbsp; Xylan\u00ae Coatings Xylan\u00ae stands out as the leading brand of industrial coatings developed by Whitford. This renowned brand encompasses a wide range of fluoropolymer compounds and non-stick resins, known for their low coefficient of friction. These coatings offer advanced solutions for various industrial applications, providing superior non-stick properties and optimal performance in terms of [&hellip;]","og_url":"https:\/\/www.praimer.com.br\/en\/revestimento-whitford-xylan\/","og_site_name":"Praimer","article_publisher":"https:\/\/www.facebook.com\/praimerrevestimentos","article_modified_time":"2023-09-05T14:34:18+00:00","og_image":[{"width":900,"height":329,"url":"https:\/\/www.praimer.com.br\/wp-content\/uploads\/2019\/12\/Praimer-revestimentos-antiaderentes-anticorrosivos-brasil.jpg","type":"image\/jpeg"}],"twitter_card":"summary_large_image","twitter_misc":{"Est. reading time":"2 minutes"},"schema":{"@context":"https:\/\/schema.org","@graph":[{"@type":"WebPage","@id":"https:\/\/www.praimer.com.br\/en\/revestimento-whitford-xylan\/","url":"https:\/\/www.praimer.com.br\/en\/revestimento-whitford-xylan\/","name":"Revestimento Xylan - Praimer","isPartOf":{"@id":"https:\/\/www.praimer.com.br\/en\/#website"},"datePublished":"2023-09-05T11:40:10+00:00","dateModified":"2023-09-05T14:34:18+00:00","breadcrumb":{"@id":"https:\/\/www.praimer.com.br\/en\/revestimento-whitford-xylan\/#breadcrumb"},"inLanguage":"en-US","potentialAction":[{"@type":"ReadAction","target":["https:\/\/www.praimer.com.br\/en\/revestimento-whitford-xylan\/"]}]},{"@type":"BreadcrumbList","@id":"https:\/\/www.praimer.com.br\/en\/revestimento-whitford-xylan\/#breadcrumb","itemListElement":[{"@type":"ListItem","position":1,"name":"Portada","item":"https:\/\/www.praimer.com.br\/en\/"},{"@type":"ListItem","position":2,"name":"Revestimento Xylan"}]},{"@type":"WebSite","@id":"https:\/\/www.praimer.com.br\/en\/#website","url":"https:\/\/www.praimer.com.br\/en\/","name":"Praimer","description":"Aplica\u00e7\u00e3o de revestimentos antiaderentes e anticorrosivos para a ind\u00fastria","potentialAction":[{"@type":"SearchAction","target":{"@type":"EntryPoint","urlTemplate":"https:\/\/www.praimer.com.br\/en\/?s={search_term_string}"},"query-input":{"@type":"PropertyValueSpecification","valueRequired":true,"valueName":"search_term_string"}}],"inLanguage":"en-US"}]}},"_links":{"self":[{"href":"https:\/\/www.praimer.com.br\/en\/wp-json\/wp\/v2\/pages\/3609","targetHints":{"allow":["GET"]}}],"collection":[{"href":"https:\/\/www.praimer.com.br\/en\/wp-json\/wp\/v2\/pages"}],"about":[{"href":"https:\/\/www.praimer.com.br\/en\/wp-json\/wp\/v2\/types\/page"}],"author":[{"embeddable":true,"href":"https:\/\/www.praimer.com.br\/en\/wp-json\/wp\/v2\/users\/2"}],"replies":[{"embeddable":true,"href":"https:\/\/www.praimer.com.br\/en\/wp-json\/wp\/v2\/comments?post=3609"}],"version-history":[{"count":8,"href":"https:\/\/www.praimer.com.br\/en\/wp-json\/wp\/v2\/pages\/3609\/revisions"}],"predecessor-version":[{"id":3613,"href":"https:\/\/www.praimer.com.br\/en\/wp-json\/wp\/v2\/pages\/3609\/revisions\/3613"}],"wp:attachment":[{"href":"https:\/\/www.praimer.com.br\/en\/wp-json\/wp\/v2\/media?parent=3609"}],"curies":[{"name":"wp","href":"https:\/\/api.w.org\/{rel}","templated":true}]}}