{"id":3541,"date":"2023-09-05T07:14:29","date_gmt":"2023-09-05T10:14:29","guid":{"rendered":"https:\/\/www.praimer.com.br\/?page_id=3541"},"modified":"2023-09-05T11:32:41","modified_gmt":"2023-09-05T14:32:41","slug":"revestimento-azkonobel-resicoat","status":"publish","type":"page","link":"https:\/\/www.praimer.com.br\/en\/revestimento-azkonobel-resicoat\/","title":{"rendered":"Revestimento Resicoat"},"content":{"rendered":"<div id=\"pl-3541\"  class=\"panel-layout\" ><div id=\"pg-3541-0\"  class=\"panel-grid panel-has-style\" ><div style=\"padding: 0px 0; \" data-overlay=\"true\" data-overlay-color=\"#000000\" class=\"panel-row-style panel-row-style-for-3541-0\" ><div id=\"pgc-3541-0-0\"  class=\"panel-grid-cell\" ><div id=\"panel-3541-0-0-0\" class=\"so-panel widget widget_sow-image panel-first-child panel-last-child\" data-index=\"0\" ><div style=\"text-align: left;\" data-title-color=\"#47425d\" data-headings-color=\"#443f3f\" data-title_alignment=\"center\" class=\"panel-widget-style panel-widget-style-for-3541-0-0-0\" ><div\n\t\t\t\n\t\t\tclass=\"so-widget-sow-image so-widget-sow-image-default-c67d20f9f743-3541\"\n\t\t\t\n\t\t>\n<div class=\"sow-image-container\">\n\t\t<img \n\tsrc=\"https:\/\/www.praimer.com.br\/wp-content\/uploads\/2023\/07\/recubrimientos-akzonobel-resicoat-1.png\" width=\"197\" height=\"197\" srcset=\"https:\/\/www.praimer.com.br\/wp-content\/uploads\/2023\/07\/recubrimientos-akzonobel-resicoat-1.png 197w, https:\/\/www.praimer.com.br\/wp-content\/uploads\/2023\/07\/recubrimientos-akzonobel-resicoat-1-150x150.png 150w\" sizes=\"(max-width: 197px) 100vw, 197px\" title=\"recubrimientos-akzonobel-resicoat\" alt=\"\" \t\tclass=\"so-widget-image\"\/>\n\t<\/div>\n\n<\/div><\/div><\/div><\/div><div id=\"pgc-3541-0-1\"  class=\"panel-grid-cell\" ><div id=\"panel-3541-0-1-0\" class=\"so-panel widget widget_sow-editor panel-first-child panel-last-child\" data-index=\"1\" ><div style=\"text-align: left;\" data-title-color=\"#47425d\" data-headings-color=\"#000000\" data-title_alignment=\"center\" class=\"panel-widget-style panel-widget-style-for-3541-0-1-0\" ><div\n\t\t\t\n\t\t\tclass=\"so-widget-sow-editor so-widget-sow-editor-base\"\n\t\t\t\n\t\t>\n<div class=\"siteorigin-widget-tinymce textwidget\">\n\t<p>&nbsp;<\/p>\n<h1 style=\"text-align: left;\">Resicoat\u00ae Coatings<\/h1>\n<hr align=\"left\" \/>\n<p style=\"text-align: justify;\">AkzoNobel offers Resicoat\u00ae powder coatings, a solvent-free solution that offers superior protection for coated parts in harsh environments. These powder coatings have a lower environmental footprint than equivalent liquids and do not contain VOCs or heavy metals in their formulation.<\/p>\n<p style=\"text-align: justify;\">Resicoat\u00ae also holds a global environmental certification, SMaRT, and has the potential to reduce coating costs. In addition to its use in corrosion protection in valves, Resicoat\u00ae powder coatings are employed for insulation and corrosion protection in electronic components, among other applications.<\/p>\n<\/div>\n<\/div><\/div><\/div><\/div><\/div><\/div><div id=\"pg-3541-1\"  class=\"panel-grid panel-has-style\" ><div class=\"FRANJA-BLAVA-TITOL siteorigin-panels-stretch panel-row-style panel-row-style-for-3541-1\" style=\"padding: 0px 0; \" data-stretch-type=\"full\" data-overlay=\"true\" data-overlay-color=\"#000000\" ><div id=\"pgc-3541-1-0\"  class=\"panel-grid-cell\" ><div id=\"panel-3541-1-0-0\" class=\"so-panel widget widget_sow-editor panel-first-child panel-last-child\" data-index=\"2\" ><div class=\"blanc panel-widget-style panel-widget-style-for-3541-1-0-0\" style=\"text-align: left;\" data-title-color=\"#47425d\" data-headings-color=\"#443f3f\" data-title_alignment=\"center\" ><div\n\t\t\t\n\t\t\tclass=\"so-widget-sow-editor so-widget-sow-editor-base\"\n\t\t\t\n\t\t>\n<div class=\"siteorigin-widget-tinymce textwidget\">\n\t<h2 style=\"text-align: center;\">Properties of Resicoat\u00ae Coating<\/h2>\n<\/div>\n<\/div><\/div><\/div><\/div><\/div><\/div><div id=\"pg-3541-2\"  class=\"panel-grid panel-has-style\" ><div class=\"BGC-GRIS siteorigin-panels-stretch panel-row-style panel-row-style-for-3541-2\" style=\"padding: 50px 0; \" data-stretch-type=\"full\" data-overlay=\"true\" data-overlay-color=\"#000000\" ><div id=\"pgc-3541-2-0\"  class=\"panel-grid-cell\" ><div id=\"panel-3541-2-0-0\" class=\"so-panel widget widget_sow-editor panel-first-child\" data-index=\"3\" ><div style=\"text-align: left;\" data-title-color=\"#47425d\" data-headings-color=\"#443f3f\" data-title_alignment=\"center\" class=\"panel-widget-style panel-widget-style-for-3541-2-0-0\" ><div\n\t\t\t\n\t\t\tclass=\"so-widget-sow-editor so-widget-sow-editor-base\"\n\t\t\t\n\t\t>\n<div class=\"siteorigin-widget-tinymce textwidget\">\n\t<p class=\"TEXTOS-DESTACATS\" style=\"text-align: center;\">The range of Resicoat\u00ae powder products is applicable in various industrial sectors, providing solutions such as:<\/p>\n<\/div>\n<\/div><\/div><\/div><div id=\"panel-3541-2-0-1\" class=\"so-panel widget widget_sow-editor panel-last-child\" data-index=\"4\" ><div style=\"text-align: left;\" data-title-color=\"#47425d\" data-headings-color=\"#443f3f\" data-title_alignment=\"center\" class=\"panel-widget-style panel-widget-style-for-3541-2-0-1\" ><div\n\t\t\t\n\t\t\tclass=\"so-widget-sow-editor so-widget-sow-editor-base\"\n\t\t\t\n\t\t>\n<div class=\"siteorigin-widget-tinymce textwidget\">\n\t<p>&nbsp;<\/p>\n<p style=\"text-align: center;\"><strong>Electrical Insulation Coating<\/strong><br \/>\nResicoat\u00ae powder coatings have been used for electrical insulation applications since the late 1960s, and since then, they have been continuously improved and developed to meet the needs of new dielectric applications. The Resicoat\u00ae EL series offers epoxy powder coatings for insulating laminations in motors, metal bars in electrical distribution systems, as well as for small components like magnetic cores. These coatings offer an effective and durable solution to ensure high-quality electrical insulation in various applications.<\/p>\n<p style=\"text-align: center;\"><strong>Exterior and Interior Pipe Coating<\/strong><br \/>\nPipes are vital for transporting various energy resources, such as oil, natural gas, petrochemicals, and water. For this reason, it is crucial for them to operate safely and efficiently throughout their service life. To ensure this safety, it is essential to combine cathodic protection with protective coatings like Resicoat\u00ae. This combination not only helps to avoid high maintenance costs but also prevents potential environmental damage that could occur from leaks due to corrosion.<\/p>\n<p style=\"text-align: center;\"><strong>Coating for Rebar<\/strong><br \/>\nThe Resicoat\u00ae RB range protects the corrugated rebars used in the construction of reinforced concrete structures against corrosion. These coatings are designed to meet the most demanding standards, such as ASTM A775 and the US DOT's certification. Additionally, Resicoat\u00ae RB is available in flexible and non-flexible versions to adapt to a wide variety of construction sector needs. Moreover, it ensures the durability and reliability of concrete structures, thereby reducing long-term maintenance costs.<\/p>\n<p style=\"text-align: center;\"><strong>Coating for Valves and Fittings<\/strong><br \/>\nThe Resicoat R4 series of powder coatings has been specifically developed for applications that require exceptional resistance in hostile environments, such as the oil and gas industry and drinking water transportation. These epoxy powder coatings are approved for use in drinking water applications worldwide and also hold certifications for gas and biogas applications. The sealed and non-porous surface of Resicoat R4 protects valves from corrosion and reduces friction between the conveyed medium and the connection, thus preventing the accumulation of salts and organic materials on the coated surfaces.<\/p>\n<\/div>\n<\/div><\/div><\/div><\/div><\/div><\/div><div id=\"pg-3541-3\"  class=\"panel-grid panel-has-style\" ><div class=\"siteorigin-panels-stretch panel-row-style panel-row-style-for-3541-3\" style=\"padding: 50px 0; \" data-stretch-type=\"full\" data-overlay=\"true\" data-overlay-color=\"#000000\" ><div id=\"pgc-3541-3-0\"  class=\"panel-grid-cell\" ><div id=\"panel-3541-3-0-0\" class=\"so-panel widget widget_sow-editor panel-first-child\" data-index=\"5\" ><div style=\"text-align: left;\" data-title-color=\"#47425d\" data-headings-color=\"#443f3f\" data-title_alignment=\"center\" class=\"panel-widget-style panel-widget-style-for-3541-3-0-0\" ><div\n\t\t\t\n\t\t\tclass=\"so-widget-sow-editor so-widget-sow-editor-base\"\n\t\t\t\n\t\t>\n<div class=\"siteorigin-widget-tinymce textwidget\">\n\t<h2 class=\"BLAU-FOSC\" style=\"text-align: center;\">References for Resicoat<\/h2>\n<\/div>\n<\/div><\/div><\/div><div id=\"panel-3541-3-0-1\" class=\"so-panel widget widget_siteorigin-panels-builder panel-last-child\" data-index=\"6\" ><div style=\"text-align: left;\" data-title-color=\"#47425d\" data-headings-color=\"#443f3f\" data-title_alignment=\"center\" class=\"panel-widget-style panel-widget-style-for-3541-3-0-1\" ><div id=\"pl-w64f702f298ec7\"  class=\"panel-layout\" ><div id=\"pg-w64f702f298ec7-0\"  class=\"panel-grid panel-has-style\" ><div style=\"padding: 40px 0; \" data-overlay=\"true\" data-overlay-color=\"#000000\" class=\"panel-row-style panel-row-style-for-w64f702f298ec7-0\" ><div id=\"pgc-w64f702f298ec7-0-0\"  class=\"panel-grid-cell\" ><div id=\"panel-w64f702f298ec7-0-0-0\" class=\"so-panel widget widget_sow-editor panel-first-child panel-last-child\" data-index=\"0\" ><div style=\"text-align: left;\" data-title-color=\"#47425d\" data-headings-color=\"#443f3f\" data-title_alignment=\"center\" class=\"panel-widget-style panel-widget-style-for-w64f702f298ec7-0-0-0\" ><div\n\t\t\t\n\t\t\tclass=\"so-widget-sow-editor so-widget-sow-editor-base\"\n\t\t\t\n\t\t>\n<div class=\"siteorigin-widget-tinymce textwidget\">\n\t<p style=\"text-align: center;\"><b>HLF59R EL<\/b><br \/>\n<b>HLG03R EL201<\/b><br \/>\n<b>HKF97R EL3<\/b><br \/>\n<b>HGC20R EL<\/b><br \/>\n<b>HNE06R EL4<\/b><br \/>\n<b>HKE03R e-lock<\/b><br \/>\n<b>HNE03R e-lock<\/b><br \/>\n<b>HNH04R EL1<\/b><br \/>\n<b>HLF04R R-726<\/b><br \/>\n<b>HKF70R R-726A<\/b><\/p>\n<\/div>\n<\/div><\/div><\/div><\/div><div id=\"pgc-w64f702f298ec7-0-1\"  class=\"panel-grid-cell\" ><div id=\"panel-w64f702f298ec7-0-1-0\" class=\"so-panel widget widget_sow-editor panel-first-child panel-last-child\" data-index=\"1\" ><div style=\"text-align: left;\" data-title-color=\"#47425d\" data-headings-color=\"#443f3f\" data-title_alignment=\"center\" class=\"panel-widget-style panel-widget-style-for-w64f702f298ec7-0-1-0\" ><div\n\t\t\t\n\t\t\tclass=\"so-widget-sow-editor so-widget-sow-editor-base\"\n\t\t\t\n\t\t>\n<div class=\"siteorigin-widget-tinymce textwidget\">\n\t<p style=\"text-align: center;\"><b>HDF01R R-726LAT<\/b><br \/>\n<b>HKF58R R-735LD<\/b><br \/>\n<b>HLF76R R-726A<\/b><br \/>\n<b>HLF75R R-735LD<\/b><br \/>\n<b>HKF30R RB-600<\/b><br \/>\n<b>HEF06R R4-ES \/ ca. RAL 1023GL<\/b><br \/>\n<b>HGF03R R4-ES \/ ca. RAL 3011GL<\/b><br \/>\n<b>HGF10R R4-ES \/ redbrown<\/b><br \/>\n<b>HGF14R R4-ES \/ ca. RAL 3000<\/b><br \/>\n<b>HGF17R R4-ES \/ rust red<\/b><\/p>\n<\/div>\n<\/div><\/div><\/div><\/div><div id=\"pgc-w64f702f298ec7-0-2\"  class=\"panel-grid-cell\" ><div id=\"panel-w64f702f298ec7-0-2-0\" class=\"so-panel widget widget_sow-editor panel-first-child panel-last-child\" data-index=\"2\" ><div style=\"text-align: left;\" data-title-color=\"#47425d\" data-headings-color=\"#443f3f\" data-title_alignment=\"center\" class=\"panel-widget-style panel-widget-style-for-w64f702f298ec7-0-2-0\" ><div\n\t\t\t\n\t\t\tclass=\"so-widget-sow-editor so-widget-sow-editor-base\"\n\t\t\t\n\t\t>\n<div class=\"siteorigin-widget-tinymce textwidget\">\n\t<p style=\"text-align: center;\"><b>HJF01R R4-ES \/ ca. RAL 5005<\/b><br \/>\n<b>HJF10R R4-ES \/ ca. RAL 5017<\/b><br \/>\n<b>HJF13R R4-ES<\/b><br \/>\n<b>HJF14R R4-ES \/ ca. RAL 5015<\/b><br \/>\n<b>HJF19R R4-ES \/ ca. RAL 5010GL<\/b><br \/>\n<b>HJF22R R4-ES \/ ca. RAL 5015GL<\/b><br \/>\n<b>HJF23R R4-ES \/ ca. RAL 5003<\/b><br \/>\n<b>HJF24R R4-ES \/ ca. RAL 5013GL<\/b><br \/>\n<b>HJF26R R4-ES \/ ca. RAL 5005<\/b><br \/>\n<b>HJF42R R4-ES \/ blue<\/b><\/p>\n<\/div>\n<\/div><\/div><\/div><\/div><div id=\"pgc-w64f702f298ec7-0-3\"  class=\"panel-grid-cell\" ><div id=\"panel-w64f702f298ec7-0-3-0\" class=\"so-panel widget widget_sow-editor panel-first-child panel-last-child\" data-index=\"3\" ><div style=\"text-align: left;\" data-title-color=\"#47425d\" data-headings-color=\"#443f3f\" data-title_alignment=\"center\" class=\"panel-widget-style panel-widget-style-for-w64f702f298ec7-0-3-0\" ><div\n\t\t\t\n\t\t\tclass=\"so-widget-sow-editor so-widget-sow-editor-base\"\n\t\t\t\n\t\t>\n<div class=\"siteorigin-widget-tinymce textwidget\">\n\t<p style=\"text-align: center;\"><b>HKF47R R4-ES \/ green<\/b><br \/>\n<b>HNF04R R4-ES \/ ca. RAL 9005<\/b><br \/>\n<b>HGH02R R4-ES \/ redbrown<\/b><br \/>\n<b>HEC01R R4-FB \/ ca. RAL 1023GL<\/b><br \/>\n<b>HGC07R R4-FB \/ redbrown<\/b><br \/>\n<b>HGC17R R4-FB \/ redbrown<\/b><br \/>\n<b>HJC06R R4-FB \/ ca. RAL 5005<\/b><br \/>\n<b>HJC08R R4-FB \/ ca. RAL 5017<\/b><br \/>\n<b>HKC71R R4-FB \/ green<\/b><br \/>\n<b>HNC01R R4-FB \/ black<\/b><\/p>\n<\/div>\n<\/div><\/div><\/div><\/div><\/div><\/div><\/div><\/div><\/div><\/div><\/div><\/div><\/div>","protected":false},"excerpt":{"rendered":"<p>&nbsp; Resicoat\u00ae Coatings AkzoNobel offers Resicoat\u00ae powder coatings, a solvent-free solution that offers superior protection for coated parts in harsh environments. These powder coatings have a lower environmental footprint than equivalent liquids and do not contain VOCs or heavy metals in their formulation. Resicoat\u00ae also holds a global environmental certification, SMaRT, and has the potential [&hellip;]<\/p>\n","protected":false},"author":2,"featured_media":0,"parent":0,"menu_order":0,"comment_status":"closed","ping_status":"closed","template":"page-templates\/page_fullwidth.php","meta":{"_monsterinsights_skip_tracking":false,"_monsterinsights_sitenote_active":false,"_monsterinsights_sitenote_note":"","_monsterinsights_sitenote_category":0,"footnotes":""},"class_list":["post-3541","page","type-page","status-publish","hentry"],"yoast_head":"<!-- This site is optimized with the Yoast SEO plugin v27.3 - https:\/\/yoast.com\/product\/yoast-seo-wordpress\/ -->\n<title>Revestimento Resicoat - Praimer<\/title>\n<meta name=\"robots\" content=\"index, follow, max-snippet:-1, max-image-preview:large, max-video-preview:-1\" \/>\n<link rel=\"canonical\" href=\"https:\/\/www.praimer.com.br\/en\/revestimento-azkonobel-resicoat\/\" \/>\n<meta property=\"og:locale\" content=\"en_US\" \/>\n<meta property=\"og:type\" content=\"article\" \/>\n<meta property=\"og:title\" content=\"Revestimento Resicoat - Praimer\" \/>\n<meta property=\"og:description\" content=\"&nbsp; Resicoat\u00ae Coatings AkzoNobel offers Resicoat\u00ae powder coatings, a solvent-free solution that offers superior protection for coated parts in harsh environments. These powder coatings have a lower environmental footprint than equivalent liquids and do not contain VOCs or heavy metals in their formulation. Resicoat\u00ae also holds a global environmental certification, SMaRT, and has the potential [&hellip;]\" \/>\n<meta property=\"og:url\" content=\"https:\/\/www.praimer.com.br\/en\/revestimento-azkonobel-resicoat\/\" \/>\n<meta property=\"og:site_name\" content=\"Praimer\" \/>\n<meta property=\"article:publisher\" content=\"https:\/\/www.facebook.com\/praimerrevestimentos\" \/>\n<meta property=\"article:modified_time\" content=\"2023-09-05T14:32:41+00:00\" \/>\n<meta property=\"og:image\" content=\"https:\/\/www.praimer.com.br\/wp-content\/uploads\/2019\/12\/Praimer-revestimentos-antiaderentes-anticorrosivos-brasil.jpg\" \/>\n\t<meta property=\"og:image:width\" content=\"900\" \/>\n\t<meta property=\"og:image:height\" content=\"329\" \/>\n\t<meta property=\"og:image:type\" content=\"image\/jpeg\" \/>\n<meta name=\"twitter:card\" content=\"summary_large_image\" \/>\n<meta name=\"twitter:label1\" content=\"Est. reading time\" \/>\n\t<meta name=\"twitter:data1\" content=\"3 minutes\" \/>\n<script type=\"application\/ld+json\" class=\"yoast-schema-graph\">{\"@context\":\"https:\\\/\\\/schema.org\",\"@graph\":[{\"@type\":\"WebPage\",\"@id\":\"https:\\\/\\\/www.praimer.com.br\\\/en\\\/revestimento-azkonobel-resicoat\\\/\",\"url\":\"https:\\\/\\\/www.praimer.com.br\\\/en\\\/revestimento-azkonobel-resicoat\\\/\",\"name\":\"Revestimento Resicoat - Praimer\",\"isPartOf\":{\"@id\":\"https:\\\/\\\/www.praimer.com.br\\\/en\\\/#website\"},\"datePublished\":\"2023-09-05T10:14:29+00:00\",\"dateModified\":\"2023-09-05T14:32:41+00:00\",\"breadcrumb\":{\"@id\":\"https:\\\/\\\/www.praimer.com.br\\\/en\\\/revestimento-azkonobel-resicoat\\\/#breadcrumb\"},\"inLanguage\":\"en-US\",\"potentialAction\":[{\"@type\":\"ReadAction\",\"target\":[\"https:\\\/\\\/www.praimer.com.br\\\/en\\\/revestimento-azkonobel-resicoat\\\/\"]}]},{\"@type\":\"BreadcrumbList\",\"@id\":\"https:\\\/\\\/www.praimer.com.br\\\/en\\\/revestimento-azkonobel-resicoat\\\/#breadcrumb\",\"itemListElement\":[{\"@type\":\"ListItem\",\"position\":1,\"name\":\"Portada\",\"item\":\"https:\\\/\\\/www.praimer.com.br\\\/en\\\/\"},{\"@type\":\"ListItem\",\"position\":2,\"name\":\"Revestimento Resicoat\"}]},{\"@type\":\"WebSite\",\"@id\":\"https:\\\/\\\/www.praimer.com.br\\\/en\\\/#website\",\"url\":\"https:\\\/\\\/www.praimer.com.br\\\/en\\\/\",\"name\":\"Praimer\",\"description\":\"Aplica\u00e7\u00e3o de revestimentos antiaderentes e anticorrosivos para a ind\u00fastria\",\"potentialAction\":[{\"@type\":\"SearchAction\",\"target\":{\"@type\":\"EntryPoint\",\"urlTemplate\":\"https:\\\/\\\/www.praimer.com.br\\\/en\\\/?s={search_term_string}\"},\"query-input\":{\"@type\":\"PropertyValueSpecification\",\"valueRequired\":true,\"valueName\":\"search_term_string\"}}],\"inLanguage\":\"en-US\"}]}<\/script>\n<!-- \/ Yoast SEO plugin. -->","yoast_head_json":{"title":"Revestimento Resicoat - Praimer","robots":{"index":"index","follow":"follow","max-snippet":"max-snippet:-1","max-image-preview":"max-image-preview:large","max-video-preview":"max-video-preview:-1"},"canonical":"https:\/\/www.praimer.com.br\/en\/revestimento-azkonobel-resicoat\/","og_locale":"en_US","og_type":"article","og_title":"Revestimento Resicoat - Praimer","og_description":"&nbsp; Resicoat\u00ae Coatings AkzoNobel offers Resicoat\u00ae powder coatings, a solvent-free solution that offers superior protection for coated parts in harsh environments. These powder coatings have a lower environmental footprint than equivalent liquids and do not contain VOCs or heavy metals in their formulation. Resicoat\u00ae also holds a global environmental certification, SMaRT, and has the potential [&hellip;]","og_url":"https:\/\/www.praimer.com.br\/en\/revestimento-azkonobel-resicoat\/","og_site_name":"Praimer","article_publisher":"https:\/\/www.facebook.com\/praimerrevestimentos","article_modified_time":"2023-09-05T14:32:41+00:00","og_image":[{"width":900,"height":329,"url":"https:\/\/www.praimer.com.br\/wp-content\/uploads\/2019\/12\/Praimer-revestimentos-antiaderentes-anticorrosivos-brasil.jpg","type":"image\/jpeg"}],"twitter_card":"summary_large_image","twitter_misc":{"Est. reading time":"3 minutes"},"schema":{"@context":"https:\/\/schema.org","@graph":[{"@type":"WebPage","@id":"https:\/\/www.praimer.com.br\/en\/revestimento-azkonobel-resicoat\/","url":"https:\/\/www.praimer.com.br\/en\/revestimento-azkonobel-resicoat\/","name":"Revestimento Resicoat - Praimer","isPartOf":{"@id":"https:\/\/www.praimer.com.br\/en\/#website"},"datePublished":"2023-09-05T10:14:29+00:00","dateModified":"2023-09-05T14:32:41+00:00","breadcrumb":{"@id":"https:\/\/www.praimer.com.br\/en\/revestimento-azkonobel-resicoat\/#breadcrumb"},"inLanguage":"en-US","potentialAction":[{"@type":"ReadAction","target":["https:\/\/www.praimer.com.br\/en\/revestimento-azkonobel-resicoat\/"]}]},{"@type":"BreadcrumbList","@id":"https:\/\/www.praimer.com.br\/en\/revestimento-azkonobel-resicoat\/#breadcrumb","itemListElement":[{"@type":"ListItem","position":1,"name":"Portada","item":"https:\/\/www.praimer.com.br\/en\/"},{"@type":"ListItem","position":2,"name":"Revestimento Resicoat"}]},{"@type":"WebSite","@id":"https:\/\/www.praimer.com.br\/en\/#website","url":"https:\/\/www.praimer.com.br\/en\/","name":"Praimer","description":"Aplica\u00e7\u00e3o de revestimentos antiaderentes e anticorrosivos para a ind\u00fastria","potentialAction":[{"@type":"SearchAction","target":{"@type":"EntryPoint","urlTemplate":"https:\/\/www.praimer.com.br\/en\/?s={search_term_string}"},"query-input":{"@type":"PropertyValueSpecification","valueRequired":true,"valueName":"search_term_string"}}],"inLanguage":"en-US"}]}},"_links":{"self":[{"href":"https:\/\/www.praimer.com.br\/en\/wp-json\/wp\/v2\/pages\/3541","targetHints":{"allow":["GET"]}}],"collection":[{"href":"https:\/\/www.praimer.com.br\/en\/wp-json\/wp\/v2\/pages"}],"about":[{"href":"https:\/\/www.praimer.com.br\/en\/wp-json\/wp\/v2\/types\/page"}],"author":[{"embeddable":true,"href":"https:\/\/www.praimer.com.br\/en\/wp-json\/wp\/v2\/users\/2"}],"replies":[{"embeddable":true,"href":"https:\/\/www.praimer.com.br\/en\/wp-json\/wp\/v2\/comments?post=3541"}],"version-history":[{"count":9,"href":"https:\/\/www.praimer.com.br\/en\/wp-json\/wp\/v2\/pages\/3541\/revisions"}],"predecessor-version":[{"id":3547,"href":"https:\/\/www.praimer.com.br\/en\/wp-json\/wp\/v2\/pages\/3541\/revisions\/3547"}],"wp:attachment":[{"href":"https:\/\/www.praimer.com.br\/en\/wp-json\/wp\/v2\/media?parent=3541"}],"curies":[{"name":"wp","href":"https:\/\/api.w.org\/{rel}","templated":true}]}}