{"id":3483,"date":"2023-09-05T06:08:41","date_gmt":"2023-09-05T09:08:41","guid":{"rendered":"https:\/\/www.praimer.com.br\/?page_id=3483"},"modified":"2023-09-05T11:31:48","modified_gmt":"2023-09-05T14:31:48","slug":"revestimento-arkema-kynar","status":"publish","type":"page","link":"https:\/\/www.praimer.com.br\/en\/revestimento-arkema-kynar\/","title":{"rendered":"Revestimento Kynar"},"content":{"rendered":"<div id=\"pl-3483\"  class=\"panel-layout\" ><div id=\"pg-3483-0\"  class=\"panel-grid panel-has-style\" ><div style=\"padding: 0px 0; \" data-overlay=\"true\" data-overlay-color=\"#000000\" class=\"panel-row-style panel-row-style-for-3483-0\" ><div id=\"pgc-3483-0-0\"  class=\"panel-grid-cell\" ><div id=\"panel-3483-0-0-0\" class=\"so-panel widget widget_sow-image panel-first-child panel-last-child\" data-index=\"0\" ><div style=\"text-align: left;\" data-title-color=\"#47425d\" data-headings-color=\"#443f3f\" data-title_alignment=\"center\" class=\"panel-widget-style panel-widget-style-for-3483-0-0-0\" ><div\n\t\t\t\n\t\t\tclass=\"so-widget-sow-image so-widget-sow-image-default-c67d20f9f743-3483\"\n\t\t\t\n\t\t>\n<div class=\"sow-image-container\">\n\t\t<img \n\tsrc=\"https:\/\/www.praimer.com.br\/wp-content\/uploads\/2023\/07\/Kynar_Logo.png\" width=\"240\" height=\"197\" srcset=\"https:\/\/www.praimer.com.br\/wp-content\/uploads\/2023\/07\/Kynar_Logo.png 240w, https:\/\/www.praimer.com.br\/wp-content\/uploads\/2023\/07\/Kynar_Logo-230x189.png 230w\" sizes=\"(max-width: 240px) 100vw, 240px\" alt=\"\" \t\tclass=\"so-widget-image\"\/>\n\t<\/div>\n\n<\/div><\/div><\/div><\/div><div id=\"pgc-3483-0-1\"  class=\"panel-grid-cell\" ><div id=\"panel-3483-0-1-0\" class=\"so-panel widget widget_sow-editor panel-first-child panel-last-child\" data-index=\"1\" ><div style=\"text-align: left;\" data-title-color=\"#47425d\" data-headings-color=\"#000000\" data-title_alignment=\"center\" class=\"panel-widget-style panel-widget-style-for-3483-0-1-0\" ><div\n\t\t\t\n\t\t\tclass=\"so-widget-sow-editor so-widget-sow-editor-base\"\n\t\t\t\n\t\t>\n<div class=\"siteorigin-widget-tinymce textwidget\">\n\t<p>&nbsp;<\/p>\n<h1 style=\"text-align: left;\">Kynar\u00ae Coatings<\/h1>\n<hr align=\"left\" \/>\n<p style=\"text-align: justify;\">Arkema is a world leader in the production of PVDF and has invested more than 50 years in developing high-quality Kynar\u00ae PVDF resins for advanced applications in renewable energy, such as batteries and photovoltaic panels, as well as weight reduction in the automotive and in coatings with special resistance to the weather.<\/p>\n<p style=\"text-align: justify;\">Kynar 500\u00ae FSF\u00ae resin and coatings formulated with Kynar Aquatec\u00ae are examples of new developments with high resistance to outdoor weather conditions in architectural coatings, demonstrating the durability of Kynar\u00ae PVDF resins. Arkema continues to allocate significant resources to the research and development of sustainable technologies for new PVDF applications.<\/p>\n<\/div>\n<\/div><\/div><\/div><\/div><\/div><\/div><div id=\"pg-3483-1\"  class=\"panel-grid panel-has-style\" ><div class=\"FRANJA-BLAVA-TITOL siteorigin-panels-stretch panel-row-style panel-row-style-for-3483-1\" style=\"padding: 0px 0; \" data-stretch-type=\"full\" data-overlay=\"true\" data-overlay-color=\"#000000\" ><div id=\"pgc-3483-1-0\"  class=\"panel-grid-cell\" ><div id=\"panel-3483-1-0-0\" class=\"so-panel widget widget_sow-editor panel-first-child panel-last-child\" data-index=\"2\" ><div class=\"blanc panel-widget-style panel-widget-style-for-3483-1-0-0\" style=\"text-align: left;\" data-title-color=\"#47425d\" data-headings-color=\"#443f3f\" data-title_alignment=\"center\" ><div\n\t\t\t\n\t\t\tclass=\"so-widget-sow-editor so-widget-sow-editor-base\"\n\t\t\t\n\t\t>\n<div class=\"siteorigin-widget-tinymce textwidget\">\n\t<h2 style=\"text-align: center;\">Properties and benefits of Kynar\u00ae coatings<\/h2>\n<\/div>\n<\/div><\/div><\/div><\/div><\/div><\/div><div id=\"pg-3483-2\"  class=\"panel-grid panel-has-style\" ><div class=\"BGC-GRIS siteorigin-panels-stretch panel-row-style panel-row-style-for-3483-2\" style=\"padding: 50px 0; \" data-stretch-type=\"full\" data-overlay=\"true\" data-overlay-color=\"#000000\" ><div id=\"pgc-3483-2-0\"  class=\"panel-grid-cell\" ><div id=\"panel-3483-2-0-0\" class=\"so-panel widget widget_sow-editor panel-first-child panel-last-child\" data-index=\"3\" ><div style=\"text-align: left;\" data-title-color=\"#47425d\" data-headings-color=\"#443f3f\" data-title_alignment=\"center\" class=\"panel-widget-style panel-widget-style-for-3483-2-0-0\" ><div\n\t\t\t\n\t\t\tclass=\"so-widget-sow-editor so-widget-sow-editor-base\"\n\t\t\t\n\t\t>\n<div class=\"siteorigin-widget-tinymce textwidget\">\n\t<p style=\"text-align: center;\">Kynar\u00ae PVDF is noted for its excellent chemical resistance, making it a versatile material for a wide variety of applications, from handling aggressive chemicals to solutions for the fiber optic industry and architectural coatings.<\/p>\n<p class=\"TEXTOS-DESTACATS\" style=\"text-align: center;\">Main properties of Kynar\u00ae<\/p>\n<ul class=\"LLISTA-SUBRATLLADA\">\n<li>Great resistance to sunlight \/ UV exposure<\/li>\n<li>Exceptional chemical resistance to a wide range of aggressive chemicals<\/li>\n<li>Radiation resistance<\/li>\n<li>Fire\/flame retardant and smoke properties<\/li>\n<li>Easy to apply with industry standard equipment and easy to handle afterwards, such as welding and machining<\/li>\n<li>Extreme purity for the most demanding applications<\/li>\n<li>Extreme electrochemical stability<\/li>\n<li>Excellent resistance to abrasion<\/li>\n<li>Thermal resistance range: RTI 150\u00baC<\/li>\n<\/ul>\n<\/div>\n<\/div><\/div><\/div><\/div><\/div><\/div><div id=\"pg-3483-3\"  class=\"panel-grid panel-has-style\" ><div class=\"siteorigin-panels-stretch panel-row-style panel-row-style-for-3483-3\" style=\"padding: 50px 0; \" data-stretch-type=\"full\" data-overlay=\"true\" data-overlay-color=\"#000000\" ><div id=\"pgc-3483-3-0\"  class=\"panel-grid-cell\" ><div id=\"panel-3483-3-0-0\" class=\"so-panel widget widget_siteorigin-panels-builder panel-first-child panel-last-child\" data-index=\"4\" ><div style=\"text-align: left;\" data-title-color=\"#47425d\" data-headings-color=\"#443f3f\" data-title_alignment=\"center\" class=\"panel-widget-style panel-widget-style-for-3483-3-0-0\" ><div id=\"pl-w64f6f0d0daf73\"  class=\"panel-layout\" ><div id=\"pg-w64f6f0d0daf73-0\"  class=\"panel-grid panel-has-style\" ><div style=\"padding: 0px 0; \" data-overlay=\"true\" data-overlay-color=\"#000000\" class=\"panel-row-style panel-row-style-for-w64f6f0d0daf73-0\" ><div id=\"pgc-w64f6f0d0daf73-0-0\"  class=\"panel-grid-cell\" ><div id=\"panel-w64f6f0d0daf73-0-0-0\" class=\"so-panel widget widget_sow-editor panel-first-child panel-last-child\" data-index=\"0\" ><div style=\"text-align: left;\" data-title-color=\"#47425d\" data-headings-color=\"#443f3f\" data-title_alignment=\"center\" class=\"panel-widget-style panel-widget-style-for-w64f6f0d0daf73-0-0-0\" ><div\n\t\t\t\n\t\t\tclass=\"so-widget-sow-editor so-widget-sow-editor-base\"\n\t\t\t\n\t\t>\n<div class=\"siteorigin-widget-tinymce textwidget\">\n\t<h2 class=\"BLAU-FOSC\" style=\"text-align: center;\">Kynar\u00ae References<\/h2>\n<\/div>\n<\/div><\/div><\/div><\/div><\/div><\/div><div id=\"pg-w64f6f0d0daf73-1\"  class=\"panel-grid panel-has-style\" ><div style=\"padding: 0px 0; \" data-overlay=\"true\" data-overlay-color=\"#000000\" class=\"panel-row-style panel-row-style-for-w64f6f0d0daf73-1\" ><div id=\"pgc-w64f6f0d0daf73-1-0\"  class=\"panel-grid-cell\" ><div id=\"panel-w64f6f0d0daf73-1-0-0\" class=\"so-panel widget widget_sow-editor panel-first-child panel-last-child\" data-index=\"1\" ><div style=\"text-align: left;\" data-title-color=\"#47425d\" data-headings-color=\"#443f3f\" data-title_alignment=\"center\" class=\"panel-widget-style panel-widget-style-for-w64f6f0d0daf73-1-0-0\" ><div\n\t\t\t\n\t\t\tclass=\"so-widget-sow-editor so-widget-sow-editor-base\"\n\t\t\t\n\t\t>\n<div class=\"siteorigin-widget-tinymce textwidget\">\n\t<p style=\"text-align: center; padding-top: 40px;\"><b>500<\/b><br \/>\n<b>740<\/b><br \/>\n<b>720<\/b><br \/>\n<b>710<\/b><br \/>\n<b>760<\/b><br \/>\n<b>761<\/b><br \/>\n<b>700<\/b><\/p>\n<\/div>\n<\/div><\/div><\/div><\/div><\/div><\/div><\/div><\/div><\/div><\/div><\/div><\/div><\/div>","protected":false},"excerpt":{"rendered":"<p>&nbsp; Kynar\u00ae Coatings Arkema is a world leader in the production of PVDF and has invested more than 50 years in developing high-quality Kynar\u00ae PVDF resins for advanced applications in renewable energy, such as batteries and photovoltaic panels, as well as weight reduction in the automotive and in coatings with special resistance to the weather. [&hellip;]<\/p>\n","protected":false},"author":2,"featured_media":0,"parent":0,"menu_order":0,"comment_status":"closed","ping_status":"closed","template":"page-templates\/page_fullwidth.php","meta":{"footnotes":""},"class_list":["post-3483","page","type-page","status-publish","hentry"],"yoast_head":"<!-- This site is optimized with the Yoast SEO plugin v27.5 - https:\/\/yoast.com\/product\/yoast-seo-wordpress\/ -->\n<title>Revestimento Kynar - Praimer<\/title>\n<meta name=\"robots\" content=\"index, follow, max-snippet:-1, max-image-preview:large, max-video-preview:-1\" \/>\n<link rel=\"canonical\" href=\"https:\/\/www.praimer.com.br\/en\/revestimento-arkema-kynar\/\" \/>\n<meta property=\"og:locale\" content=\"en_US\" \/>\n<meta property=\"og:type\" content=\"article\" \/>\n<meta property=\"og:title\" content=\"Revestimento Kynar - Praimer\" \/>\n<meta property=\"og:description\" content=\"&nbsp; Kynar\u00ae Coatings Arkema is a world leader in the production of PVDF and has invested more than 50 years in developing high-quality Kynar\u00ae PVDF resins for advanced applications in renewable energy, such as batteries and photovoltaic panels, as well as weight reduction in the automotive and in coatings with special resistance to the weather. [&hellip;]\" \/>\n<meta property=\"og:url\" content=\"https:\/\/www.praimer.com.br\/en\/revestimento-arkema-kynar\/\" \/>\n<meta property=\"og:site_name\" content=\"Praimer\" \/>\n<meta property=\"article:publisher\" content=\"https:\/\/www.facebook.com\/praimerrevestimentos\" \/>\n<meta property=\"article:modified_time\" content=\"2023-09-05T14:31:48+00:00\" \/>\n<meta property=\"og:image\" content=\"https:\/\/www.praimer.com.br\/wp-content\/uploads\/2019\/12\/Praimer-revestimentos-antiaderentes-anticorrosivos-brasil.jpg\" \/>\n\t<meta property=\"og:image:width\" content=\"900\" \/>\n\t<meta property=\"og:image:height\" content=\"329\" \/>\n\t<meta property=\"og:image:type\" content=\"image\/jpeg\" \/>\n<meta name=\"twitter:card\" content=\"summary_large_image\" \/>\n<meta name=\"twitter:label1\" content=\"Est. reading time\" \/>\n\t<meta name=\"twitter:data1\" content=\"2 minutes\" \/>\n<script type=\"application\/ld+json\" class=\"yoast-schema-graph\">{\"@context\":\"https:\\\/\\\/schema.org\",\"@graph\":[{\"@type\":\"WebPage\",\"@id\":\"https:\\\/\\\/www.praimer.com.br\\\/en\\\/revestimento-arkema-kynar\\\/\",\"url\":\"https:\\\/\\\/www.praimer.com.br\\\/en\\\/revestimento-arkema-kynar\\\/\",\"name\":\"Revestimento Kynar - Praimer\",\"isPartOf\":{\"@id\":\"https:\\\/\\\/www.praimer.com.br\\\/en\\\/#website\"},\"datePublished\":\"2023-09-05T09:08:41+00:00\",\"dateModified\":\"2023-09-05T14:31:48+00:00\",\"breadcrumb\":{\"@id\":\"https:\\\/\\\/www.praimer.com.br\\\/en\\\/revestimento-arkema-kynar\\\/#breadcrumb\"},\"inLanguage\":\"en-US\",\"potentialAction\":[{\"@type\":\"ReadAction\",\"target\":[\"https:\\\/\\\/www.praimer.com.br\\\/en\\\/revestimento-arkema-kynar\\\/\"]}]},{\"@type\":\"BreadcrumbList\",\"@id\":\"https:\\\/\\\/www.praimer.com.br\\\/en\\\/revestimento-arkema-kynar\\\/#breadcrumb\",\"itemListElement\":[{\"@type\":\"ListItem\",\"position\":1,\"name\":\"Portada\",\"item\":\"https:\\\/\\\/www.praimer.com.br\\\/en\\\/\"},{\"@type\":\"ListItem\",\"position\":2,\"name\":\"Revestimento Kynar\"}]},{\"@type\":\"WebSite\",\"@id\":\"https:\\\/\\\/www.praimer.com.br\\\/en\\\/#website\",\"url\":\"https:\\\/\\\/www.praimer.com.br\\\/en\\\/\",\"name\":\"Praimer\",\"description\":\"Aplica\u00e7\u00e3o de revestimentos antiaderentes e anticorrosivos para a ind\u00fastria\",\"potentialAction\":[{\"@type\":\"SearchAction\",\"target\":{\"@type\":\"EntryPoint\",\"urlTemplate\":\"https:\\\/\\\/www.praimer.com.br\\\/en\\\/?s={search_term_string}\"},\"query-input\":{\"@type\":\"PropertyValueSpecification\",\"valueRequired\":true,\"valueName\":\"search_term_string\"}}],\"inLanguage\":\"en-US\"}]}<\/script>\n<!-- \/ Yoast SEO plugin. -->","yoast_head_json":{"title":"Revestimento Kynar - Praimer","robots":{"index":"index","follow":"follow","max-snippet":"max-snippet:-1","max-image-preview":"max-image-preview:large","max-video-preview":"max-video-preview:-1"},"canonical":"https:\/\/www.praimer.com.br\/en\/revestimento-arkema-kynar\/","og_locale":"en_US","og_type":"article","og_title":"Revestimento Kynar - Praimer","og_description":"&nbsp; Kynar\u00ae Coatings Arkema is a world leader in the production of PVDF and has invested more than 50 years in developing high-quality Kynar\u00ae PVDF resins for advanced applications in renewable energy, such as batteries and photovoltaic panels, as well as weight reduction in the automotive and in coatings with special resistance to the weather. [&hellip;]","og_url":"https:\/\/www.praimer.com.br\/en\/revestimento-arkema-kynar\/","og_site_name":"Praimer","article_publisher":"https:\/\/www.facebook.com\/praimerrevestimentos","article_modified_time":"2023-09-05T14:31:48+00:00","og_image":[{"width":900,"height":329,"url":"https:\/\/www.praimer.com.br\/wp-content\/uploads\/2019\/12\/Praimer-revestimentos-antiaderentes-anticorrosivos-brasil.jpg","type":"image\/jpeg"}],"twitter_card":"summary_large_image","twitter_misc":{"Est. reading time":"2 minutes"},"schema":{"@context":"https:\/\/schema.org","@graph":[{"@type":"WebPage","@id":"https:\/\/www.praimer.com.br\/en\/revestimento-arkema-kynar\/","url":"https:\/\/www.praimer.com.br\/en\/revestimento-arkema-kynar\/","name":"Revestimento Kynar - Praimer","isPartOf":{"@id":"https:\/\/www.praimer.com.br\/en\/#website"},"datePublished":"2023-09-05T09:08:41+00:00","dateModified":"2023-09-05T14:31:48+00:00","breadcrumb":{"@id":"https:\/\/www.praimer.com.br\/en\/revestimento-arkema-kynar\/#breadcrumb"},"inLanguage":"en-US","potentialAction":[{"@type":"ReadAction","target":["https:\/\/www.praimer.com.br\/en\/revestimento-arkema-kynar\/"]}]},{"@type":"BreadcrumbList","@id":"https:\/\/www.praimer.com.br\/en\/revestimento-arkema-kynar\/#breadcrumb","itemListElement":[{"@type":"ListItem","position":1,"name":"Portada","item":"https:\/\/www.praimer.com.br\/en\/"},{"@type":"ListItem","position":2,"name":"Revestimento Kynar"}]},{"@type":"WebSite","@id":"https:\/\/www.praimer.com.br\/en\/#website","url":"https:\/\/www.praimer.com.br\/en\/","name":"Praimer","description":"Aplica\u00e7\u00e3o de revestimentos antiaderentes e anticorrosivos para a ind\u00fastria","potentialAction":[{"@type":"SearchAction","target":{"@type":"EntryPoint","urlTemplate":"https:\/\/www.praimer.com.br\/en\/?s={search_term_string}"},"query-input":{"@type":"PropertyValueSpecification","valueRequired":true,"valueName":"search_term_string"}}],"inLanguage":"en-US"}]}},"_links":{"self":[{"href":"https:\/\/www.praimer.com.br\/en\/wp-json\/wp\/v2\/pages\/3483","targetHints":{"allow":["GET"]}}],"collection":[{"href":"https:\/\/www.praimer.com.br\/en\/wp-json\/wp\/v2\/pages"}],"about":[{"href":"https:\/\/www.praimer.com.br\/en\/wp-json\/wp\/v2\/types\/page"}],"author":[{"embeddable":true,"href":"https:\/\/www.praimer.com.br\/en\/wp-json\/wp\/v2\/users\/2"}],"replies":[{"embeddable":true,"href":"https:\/\/www.praimer.com.br\/en\/wp-json\/wp\/v2\/comments?post=3483"}],"version-history":[{"count":8,"href":"https:\/\/www.praimer.com.br\/en\/wp-json\/wp\/v2\/pages\/3483\/revisions"}],"predecessor-version":[{"id":3487,"href":"https:\/\/www.praimer.com.br\/en\/wp-json\/wp\/v2\/pages\/3483\/revisions\/3487"}],"wp:attachment":[{"href":"https:\/\/www.praimer.com.br\/en\/wp-json\/wp\/v2\/media?parent=3483"}],"curies":[{"name":"wp","href":"https:\/\/api.w.org\/{rel}","templated":true}]}}