{"id":3451,"date":"2023-07-31T12:55:01","date_gmt":"2023-07-31T15:55:01","guid":{"rendered":"https:\/\/www.praimer.com.br\/?page_id=3451"},"modified":"2023-09-05T13:14:19","modified_gmt":"2023-09-05T16:14:19","slug":"revestimentos-arkema","status":"publish","type":"page","link":"https:\/\/www.praimer.com.br\/en\/revestimentos-arkema\/","title":{"rendered":"Revestimentos Arkema"},"content":{"rendered":"<div id=\"pl-3451\"  class=\"panel-layout\" ><div id=\"pg-3451-0\"  class=\"panel-grid panel-has-style\" ><div style=\"padding: 0px 0; \" data-overlay=\"true\" data-overlay-color=\"#000000\" class=\"panel-row-style panel-row-style-for-3451-0\" ><div id=\"pgc-3451-0-0\"  class=\"panel-grid-cell\" ><div id=\"panel-3451-0-0-0\" class=\"so-panel widget widget_sow-image panel-first-child\" data-index=\"0\" ><div style=\"text-align: left;\" data-title-color=\"#47425d\" data-headings-color=\"#443f3f\" data-title_alignment=\"center\" class=\"panel-widget-style panel-widget-style-for-3451-0-0-0\" ><div\n\t\t\t\n\t\t\tclass=\"so-widget-sow-image so-widget-sow-image-default-c67d20f9f743-3451\"\n\t\t\t\n\t\t>\n<div class=\"sow-image-container\">\n\t\t<img \n\tsrc=\"https:\/\/www.praimer.com.br\/wp-content\/uploads\/2023\/07\/Logo-Arkema-300x91-1.png\" width=\"300\" height=\"91\" srcset=\"https:\/\/www.praimer.com.br\/wp-content\/uploads\/2023\/07\/Logo-Arkema-300x91-1.png 300w, https:\/\/www.praimer.com.br\/wp-content\/uploads\/2023\/07\/Logo-Arkema-300x91-1-230x70.png 230w\" sizes=\"(max-width: 300px) 100vw, 300px\" title=\"Logo-Arkema-300&#215;91\" alt=\"\" \t\tclass=\"so-widget-image\"\/>\n\t<\/div>\n\n<\/div><\/div><\/div><div id=\"panel-3451-0-0-1\" class=\"so-panel widget widget_sow-editor panel-last-child\" data-index=\"1\" ><div style=\"text-align: left;\" data-title-color=\"#47425d\" data-headings-color=\"#000000\" data-title_alignment=\"center\" class=\"panel-widget-style panel-widget-style-for-3451-0-0-1\" ><div\n\t\t\t\n\t\t\tclass=\"so-widget-sow-editor so-widget-sow-editor-base\"\n\t\t\t\n\t\t>\n<div class=\"siteorigin-widget-tinymce textwidget\">\n\t<p>&nbsp;<\/p>\n<h1 style=\"text-align: center;\">Arkema Coatings<\/h1>\n<hr \/>\n<p style=\"text-align: justify;\">In 2004, Total reorganized its chemical operations and created Arkema, a company based near Paris and publicly traded since 2006. With 137 production sites in Europe, North America and Asia, Arkema has been divided into three business units since 2012: Industrial Specialties, Coating Solutions and High Performance Materials. This split came about after the sale of its vinyl business unit.<\/p>\n<\/div>\n<\/div><\/div><\/div><\/div><\/div><\/div><div id=\"pg-3451-1\"  class=\"panel-grid panel-has-style\" ><div class=\"FRANJA-BLAVA-TITOL siteorigin-panels-stretch panel-row-style panel-row-style-for-3451-1\" style=\"padding: 0px 0; \" data-stretch-type=\"full\" data-overlay=\"true\" data-overlay-color=\"#000000\" ><div id=\"pgc-3451-1-0\"  class=\"panel-grid-cell\" ><div id=\"panel-3451-1-0-0\" class=\"so-panel widget widget_sow-editor panel-first-child panel-last-child\" data-index=\"2\" ><div class=\"blanc panel-widget-style panel-widget-style-for-3451-1-0-0\" style=\"text-align: left;\" data-title-color=\"#47425d\" data-headings-color=\"#443f3f\" data-title_alignment=\"center\" ><div\n\t\t\t\n\t\t\tclass=\"so-widget-sow-editor so-widget-sow-editor-base\"\n\t\t\t\n\t\t>\n<div class=\"siteorigin-widget-tinymce textwidget\">\n\t<h2 style=\"text-align: center;\">Arkema Products<\/h2>\n<\/div>\n<\/div><\/div><\/div><\/div><\/div><\/div><div id=\"pg-3451-2\"  class=\"panel-grid panel-has-style\" ><div class=\"BGC-GRIS siteorigin-panels-stretch panel-row-style panel-row-style-for-3451-2\" style=\"padding: 50px 0; \" data-stretch-type=\"full\" data-overlay=\"true\" data-overlay-color=\"#000000\" ><div id=\"pgc-3451-2-0\"  class=\"panel-grid-cell\" ><div id=\"panel-3451-2-0-0\" class=\"so-panel widget widget_siteorigin-panels-builder panel-first-child panel-last-child\" data-index=\"3\" ><div style=\"text-align: left;\" data-title-color=\"#47425d\" data-headings-color=\"#443f3f\" data-title_alignment=\"center\" class=\"panel-widget-style panel-widget-style-for-3451-2-0-0\" ><div id=\"pl-w64f753dbc03d7\"  class=\"panel-layout\" ><div id=\"pg-w64f753dbc03d7-0\"  class=\"panel-grid panel-has-style\" ><div style=\"padding: 0px 0; \" data-overlay=\"true\" data-overlay-color=\"#000000\" class=\"panel-row-style panel-row-style-for-w64f753dbc03d7-0\" ><div id=\"pgc-w64f753dbc03d7-0-0\"  class=\"panel-grid-cell\" ><div id=\"panel-w64f753dbc03d7-0-0-0\" class=\"so-panel widget widget_sow-editor panel-first-child panel-last-child\" data-index=\"0\" ><div style=\"text-align: left;\" data-title-color=\"#47425d\" data-headings-color=\"#443f3f\" data-title_alignment=\"center\" class=\"panel-widget-style panel-widget-style-for-w64f753dbc03d7-0-0-0\" ><div\n\t\t\t\n\t\t\tclass=\"so-widget-sow-editor so-widget-sow-editor-base\"\n\t\t\t\n\t\t>\n<div class=\"siteorigin-widget-tinymce textwidget\">\n\t<p>In the<strong> Industrial Specialties<\/strong> business, Arkema produces a variety of chemical products, such as animal feed, deodorants, hydrogen peroxide for bleaching fabrics and paper pulp, solutions for water treatment, and fluorochemicals used in air conditioners, among others.<\/p>\n<p>The <strong>Coating Solutions<\/strong> segment includes a wide range of coating materials, such as water-based, solvent-based, powdered resins and additives for various uses and sectors.<\/p>\n<p>In the <strong>High Performance Materials business<\/strong>, the company is divided into four segments: Fluoropolymers (PVDF), Molecular Sieves, Organic Peroxides and Specialty Polyamides, which include market leading brands such as Rilsan\u00ae (polyamide 11), Orgasol\u00ae and Pebax\u00ae.<\/p>\n<\/div>\n<\/div><\/div><\/div><\/div><\/div><\/div><div id=\"pg-w64f753dbc03d7-1\"  class=\"panel-grid panel-has-style\" ><div style=\"padding: 0px 0; \" data-overlay=\"true\" data-overlay-color=\"#000000\" class=\"panel-row-style panel-row-style-for-w64f753dbc03d7-1\" ><div id=\"pgc-w64f753dbc03d7-1-0\"  class=\"panel-grid-cell\" ><div class=\"BGC-BLANC panel-cell-style panel-cell-style-for-w64f753dbc03d7-1-0\" ><div id=\"panel-w64f753dbc03d7-1-0-0\" class=\"so-panel widget widget_sow-image panel-first-child panel-last-child\" data-index=\"1\" ><div class=\"PADDING-H-1 AUGMENTAR-ICONA panel-widget-style panel-widget-style-for-w64f753dbc03d7-1-0-0\" style=\"text-align: left;\" data-title-color=\"#47425d\" data-headings-color=\"#443f3f\" data-title_alignment=\"center\" ><div\n\t\t\t\n\t\t\tclass=\"so-widget-sow-image so-widget-sow-image-default-c67d20f9f743\"\n\t\t\t\n\t\t>\n<div class=\"sow-image-container\">\n\t\t\t<a href=\"https:\/\/www.praimer.com.br\/en\/revestimento-arkema-rilsan\/\"\n\t\t\t\t\t>\n\t\t\t<img \n\tsrc=\"https:\/\/www.praimer.com.br\/wp-content\/uploads\/2023\/07\/Rilsan_Logo-1.png\" width=\"240\" height=\"197\" srcset=\"https:\/\/www.praimer.com.br\/wp-content\/uploads\/2023\/07\/Rilsan_Logo-1.png 240w, https:\/\/www.praimer.com.br\/wp-content\/uploads\/2023\/07\/Rilsan_Logo-1-230x189.png 230w\" sizes=\"(max-width: 240px) 100vw, 240px\" alt=\"\" \t\tclass=\"so-widget-image\"\/>\n\t\t\t<\/a><\/div>\n\n<\/div><\/div><\/div><\/div><\/div><div id=\"pgc-w64f753dbc03d7-1-1\"  class=\"panel-grid-cell\" ><div class=\"BGC-BLANC panel-cell-style panel-cell-style-for-w64f753dbc03d7-1-1\" ><div id=\"panel-w64f753dbc03d7-1-1-0\" class=\"so-panel widget widget_sow-image panel-first-child panel-last-child\" data-index=\"2\" ><div class=\"PADDING-H-1 AUGMENTAR-ICONA panel-widget-style panel-widget-style-for-w64f753dbc03d7-1-1-0\" style=\"text-align: left;\" data-title-color=\"#47425d\" data-headings-color=\"#443f3f\" data-title_alignment=\"center\" ><div\n\t\t\t\n\t\t\tclass=\"so-widget-sow-image so-widget-sow-image-default-c67d20f9f743\"\n\t\t\t\n\t\t>\n<div class=\"sow-image-container\">\n\t\t\t<a href=\"https:\/\/www.praimer.com.br\/en\/revestimento-arkema-kynar\/\"\n\t\t\t\t\t>\n\t\t\t<img \n\tsrc=\"https:\/\/www.praimer.com.br\/wp-content\/uploads\/2023\/07\/Kynar_Logo.png\" width=\"240\" height=\"197\" srcset=\"https:\/\/www.praimer.com.br\/wp-content\/uploads\/2023\/07\/Kynar_Logo.png 240w, https:\/\/www.praimer.com.br\/wp-content\/uploads\/2023\/07\/Kynar_Logo-230x189.png 230w\" sizes=\"(max-width: 240px) 100vw, 240px\" alt=\"\" \t\tclass=\"so-widget-image\"\/>\n\t\t\t<\/a><\/div>\n\n<\/div><\/div><\/div><\/div><\/div><div id=\"pgc-w64f753dbc03d7-1-2\"  class=\"panel-grid-cell\" ><div class=\"BGC-GRIS-CLAR panel-cell-style panel-cell-style-for-w64f753dbc03d7-1-2\" ><div id=\"panel-w64f753dbc03d7-1-2-0\" class=\"so-panel widget widget_sow-image panel-first-child panel-last-child\" data-index=\"3\" ><div class=\"PADDING-H-1 AUGMENTAR-ICONA panel-widget-style panel-widget-style-for-w64f753dbc03d7-1-2-0\" style=\"text-align: left;\" data-title-color=\"#47425d\" data-headings-color=\"#443f3f\" data-title_alignment=\"center\" ><div\n\t\t\t\n\t\t\tclass=\"so-widget-sow-image so-widget-sow-image-default-c67d20f9f743\"\n\t\t\t\n\t\t>\n<div class=\"sow-image-container\">\n\t\t<img \n\tsrc=\"https:\/\/www.praimer.com.br\/wp-content\/uploads\/2023\/07\/Kepstan_Logo1.png\" width=\"240\" height=\"197\" srcset=\"https:\/\/www.praimer.com.br\/wp-content\/uploads\/2023\/07\/Kepstan_Logo1.png 240w, https:\/\/www.praimer.com.br\/wp-content\/uploads\/2023\/07\/Kepstan_Logo1-230x189.png 230w\" sizes=\"(max-width: 240px) 100vw, 240px\" alt=\"\" \t\tclass=\"so-widget-image\"\/>\n\t<\/div>\n\n<\/div><\/div><\/div><\/div><\/div><\/div><\/div><div id=\"pg-w64f753dbc03d7-2\"  class=\"panel-grid panel-has-style\" ><div style=\"padding: 0px 0; \" data-overlay=\"true\" data-overlay-color=\"#000000\" class=\"panel-row-style panel-row-style-for-w64f753dbc03d7-2\" ><div id=\"pgc-w64f753dbc03d7-2-0\"  class=\"panel-grid-cell\" ><div class=\"BGC-GRIS-CLAR panel-cell-style panel-cell-style-for-w64f753dbc03d7-2-0\" ><div id=\"panel-w64f753dbc03d7-2-0-0\" class=\"so-panel widget widget_sow-image panel-first-child panel-last-child\" data-index=\"4\" ><div class=\"PADDING-H-1 AUGMENTAR-ICONA panel-widget-style panel-widget-style-for-w64f753dbc03d7-2-0-0\" style=\"text-align: left;\" data-title-color=\"#47425d\" data-headings-color=\"#443f3f\" data-title_alignment=\"center\" ><div\n\t\t\t\n\t\t\tclass=\"so-widget-sow-image so-widget-sow-image-default-c67d20f9f743\"\n\t\t\t\n\t\t>\n<div class=\"sow-image-container\">\n\t\t<img \n\tsrc=\"https:\/\/www.praimer.com.br\/wp-content\/uploads\/2023\/07\/Orgasol_Logo.png\" width=\"577\" height=\"433\" srcset=\"https:\/\/www.praimer.com.br\/wp-content\/uploads\/2023\/07\/Orgasol_Logo.png 577w, https:\/\/www.praimer.com.br\/wp-content\/uploads\/2023\/07\/Orgasol_Logo-300x225.png 300w, https:\/\/www.praimer.com.br\/wp-content\/uploads\/2023\/07\/Orgasol_Logo-230x173.png 230w, https:\/\/www.praimer.com.br\/wp-content\/uploads\/2023\/07\/Orgasol_Logo-350x263.png 350w, https:\/\/www.praimer.com.br\/wp-content\/uploads\/2023\/07\/Orgasol_Logo-480x360.png 480w\" sizes=\"(max-width: 577px) 100vw, 577px\" alt=\"\" \t\tclass=\"so-widget-image\"\/>\n\t<\/div>\n\n<\/div><\/div><\/div><\/div><\/div><div id=\"pgc-w64f753dbc03d7-2-1\"  class=\"panel-grid-cell panel-grid-cell-mobile-last\" ><div class=\"BGC-GRIS-CLAR panel-cell-style panel-cell-style-for-w64f753dbc03d7-2-1\" ><div id=\"panel-w64f753dbc03d7-2-1-0\" class=\"so-panel widget widget_sow-image panel-first-child panel-last-child\" data-index=\"5\" ><div class=\"PADDING-H-1 AUGMENTAR-ICONA panel-widget-style panel-widget-style-for-w64f753dbc03d7-2-1-0\" style=\"text-align: left;\" data-title-color=\"#47425d\" data-headings-color=\"#443f3f\" data-title_alignment=\"center\" ><div\n\t\t\t\n\t\t\tclass=\"so-widget-sow-image so-widget-sow-image-default-c67d20f9f743\"\n\t\t\t\n\t\t>\n<div class=\"sow-image-container\">\n\t\t<img \n\tsrc=\"https:\/\/www.praimer.com.br\/wp-content\/uploads\/2023\/07\/Pebax_Logo-300x225-1.png\" width=\"300\" height=\"225\" srcset=\"https:\/\/www.praimer.com.br\/wp-content\/uploads\/2023\/07\/Pebax_Logo-300x225-1.png 300w, https:\/\/www.praimer.com.br\/wp-content\/uploads\/2023\/07\/Pebax_Logo-300x225-1-230x173.png 230w\" sizes=\"(max-width: 300px) 100vw, 300px\" title=\"Pebax_Logo-300&#215;225\" alt=\"\" \t\tclass=\"so-widget-image\"\/>\n\t<\/div>\n\n<\/div><\/div><\/div><\/div><\/div><div id=\"pgc-w64f753dbc03d7-2-2\"  class=\"panel-grid-cell panel-grid-cell-empty\" ><div class=\"BGC-GRIS-CLAR panel-cell-style panel-cell-style-for-w64f753dbc03d7-2-2\" ><\/div><\/div><\/div><\/div><div id=\"pg-w64f753dbc03d7-3\"  class=\"panel-grid panel-has-style\" ><div style=\"padding: 0px 0; \" data-overlay=\"true\" data-overlay-color=\"#000000\" class=\"panel-row-style panel-row-style-for-w64f753dbc03d7-3\" ><div id=\"pgc-w64f753dbc03d7-3-0\"  class=\"panel-grid-cell\" ><div id=\"panel-w64f753dbc03d7-3-0-0\" class=\"so-panel widget widget_sow-editor panel-first-child panel-last-child\" data-index=\"6\" ><div style=\"text-align: left;\" data-title-color=\"#47425d\" data-headings-color=\"#443f3f\" data-title_alignment=\"center\" class=\"panel-widget-style panel-widget-style-for-w64f753dbc03d7-3-0-0\" ><div\n\t\t\t\n\t\t\tclass=\"so-widget-sow-editor so-widget-sow-editor-base\"\n\t\t\t\n\t\t>\n<div class=\"siteorigin-widget-tinymce textwidget\">\n\t<p><strong>Rilsan<\/strong>\u00ae is a polyamide polymer which stands out for its high performance, providing great hardness and flexibility, as well as exceptional resistance to the action of chemical substances and permeation.<\/p>\n<p>Arkema developed the proprietary <strong>Orgasol<\/strong>\u00ae process, which produces powder-based additives from three polyamides (PA 6, PA 12 and PA 6\/12) under the Orgasol\u00ae brand. Its properties include a microporosity of 1 to 20m\u00b2\/g, a melting temperature range of 140 to 220\u00b0C, and low density, which improves resistance to abrasion. Orgasol\u00ae additives are applied in a wide variety of sectors, such as the coating of metal plate coils, packaging cans, furniture, flooring, electronic devices, rubber and the graphic sector, among others.<\/p>\n<p><strong>Pebax<\/strong>\u00ae is a family of thermoplastic elastomers (TPE) made up of rigid blocks of polyamide and soft blocks of polyether, which gives them great lightness and high energy return. These materials are widely used in sectors that require these characteristics, such as sports, medical and the manufacture of special technical fabrics. In addition, there is currently the option of Pebax\u00ae bio, an environmentally friendly variant.<\/p>\n<\/div>\n<\/div><\/div><\/div><\/div><\/div><\/div><\/div><\/div><\/div><\/div><\/div><\/div><\/div>","protected":false},"excerpt":{"rendered":"<p>&nbsp; Arkema Coatings In 2004, Total reorganized its chemical operations and created Arkema, a company based near Paris and publicly traded since 2006. With 137 production sites in Europe, North America and Asia, Arkema has been divided into three business units since 2012: Industrial Specialties, Coating Solutions and High Performance Materials. This split came about [&hellip;]<\/p>\n","protected":false},"author":2,"featured_media":0,"parent":0,"menu_order":0,"comment_status":"closed","ping_status":"closed","template":"page-templates\/page_fullwidth.php","meta":{"footnotes":""},"class_list":["post-3451","page","type-page","status-publish","hentry"],"yoast_head":"<!-- This site is optimized with the Yoast SEO plugin v27.5 - https:\/\/yoast.com\/product\/yoast-seo-wordpress\/ -->\n<title>Revestimentos Arkema - Praimer<\/title>\n<meta name=\"robots\" content=\"index, follow, max-snippet:-1, max-image-preview:large, max-video-preview:-1\" \/>\n<link rel=\"canonical\" href=\"https:\/\/www.praimer.com.br\/en\/revestimentos-arkema\/\" \/>\n<meta property=\"og:locale\" content=\"en_US\" \/>\n<meta property=\"og:type\" content=\"article\" \/>\n<meta property=\"og:title\" content=\"Revestimentos Arkema - Praimer\" \/>\n<meta property=\"og:description\" content=\"&nbsp; Arkema Coatings In 2004, Total reorganized its chemical operations and created Arkema, a company based near Paris and publicly traded since 2006. With 137 production sites in Europe, North America and Asia, Arkema has been divided into three business units since 2012: Industrial Specialties, Coating Solutions and High Performance Materials. This split came about [&hellip;]\" \/>\n<meta property=\"og:url\" content=\"https:\/\/www.praimer.com.br\/en\/revestimentos-arkema\/\" \/>\n<meta property=\"og:site_name\" content=\"Praimer\" \/>\n<meta property=\"article:publisher\" content=\"https:\/\/www.facebook.com\/praimerrevestimentos\" \/>\n<meta property=\"article:modified_time\" content=\"2023-09-05T16:14:19+00:00\" \/>\n<meta property=\"og:image\" content=\"https:\/\/www.praimer.com.br\/wp-content\/uploads\/2019\/12\/Praimer-revestimentos-antiaderentes-anticorrosivos-brasil.jpg\" \/>\n\t<meta property=\"og:image:width\" content=\"900\" \/>\n\t<meta property=\"og:image:height\" content=\"329\" \/>\n\t<meta property=\"og:image:type\" content=\"image\/jpeg\" \/>\n<meta name=\"twitter:card\" content=\"summary_large_image\" \/>\n<meta name=\"twitter:label1\" content=\"Est. reading time\" \/>\n\t<meta name=\"twitter:data1\" content=\"2 minutes\" \/>\n<script type=\"application\/ld+json\" class=\"yoast-schema-graph\">{\"@context\":\"https:\\\/\\\/schema.org\",\"@graph\":[{\"@type\":\"WebPage\",\"@id\":\"https:\\\/\\\/www.praimer.com.br\\\/en\\\/revestimentos-arkema\\\/\",\"url\":\"https:\\\/\\\/www.praimer.com.br\\\/en\\\/revestimentos-arkema\\\/\",\"name\":\"Revestimentos Arkema - Praimer\",\"isPartOf\":{\"@id\":\"https:\\\/\\\/www.praimer.com.br\\\/en\\\/#website\"},\"datePublished\":\"2023-07-31T15:55:01+00:00\",\"dateModified\":\"2023-09-05T16:14:19+00:00\",\"breadcrumb\":{\"@id\":\"https:\\\/\\\/www.praimer.com.br\\\/en\\\/revestimentos-arkema\\\/#breadcrumb\"},\"inLanguage\":\"en-US\",\"potentialAction\":[{\"@type\":\"ReadAction\",\"target\":[\"https:\\\/\\\/www.praimer.com.br\\\/en\\\/revestimentos-arkema\\\/\"]}]},{\"@type\":\"BreadcrumbList\",\"@id\":\"https:\\\/\\\/www.praimer.com.br\\\/en\\\/revestimentos-arkema\\\/#breadcrumb\",\"itemListElement\":[{\"@type\":\"ListItem\",\"position\":1,\"name\":\"Portada\",\"item\":\"https:\\\/\\\/www.praimer.com.br\\\/en\\\/\"},{\"@type\":\"ListItem\",\"position\":2,\"name\":\"Revestimentos Arkema\"}]},{\"@type\":\"WebSite\",\"@id\":\"https:\\\/\\\/www.praimer.com.br\\\/en\\\/#website\",\"url\":\"https:\\\/\\\/www.praimer.com.br\\\/en\\\/\",\"name\":\"Praimer\",\"description\":\"Aplica\u00e7\u00e3o de revestimentos antiaderentes e anticorrosivos para a ind\u00fastria\",\"potentialAction\":[{\"@type\":\"SearchAction\",\"target\":{\"@type\":\"EntryPoint\",\"urlTemplate\":\"https:\\\/\\\/www.praimer.com.br\\\/en\\\/?s={search_term_string}\"},\"query-input\":{\"@type\":\"PropertyValueSpecification\",\"valueRequired\":true,\"valueName\":\"search_term_string\"}}],\"inLanguage\":\"en-US\"}]}<\/script>\n<!-- \/ Yoast SEO plugin. -->","yoast_head_json":{"title":"Revestimentos Arkema - Praimer","robots":{"index":"index","follow":"follow","max-snippet":"max-snippet:-1","max-image-preview":"max-image-preview:large","max-video-preview":"max-video-preview:-1"},"canonical":"https:\/\/www.praimer.com.br\/en\/revestimentos-arkema\/","og_locale":"en_US","og_type":"article","og_title":"Revestimentos Arkema - Praimer","og_description":"&nbsp; Arkema Coatings In 2004, Total reorganized its chemical operations and created Arkema, a company based near Paris and publicly traded since 2006. With 137 production sites in Europe, North America and Asia, Arkema has been divided into three business units since 2012: Industrial Specialties, Coating Solutions and High Performance Materials. This split came about [&hellip;]","og_url":"https:\/\/www.praimer.com.br\/en\/revestimentos-arkema\/","og_site_name":"Praimer","article_publisher":"https:\/\/www.facebook.com\/praimerrevestimentos","article_modified_time":"2023-09-05T16:14:19+00:00","og_image":[{"width":900,"height":329,"url":"https:\/\/www.praimer.com.br\/wp-content\/uploads\/2019\/12\/Praimer-revestimentos-antiaderentes-anticorrosivos-brasil.jpg","type":"image\/jpeg"}],"twitter_card":"summary_large_image","twitter_misc":{"Est. reading time":"2 minutes"},"schema":{"@context":"https:\/\/schema.org","@graph":[{"@type":"WebPage","@id":"https:\/\/www.praimer.com.br\/en\/revestimentos-arkema\/","url":"https:\/\/www.praimer.com.br\/en\/revestimentos-arkema\/","name":"Revestimentos Arkema - Praimer","isPartOf":{"@id":"https:\/\/www.praimer.com.br\/en\/#website"},"datePublished":"2023-07-31T15:55:01+00:00","dateModified":"2023-09-05T16:14:19+00:00","breadcrumb":{"@id":"https:\/\/www.praimer.com.br\/en\/revestimentos-arkema\/#breadcrumb"},"inLanguage":"en-US","potentialAction":[{"@type":"ReadAction","target":["https:\/\/www.praimer.com.br\/en\/revestimentos-arkema\/"]}]},{"@type":"BreadcrumbList","@id":"https:\/\/www.praimer.com.br\/en\/revestimentos-arkema\/#breadcrumb","itemListElement":[{"@type":"ListItem","position":1,"name":"Portada","item":"https:\/\/www.praimer.com.br\/en\/"},{"@type":"ListItem","position":2,"name":"Revestimentos Arkema"}]},{"@type":"WebSite","@id":"https:\/\/www.praimer.com.br\/en\/#website","url":"https:\/\/www.praimer.com.br\/en\/","name":"Praimer","description":"Aplica\u00e7\u00e3o de revestimentos antiaderentes e anticorrosivos para a ind\u00fastria","potentialAction":[{"@type":"SearchAction","target":{"@type":"EntryPoint","urlTemplate":"https:\/\/www.praimer.com.br\/en\/?s={search_term_string}"},"query-input":{"@type":"PropertyValueSpecification","valueRequired":true,"valueName":"search_term_string"}}],"inLanguage":"en-US"}]}},"_links":{"self":[{"href":"https:\/\/www.praimer.com.br\/en\/wp-json\/wp\/v2\/pages\/3451","targetHints":{"allow":["GET"]}}],"collection":[{"href":"https:\/\/www.praimer.com.br\/en\/wp-json\/wp\/v2\/pages"}],"about":[{"href":"https:\/\/www.praimer.com.br\/en\/wp-json\/wp\/v2\/types\/page"}],"author":[{"embeddable":true,"href":"https:\/\/www.praimer.com.br\/en\/wp-json\/wp\/v2\/users\/2"}],"replies":[{"embeddable":true,"href":"https:\/\/www.praimer.com.br\/en\/wp-json\/wp\/v2\/comments?post=3451"}],"version-history":[{"count":8,"href":"https:\/\/www.praimer.com.br\/en\/wp-json\/wp\/v2\/pages\/3451\/revisions"}],"predecessor-version":[{"id":3454,"href":"https:\/\/www.praimer.com.br\/en\/wp-json\/wp\/v2\/pages\/3451\/revisions\/3454"}],"wp:attachment":[{"href":"https:\/\/www.praimer.com.br\/en\/wp-json\/wp\/v2\/media?parent=3451"}],"curies":[{"name":"wp","href":"https:\/\/api.w.org\/{rel}","templated":true}]}}