{"id":3405,"date":"2023-07-31T12:11:13","date_gmt":"2023-07-31T15:11:13","guid":{"rendered":"https:\/\/www.praimer.com.br\/?page_id=3405"},"modified":"2023-09-05T11:28:53","modified_gmt":"2023-09-05T14:28:53","slug":"revestimento-acheson-emralon","status":"publish","type":"page","link":"https:\/\/www.praimer.com.br\/en\/revestimento-acheson-emralon\/","title":{"rendered":"Revestimento Emralon"},"content":{"rendered":"<div id=\"pl-3405\"  class=\"panel-layout\" ><div id=\"pg-3405-0\"  class=\"panel-grid panel-has-style\" ><div style=\"padding: 50px 0; \" data-overlay=\"true\" data-overlay-color=\"#000000\" class=\"panel-row-style panel-row-style-for-3405-0\" ><div id=\"pgc-3405-0-0\"  class=\"panel-grid-cell\" ><div id=\"panel-3405-0-0-0\" class=\"so-panel widget widget_sow-image panel-first-child panel-last-child\" data-index=\"0\" ><div style=\"text-align: left;\" data-title-color=\"#47425d\" data-headings-color=\"#443f3f\" data-title_alignment=\"center\" class=\"panel-widget-style panel-widget-style-for-3405-0-0-0\" ><div\n\t\t\t\n\t\t\tclass=\"so-widget-sow-image so-widget-sow-image-default-c67d20f9f743-3405\"\n\t\t\t\n\t\t>\n<div class=\"sow-image-container\">\n\t\t<img \n\tsrc=\"https:\/\/www.praimer.com.br\/wp-content\/uploads\/2023\/07\/recubrimiento-acheson-emralon.png\" width=\"197\" height=\"197\" srcset=\"https:\/\/www.praimer.com.br\/wp-content\/uploads\/2023\/07\/recubrimiento-acheson-emralon.png 197w, https:\/\/www.praimer.com.br\/wp-content\/uploads\/2023\/07\/recubrimiento-acheson-emralon-150x150.png 150w\" sizes=\"(max-width: 197px) 100vw, 197px\" alt=\"\" \t\tclass=\"so-widget-image\"\/>\n\t<\/div>\n\n<\/div><\/div><\/div><\/div><div id=\"pgc-3405-0-1\"  class=\"panel-grid-cell\" ><div id=\"panel-3405-0-1-0\" class=\"so-panel widget widget_sow-editor panel-first-child panel-last-child\" data-index=\"1\" ><div style=\"text-align: left;\" data-title-color=\"#47425d\" data-headings-color=\"#000000\" data-title_alignment=\"center\" class=\"panel-widget-style panel-widget-style-for-3405-0-1-0\" ><div\n\t\t\t\n\t\t\tclass=\"so-widget-sow-editor so-widget-sow-editor-base\"\n\t\t\t\n\t\t>\n<div class=\"siteorigin-widget-tinymce textwidget\">\n\t<h1 style=\"text-align: left;\">Emralon\u00ae coatings<\/h1>\n<hr align=\"left\" \/>\n<p>Emralon\u00ae products are a line of dispersions that contain PTFE, graphite and molybdenum disulfide, which gives them lubricating properties and excellent resistance to corrosion and solvents. In addition, they have a low coefficient of friction. These dispersions have a wide range of curing temperatures, which allows them to be used on wood, rubber, metals, and plastics.<\/p>\n<\/div>\n<\/div><\/div><\/div><\/div><\/div><\/div><div id=\"pg-3405-1\"  class=\"panel-grid panel-has-style\" ><div class=\"FRANJA-BLAVA-TITOL siteorigin-panels-stretch panel-row-style panel-row-style-for-3405-1\" style=\"padding: 0px 0; \" data-stretch-type=\"full\" data-overlay=\"true\" data-overlay-color=\"#000000\" ><div id=\"pgc-3405-1-0\"  class=\"panel-grid-cell\" ><div id=\"panel-3405-1-0-0\" class=\"so-panel widget widget_sow-editor panel-first-child panel-last-child\" data-index=\"2\" ><div class=\"blanc panel-widget-style panel-widget-style-for-3405-1-0-0\" style=\"text-align: left;\" data-title-color=\"#47425d\" data-headings-color=\"#443f3f\" data-title_alignment=\"center\" ><div\n\t\t\t\n\t\t\tclass=\"so-widget-sow-editor so-widget-sow-editor-base\"\n\t\t\t\n\t\t>\n<div class=\"siteorigin-widget-tinymce textwidget\">\n\t<h2 style=\"text-align: center;\">Properties and benefits of Emralon\u00ae Coatings<\/h2>\n<\/div>\n<\/div><\/div><\/div><\/div><\/div><\/div><div id=\"pg-3405-2\"  class=\"panel-grid panel-has-style\" ><div class=\"BGC-GRIS siteorigin-panels-stretch panel-row-style panel-row-style-for-3405-2\" style=\"padding: 0px 0; \" data-stretch-type=\"full\" data-overlay=\"true\" data-overlay-color=\"#000000\" ><div id=\"pgc-3405-2-0\"  class=\"panel-grid-cell\" ><div id=\"panel-3405-2-0-0\" class=\"so-panel widget widget_sow-editor panel-first-child panel-last-child\" data-index=\"3\" ><div style=\"text-align: left;\" data-title-color=\"#47425d\" data-headings-color=\"#443f3f\" data-title_alignment=\"center\" class=\"panel-widget-style panel-widget-style-for-3405-2-0-0\" ><div\n\t\t\t\n\t\t\tclass=\"so-widget-sow-editor so-widget-sow-editor-base\"\n\t\t\t\n\t\t>\n<div class=\"siteorigin-widget-tinymce textwidget\">\n\t<p style=\"text-align: justify;\">Emralon\u00ae coatings have properties that make them highly resistant to the adhesion of liquids and solids, making them an excellent option for protecting surfaces. In general, its thickness ranges from 15 to 35 microns. In addition, they present outstanding thermal behavior, since they are capable of withstanding cryogenic temperatures up to -250\u00b0C and intermittent temperatures of more than 300\u00b0C. These coatings are also known for their dielectric strength and their ability to withstand friction and abrasion, even exceeding 1,000 cycles in the Tabor abrasion test.<\/p>\n<p class=\"TEXTOS-DESTACATS\" style=\"text-align: center;\">The most common applications of Emralon\u00ae products are:<\/p>\n<\/div>\n<\/div><\/div><\/div><\/div><\/div><\/div><div id=\"pg-3405-3\"  class=\"panel-grid panel-has-style\" ><div class=\"BGC-GRIS siteorigin-panels-stretch panel-row-style panel-row-style-for-3405-3\" style=\"padding: 0px 0; \" data-stretch-type=\"full\" data-overlay=\"true\" data-overlay-color=\"#000000\" ><div id=\"pgc-3405-3-0\"  class=\"panel-grid-cell\" ><div id=\"panel-3405-3-0-0\" class=\"so-panel widget widget_sow-editor panel-first-child panel-last-child\" data-index=\"4\" ><div style=\"text-align: left;\" data-title-color=\"#47425d\" data-headings-color=\"#443f3f\" data-title_alignment=\"center\" class=\"panel-widget-style panel-widget-style-for-3405-3-0-0\" ><div\n\t\t\t\n\t\t\tclass=\"so-widget-sow-editor so-widget-sow-editor-base\"\n\t\t\t\n\t\t>\n<div class=\"siteorigin-widget-tinymce textwidget\">\n\t<ul>\n<li>Seat belt components<\/li>\n<li>Interior parts of vehicle assembly<\/li>\n<li>Carburetor shafts<\/li>\n<li>Mechanisms<\/li>\n<\/ul>\n<\/div>\n<\/div><\/div><\/div><\/div><div id=\"pgc-3405-3-1\"  class=\"panel-grid-cell\" ><div id=\"panel-3405-3-1-0\" class=\"so-panel widget widget_sow-editor panel-first-child panel-last-child\" data-index=\"5\" ><div style=\"text-align: left;\" data-title-color=\"#47425d\" data-headings-color=\"#443f3f\" data-title_alignment=\"center\" class=\"panel-widget-style panel-widget-style-for-3405-3-1-0\" ><div\n\t\t\t\n\t\t\tclass=\"so-widget-sow-editor so-widget-sow-editor-base\"\n\t\t\t\n\t\t>\n<div class=\"siteorigin-widget-tinymce textwidget\">\n\t<ul>\n<li>Locksmith<\/li>\n<li>Guides or sliding rails<\/li>\n<li>Nautical equipment<\/li>\n<li>Valve caps<\/li>\n<\/ul>\n<\/div>\n<\/div><\/div><\/div><\/div><div id=\"pgc-3405-3-2\"  class=\"panel-grid-cell\" ><div id=\"panel-3405-3-2-0\" class=\"so-panel widget widget_sow-editor panel-first-child panel-last-child\" data-index=\"6\" ><div style=\"text-align: left;\" data-title-color=\"#47425d\" data-headings-color=\"#443f3f\" data-title_alignment=\"center\" class=\"panel-widget-style panel-widget-style-for-3405-3-2-0\" ><div\n\t\t\t\n\t\t\tclass=\"so-widget-sow-editor so-widget-sow-editor-base\"\n\t\t\t\n\t\t>\n<div class=\"siteorigin-widget-tinymce textwidget\">\n\t<ul>\n<li>\u00a0Parts of spray guns<\/li>\n<li>Blades for cutting and shearing<\/li>\n<li>Screws<\/li>\n<\/ul>\n<\/div>\n<\/div><\/div><\/div><\/div><\/div><\/div><div id=\"pg-3405-4\"  class=\"panel-grid panel-has-style\" ><div class=\"siteorigin-panels-stretch panel-row-style panel-row-style-for-3405-4\" style=\"padding: 50px 0; \" data-stretch-type=\"full\" data-overlay=\"true\" data-overlay-color=\"#000000\" ><div id=\"pgc-3405-4-0\"  class=\"panel-grid-cell\" ><div id=\"panel-3405-4-0-0\" class=\"so-panel widget widget_siteorigin-panels-builder panel-first-child panel-last-child\" data-index=\"7\" ><div style=\"text-align: left;\" data-title-color=\"#47425d\" data-headings-color=\"#443f3f\" data-title_alignment=\"center\" class=\"panel-widget-style panel-widget-style-for-3405-4-0-0\" ><div id=\"pl-w64c7cfc5a9583\"  class=\"panel-layout\" ><div id=\"pg-w64c7cfc5a9583-0\"  class=\"panel-grid panel-has-style\" ><div style=\"padding: 0px 0; \" data-overlay=\"true\" data-overlay-color=\"#000000\" class=\"panel-row-style panel-row-style-for-w64c7cfc5a9583-0\" ><div id=\"pgc-w64c7cfc5a9583-0-0\"  class=\"panel-grid-cell\" ><div id=\"panel-w64c7cfc5a9583-0-0-0\" class=\"so-panel widget widget_sow-editor panel-first-child panel-last-child\" data-index=\"0\" ><div style=\"text-align: left;\" data-title-color=\"#47425d\" data-headings-color=\"#443f3f\" data-title_alignment=\"center\" class=\"panel-widget-style panel-widget-style-for-w64c7cfc5a9583-0-0-0\" ><div\n\t\t\t\n\t\t\tclass=\"so-widget-sow-editor so-widget-sow-editor-base\"\n\t\t\t\n\t\t>\n<div class=\"siteorigin-widget-tinymce textwidget\">\n\t<h2 class=\"BLAU-FOSC\" style=\"text-align: center;\">Emralon\u00ae references<\/h2>\n<\/div>\n<\/div><\/div><\/div><\/div><\/div><\/div><div id=\"pg-w64c7cfc5a9583-1\"  class=\"panel-grid panel-has-style\" ><div style=\"padding: 0px 0; \" data-overlay=\"true\" data-overlay-color=\"#000000\" class=\"panel-row-style panel-row-style-for-w64c7cfc5a9583-1\" ><div id=\"pgc-w64c7cfc5a9583-1-0\"  class=\"panel-grid-cell\" ><div id=\"panel-w64c7cfc5a9583-1-0-0\" class=\"so-panel widget widget_sow-editor panel-first-child panel-last-child\" data-index=\"1\" ><div style=\"text-align: left;\" data-title-color=\"#47425d\" data-headings-color=\"#443f3f\" data-title_alignment=\"center\" class=\"panel-widget-style panel-widget-style-for-w64c7cfc5a9583-1-0-0\" ><div\n\t\t\t\n\t\t\tclass=\"so-widget-sow-editor so-widget-sow-editor-base\"\n\t\t\t\n\t\t>\n<div class=\"siteorigin-widget-tinymce textwidget\">\n\t<p style=\"text-align: center;\"><b>305<\/b><br \/><b>310<\/b><br \/><b>312<\/b><br \/><b>323<\/b><br \/><b>325<\/b><br \/><b>330<\/b><br \/><b>333<\/b><br \/><b>334<\/b><br \/><b>338<\/b><br \/><b>8370<\/b><br \/><b>GP 1904<\/b><\/p>\n<\/div>\n<\/div><\/div><\/div><\/div><div id=\"pgc-w64c7cfc5a9583-1-1\"  class=\"panel-grid-cell\" ><div id=\"panel-w64c7cfc5a9583-1-1-0\" class=\"so-panel widget widget_sow-editor panel-first-child panel-last-child\" data-index=\"2\" ><div style=\"text-align: left;\" data-title-color=\"#47425d\" data-headings-color=\"#443f3f\" data-title_alignment=\"center\" class=\"panel-widget-style panel-widget-style-for-w64c7cfc5a9583-1-1-0\" ><div\n\t\t\t\n\t\t\tclass=\"so-widget-sow-editor so-widget-sow-editor-base\"\n\t\t\t\n\t\t>\n<div class=\"siteorigin-widget-tinymce textwidget\">\n\t<p style=\"text-align: center;\"><b>TW-005U<\/b><br \/><b>TW-500<\/b><br \/><b>TW-501<\/b><br \/><b>TW-502<\/b><br \/><b>TW-503<\/b><br \/><b>TW-504<\/b><br \/><b>TW-511<\/b><br \/><b>TW-512<\/b><br \/><b>TW-520<\/b><br \/><b>TW-067G<\/b><br \/><b>TW-067LG<\/b><\/p>\n<\/div>\n<\/div><\/div><\/div><\/div><div id=\"pgc-w64c7cfc5a9583-1-2\"  class=\"panel-grid-cell\" ><div id=\"panel-w64c7cfc5a9583-1-2-0\" class=\"so-panel widget widget_sow-editor panel-first-child panel-last-child\" data-index=\"3\" ><div style=\"text-align: left;\" data-title-color=\"#47425d\" data-headings-color=\"#443f3f\" data-title_alignment=\"center\" class=\"panel-widget-style panel-widget-style-for-w64c7cfc5a9583-1-2-0\" ><div\n\t\t\t\n\t\t\tclass=\"so-widget-sow-editor so-widget-sow-editor-base\"\n\t\t\t\n\t\t>\n<div class=\"siteorigin-widget-tinymce textwidget\">\n\t<p style=\"text-align: center;\"><b>TW-020<\/b><br \/><b>TW-023HS<\/b><br \/><b>TW-040<\/b><br \/><b>TW-090<\/b><br \/><b>TW-098<\/b><br \/><b>TW-422<\/b><br \/><b>TW-437<\/b><br \/><b>TW-454<\/b><br \/><b>TW-467<\/b><br \/><b>TW-470<\/b><br \/><b>TW-475<\/b><\/p>\n<\/div>\n<\/div><\/div><\/div><\/div><\/div><\/div><\/div><\/div><\/div><\/div><\/div><\/div><\/div>","protected":false},"excerpt":{"rendered":"<p>Emralon\u00ae coatings Emralon\u00ae products are a line of dispersions that contain PTFE, graphite and molybdenum disulfide, which gives them lubricating properties and excellent resistance to corrosion and solvents. In addition, they have a low coefficient of friction. These dispersions have a wide range of curing temperatures, which allows them to be used on wood, rubber, [&hellip;]<\/p>\n","protected":false},"author":2,"featured_media":0,"parent":0,"menu_order":0,"comment_status":"closed","ping_status":"closed","template":"page-templates\/page_fullwidth.php","meta":{"footnotes":""},"class_list":["post-3405","page","type-page","status-publish","hentry"],"yoast_head":"<!-- This site is optimized with the Yoast SEO plugin v27.4 - https:\/\/yoast.com\/product\/yoast-seo-wordpress\/ -->\n<title>Revestimento Emralon - Praimer<\/title>\n<meta name=\"robots\" content=\"index, follow, max-snippet:-1, max-image-preview:large, max-video-preview:-1\" \/>\n<link rel=\"canonical\" href=\"https:\/\/www.praimer.com.br\/en\/revestimento-acheson-emralon\/\" \/>\n<meta property=\"og:locale\" content=\"en_US\" \/>\n<meta property=\"og:type\" content=\"article\" \/>\n<meta property=\"og:title\" content=\"Revestimento Emralon - Praimer\" \/>\n<meta property=\"og:description\" content=\"Emralon\u00ae coatings Emralon\u00ae products are a line of dispersions that contain PTFE, graphite and molybdenum disulfide, which gives them lubricating properties and excellent resistance to corrosion and solvents. In addition, they have a low coefficient of friction. These dispersions have a wide range of curing temperatures, which allows them to be used on wood, rubber, [&hellip;]\" \/>\n<meta property=\"og:url\" content=\"https:\/\/www.praimer.com.br\/en\/revestimento-acheson-emralon\/\" \/>\n<meta property=\"og:site_name\" content=\"Praimer\" \/>\n<meta property=\"article:publisher\" content=\"https:\/\/www.facebook.com\/praimerrevestimentos\" \/>\n<meta property=\"article:modified_time\" content=\"2023-09-05T14:28:53+00:00\" \/>\n<meta property=\"og:image\" content=\"https:\/\/www.praimer.com.br\/wp-content\/uploads\/2019\/12\/Praimer-revestimentos-antiaderentes-anticorrosivos-brasil.jpg\" \/>\n\t<meta property=\"og:image:width\" content=\"900\" \/>\n\t<meta property=\"og:image:height\" content=\"329\" \/>\n\t<meta property=\"og:image:type\" content=\"image\/jpeg\" \/>\n<meta name=\"twitter:card\" content=\"summary_large_image\" \/>\n<meta name=\"twitter:label1\" content=\"Est. reading time\" \/>\n\t<meta name=\"twitter:data1\" content=\"2 minutes\" \/>\n<script type=\"application\/ld+json\" class=\"yoast-schema-graph\">{\"@context\":\"https:\\\/\\\/schema.org\",\"@graph\":[{\"@type\":\"WebPage\",\"@id\":\"https:\\\/\\\/www.praimer.com.br\\\/en\\\/revestimento-acheson-emralon\\\/\",\"url\":\"https:\\\/\\\/www.praimer.com.br\\\/en\\\/revestimento-acheson-emralon\\\/\",\"name\":\"Revestimento Emralon - Praimer\",\"isPartOf\":{\"@id\":\"https:\\\/\\\/www.praimer.com.br\\\/en\\\/#website\"},\"datePublished\":\"2023-07-31T15:11:13+00:00\",\"dateModified\":\"2023-09-05T14:28:53+00:00\",\"breadcrumb\":{\"@id\":\"https:\\\/\\\/www.praimer.com.br\\\/en\\\/revestimento-acheson-emralon\\\/#breadcrumb\"},\"inLanguage\":\"en-US\",\"potentialAction\":[{\"@type\":\"ReadAction\",\"target\":[\"https:\\\/\\\/www.praimer.com.br\\\/en\\\/revestimento-acheson-emralon\\\/\"]}]},{\"@type\":\"BreadcrumbList\",\"@id\":\"https:\\\/\\\/www.praimer.com.br\\\/en\\\/revestimento-acheson-emralon\\\/#breadcrumb\",\"itemListElement\":[{\"@type\":\"ListItem\",\"position\":1,\"name\":\"Portada\",\"item\":\"https:\\\/\\\/www.praimer.com.br\\\/en\\\/\"},{\"@type\":\"ListItem\",\"position\":2,\"name\":\"Revestimento Emralon\"}]},{\"@type\":\"WebSite\",\"@id\":\"https:\\\/\\\/www.praimer.com.br\\\/en\\\/#website\",\"url\":\"https:\\\/\\\/www.praimer.com.br\\\/en\\\/\",\"name\":\"Praimer\",\"description\":\"Aplica\u00e7\u00e3o de revestimentos antiaderentes e anticorrosivos para a ind\u00fastria\",\"potentialAction\":[{\"@type\":\"SearchAction\",\"target\":{\"@type\":\"EntryPoint\",\"urlTemplate\":\"https:\\\/\\\/www.praimer.com.br\\\/en\\\/?s={search_term_string}\"},\"query-input\":{\"@type\":\"PropertyValueSpecification\",\"valueRequired\":true,\"valueName\":\"search_term_string\"}}],\"inLanguage\":\"en-US\"}]}<\/script>\n<!-- \/ Yoast SEO plugin. -->","yoast_head_json":{"title":"Revestimento Emralon - Praimer","robots":{"index":"index","follow":"follow","max-snippet":"max-snippet:-1","max-image-preview":"max-image-preview:large","max-video-preview":"max-video-preview:-1"},"canonical":"https:\/\/www.praimer.com.br\/en\/revestimento-acheson-emralon\/","og_locale":"en_US","og_type":"article","og_title":"Revestimento Emralon - Praimer","og_description":"Emralon\u00ae coatings Emralon\u00ae products are a line of dispersions that contain PTFE, graphite and molybdenum disulfide, which gives them lubricating properties and excellent resistance to corrosion and solvents. In addition, they have a low coefficient of friction. These dispersions have a wide range of curing temperatures, which allows them to be used on wood, rubber, [&hellip;]","og_url":"https:\/\/www.praimer.com.br\/en\/revestimento-acheson-emralon\/","og_site_name":"Praimer","article_publisher":"https:\/\/www.facebook.com\/praimerrevestimentos","article_modified_time":"2023-09-05T14:28:53+00:00","og_image":[{"width":900,"height":329,"url":"https:\/\/www.praimer.com.br\/wp-content\/uploads\/2019\/12\/Praimer-revestimentos-antiaderentes-anticorrosivos-brasil.jpg","type":"image\/jpeg"}],"twitter_card":"summary_large_image","twitter_misc":{"Est. reading time":"2 minutes"},"schema":{"@context":"https:\/\/schema.org","@graph":[{"@type":"WebPage","@id":"https:\/\/www.praimer.com.br\/en\/revestimento-acheson-emralon\/","url":"https:\/\/www.praimer.com.br\/en\/revestimento-acheson-emralon\/","name":"Revestimento Emralon - Praimer","isPartOf":{"@id":"https:\/\/www.praimer.com.br\/en\/#website"},"datePublished":"2023-07-31T15:11:13+00:00","dateModified":"2023-09-05T14:28:53+00:00","breadcrumb":{"@id":"https:\/\/www.praimer.com.br\/en\/revestimento-acheson-emralon\/#breadcrumb"},"inLanguage":"en-US","potentialAction":[{"@type":"ReadAction","target":["https:\/\/www.praimer.com.br\/en\/revestimento-acheson-emralon\/"]}]},{"@type":"BreadcrumbList","@id":"https:\/\/www.praimer.com.br\/en\/revestimento-acheson-emralon\/#breadcrumb","itemListElement":[{"@type":"ListItem","position":1,"name":"Portada","item":"https:\/\/www.praimer.com.br\/en\/"},{"@type":"ListItem","position":2,"name":"Revestimento Emralon"}]},{"@type":"WebSite","@id":"https:\/\/www.praimer.com.br\/en\/#website","url":"https:\/\/www.praimer.com.br\/en\/","name":"Praimer","description":"Aplica\u00e7\u00e3o de revestimentos antiaderentes e anticorrosivos para a ind\u00fastria","potentialAction":[{"@type":"SearchAction","target":{"@type":"EntryPoint","urlTemplate":"https:\/\/www.praimer.com.br\/en\/?s={search_term_string}"},"query-input":{"@type":"PropertyValueSpecification","valueRequired":true,"valueName":"search_term_string"}}],"inLanguage":"en-US"}]}},"_links":{"self":[{"href":"https:\/\/www.praimer.com.br\/en\/wp-json\/wp\/v2\/pages\/3405","targetHints":{"allow":["GET"]}}],"collection":[{"href":"https:\/\/www.praimer.com.br\/en\/wp-json\/wp\/v2\/pages"}],"about":[{"href":"https:\/\/www.praimer.com.br\/en\/wp-json\/wp\/v2\/types\/page"}],"author":[{"embeddable":true,"href":"https:\/\/www.praimer.com.br\/en\/wp-json\/wp\/v2\/users\/2"}],"replies":[{"embeddable":true,"href":"https:\/\/www.praimer.com.br\/en\/wp-json\/wp\/v2\/comments?post=3405"}],"version-history":[{"count":10,"href":"https:\/\/www.praimer.com.br\/en\/wp-json\/wp\/v2\/pages\/3405\/revisions"}],"predecessor-version":[{"id":3415,"href":"https:\/\/www.praimer.com.br\/en\/wp-json\/wp\/v2\/pages\/3405\/revisions\/3415"}],"wp:attachment":[{"href":"https:\/\/www.praimer.com.br\/en\/wp-json\/wp\/v2\/media?parent=3405"}],"curies":[{"name":"wp","href":"https:\/\/api.w.org\/{rel}","templated":true}]}}