{"id":3387,"date":"2023-07-31T11:27:44","date_gmt":"2023-07-31T14:27:44","guid":{"rendered":"https:\/\/www.praimer.com.br\/?page_id=3387"},"modified":"2023-09-05T11:56:35","modified_gmt":"2023-09-05T14:56:35","slug":"revestimentos-acheson","status":"publish","type":"page","link":"https:\/\/www.praimer.com.br\/en\/revestimentos-acheson\/","title":{"rendered":"Revestimentos Acheson"},"content":{"rendered":"<div id=\"pl-3387\"  class=\"panel-layout\" ><div id=\"pg-3387-0\"  class=\"panel-grid panel-has-style\" ><div style=\"padding: 0px 0; \" data-overlay=\"true\" data-overlay-color=\"#000000\" class=\"panel-row-style panel-row-style-for-3387-0\" ><div id=\"pgc-3387-0-0\"  class=\"panel-grid-cell\" ><div id=\"panel-3387-0-0-0\" class=\"so-panel widget widget_sow-image panel-first-child\" data-index=\"0\" ><div style=\"text-align: left;\" data-title-color=\"#47425d\" data-headings-color=\"#443f3f\" data-title_alignment=\"center\" class=\"panel-widget-style panel-widget-style-for-3387-0-0-0\" ><div\n\t\t\t\n\t\t\tclass=\"so-widget-sow-image so-widget-sow-image-default-c67d20f9f743-3387\"\n\t\t\t\n\t\t>\n<div class=\"sow-image-container\">\n\t\t<img \n\tsrc=\"https:\/\/www.praimer.com.br\/wp-content\/uploads\/2023\/07\/recubrimientos-acheson.png\" width=\"228\" height=\"120\" sizes=\"(max-width: 228px) 100vw, 228px\" alt=\"\" \t\tclass=\"so-widget-image\"\/>\n\t<\/div>\n\n<\/div><\/div><\/div><div id=\"panel-3387-0-0-1\" class=\"so-panel widget widget_sow-editor panel-last-child\" data-index=\"1\" ><div style=\"text-align: left;\" data-title-color=\"#47425d\" data-headings-color=\"#000000\" data-title_alignment=\"center\" class=\"panel-widget-style panel-widget-style-for-3387-0-0-1\" ><div\n\t\t\t\n\t\t\tclass=\"so-widget-sow-editor so-widget-sow-editor-base\"\n\t\t\t\n\t\t>\n<div class=\"siteorigin-widget-tinymce textwidget\">\n\t<h1 style=\"text-align: center;\">Acheson coatings<\/h1>\n<hr \/>\n<p style=\"text-align: justify;\">Henkel has the Acheson brand, which offers a wide range of metal products such as specialty coatings and lubricants, used in a variety of industries including electronics, automotive, aerospace, appliance, medical, metalworking, die casting, and display.<\/p>\n<p style=\"text-align: justify;\">Acheson's high performance inks and coatings are at the forefront of the electronics industry with advanced materials.<\/p>\n<\/div>\n<\/div><\/div><\/div><\/div><\/div><\/div><div id=\"pg-3387-1\"  class=\"panel-grid panel-has-style\" ><div class=\"FRANJA-BLAVA-TITOL siteorigin-panels-stretch panel-row-style panel-row-style-for-3387-1\" style=\"padding: 0px 0; \" data-stretch-type=\"full\" data-overlay=\"true\" data-overlay-color=\"#000000\" ><div id=\"pgc-3387-1-0\"  class=\"panel-grid-cell\" ><div id=\"panel-3387-1-0-0\" class=\"so-panel widget widget_sow-editor panel-first-child panel-last-child\" data-index=\"2\" ><div class=\"blanc panel-widget-style panel-widget-style-for-3387-1-0-0\" style=\"text-align: left;\" data-title-color=\"#47425d\" data-headings-color=\"#443f3f\" data-title_alignment=\"center\" ><div\n\t\t\t\n\t\t\tclass=\"so-widget-sow-editor so-widget-sow-editor-base\"\n\t\t\t\n\t\t>\n<div class=\"siteorigin-widget-tinymce textwidget\">\n\t<h2 style=\"text-align: center;\">Acheson\u2019s Coating Range<\/h2>\n<\/div>\n<\/div><\/div><\/div><\/div><\/div><\/div><div id=\"pg-3387-2\"  class=\"panel-grid panel-has-style\" ><div class=\"BGC-GRIS siteorigin-panels-stretch panel-row-style panel-row-style-for-3387-2\" style=\"padding: 50px 0; \" data-stretch-type=\"full\" data-overlay=\"true\" data-overlay-color=\"#000000\" ><div id=\"pgc-3387-2-0\"  class=\"panel-grid-cell\" ><div id=\"panel-3387-2-0-0\" class=\"so-panel widget widget_siteorigin-panels-builder panel-first-child panel-last-child\" data-index=\"3\" ><div style=\"text-align: left;\" data-title-color=\"#47425d\" data-headings-color=\"#443f3f\" data-title_alignment=\"center\" class=\"panel-widget-style panel-widget-style-for-3387-2-0-0\" ><div id=\"pl-w64f74184b5192\"  class=\"panel-layout\" ><div id=\"pg-w64f74184b5192-0\"  class=\"panel-grid panel-has-style\" ><div style=\"padding: 0px 0; \" data-overlay=\"true\" data-overlay-color=\"#000000\" class=\"panel-row-style panel-row-style-for-w64f74184b5192-0\" ><div id=\"pgc-w64f74184b5192-0-0\"  class=\"panel-grid-cell\" ><div id=\"panel-w64f74184b5192-0-0-0\" class=\"so-panel widget widget_sow-editor panel-first-child panel-last-child\" data-index=\"0\" ><div style=\"text-align: left;\" data-title-color=\"#47425d\" data-headings-color=\"#443f3f\" data-title_alignment=\"center\" class=\"panel-widget-style panel-widget-style-for-w64f74184b5192-0-0-0\" ><div\n\t\t\t\n\t\t\tclass=\"so-widget-sow-editor so-widget-sow-editor-base\"\n\t\t\t\n\t\t>\n<div class=\"siteorigin-widget-tinymce textwidget\">\n\t<p style=\"text-align: center;\">Acheson\u2019s Coating Range includes:<\/p>\n<\/div>\n<\/div><\/div><\/div><\/div><\/div><\/div><div id=\"pg-w64f74184b5192-1\"  class=\"panel-grid panel-has-style\" ><div style=\"padding: 0px 0; \" data-overlay=\"true\" data-overlay-color=\"#000000\" class=\"panel-row-style panel-row-style-for-w64f74184b5192-1\" ><div id=\"pgc-w64f74184b5192-1-0\"  class=\"panel-grid-cell\" ><div class=\"BGC-BLANC panel-cell-style panel-cell-style-for-w64f74184b5192-1-0\" ><div id=\"panel-w64f74184b5192-1-0-0\" class=\"so-panel widget widget_sow-image panel-first-child panel-last-child\" data-index=\"1\" ><div class=\"PADDING-H-1 AUGMENTAR-ICONA panel-widget-style panel-widget-style-for-w64f74184b5192-1-0-0\" style=\"text-align: left;\" data-title-color=\"#47425d\" data-headings-color=\"#443f3f\" data-title_alignment=\"center\" ><div\n\t\t\t\n\t\t\tclass=\"so-widget-sow-image so-widget-sow-image-default-3a2476c0e107\"\n\t\t\t\n\t\t>\n<div class=\"sow-image-container\">\n\t\t\t<a href=\"https:\/\/www.praimer.com.br\/en\/revestimento-acheson-emralon\/\"\n\t\t\t\t\t>\n\t\t\t<img \n\tsrc=\"https:\/\/www.praimer.com.br\/wp-content\/uploads\/2023\/07\/recubrimiento-acheson-emralon.png\" width=\"197\" height=\"197\" srcset=\"https:\/\/www.praimer.com.br\/wp-content\/uploads\/2023\/07\/recubrimiento-acheson-emralon.png 197w, https:\/\/www.praimer.com.br\/wp-content\/uploads\/2023\/07\/recubrimiento-acheson-emralon-150x150.png 150w\" sizes=\"(max-width: 197px) 100vw, 197px\" alt=\"\" \t\tclass=\"so-widget-image\"\/>\n\t\t\t<\/a><\/div>\n\n<\/div><\/div><\/div><\/div><\/div><div id=\"pgc-w64f74184b5192-1-1\"  class=\"panel-grid-cell\" ><div class=\"BGC-BLANC panel-cell-style panel-cell-style-for-w64f74184b5192-1-1\" ><div id=\"panel-w64f74184b5192-1-1-0\" class=\"so-panel widget widget_sow-image panel-first-child panel-last-child\" data-index=\"2\" ><div class=\"PADDING-H-1 AUGMENTAR-ICONA panel-widget-style panel-widget-style-for-w64f74184b5192-1-1-0\" style=\"text-align: left;\" data-title-color=\"#47425d\" data-headings-color=\"#443f3f\" data-title_alignment=\"center\" ><div\n\t\t\t\n\t\t\tclass=\"so-widget-sow-image so-widget-sow-image-default-c67d20f9f743\"\n\t\t\t\n\t\t>\n<div class=\"sow-image-container\">\n\t\t\t<a href=\"https:\/\/www.praimer.com.br\/en\/revestimento-acheson-molydag\/\"\n\t\t\t\t\t>\n\t\t\t<img \n\tsrc=\"https:\/\/www.praimer.com.br\/wp-content\/uploads\/2023\/07\/recubrimiento-acheson-molydag.png\" width=\"197\" height=\"197\" srcset=\"https:\/\/www.praimer.com.br\/wp-content\/uploads\/2023\/07\/recubrimiento-acheson-molydag.png 197w, https:\/\/www.praimer.com.br\/wp-content\/uploads\/2023\/07\/recubrimiento-acheson-molydag-150x150.png 150w\" sizes=\"(max-width: 197px) 100vw, 197px\" alt=\"\" \t\tclass=\"so-widget-image\"\/>\n\t\t\t<\/a><\/div>\n\n<\/div><\/div><\/div><\/div><\/div><\/div><\/div><div id=\"pg-w64f74184b5192-2\"  class=\"panel-grid panel-has-style\" ><div style=\"padding: 30px 0; \" data-overlay=\"true\" data-overlay-color=\"#000000\" class=\"panel-row-style panel-row-style-for-w64f74184b5192-2\" ><div id=\"pgc-w64f74184b5192-2-0\"  class=\"panel-grid-cell\" ><div class=\"BGC-BLANC panel-cell-style panel-cell-style-for-w64f74184b5192-2-0\" ><div id=\"panel-w64f74184b5192-2-0-0\" class=\"so-panel widget widget_sow-image panel-first-child panel-last-child\" data-index=\"3\" ><div class=\"PADDING-H-1 AUGMENTAR-ICONA panel-widget-style panel-widget-style-for-w64f74184b5192-2-0-0\" style=\"text-align: left;\" data-title-color=\"#47425d\" data-headings-color=\"#443f3f\" data-title_alignment=\"center\" ><div\n\t\t\t\n\t\t\tclass=\"so-widget-sow-image so-widget-sow-image-default-c67d20f9f743\"\n\t\t\t\n\t\t>\n<div class=\"sow-image-container\">\n\t\t<img \n\tsrc=\"https:\/\/www.praimer.com.br\/wp-content\/uploads\/2023\/07\/recubrimiento-acheson-dag.png\" width=\"197\" height=\"197\" srcset=\"https:\/\/www.praimer.com.br\/wp-content\/uploads\/2023\/07\/recubrimiento-acheson-dag.png 197w, https:\/\/www.praimer.com.br\/wp-content\/uploads\/2023\/07\/recubrimiento-acheson-dag-150x150.png 150w\" sizes=\"(max-width: 197px) 100vw, 197px\" alt=\"\" \t\tclass=\"so-widget-image\"\/>\n\t<\/div>\n\n<\/div><\/div><\/div><\/div><\/div><\/div><\/div><\/div><\/div><\/div><\/div><\/div><\/div><div id=\"pg-3387-3\"  class=\"panel-grid panel-has-style\" ><div style=\"padding: 50px 0; \" data-overlay=\"true\" data-overlay-color=\"#000000\" class=\"panel-row-style panel-row-style-for-3387-3\" ><div id=\"pgc-3387-3-0\"  class=\"panel-grid-cell\" ><div id=\"panel-3387-3-0-0\" class=\"so-panel widget widget_siteorigin-panels-builder panel-first-child panel-last-child\" data-index=\"4\" ><div style=\"text-align: center;\" data-title-color=\"#47425d\" data-headings-color=\"#443f3f\" data-title_alignment=\"center\" class=\"panel-widget-style panel-widget-style-for-3387-3-0-0\" ><div id=\"pl-w64c7c5823a46d\"  class=\"panel-layout\" ><div id=\"pg-w64c7c5823a46d-0\"  class=\"panel-grid panel-has-style\" ><div style=\"padding: 0px 0; \" data-overlay=\"true\" data-overlay-color=\"#000000\" class=\"panel-row-style panel-row-style-for-w64c7c5823a46d-0\" ><div id=\"pgc-w64c7c5823a46d-0-0\"  class=\"panel-grid-cell\" ><div id=\"panel-w64c7c5823a46d-0-0-0\" class=\"so-panel widget widget_sow-editor panel-first-child panel-last-child\" data-index=\"0\" ><div style=\"text-align: left;\" data-title-color=\"#47425d\" data-headings-color=\"#443f3f\" data-title_alignment=\"center\" class=\"panel-widget-style panel-widget-style-for-w64c7c5823a46d-0-0-0\" ><div\n\t\t\t\n\t\t\tclass=\"so-widget-sow-editor so-widget-sow-editor-base\"\n\t\t\t\n\t\t>\n<div class=\"siteorigin-widget-tinymce textwidget\">\n\t<h3 class=\"BLAU-FOSC\" style=\"text-align: center;\">Dag\u00ae references<\/h3>\n<p style=\"text-align: center; padding-top: 40px;\"><b>137<\/b><br \/>\n<b>154<\/b><br \/>\n<b>193<\/b><br \/>\n<b>386<\/b><br \/>\n<b>395<\/b><br \/>\n<b>580<\/b><\/p>\n<\/div>\n<\/div><\/div><\/div><\/div><\/div><\/div><\/div><\/div><\/div><\/div><\/div><\/div><\/div>","protected":false},"excerpt":{"rendered":"<p>Acheson coatings Henkel has the Acheson brand, which offers a wide range of metal products such as specialty coatings and lubricants, used in a variety of industries including electronics, automotive, aerospace, appliance, medical, metalworking, die casting, and display. Acheson&#8217;s high performance inks and coatings are at the forefront of the electronics industry with advanced materials.<\/p>\n","protected":false},"author":2,"featured_media":0,"parent":0,"menu_order":0,"comment_status":"closed","ping_status":"closed","template":"page-templates\/page_fullwidth.php","meta":{"footnotes":""},"class_list":["post-3387","page","type-page","status-publish","hentry"],"yoast_head":"<!-- This site is optimized with the Yoast SEO plugin v27.5 - https:\/\/yoast.com\/product\/yoast-seo-wordpress\/ -->\n<title>Revestimentos Acheson - Praimer<\/title>\n<meta name=\"robots\" content=\"index, follow, max-snippet:-1, max-image-preview:large, max-video-preview:-1\" \/>\n<link rel=\"canonical\" href=\"https:\/\/www.praimer.com.br\/en\/revestimentos-acheson\/\" \/>\n<meta property=\"og:locale\" content=\"en_US\" \/>\n<meta property=\"og:type\" content=\"article\" \/>\n<meta property=\"og:title\" content=\"Revestimentos Acheson - Praimer\" \/>\n<meta property=\"og:description\" content=\"Acheson coatings Henkel has the Acheson brand, which offers a wide range of metal products such as specialty coatings and lubricants, used in a variety of industries including electronics, automotive, aerospace, appliance, medical, metalworking, die casting, and display. Acheson&#039;s high performance inks and coatings are at the forefront of the electronics industry with advanced materials.\" \/>\n<meta property=\"og:url\" content=\"https:\/\/www.praimer.com.br\/en\/revestimentos-acheson\/\" \/>\n<meta property=\"og:site_name\" content=\"Praimer\" \/>\n<meta property=\"article:publisher\" content=\"https:\/\/www.facebook.com\/praimerrevestimentos\" \/>\n<meta property=\"article:modified_time\" content=\"2023-09-05T14:56:35+00:00\" \/>\n<meta property=\"og:image\" content=\"https:\/\/www.praimer.com.br\/wp-content\/uploads\/2019\/12\/Praimer-revestimentos-antiaderentes-anticorrosivos-brasil.jpg\" \/>\n\t<meta property=\"og:image:width\" content=\"900\" \/>\n\t<meta property=\"og:image:height\" content=\"329\" \/>\n\t<meta property=\"og:image:type\" content=\"image\/jpeg\" \/>\n<meta name=\"twitter:card\" content=\"summary_large_image\" \/>\n<meta name=\"twitter:label1\" content=\"Est. reading time\" \/>\n\t<meta name=\"twitter:data1\" content=\"1 minute\" \/>\n<script type=\"application\/ld+json\" class=\"yoast-schema-graph\">{\"@context\":\"https:\\\/\\\/schema.org\",\"@graph\":[{\"@type\":\"WebPage\",\"@id\":\"https:\\\/\\\/www.praimer.com.br\\\/en\\\/revestimentos-acheson\\\/\",\"url\":\"https:\\\/\\\/www.praimer.com.br\\\/en\\\/revestimentos-acheson\\\/\",\"name\":\"Revestimentos Acheson - Praimer\",\"isPartOf\":{\"@id\":\"https:\\\/\\\/www.praimer.com.br\\\/en\\\/#website\"},\"datePublished\":\"2023-07-31T14:27:44+00:00\",\"dateModified\":\"2023-09-05T14:56:35+00:00\",\"breadcrumb\":{\"@id\":\"https:\\\/\\\/www.praimer.com.br\\\/en\\\/revestimentos-acheson\\\/#breadcrumb\"},\"inLanguage\":\"en-US\",\"potentialAction\":[{\"@type\":\"ReadAction\",\"target\":[\"https:\\\/\\\/www.praimer.com.br\\\/en\\\/revestimentos-acheson\\\/\"]}]},{\"@type\":\"BreadcrumbList\",\"@id\":\"https:\\\/\\\/www.praimer.com.br\\\/en\\\/revestimentos-acheson\\\/#breadcrumb\",\"itemListElement\":[{\"@type\":\"ListItem\",\"position\":1,\"name\":\"Portada\",\"item\":\"https:\\\/\\\/www.praimer.com.br\\\/en\\\/\"},{\"@type\":\"ListItem\",\"position\":2,\"name\":\"Revestimentos Acheson\"}]},{\"@type\":\"WebSite\",\"@id\":\"https:\\\/\\\/www.praimer.com.br\\\/en\\\/#website\",\"url\":\"https:\\\/\\\/www.praimer.com.br\\\/en\\\/\",\"name\":\"Praimer\",\"description\":\"Aplica\u00e7\u00e3o de revestimentos antiaderentes e anticorrosivos para a ind\u00fastria\",\"potentialAction\":[{\"@type\":\"SearchAction\",\"target\":{\"@type\":\"EntryPoint\",\"urlTemplate\":\"https:\\\/\\\/www.praimer.com.br\\\/en\\\/?s={search_term_string}\"},\"query-input\":{\"@type\":\"PropertyValueSpecification\",\"valueRequired\":true,\"valueName\":\"search_term_string\"}}],\"inLanguage\":\"en-US\"}]}<\/script>\n<!-- \/ Yoast SEO plugin. -->","yoast_head_json":{"title":"Revestimentos Acheson - Praimer","robots":{"index":"index","follow":"follow","max-snippet":"max-snippet:-1","max-image-preview":"max-image-preview:large","max-video-preview":"max-video-preview:-1"},"canonical":"https:\/\/www.praimer.com.br\/en\/revestimentos-acheson\/","og_locale":"en_US","og_type":"article","og_title":"Revestimentos Acheson - Praimer","og_description":"Acheson coatings Henkel has the Acheson brand, which offers a wide range of metal products such as specialty coatings and lubricants, used in a variety of industries including electronics, automotive, aerospace, appliance, medical, metalworking, die casting, and display. Acheson's high performance inks and coatings are at the forefront of the electronics industry with advanced materials.","og_url":"https:\/\/www.praimer.com.br\/en\/revestimentos-acheson\/","og_site_name":"Praimer","article_publisher":"https:\/\/www.facebook.com\/praimerrevestimentos","article_modified_time":"2023-09-05T14:56:35+00:00","og_image":[{"width":900,"height":329,"url":"https:\/\/www.praimer.com.br\/wp-content\/uploads\/2019\/12\/Praimer-revestimentos-antiaderentes-anticorrosivos-brasil.jpg","type":"image\/jpeg"}],"twitter_card":"summary_large_image","twitter_misc":{"Est. reading time":"1 minute"},"schema":{"@context":"https:\/\/schema.org","@graph":[{"@type":"WebPage","@id":"https:\/\/www.praimer.com.br\/en\/revestimentos-acheson\/","url":"https:\/\/www.praimer.com.br\/en\/revestimentos-acheson\/","name":"Revestimentos Acheson - Praimer","isPartOf":{"@id":"https:\/\/www.praimer.com.br\/en\/#website"},"datePublished":"2023-07-31T14:27:44+00:00","dateModified":"2023-09-05T14:56:35+00:00","breadcrumb":{"@id":"https:\/\/www.praimer.com.br\/en\/revestimentos-acheson\/#breadcrumb"},"inLanguage":"en-US","potentialAction":[{"@type":"ReadAction","target":["https:\/\/www.praimer.com.br\/en\/revestimentos-acheson\/"]}]},{"@type":"BreadcrumbList","@id":"https:\/\/www.praimer.com.br\/en\/revestimentos-acheson\/#breadcrumb","itemListElement":[{"@type":"ListItem","position":1,"name":"Portada","item":"https:\/\/www.praimer.com.br\/en\/"},{"@type":"ListItem","position":2,"name":"Revestimentos Acheson"}]},{"@type":"WebSite","@id":"https:\/\/www.praimer.com.br\/en\/#website","url":"https:\/\/www.praimer.com.br\/en\/","name":"Praimer","description":"Aplica\u00e7\u00e3o de revestimentos antiaderentes e anticorrosivos para a ind\u00fastria","potentialAction":[{"@type":"SearchAction","target":{"@type":"EntryPoint","urlTemplate":"https:\/\/www.praimer.com.br\/en\/?s={search_term_string}"},"query-input":{"@type":"PropertyValueSpecification","valueRequired":true,"valueName":"search_term_string"}}],"inLanguage":"en-US"}]}},"_links":{"self":[{"href":"https:\/\/www.praimer.com.br\/en\/wp-json\/wp\/v2\/pages\/3387","targetHints":{"allow":["GET"]}}],"collection":[{"href":"https:\/\/www.praimer.com.br\/en\/wp-json\/wp\/v2\/pages"}],"about":[{"href":"https:\/\/www.praimer.com.br\/en\/wp-json\/wp\/v2\/types\/page"}],"author":[{"embeddable":true,"href":"https:\/\/www.praimer.com.br\/en\/wp-json\/wp\/v2\/users\/2"}],"replies":[{"embeddable":true,"href":"https:\/\/www.praimer.com.br\/en\/wp-json\/wp\/v2\/comments?post=3387"}],"version-history":[{"count":13,"href":"https:\/\/www.praimer.com.br\/en\/wp-json\/wp\/v2\/pages\/3387\/revisions"}],"predecessor-version":[{"id":3691,"href":"https:\/\/www.praimer.com.br\/en\/wp-json\/wp\/v2\/pages\/3387\/revisions\/3691"}],"wp:attachment":[{"href":"https:\/\/www.praimer.com.br\/en\/wp-json\/wp\/v2\/media?parent=3387"}],"curies":[{"name":"wp","href":"https:\/\/api.w.org\/{rel}","templated":true}]}}