{"id":2844,"date":"2022-12-23T08:54:21","date_gmt":"2022-12-23T11:54:21","guid":{"rendered":"https:\/\/www.praimer.com.br\/?page_id=2844"},"modified":"2022-12-23T08:54:21","modified_gmt":"2022-12-23T11:54:21","slug":"privacy-notice","status":"publish","type":"page","link":"https:\/\/www.praimer.com.br\/en\/privacy-notice\/","title":{"rendered":"Privacy notice"},"content":{"rendered":"<p>Concerned with the care and transparency of our services, we have prepared the following <strong>PRIVACY NOTICE.<\/strong><\/p>\n<p>If you are our customer, use our website or any of our products and services, we process your personal data.<\/p>\n<p><strong>Below you will find the main information about how this treatment is carried out.<\/strong><\/p>\n<h3>What are personal data?<\/h3>\n<p>Personal data are those capable of identifying an individual, directly or indirectly, such as:<br \/>\n\u2022 Name;<br \/>\n\u2022 birth date;<br \/>\n\u2022 nationality;<br \/>\n\u2022 profession;<br \/>\n\u2022 identification documents (eg RG and CPF);<br \/>\n\u2022 address;<br \/>\n\u2022 telephone;<br \/>\n\u2022 localization,<br \/>\n\u2022 electronic identifiers; etc.<\/p>\n<h3>What is sensitive personal data?<\/h3>\n<p>Sensitive data are those that deal with:<br \/>\n\u2022 racial or ethnic origin;<br \/>\n\u2022 religious conviction;<br \/>\n\u2022 political opinion;<br \/>\n\u2022 union membership or religious, philosophical or political organization;<br \/>\n\u2022 health;<br \/>\n\u2022 sex life;<br \/>\n\u2022 genetic or biometric data.<\/p>\n<p>These are subject to specific treatment, since their improper or incorrect use can cause discrimination against the data subject.<\/p>\n<h3>What is anonymization of personal data?<\/h3>\n<p>It is the process by which the data loses its association, direct or indirect, capable of identifying the Holder, considering the use of reasonable technical means available at the time of its treatment.<\/p>\n<h3>What personal data is collected?<\/h3>\n<p>When using our services and platforms, the following types of personal data may be collected:<br \/>\n\u2022 Registration data;<br \/>\n\u2022 Financial Data, if contracted;<br \/>\n\u2022 Location Data;<br \/>\n\u2022 Data from the Device used to access platforms and websites;<br \/>\n\u2022 Cookies.<\/p>\n<h3>What are Cookies?<\/h3>\n<p>This is a micro computer file or data package sent by our websites to the user&#8217;s browser, with the purpose of identifying the user and obtaining access data, such as pages navigated or links clicked, in order to customize navigation, making it faster and more efficient.<\/p>\n<h3>What is personal data collected for?<\/h3>\n<p>PRAIMER collects, processes, shares and stores the personal data necessary for:<br \/>\n\u2022 the provision of necessary information to Holders and public bodies, if applicable;<br \/>\n\u2022 the execution of contracts;<br \/>\n\u2022 internal control and billing for services rendered;<br \/>\n\u2022 prospecting for new customers;<br \/>\n\u2022 credit protection;<br \/>\n\u2022 compliance with legal and regulatory obligations;<br \/>\n\u2022 the protection of life or physical safety of the holder or third party;<br \/>\n\u2022 guarantee of fraud prevention and holder security;<br \/>\n\u2022 eventual corporate movements, such as sale, merger, acquisition or court order;<br \/>\n\u2022 in exceptional situations, to meet your legitimate interests, under the terms of the law.<\/p>\n<h3>How long do we store your personal data?<\/h3>\n<p>The personal data processed by PRAIMER will be stored as long as they are useful for the purposes for which they are intended or until the Holder requests their deletion, except in the event of custody for compliance with a legal or regulatory obligation.<\/p>\n<h3>How do we protect your personal data?<\/h3>\n<p>\u2022 Adoption of information security and data protection measures, using available technologies;<br \/>\n\u2022 Protection against unauthorized access to PRAIMER&#8217;s systems;<br \/>\n\u2022 Restricted access by authorized persons to the location where personal information is stored;<br \/>\n\u2022 Commitment of all those involved in providing the service of absolute secrecy of information, adoption of best practices for handling data, respect for PRAIMER&#8217;s internal policies and procedures.<\/p>\n<h3>With whom do we share your personal data?<\/h3>\n<p>\u2022 Partners: in order to provide our services, we share personal data with other companies, such as hosting providers, internal control systems, means of payment, etc.<br \/>\n\u2022 Authorities in Judicial or Administrative Proceedings: this type of data sharing may be necessary to comply with a legal, regulatory obligation, court order or to protect rights.<br \/>\n\u2022 Authorized Persons: when in your interest, for collection due to contracts entered into between PRAIMER and Data Holder and\/or with your express consent.<\/p>\n<h3>Is there an international transfer of your personal data?<\/h3>\n<p>\u2022 Possible partners and suppliers located abroad, such as for contracting a cloud storage or server service.<br \/>\n\u2022 Coatresa Group, of which PRAIMER is a part, when necessary to fulfill a contract involving the data subject or to meet the demands of the economic group.<\/p>\n<h3>What are your rights?<\/h3>\n<p>\u2022 Confirmation of the existence of data processing;<br \/>\n\u2022 Access to data;<br \/>\n\u2022 Correction of incomplete, inaccurate or outdated data;<br \/>\n\u2022 Anonymization, blocking or deletion of unnecessary, excessive or non-compliant data;<br \/>\n\u2022 Portability of your data to another service or product provider, upon express request by the Holder;<br \/>\n\u2022 Deletion of data processed with your consent, except in cases where there is a legal or regulatory requirement for storage;<br \/>\n\u2022 Obtaining information about public or private entities with which your data has been shared;<br \/>\n\u2022 Information about the possibility of not giving your consent, as well as being informed about the consequences in case of refusal;<br \/>\n\u2022 Withdrawal of consent.<\/p>\n<h3>Want more information?<\/h3>\n<p>If you have any questions, suggestions or complaints about how to use your data, read our Privacy Policy in full or contact us via email: lgpd@praimer.com.br<\/p>\n<div id=\"gtx-trans\" style=\"position: absolute; left: -114px; top: 80px;\">\n<div class=\"gtx-trans-icon\"><\/div>\n<\/div>\n","protected":false},"excerpt":{"rendered":"<p>Concerned with the care and transparency of our services, we have prepared the following PRIVACY NOTICE. If you are our customer, use our website or any of our products and services, we process your personal data. Below you will find the main information about how this treatment is carried out. What are personal data? Personal [&hellip;]<\/p>\n","protected":false},"author":2,"featured_media":0,"parent":0,"menu_order":0,"comment_status":"closed","ping_status":"closed","template":"","meta":{"_monsterinsights_skip_tracking":false,"_monsterinsights_sitenote_active":false,"_monsterinsights_sitenote_note":"","_monsterinsights_sitenote_category":0,"footnotes":""},"class_list":["post-2844","page","type-page","status-publish","hentry"],"yoast_head":"<!-- This site is optimized with the Yoast SEO plugin v27.3 - https:\/\/yoast.com\/product\/yoast-seo-wordpress\/ -->\n<title>Privacy notice - Praimer<\/title>\n<meta name=\"robots\" content=\"index, follow, max-snippet:-1, max-image-preview:large, max-video-preview:-1\" \/>\n<link rel=\"canonical\" href=\"https:\/\/www.praimer.com.br\/en\/privacy-notice\/\" \/>\n<meta property=\"og:locale\" content=\"en_US\" \/>\n<meta property=\"og:type\" content=\"article\" \/>\n<meta property=\"og:title\" content=\"Privacy notice - Praimer\" \/>\n<meta property=\"og:description\" content=\"Concerned with the care and transparency of our services, we have prepared the following PRIVACY NOTICE. If you are our customer, use our website or any of our products and services, we process your personal data. Below you will find the main information about how this treatment is carried out. What are personal data? Personal [&hellip;]\" \/>\n<meta property=\"og:url\" content=\"https:\/\/www.praimer.com.br\/en\/privacy-notice\/\" \/>\n<meta property=\"og:site_name\" content=\"Praimer\" \/>\n<meta property=\"article:publisher\" content=\"https:\/\/www.facebook.com\/praimerrevestimentos\" \/>\n<meta property=\"og:image\" content=\"https:\/\/www.praimer.com.br\/wp-content\/uploads\/2019\/12\/Praimer-revestimentos-antiaderentes-anticorrosivos-brasil.jpg\" \/>\n\t<meta property=\"og:image:width\" content=\"900\" \/>\n\t<meta property=\"og:image:height\" content=\"329\" \/>\n\t<meta property=\"og:image:type\" content=\"image\/jpeg\" \/>\n<meta name=\"twitter:card\" content=\"summary_large_image\" \/>\n<meta name=\"twitter:label1\" content=\"Est. reading time\" \/>\n\t<meta name=\"twitter:data1\" content=\"4 minutes\" \/>\n<script type=\"application\/ld+json\" class=\"yoast-schema-graph\">{\"@context\":\"https:\\\/\\\/schema.org\",\"@graph\":[{\"@type\":\"WebPage\",\"@id\":\"https:\\\/\\\/www.praimer.com.br\\\/en\\\/privacy-notice\\\/\",\"url\":\"https:\\\/\\\/www.praimer.com.br\\\/en\\\/privacy-notice\\\/\",\"name\":\"Privacy notice - Praimer\",\"isPartOf\":{\"@id\":\"https:\\\/\\\/www.praimer.com.br\\\/en\\\/#website\"},\"datePublished\":\"2022-12-23T11:54:21+00:00\",\"breadcrumb\":{\"@id\":\"https:\\\/\\\/www.praimer.com.br\\\/en\\\/privacy-notice\\\/#breadcrumb\"},\"inLanguage\":\"en-US\",\"potentialAction\":[{\"@type\":\"ReadAction\",\"target\":[\"https:\\\/\\\/www.praimer.com.br\\\/en\\\/privacy-notice\\\/\"]}]},{\"@type\":\"BreadcrumbList\",\"@id\":\"https:\\\/\\\/www.praimer.com.br\\\/en\\\/privacy-notice\\\/#breadcrumb\",\"itemListElement\":[{\"@type\":\"ListItem\",\"position\":1,\"name\":\"Portada\",\"item\":\"https:\\\/\\\/www.praimer.com.br\\\/en\\\/\"},{\"@type\":\"ListItem\",\"position\":2,\"name\":\"Privacy notice\"}]},{\"@type\":\"WebSite\",\"@id\":\"https:\\\/\\\/www.praimer.com.br\\\/en\\\/#website\",\"url\":\"https:\\\/\\\/www.praimer.com.br\\\/en\\\/\",\"name\":\"Praimer\",\"description\":\"Aplica\u00e7\u00e3o de revestimentos antiaderentes e anticorrosivos para a ind\u00fastria\",\"potentialAction\":[{\"@type\":\"SearchAction\",\"target\":{\"@type\":\"EntryPoint\",\"urlTemplate\":\"https:\\\/\\\/www.praimer.com.br\\\/en\\\/?s={search_term_string}\"},\"query-input\":{\"@type\":\"PropertyValueSpecification\",\"valueRequired\":true,\"valueName\":\"search_term_string\"}}],\"inLanguage\":\"en-US\"}]}<\/script>\n<!-- \/ Yoast SEO plugin. -->","yoast_head_json":{"title":"Privacy notice - Praimer","robots":{"index":"index","follow":"follow","max-snippet":"max-snippet:-1","max-image-preview":"max-image-preview:large","max-video-preview":"max-video-preview:-1"},"canonical":"https:\/\/www.praimer.com.br\/en\/privacy-notice\/","og_locale":"en_US","og_type":"article","og_title":"Privacy notice - Praimer","og_description":"Concerned with the care and transparency of our services, we have prepared the following PRIVACY NOTICE. If you are our customer, use our website or any of our products and services, we process your personal data. Below you will find the main information about how this treatment is carried out. What are personal data? Personal [&hellip;]","og_url":"https:\/\/www.praimer.com.br\/en\/privacy-notice\/","og_site_name":"Praimer","article_publisher":"https:\/\/www.facebook.com\/praimerrevestimentos","og_image":[{"width":900,"height":329,"url":"https:\/\/www.praimer.com.br\/wp-content\/uploads\/2019\/12\/Praimer-revestimentos-antiaderentes-anticorrosivos-brasil.jpg","type":"image\/jpeg"}],"twitter_card":"summary_large_image","twitter_misc":{"Est. reading time":"4 minutes"},"schema":{"@context":"https:\/\/schema.org","@graph":[{"@type":"WebPage","@id":"https:\/\/www.praimer.com.br\/en\/privacy-notice\/","url":"https:\/\/www.praimer.com.br\/en\/privacy-notice\/","name":"Privacy notice - Praimer","isPartOf":{"@id":"https:\/\/www.praimer.com.br\/en\/#website"},"datePublished":"2022-12-23T11:54:21+00:00","breadcrumb":{"@id":"https:\/\/www.praimer.com.br\/en\/privacy-notice\/#breadcrumb"},"inLanguage":"en-US","potentialAction":[{"@type":"ReadAction","target":["https:\/\/www.praimer.com.br\/en\/privacy-notice\/"]}]},{"@type":"BreadcrumbList","@id":"https:\/\/www.praimer.com.br\/en\/privacy-notice\/#breadcrumb","itemListElement":[{"@type":"ListItem","position":1,"name":"Portada","item":"https:\/\/www.praimer.com.br\/en\/"},{"@type":"ListItem","position":2,"name":"Privacy notice"}]},{"@type":"WebSite","@id":"https:\/\/www.praimer.com.br\/en\/#website","url":"https:\/\/www.praimer.com.br\/en\/","name":"Praimer","description":"Aplica\u00e7\u00e3o de revestimentos antiaderentes e anticorrosivos para a ind\u00fastria","potentialAction":[{"@type":"SearchAction","target":{"@type":"EntryPoint","urlTemplate":"https:\/\/www.praimer.com.br\/en\/?s={search_term_string}"},"query-input":{"@type":"PropertyValueSpecification","valueRequired":true,"valueName":"search_term_string"}}],"inLanguage":"en-US"}]}},"_links":{"self":[{"href":"https:\/\/www.praimer.com.br\/en\/wp-json\/wp\/v2\/pages\/2844","targetHints":{"allow":["GET"]}}],"collection":[{"href":"https:\/\/www.praimer.com.br\/en\/wp-json\/wp\/v2\/pages"}],"about":[{"href":"https:\/\/www.praimer.com.br\/en\/wp-json\/wp\/v2\/types\/page"}],"author":[{"embeddable":true,"href":"https:\/\/www.praimer.com.br\/en\/wp-json\/wp\/v2\/users\/2"}],"replies":[{"embeddable":true,"href":"https:\/\/www.praimer.com.br\/en\/wp-json\/wp\/v2\/comments?post=2844"}],"version-history":[{"count":1,"href":"https:\/\/www.praimer.com.br\/en\/wp-json\/wp\/v2\/pages\/2844\/revisions"}],"predecessor-version":[{"id":2845,"href":"https:\/\/www.praimer.com.br\/en\/wp-json\/wp\/v2\/pages\/2844\/revisions\/2845"}],"wp:attachment":[{"href":"https:\/\/www.praimer.com.br\/en\/wp-json\/wp\/v2\/media?parent=2844"}],"curies":[{"name":"wp","href":"https:\/\/api.w.org\/{rel}","templated":true}]}}