{"id":2052,"date":"2020-04-27T12:57:25","date_gmt":"2020-04-27T15:57:25","guid":{"rendered":"https:\/\/www.praimer.com.br\/revestimento-chemours-dupont\/"},"modified":"2020-05-01T07:51:33","modified_gmt":"2020-05-01T10:51:33","slug":"chemours-dupont-coatings","status":"publish","type":"page","link":"https:\/\/www.praimer.com.br\/en\/chemours-dupont-coatings\/","title":{"rendered":"Chemours Dupont coatings"},"content":{"rendered":"<div id=\"pl-2052\"  class=\"panel-layout\" ><div id=\"pg-2052-0\"  class=\"panel-grid panel-has-style\" ><div class=\"HOME-ROW siteorigin-panels-stretch panel-row-style panel-row-style-for-2052-0\" style=\"padding: 60px 0; \" data-stretch-type=\"full\" data-hasbg=\"hasbg\" data-siteorigin-parallax=\"{&quot;backgroundUrl&quot;:&quot;https:\\\/\\\/www.praimer.com.br\\\/wp-content\\\/uploads\\\/2019\\\/03\\\/revestimentos.jpg&quot;,&quot;backgroundSize&quot;:[1280,200],&quot;backgroundSizing&quot;:&quot;scaled&quot;,&quot;limitMotion&quot;:&quot;auto&quot;}\" data-overlay=\"true\" data-overlay-color=\"#000000\" ><div id=\"pgc-2052-0-0\"  class=\"panel-grid-cell\" ><div id=\"panel-2052-0-0-0\" class=\"so-panel widget widget_sow-editor panel-first-child panel-last-child\" data-index=\"0\" ><div class=\"TEXT-BLANC panel-widget-style panel-widget-style-for-2052-0-0-0\" style=\"text-align: left;\" data-title-color=\"#47425d\" data-headings-color=\"#443f3f\" data-title_alignment=\"center\" ><div\n\t\t\t\n\t\t\tclass=\"so-widget-sow-editor so-widget-sow-editor-base\"\n\t\t\t\n\t\t>\n<div class=\"siteorigin-widget-tinymce textwidget\">\n\t<h1 style=\"text-align: center;\">Chemours (Dupont) coatings<\/h1>\n<\/div>\n<\/div><\/div><\/div><\/div><\/div><\/div><div id=\"pg-2052-1\"  class=\"panel-grid panel-has-style\" ><div class=\"siteorigin-panels-stretch panel-row-style panel-row-style-for-2052-1\" style=\"padding: 50px 0; \" data-stretch-type=\"full\" data-overlay=\"true\" data-overlay-color=\"#000000\" ><div id=\"pgc-2052-1-0\"  class=\"panel-grid-cell\" ><div id=\"panel-2052-1-0-0\" class=\"so-panel widget widget_sow-image panel-first-child\" data-index=\"1\" ><div style=\"text-align: left;\" data-title-color=\"#47425d\" data-headings-color=\"#443f3f\" data-title_alignment=\"center\" class=\"panel-widget-style panel-widget-style-for-2052-1-0-0\" ><div\n\t\t\t\n\t\t\tclass=\"so-widget-sow-image so-widget-sow-image-default-c67d20f9f743-2052\"\n\t\t\t\n\t\t>\n<div class=\"sow-image-container\">\n\t\t<img \n\tsrc=\"https:\/\/www.praimer.com.br\/wp-content\/uploads\/2019\/04\/revestimento-chemours-dupont.png\" width=\"274\" height=\"120\" srcset=\"https:\/\/www.praimer.com.br\/wp-content\/uploads\/2019\/04\/revestimento-chemours-dupont.png 274w, https:\/\/www.praimer.com.br\/wp-content\/uploads\/2019\/04\/revestimento-chemours-dupont-230x101.png 230w, https:\/\/www.praimer.com.br\/wp-content\/uploads\/2019\/04\/revestimento-chemours-dupont-272x120.png 272w\" sizes=\"(max-width: 274px) 100vw, 274px\" title=\"revestimento Chemours Dupont\" alt=\"revestimento Chemours Dupont\" \t\tclass=\"so-widget-image\"\/>\n\t<\/div>\n\n<\/div><\/div><\/div><div id=\"panel-2052-1-0-1\" class=\"so-panel widget widget_sow-editor panel-last-child\" data-index=\"2\" ><div style=\"text-align: left;\" data-title-color=\"#47425d\" data-headings-color=\"#443f3f\" data-title_alignment=\"center\" class=\"panel-widget-style panel-widget-style-for-2052-1-0-1\" ><div\n\t\t\t\n\t\t\tclass=\"so-widget-sow-editor so-widget-sow-editor-base\"\n\t\t\t\n\t\t>\n<div class=\"siteorigin-widget-tinymce textwidget\">\n\t<p style=\"text-align: justify;\">Stablished in 2015, Chemours is a chemical company from the USA, emerging from the High-Performance Chemical Specialties division in <strong>DuPont<\/strong>. This 200 odd years legacy is present in over 120 countries and has three main business units: <strong>fluoroproducts<\/strong>, <strong>chemical solutions<\/strong> and <strong>titanium technologies<\/strong>. Their products are used in sectors such as automotive, paints, plastics, electric, energy and telecommunications.<\/p>\n<\/div>\n<\/div><\/div><\/div><\/div><\/div><\/div><div id=\"pg-2052-2\"  class=\"panel-grid panel-has-style\" ><div class=\"FRANJA-BLAVA-TITOL siteorigin-panels-stretch panel-row-style panel-row-style-for-2052-2\" style=\"padding: 0px 0; \" data-stretch-type=\"full\" data-overlay=\"true\" data-overlay-color=\"#000000\" ><div id=\"pgc-2052-2-0\"  class=\"panel-grid-cell\" ><div id=\"panel-2052-2-0-0\" class=\"so-panel widget widget_sow-editor panel-first-child panel-last-child\" data-index=\"3\" ><div class=\"blanc panel-widget-style panel-widget-style-for-2052-2-0-0\" style=\"text-align: left;\" data-title-color=\"#47425d\" data-headings-color=\"#443f3f\" data-title_alignment=\"center\" ><div\n\t\t\t\n\t\t\tclass=\"so-widget-sow-editor so-widget-sow-editor-base\"\n\t\t\t\n\t\t>\n<div class=\"siteorigin-widget-tinymce textwidget\">\n\t<h2 style=\"text-align: center;\">Chemours products<\/h2>\n<\/div>\n<\/div><\/div><\/div><\/div><\/div><\/div><div id=\"pg-2052-3\"  class=\"panel-grid panel-has-style\" ><div class=\"BGC-GRIS siteorigin-panels-stretch panel-row-style panel-row-style-for-2052-3\" style=\"padding: 50px 0; \" data-stretch-type=\"full\" data-overlay=\"true\" data-overlay-color=\"#000000\" ><div id=\"pgc-2052-3-0\"  class=\"panel-grid-cell\" ><div id=\"panel-2052-3-0-0\" class=\"so-panel widget widget_siteorigin-panels-builder panel-first-child panel-last-child\" data-index=\"4\" ><div style=\"text-align: left;\" data-title-color=\"#47425d\" data-headings-color=\"#443f3f\" data-title_alignment=\"center\" class=\"panel-widget-style panel-widget-style-for-2052-3-0-0\" ><div id=\"pl-w5eabff35745d9\"  class=\"panel-layout\" ><div id=\"pg-w5eabff35745d9-0\"  class=\"panel-grid panel-has-style\" ><div style=\"padding: 0px 0; \" data-overlay=\"true\" data-overlay-color=\"#000000\" class=\"panel-row-style panel-row-style-for-w5eabff35745d9-0\" ><div id=\"pgc-w5eabff35745d9-0-0\"  class=\"panel-grid-cell\" ><div id=\"panel-w5eabff35745d9-0-0-0\" class=\"so-panel widget widget_sow-editor panel-first-child panel-last-child\" data-index=\"0\" ><div style=\"text-align: left;\" data-title-color=\"#47425d\" data-headings-color=\"#443f3f\" data-title_alignment=\"center\" class=\"panel-widget-style panel-widget-style-for-w5eabff35745d9-0-0-0\" ><div\n\t\t\t\n\t\t\tclass=\"so-widget-sow-editor so-widget-sow-editor-base\"\n\t\t\t\n\t\t>\n<div class=\"siteorigin-widget-tinymce textwidget\">\n\t<p style=\"text-align: justify;\">Chemours strategic backbone is innovation, offering evolution according to the market requirements. Proof of that is the constant evolution of <strong>Teflon<\/strong>\u00ae, the first <strong>PTFE<\/strong> based coating trademarked by <strong>DuPont<\/strong> in 1941, with their versions oriented towards cookware and home appliance market. Their products, fluoropolymers <strong>PTFE<\/strong>, <strong>ETFE<\/strong>, <strong>FEP<\/strong> and <strong>PFA<\/strong> based, offer certain properties that make them very useful for plenty of industrial sectors:<\/p>\n<ul style=\"columns: 2; text-align: center; list-style-position: inside;\">\n<li>excellent antiadherence<\/li>\n<li>corrosion resistance<\/li>\n<li>easy cleanning<\/li>\n<li>low friction coefficient<\/li>\n<\/ul>\n<\/div>\n<\/div><\/div><\/div><\/div><\/div><\/div><div id=\"pg-w5eabff35745d9-1\"  class=\"panel-grid panel-has-style\" ><div style=\"padding: 0px 0; \" data-overlay=\"true\" data-overlay-color=\"#000000\" class=\"panel-row-style panel-row-style-for-w5eabff35745d9-1\" ><div id=\"pgc-w5eabff35745d9-1-0\"  class=\"panel-grid-cell\" ><div class=\"BGC-BLANC panel-cell-style panel-cell-style-for-w5eabff35745d9-1-0\" ><div id=\"panel-w5eabff35745d9-1-0-0\" class=\"so-panel widget widget_sow-image panel-first-child panel-last-child\" data-index=\"1\" ><div class=\"PADDING-H-1 AUGMENTAR-ICONA panel-widget-style panel-widget-style-for-w5eabff35745d9-1-0-0\" style=\"text-align: left;\" data-title-color=\"#47425d\" data-headings-color=\"#443f3f\" data-title_alignment=\"center\" ><div\n\t\t\t\n\t\t\tclass=\"so-widget-sow-image so-widget-sow-image-default-c67d20f9f743\"\n\t\t\t\n\t\t>\n<div class=\"sow-image-container\">\n\t\t\t<a href=\"\/en\/teflon-coating\/\"\n\t\t\t\t\t>\n\t\t\t<img \n\tsrc=\"https:\/\/www.praimer.com.br\/wp-content\/uploads\/2020\/04\/revestimento-teflon-chemours-dupont.png\" width=\"197\" height=\"197\" srcset=\"https:\/\/www.praimer.com.br\/wp-content\/uploads\/2020\/04\/revestimento-teflon-chemours-dupont.png 197w, https:\/\/www.praimer.com.br\/wp-content\/uploads\/2020\/04\/revestimento-teflon-chemours-dupont-150x150.png 150w\" sizes=\"(max-width: 197px) 100vw, 197px\" title=\"revestimento Teflon Chemours (Dupont)\" alt=\"revestimento Teflon Chemours (Dupont)\" \t\tclass=\"so-widget-image\"\/>\n\t\t\t<\/a><\/div>\n\n<\/div><\/div><\/div><\/div><\/div><div id=\"pgc-w5eabff35745d9-1-1\"  class=\"panel-grid-cell\" ><div class=\"BGC-GRIS-CLAR panel-cell-style panel-cell-style-for-w5eabff35745d9-1-1\" ><div id=\"panel-w5eabff35745d9-1-1-0\" class=\"so-panel widget widget_sow-image panel-first-child panel-last-child\" data-index=\"2\" ><div class=\"PADDING-H-1 panel-widget-style panel-widget-style-for-w5eabff35745d9-1-1-0\" style=\"text-align: left;\" data-title-color=\"#47425d\" data-headings-color=\"#443f3f\" data-title_alignment=\"center\" ><div\n\t\t\t\n\t\t\tclass=\"so-widget-sow-image so-widget-sow-image-default-c67d20f9f743\"\n\t\t\t\n\t\t>\n<div class=\"sow-image-container\">\n\t\t<img \n\tsrc=\"https:\/\/www.praimer.com.br\/wp-content\/uploads\/2020\/04\/revestimento-chemours-dupont-SilverStone.png\" width=\"197\" height=\"197\" srcset=\"https:\/\/www.praimer.com.br\/wp-content\/uploads\/2020\/04\/revestimento-chemours-dupont-SilverStone.png 197w, https:\/\/www.praimer.com.br\/wp-content\/uploads\/2020\/04\/revestimento-chemours-dupont-SilverStone-150x150.png 150w\" sizes=\"(max-width: 197px) 100vw, 197px\" title=\"revestimento SilverStone Chemours (Dupont)\" alt=\"revestimento SilverStone Chemours (Dupont)\" \t\tclass=\"so-widget-image\"\/>\n\t<\/div>\n\n<\/div><\/div><\/div><\/div><\/div><div id=\"pgc-w5eabff35745d9-1-2\"  class=\"panel-grid-cell\" ><div class=\"BGC-GRIS-CLAR panel-cell-style panel-cell-style-for-w5eabff35745d9-1-2\" ><div id=\"panel-w5eabff35745d9-1-2-0\" class=\"so-panel widget widget_sow-image panel-first-child panel-last-child\" data-index=\"3\" ><div class=\"PADDING-H-1 panel-widget-style panel-widget-style-for-w5eabff35745d9-1-2-0\" style=\"text-align: left;\" data-title-color=\"#47425d\" data-headings-color=\"#443f3f\" data-title_alignment=\"center\" ><div\n\t\t\t\n\t\t\tclass=\"so-widget-sow-image so-widget-sow-image-default-c67d20f9f743\"\n\t\t\t\n\t\t>\n<div class=\"sow-image-container\">\n\t\t<img \n\tsrc=\"https:\/\/www.praimer.com.br\/wp-content\/uploads\/2020\/04\/revestimento-chemours-dupont-tefzel.png\" width=\"197\" height=\"197\" srcset=\"https:\/\/www.praimer.com.br\/wp-content\/uploads\/2020\/04\/revestimento-chemours-dupont-tefzel.png 197w, https:\/\/www.praimer.com.br\/wp-content\/uploads\/2020\/04\/revestimento-chemours-dupont-tefzel-150x150.png 150w\" sizes=\"(max-width: 197px) 100vw, 197px\" title=\"revestimento Tefzel Chemours (Dupont)\" alt=\"revestimento Tefzel Chemours (Dupont)\" \t\tclass=\"so-widget-image\"\/>\n\t<\/div>\n\n<\/div><\/div><\/div><\/div><\/div><\/div><\/div><div id=\"pg-w5eabff35745d9-2\"  class=\"panel-grid panel-has-style\" ><div style=\"padding: 0px 0; \" data-overlay=\"true\" data-overlay-color=\"#000000\" class=\"panel-row-style panel-row-style-for-w5eabff35745d9-2\" ><div id=\"pgc-w5eabff35745d9-2-0\"  class=\"panel-grid-cell\" ><div id=\"panel-w5eabff35745d9-2-0-0\" class=\"so-panel widget widget_sow-editor panel-first-child panel-last-child\" data-index=\"4\" ><div style=\"text-align: left;\" data-title-color=\"#47425d\" data-headings-color=\"#443f3f\" data-title_alignment=\"center\" class=\"panel-widget-style panel-widget-style-for-w5eabff35745d9-2-0-0\" ><div\n\t\t\t\n\t\t\tclass=\"so-widget-sow-editor so-widget-sow-editor-base\"\n\t\t\t\n\t\t>\n<div class=\"siteorigin-widget-tinymce textwidget\">\n\t<h3>Silverstone \u00ae<\/h3>\n<p style=\"text-align: justify;\"> This coating by Chemours is a fluoropolymer with great scratching and abrasion resistance. There are variations for different needs: SilverStone\u00ae Select and SilverStone\u00ae Professional.<br \/>\n<strong>Composition<\/strong>: PTFE and PFA.<br \/>\n<strong>Use<\/strong>: cookware.<\/p>\n<\/div>\n<\/div><\/div><\/div><\/div><div id=\"pgc-w5eabff35745d9-2-1\"  class=\"panel-grid-cell\" ><div id=\"panel-w5eabff35745d9-2-1-0\" class=\"so-panel widget widget_sow-editor panel-first-child panel-last-child\" data-index=\"5\" ><div style=\"text-align: left;\" data-title-color=\"#47425d\" data-headings-color=\"#443f3f\" data-title_alignment=\"center\" class=\"panel-widget-style panel-widget-style-for-w5eabff35745d9-2-1-0\" ><div\n\t\t\t\n\t\t\tclass=\"so-widget-sow-editor so-widget-sow-editor-base\"\n\t\t\t\n\t\t>\n<div class=\"siteorigin-widget-tinymce textwidget\">\n\t<h3>Tefzel \u00ae<\/h3>\n<p style=\"text-align: justify;\">Chemically inert resin of great strength. It can be applied in layers up to 1000 microns.<br \/>\n<strong>Composition<\/strong>: fluoroplastic ETFE (Ethylene\u00a0Tetrafluoroethylene)<br \/>\n<strong>Use<\/strong>: chemical industry and water purification plants.<\/p>\n<\/div>\n<\/div><\/div><\/div><\/div><\/div><\/div><div id=\"pg-w5eabff35745d9-3\"  class=\"panel-grid panel-has-style\" ><div style=\"padding: 0px 0; \" data-overlay=\"true\" data-overlay-color=\"#000000\" class=\"panel-row-style panel-row-style-for-w5eabff35745d9-3\" ><div id=\"pgc-w5eabff35745d9-3-0\"  class=\"panel-grid-cell\" ><div id=\"panel-w5eabff35745d9-3-0-0\" class=\"so-panel widget widget_sow-editor panel-first-child panel-last-child\" data-index=\"6\" ><div class=\"TEXTOS-DESTACATS panel-widget-style panel-widget-style-for-w5eabff35745d9-3-0-0\" style=\"text-align: left;\" data-title-color=\"#47425d\" data-headings-color=\"#443f3f\" data-title_alignment=\"center\" ><div\n\t\t\t\n\t\t\tclass=\"so-widget-sow-editor so-widget-sow-editor-base\"\n\t\t\t\n\t\t>\n<div class=\"siteorigin-widget-tinymce textwidget\">\n\t<p style=\"text-align: center;\"><strong>PRAIMER is the \"Licensed Industrial Applicator\" (LIA) by Chemours for Brasil.<\/strong><\/p>\n<\/div>\n<\/div><\/div><\/div><\/div><\/div><\/div><\/div><\/div><\/div><\/div><\/div><\/div><div id=\"pg-2052-4\"  class=\"panel-grid panel-has-style\" ><div style=\"padding: 50px 0; \" data-overlay=\"true\" data-overlay-color=\"#000000\" class=\"panel-row-style panel-row-style-for-2052-4\" ><div id=\"pgc-2052-4-0\"  class=\"panel-grid-cell\" ><div id=\"panel-2052-4-0-0\" class=\"so-panel widget widget_siteorigin-panels-builder panel-first-child panel-last-child\" data-index=\"5\" ><div style=\"text-align: left;\" data-title-color=\"#47425d\" data-headings-color=\"#443f3f\" data-title_alignment=\"center\" class=\"panel-widget-style panel-widget-style-for-2052-4-0-0\" ><div id=\"pl-w5ea7047f94823\"  class=\"panel-layout\" ><div id=\"pg-w5ea7047f94823-0\"  class=\"panel-grid panel-has-style\" ><div style=\"padding: 0px 0; \" data-overlay=\"true\" data-overlay-color=\"#000000\" class=\"panel-row-style panel-row-style-for-w5ea7047f94823-0\" ><div id=\"pgc-w5ea7047f94823-0-0\"  class=\"panel-grid-cell\" ><div id=\"panel-w5ea7047f94823-0-0-0\" class=\"so-panel widget widget_sow-editor panel-first-child panel-last-child\" data-index=\"0\" ><div style=\"text-align: left;\" data-title-color=\"#47425d\" data-headings-color=\"#443f3f\" data-title_alignment=\"center\" class=\"panel-widget-style panel-widget-style-for-w5ea7047f94823-0-0-0\" ><div\n\t\t\t\n\t\t\tclass=\"so-widget-sow-editor so-widget-sow-editor-base\"\n\t\t\t\n\t\t>\n<div class=\"siteorigin-widget-tinymce textwidget\">\n\t<h2 class=\"BLAU-FOSC\" style=\"text-align: center;\">Tefzel \u2122 references<\/h2>\n<\/div>\n<\/div><\/div><\/div><\/div><\/div><\/div><div id=\"pg-w5ea7047f94823-1\"  class=\"panel-grid panel-has-style\" ><div style=\"padding: 40px 0; \" data-overlay=\"true\" data-overlay-color=\"#000000\" class=\"panel-row-style panel-row-style-for-w5ea7047f94823-1\" ><div id=\"pgc-w5ea7047f94823-1-0\"  class=\"panel-grid-cell\" ><div id=\"panel-w5ea7047f94823-1-0-0\" class=\"so-panel widget widget_sow-editor panel-first-child panel-last-child\" data-index=\"1\" ><div style=\"text-align: left;\" data-title-color=\"#47425d\" data-headings-color=\"#443f3f\" data-title_alignment=\"center\" class=\"panel-widget-style panel-widget-style-for-w5ea7047f94823-1-0-0\" ><div\n\t\t\t\n\t\t\tclass=\"so-widget-sow-editor so-widget-sow-editor-base\"\n\t\t\t\n\t\t>\n<div class=\"siteorigin-widget-tinymce textwidget\">\n\t<p style=\"text-align: center;\"><b>ETFE 699-205<\/b><br \/>\n<b>ETFE 699N-129<\/b><br \/>\n<b>ETFE 532-6305<\/b><br \/>\n<b>ETFE 532-6405<\/b><br \/>\n<b>ETFE 532-6118<\/b><\/p>\n<\/div>\n<\/div><\/div><\/div><\/div><div id=\"pgc-w5ea7047f94823-1-1\"  class=\"panel-grid-cell\" ><div id=\"panel-w5ea7047f94823-1-1-0\" class=\"so-panel widget widget_sow-editor panel-first-child panel-last-child\" data-index=\"2\" ><div style=\"text-align: left;\" data-title-color=\"#47425d\" data-headings-color=\"#443f3f\" data-title_alignment=\"center\" class=\"panel-widget-style panel-widget-style-for-w5ea7047f94823-1-1-0\" ><div\n\t\t\t\n\t\t\tclass=\"so-widget-sow-editor so-widget-sow-editor-base\"\n\t\t\t\n\t\t>\n<div class=\"siteorigin-widget-tinymce textwidget\">\n\t<p style=\"text-align: center;\"><b>ETFE 532-6210<\/b><br \/>\n<b>ETFE 532-6310<\/b><br \/>\n<b>ETFE 532-6314<\/b><br \/>\n<b>ETFE 532-6412<\/b><br \/>\n<b>ETFE 532-6410<\/b><\/p>\n<\/div>\n<\/div><\/div><\/div><\/div><\/div><\/div><\/div><\/div><\/div><\/div><\/div><\/div><\/div>","protected":false},"excerpt":{"rendered":"<p>Chemours (Dupont) coatings Stablished in 2015, Chemours is a chemical company from the USA, emerging from the High-Performance Chemical Specialties division in DuPont. This 200 odd years legacy is present in over 120 countries and has three main business units: fluoroproducts, chemical solutions and titanium technologies. Their products are used in sectors such as automotive, [&hellip;]<\/p>\n","protected":false},"author":2,"featured_media":1650,"parent":0,"menu_order":0,"comment_status":"closed","ping_status":"closed","template":"page-templates\/page_fullwidth.php","meta":{"footnotes":""},"class_list":["post-2052","page","type-page","status-publish","has-post-thumbnail","hentry"],"yoast_head":"<!-- This site is optimized with the Yoast SEO plugin v27.5 - https:\/\/yoast.com\/product\/yoast-seo-wordpress\/ -->\n<title>Chemours Dupont coatings - Praimer<\/title>\n<meta name=\"description\" content=\"\u2028Chemours (Dupont) offers antiadherent coatings, fluoropolymers PTFE, ETFE, FEP and PFA based. We are Licensed Industrial Applicator LIA in Brasil.\" \/>\n<meta name=\"robots\" content=\"index, follow, max-snippet:-1, max-image-preview:large, max-video-preview:-1\" \/>\n<link rel=\"canonical\" href=\"https:\/\/www.praimer.com.br\/en\/chemours-dupont-coatings\/\" \/>\n<meta property=\"og:locale\" content=\"en_US\" \/>\n<meta property=\"og:type\" content=\"article\" \/>\n<meta property=\"og:title\" content=\"Chemours Dupont coatings - Praimer\" \/>\n<meta property=\"og:description\" content=\"\u2028Chemours (Dupont) offers antiadherent coatings, fluoropolymers PTFE, ETFE, FEP and PFA based. We are Licensed Industrial Applicator LIA in Brasil.\" \/>\n<meta property=\"og:url\" content=\"https:\/\/www.praimer.com.br\/en\/chemours-dupont-coatings\/\" \/>\n<meta property=\"og:site_name\" content=\"Praimer\" \/>\n<meta property=\"article:publisher\" content=\"https:\/\/www.facebook.com\/praimerrevestimentos\" \/>\n<meta property=\"article:modified_time\" content=\"2020-05-01T10:51:33+00:00\" \/>\n<meta property=\"og:image\" content=\"https:\/\/www.praimer.com.br\/wp-content\/uploads\/2019\/04\/revestimento-chemours-dupont.png\" \/>\n\t<meta property=\"og:image:width\" content=\"274\" \/>\n\t<meta property=\"og:image:height\" content=\"120\" \/>\n\t<meta property=\"og:image:type\" content=\"image\/png\" \/>\n<meta name=\"twitter:card\" content=\"summary_large_image\" \/>\n<meta name=\"twitter:label1\" content=\"Est. reading time\" \/>\n\t<meta name=\"twitter:data1\" content=\"1 minute\" \/>\n<script type=\"application\/ld+json\" class=\"yoast-schema-graph\">{\"@context\":\"https:\\\/\\\/schema.org\",\"@graph\":[{\"@type\":\"WebPage\",\"@id\":\"https:\\\/\\\/www.praimer.com.br\\\/en\\\/chemours-dupont-coatings\\\/\",\"url\":\"https:\\\/\\\/www.praimer.com.br\\\/en\\\/chemours-dupont-coatings\\\/\",\"name\":\"Chemours Dupont coatings - Praimer\",\"isPartOf\":{\"@id\":\"https:\\\/\\\/www.praimer.com.br\\\/en\\\/#website\"},\"primaryImageOfPage\":{\"@id\":\"https:\\\/\\\/www.praimer.com.br\\\/en\\\/chemours-dupont-coatings\\\/#primaryimage\"},\"image\":{\"@id\":\"https:\\\/\\\/www.praimer.com.br\\\/en\\\/chemours-dupont-coatings\\\/#primaryimage\"},\"thumbnailUrl\":\"https:\\\/\\\/www.praimer.com.br\\\/wp-content\\\/uploads\\\/2019\\\/04\\\/revestimento-chemours-dupont.png\",\"datePublished\":\"2020-04-27T15:57:25+00:00\",\"dateModified\":\"2020-05-01T10:51:33+00:00\",\"description\":\"\\u2028Chemours (Dupont) offers antiadherent coatings, fluoropolymers PTFE, ETFE, FEP and PFA based. We are Licensed Industrial Applicator LIA in Brasil.\",\"breadcrumb\":{\"@id\":\"https:\\\/\\\/www.praimer.com.br\\\/en\\\/chemours-dupont-coatings\\\/#breadcrumb\"},\"inLanguage\":\"en-US\",\"potentialAction\":[{\"@type\":\"ReadAction\",\"target\":[\"https:\\\/\\\/www.praimer.com.br\\\/en\\\/chemours-dupont-coatings\\\/\"]}]},{\"@type\":\"ImageObject\",\"inLanguage\":\"en-US\",\"@id\":\"https:\\\/\\\/www.praimer.com.br\\\/en\\\/chemours-dupont-coatings\\\/#primaryimage\",\"url\":\"https:\\\/\\\/www.praimer.com.br\\\/wp-content\\\/uploads\\\/2019\\\/04\\\/revestimento-chemours-dupont.png\",\"contentUrl\":\"https:\\\/\\\/www.praimer.com.br\\\/wp-content\\\/uploads\\\/2019\\\/04\\\/revestimento-chemours-dupont.png\",\"width\":274,\"height\":120,\"caption\":\"Chemours Dupont coatings\"},{\"@type\":\"BreadcrumbList\",\"@id\":\"https:\\\/\\\/www.praimer.com.br\\\/en\\\/chemours-dupont-coatings\\\/#breadcrumb\",\"itemListElement\":[{\"@type\":\"ListItem\",\"position\":1,\"name\":\"Portada\",\"item\":\"https:\\\/\\\/www.praimer.com.br\\\/en\\\/\"},{\"@type\":\"ListItem\",\"position\":2,\"name\":\"Chemours Dupont coatings\"}]},{\"@type\":\"WebSite\",\"@id\":\"https:\\\/\\\/www.praimer.com.br\\\/en\\\/#website\",\"url\":\"https:\\\/\\\/www.praimer.com.br\\\/en\\\/\",\"name\":\"Praimer\",\"description\":\"Aplica\u00e7\u00e3o de revestimentos antiaderentes e anticorrosivos para a ind\u00fastria\",\"potentialAction\":[{\"@type\":\"SearchAction\",\"target\":{\"@type\":\"EntryPoint\",\"urlTemplate\":\"https:\\\/\\\/www.praimer.com.br\\\/en\\\/?s={search_term_string}\"},\"query-input\":{\"@type\":\"PropertyValueSpecification\",\"valueRequired\":true,\"valueName\":\"search_term_string\"}}],\"inLanguage\":\"en-US\"}]}<\/script>\n<!-- \/ Yoast SEO plugin. -->","yoast_head_json":{"title":"Chemours Dupont coatings - Praimer","description":"\u2028Chemours (Dupont) offers antiadherent coatings, fluoropolymers PTFE, ETFE, FEP and PFA based. We are Licensed Industrial Applicator LIA in Brasil.","robots":{"index":"index","follow":"follow","max-snippet":"max-snippet:-1","max-image-preview":"max-image-preview:large","max-video-preview":"max-video-preview:-1"},"canonical":"https:\/\/www.praimer.com.br\/en\/chemours-dupont-coatings\/","og_locale":"en_US","og_type":"article","og_title":"Chemours Dupont coatings - Praimer","og_description":"\u2028Chemours (Dupont) offers antiadherent coatings, fluoropolymers PTFE, ETFE, FEP and PFA based. We are Licensed Industrial Applicator LIA in Brasil.","og_url":"https:\/\/www.praimer.com.br\/en\/chemours-dupont-coatings\/","og_site_name":"Praimer","article_publisher":"https:\/\/www.facebook.com\/praimerrevestimentos","article_modified_time":"2020-05-01T10:51:33+00:00","og_image":[{"width":274,"height":120,"url":"https:\/\/www.praimer.com.br\/wp-content\/uploads\/2019\/04\/revestimento-chemours-dupont.png","type":"image\/png"}],"twitter_card":"summary_large_image","twitter_misc":{"Est. reading time":"1 minute"},"schema":{"@context":"https:\/\/schema.org","@graph":[{"@type":"WebPage","@id":"https:\/\/www.praimer.com.br\/en\/chemours-dupont-coatings\/","url":"https:\/\/www.praimer.com.br\/en\/chemours-dupont-coatings\/","name":"Chemours Dupont coatings - Praimer","isPartOf":{"@id":"https:\/\/www.praimer.com.br\/en\/#website"},"primaryImageOfPage":{"@id":"https:\/\/www.praimer.com.br\/en\/chemours-dupont-coatings\/#primaryimage"},"image":{"@id":"https:\/\/www.praimer.com.br\/en\/chemours-dupont-coatings\/#primaryimage"},"thumbnailUrl":"https:\/\/www.praimer.com.br\/wp-content\/uploads\/2019\/04\/revestimento-chemours-dupont.png","datePublished":"2020-04-27T15:57:25+00:00","dateModified":"2020-05-01T10:51:33+00:00","description":"\u2028Chemours (Dupont) offers antiadherent coatings, fluoropolymers PTFE, ETFE, FEP and PFA based. We are Licensed Industrial Applicator LIA in Brasil.","breadcrumb":{"@id":"https:\/\/www.praimer.com.br\/en\/chemours-dupont-coatings\/#breadcrumb"},"inLanguage":"en-US","potentialAction":[{"@type":"ReadAction","target":["https:\/\/www.praimer.com.br\/en\/chemours-dupont-coatings\/"]}]},{"@type":"ImageObject","inLanguage":"en-US","@id":"https:\/\/www.praimer.com.br\/en\/chemours-dupont-coatings\/#primaryimage","url":"https:\/\/www.praimer.com.br\/wp-content\/uploads\/2019\/04\/revestimento-chemours-dupont.png","contentUrl":"https:\/\/www.praimer.com.br\/wp-content\/uploads\/2019\/04\/revestimento-chemours-dupont.png","width":274,"height":120,"caption":"Chemours Dupont coatings"},{"@type":"BreadcrumbList","@id":"https:\/\/www.praimer.com.br\/en\/chemours-dupont-coatings\/#breadcrumb","itemListElement":[{"@type":"ListItem","position":1,"name":"Portada","item":"https:\/\/www.praimer.com.br\/en\/"},{"@type":"ListItem","position":2,"name":"Chemours Dupont coatings"}]},{"@type":"WebSite","@id":"https:\/\/www.praimer.com.br\/en\/#website","url":"https:\/\/www.praimer.com.br\/en\/","name":"Praimer","description":"Aplica\u00e7\u00e3o de revestimentos antiaderentes e anticorrosivos para a ind\u00fastria","potentialAction":[{"@type":"SearchAction","target":{"@type":"EntryPoint","urlTemplate":"https:\/\/www.praimer.com.br\/en\/?s={search_term_string}"},"query-input":{"@type":"PropertyValueSpecification","valueRequired":true,"valueName":"search_term_string"}}],"inLanguage":"en-US"}]}},"_links":{"self":[{"href":"https:\/\/www.praimer.com.br\/en\/wp-json\/wp\/v2\/pages\/2052","targetHints":{"allow":["GET"]}}],"collection":[{"href":"https:\/\/www.praimer.com.br\/en\/wp-json\/wp\/v2\/pages"}],"about":[{"href":"https:\/\/www.praimer.com.br\/en\/wp-json\/wp\/v2\/types\/page"}],"author":[{"embeddable":true,"href":"https:\/\/www.praimer.com.br\/en\/wp-json\/wp\/v2\/users\/2"}],"replies":[{"embeddable":true,"href":"https:\/\/www.praimer.com.br\/en\/wp-json\/wp\/v2\/comments?post=2052"}],"version-history":[{"count":0,"href":"https:\/\/www.praimer.com.br\/en\/wp-json\/wp\/v2\/pages\/2052\/revisions"}],"wp:featuredmedia":[{"embeddable":true,"href":"https:\/\/www.praimer.com.br\/en\/wp-json\/wp\/v2\/media\/1650"}],"wp:attachment":[{"href":"https:\/\/www.praimer.com.br\/en\/wp-json\/wp\/v2\/media?parent=2052"}],"curies":[{"name":"wp","href":"https:\/\/api.w.org\/{rel}","templated":true}]}}