{"id":1850,"date":"2020-04-24T11:29:07","date_gmt":"2020-04-24T14:29:07","guid":{"rendered":"https:\/\/www.praimer.com.br\/revestimentos-tecnicos\/"},"modified":"2024-08-08T06:12:35","modified_gmt":"2024-08-08T09:12:35","slug":"technical-coatings","status":"publish","type":"page","link":"https:\/\/www.praimer.com.br\/en\/technical-coatings\/","title":{"rendered":"Technical coatings"},"content":{"rendered":"<div id=\"pl-1850\"  class=\"panel-layout\" ><div id=\"pg-1850-0\"  class=\"panel-grid panel-has-style\" ><div class=\"HOME-ROW siteorigin-panels-stretch panel-row-style panel-row-style-for-1850-0\" style=\"padding: 60px 0; \" data-stretch-type=\"full\" data-hasbg=\"hasbg\" data-siteorigin-parallax=\"{&quot;backgroundUrl&quot;:&quot;https:\\\/\\\/www.praimer.com.br\\\/wp-content\\\/uploads\\\/2019\\\/03\\\/revestimentos.jpg&quot;,&quot;backgroundSize&quot;:[1280,200],&quot;backgroundSizing&quot;:&quot;scaled&quot;,&quot;limitMotion&quot;:&quot;auto&quot;}\" data-overlay=\"true\" data-overlay-color=\"#000000\" ><div id=\"pgc-1850-0-0\"  class=\"panel-grid-cell\" ><div id=\"panel-1850-0-0-0\" class=\"so-panel widget widget_sow-editor panel-first-child panel-last-child\" data-index=\"0\" ><div class=\"TEXT-BLANC panel-widget-style panel-widget-style-for-1850-0-0-0\" style=\"text-align: left;\" data-title-color=\"#47425d\" data-headings-color=\"#443f3f\" data-title_alignment=\"center\" ><div\n\t\t\t\n\t\t\tclass=\"so-widget-sow-editor so-widget-sow-editor-base\"\n\t\t\t\n\t\t>\n<div class=\"siteorigin-widget-tinymce textwidget\">\n\t<h1 style=\"text-align: center;\">Technical coatings<\/h1>\n<\/div>\n<\/div><\/div><\/div><\/div><\/div><\/div><div id=\"pg-1850-1\"  class=\"panel-grid panel-has-style\" ><div class=\"siteorigin-panels-stretch panel-row-style panel-row-style-for-1850-1\" style=\"padding: 50px 0; \" data-stretch-type=\"full\" data-overlay=\"true\" data-overlay-color=\"#000000\" ><div id=\"pgc-1850-1-0\"  class=\"panel-grid-cell\" ><div id=\"panel-1850-1-0-0\" class=\"so-panel widget widget_sow-editor panel-first-child panel-last-child\" data-index=\"1\" ><div style=\"text-align: left;\" data-title-color=\"#47425d\" data-headings-color=\"#443f3f\" data-title_alignment=\"center\" class=\"panel-widget-style panel-widget-style-for-1850-1-0-0\" ><div\n\t\t\t\n\t\t\tclass=\"so-widget-sow-editor so-widget-sow-editor-base\"\n\t\t\t\n\t\t>\n<div class=\"siteorigin-widget-tinymce textwidget\">\n\t<p style=\"text-align: center; padding-bottom: 20px;\">There is a great variety of <strong>technical coatings<\/strong> available in the market, but each and every one of them has a specific application and characteristics. We know that every customer is unique and that every Project requires different characteristics, therefore Praimer features a <strong>great range of Providers<\/strong> in order to offer the best technical coating for every need. Part of our work consists in choosing and applying <strong>the best solution<\/strong>.<\/p>\n<h2 style=\"text-align: center;\">The best manufacturers of technical coatings<\/h2>\n<hr \/>\n<p style=\"text-align: center;\">Our broad experience applying coatings has brought us to engage in direct contact with the main manufacturers worldwide. Only through a <strong>correct and thorough application<\/strong> can we obtain the best results, and the trust they have on Primer is our main quality guarantee. Some of the manufacturers we work with:<\/p>\n<\/div>\n<\/div><\/div><\/div><\/div><\/div><\/div><div id=\"pg-1850-2\"  class=\"panel-grid panel-has-style\" ><div style=\"padding: 0px 0; \" data-overlay=\"true\" data-overlay-color=\"#000000\" class=\"panel-row-style panel-row-style-for-1850-2\" ><div id=\"pgc-1850-2-0\"  class=\"panel-grid-cell\" ><div class=\"BGC-GRIS-CLAR PADDING-MIG-CELDES AUGMENTAR-ICONA panel-cell-style panel-cell-style-for-1850-2-0\" ><div id=\"panel-1850-2-0-0\" class=\"so-panel widget widget_sow-image panel-first-child panel-last-child\" data-index=\"2\" ><div class=\"PADDING-H-1 panel-widget-style panel-widget-style-for-1850-2-0-0\" style=\"text-align: left;\" data-title-color=\"#47425d\" data-headings-color=\"#443f3f\" data-title_alignment=\"center\" ><div\n\t\t\t\n\t\t\tclass=\"so-widget-sow-image so-widget-sow-image-default-c67d20f9f743-1850\"\n\t\t\t\n\t\t>\n<div class=\"sow-image-container\">\n\t\t\t<a href=\"\/en\/chemours-dupont-coatings\/\"\n\t\t\t\t\t>\n\t\t\t<img \n\tsrc=\"https:\/\/www.praimer.com.br\/wp-content\/uploads\/2019\/04\/revestimento-chemours-dupont.png\" width=\"274\" height=\"120\" srcset=\"https:\/\/www.praimer.com.br\/wp-content\/uploads\/2019\/04\/revestimento-chemours-dupont.png 274w, https:\/\/www.praimer.com.br\/wp-content\/uploads\/2019\/04\/revestimento-chemours-dupont-230x101.png 230w, https:\/\/www.praimer.com.br\/wp-content\/uploads\/2019\/04\/revestimento-chemours-dupont-272x120.png 272w\" sizes=\"(max-width: 274px) 100vw, 274px\" title=\"revestimento Chemours Dupont\" alt=\"revestimento Chemours Dupont\" \t\tclass=\"so-widget-image\"\/>\n\t\t\t<\/a><\/div>\n\n<\/div><\/div><\/div><\/div><\/div><div id=\"pgc-1850-2-1\"  class=\"panel-grid-cell\" ><div class=\"BGC-GRIS-CLAR PADDING-MIG-CELDES AUGMENTAR-ICONA panel-cell-style panel-cell-style-for-1850-2-1\" ><div id=\"panel-1850-2-1-0\" class=\"so-panel widget widget_sow-image panel-first-child panel-last-child\" data-index=\"3\" ><div class=\"PADDING-H-1 panel-widget-style panel-widget-style-for-1850-2-1-0\" style=\"text-align: left;\" data-title-color=\"#47425d\" data-headings-color=\"#443f3f\" data-title_alignment=\"center\" ><div\n\t\t\t\n\t\t\tclass=\"so-widget-sow-image so-widget-sow-image-default-c67d20f9f743-1850\"\n\t\t\t\n\t\t>\n<div class=\"sow-image-container\">\n\t\t\t<a href=\"\/en\/solvay-coatings\/\"\n\t\t\t\t\t>\n\t\t\t<img \n\tsrc=\"https:\/\/www.praimer.com.br\/wp-content\/uploads\/2019\/04\/revestimento-solvay.png\" width=\"250\" height=\"120\" srcset=\"https:\/\/www.praimer.com.br\/wp-content\/uploads\/2019\/04\/revestimento-solvay.png 250w, https:\/\/www.praimer.com.br\/wp-content\/uploads\/2019\/04\/revestimento-solvay-230x110.png 230w\" sizes=\"(max-width: 250px) 100vw, 250px\" title=\"revestimento Solvay\" alt=\"revestimento Solvay\" \t\tclass=\"so-widget-image\"\/>\n\t\t\t<\/a><\/div>\n\n<\/div><\/div><\/div><\/div><\/div><div id=\"pgc-1850-2-2\"  class=\"panel-grid-cell\" ><div class=\"BGC-GRIS-CLAR PADDING-MIG-CELDES AUGMENTAR-ICONA panel-cell-style panel-cell-style-for-1850-2-2\" ><div id=\"panel-1850-2-2-0\" class=\"so-panel widget widget_sow-image panel-first-child panel-last-child\" data-index=\"4\" ><div class=\"PADDING-H-1 panel-widget-style panel-widget-style-for-1850-2-2-0\" style=\"text-align: left;\" data-title-color=\"#47425d\" data-headings-color=\"#443f3f\" data-title_alignment=\"center\" ><div\n\t\t\t\n\t\t\tclass=\"so-widget-sow-image so-widget-sow-image-default-c67d20f9f743-1850\"\n\t\t\t\n\t\t>\n<div class=\"sow-image-container\">\n\t\t\t<a href=\"\/en\/whitford-coatings\/\"\n\t\t\t\t\t>\n\t\t\t<img \n\tsrc=\"https:\/\/www.praimer.com.br\/wp-content\/uploads\/2019\/04\/revestimento-whitford.png\" width=\"188\" height=\"120\" sizes=\"(max-width: 188px) 100vw, 188px\" title=\"revestimento Whitford\" alt=\"revestimento Whitford\" \t\tclass=\"so-widget-image\"\/>\n\t\t\t<\/a><\/div>\n\n<\/div><\/div><\/div><\/div><\/div><\/div><\/div><div id=\"pg-1850-3\"  class=\"panel-grid panel-has-style\" ><div style=\"padding: 0px 0; \" data-overlay=\"true\" data-overlay-color=\"#000000\" class=\"panel-row-style panel-row-style-for-1850-3\" ><div id=\"pgc-1850-3-0\"  class=\"panel-grid-cell\" ><div class=\"BGC-GRIS PADDING-MIG-CELDES panel-cell-style panel-cell-style-for-1850-3-0\" ><div id=\"panel-1850-3-0-0\" class=\"so-panel widget widget_sow-image panel-first-child panel-last-child\" data-index=\"5\" ><div class=\"PADDING-H-1 panel-widget-style panel-widget-style-for-1850-3-0-0\" style=\"text-align: left;\" data-title-color=\"#47425d\" data-headings-color=\"#443f3f\" data-title_alignment=\"center\" ><div\n\t\t\t\n\t\t\tclass=\"so-widget-sow-image so-widget-sow-image-default-c67d20f9f743-1850\"\n\t\t\t\n\t\t>\n<div class=\"sow-image-container\">\n\t\t<img \n\tsrc=\"https:\/\/www.praimer.com.br\/wp-content\/uploads\/2024\/08\/arkema_s-1.png\" width=\"197\" height=\"120\" sizes=\"(max-width: 197px) 100vw, 197px\" title=\"arkema_s\" alt=\"\" \t\tclass=\"so-widget-image\"\/>\n\t<\/div>\n\n<\/div><\/div><\/div><\/div><\/div><div id=\"pgc-1850-3-1\"  class=\"panel-grid-cell\" ><div class=\"BGC-GRIS PADDING-MIG-CELDES panel-cell-style panel-cell-style-for-1850-3-1\" ><div id=\"panel-1850-3-1-0\" class=\"so-panel widget widget_sow-image panel-first-child panel-last-child\" data-index=\"6\" ><div class=\"PADDING-H-1 panel-widget-style panel-widget-style-for-1850-3-1-0\" style=\"text-align: left;\" data-title-color=\"#47425d\" data-headings-color=\"#443f3f\" data-title_alignment=\"center\" ><div\n\t\t\t\n\t\t\tclass=\"so-widget-sow-image so-widget-sow-image-default-c67d20f9f743-1850\"\n\t\t\t\n\t\t>\n<div class=\"sow-image-container\">\n\t\t<img \n\tsrc=\"https:\/\/www.praimer.com.br\/wp-content\/uploads\/2019\/04\/revestimento-bechem.png\" width=\"124\" height=\"120\" sizes=\"(max-width: 124px) 100vw, 124px\" title=\"revestimento Bechem\" alt=\"revestimento Bechem\" \t\tclass=\"so-widget-image\"\/>\n\t<\/div>\n\n<\/div><\/div><\/div><\/div><\/div><div id=\"pgc-1850-3-2\"  class=\"panel-grid-cell\" ><div class=\"BGC-GRIS PADDING-MIG-CELDES panel-cell-style panel-cell-style-for-1850-3-2\" ><div id=\"panel-1850-3-2-0\" class=\"so-panel widget widget_sow-image panel-first-child panel-last-child\" data-index=\"7\" ><div class=\"PADDING-H-1 panel-widget-style panel-widget-style-for-1850-3-2-0\" style=\"text-align: left;\" data-title-color=\"#47425d\" data-headings-color=\"#443f3f\" data-title_alignment=\"center\" ><div\n\t\t\t\n\t\t\tclass=\"so-widget-sow-image so-widget-sow-image-default-c67d20f9f743-1850\"\n\t\t\t\n\t\t>\n<div class=\"sow-image-container\">\n\t\t<img \n\tsrc=\"https:\/\/www.praimer.com.br\/wp-content\/uploads\/2019\/04\/revestimento-daikin.png\" width=\"200\" height=\"120\" sizes=\"(max-width: 200px) 100vw, 200px\" title=\"revestimento Daikin\" alt=\"revestimento Daikin\" \t\tclass=\"so-widget-image\"\/>\n\t<\/div>\n\n<\/div><\/div><\/div><\/div><\/div><\/div><\/div><div id=\"pg-1850-4\"  class=\"panel-grid panel-has-style\" ><div style=\"padding: 0px 0; \" data-overlay=\"true\" data-overlay-color=\"#000000\" class=\"panel-row-style panel-row-style-for-1850-4\" ><div id=\"pgc-1850-4-0\"  class=\"panel-grid-cell\" ><div class=\"BGC-GRIS PADDING-MIG-CELDES panel-cell-style panel-cell-style-for-1850-4-0\" ><div id=\"panel-1850-4-0-0\" class=\"so-panel widget widget_sow-image panel-first-child panel-last-child\" data-index=\"8\" ><div class=\"PADDING-H-1 panel-widget-style panel-widget-style-for-1850-4-0-0\" style=\"text-align: left;\" data-title-color=\"#47425d\" data-headings-color=\"#443f3f\" data-title_alignment=\"center\" ><div\n\t\t\t\n\t\t\tclass=\"so-widget-sow-image so-widget-sow-image-default-c67d20f9f743-1850\"\n\t\t\t\n\t\t>\n<div class=\"sow-image-container\">\n\t\t<img \n\tsrc=\"https:\/\/www.praimer.com.br\/wp-content\/uploads\/2019\/04\/revestimento-fuchs.png\" width=\"149\" height=\"120\" sizes=\"(max-width: 149px) 100vw, 149px\" title=\"revestimento Fuchs\" alt=\"revestimento Fuchs\" \t\tclass=\"so-widget-image\"\/>\n\t<\/div>\n\n<\/div><\/div><\/div><\/div><\/div><div id=\"pgc-1850-4-1\"  class=\"panel-grid-cell\" ><div class=\"BGC-GRIS PADDING-MIG-CELDES panel-cell-style panel-cell-style-for-1850-4-1\" ><div id=\"panel-1850-4-1-0\" class=\"so-panel widget widget_sow-image panel-first-child panel-last-child\" data-index=\"9\" ><div class=\"PADDING-H-1 panel-widget-style panel-widget-style-for-1850-4-1-0\" style=\"text-align: left;\" data-title-color=\"#47425d\" data-headings-color=\"#443f3f\" data-title_alignment=\"center\" ><div\n\t\t\t\n\t\t\tclass=\"so-widget-sow-image so-widget-sow-image-default-c67d20f9f743-1850\"\n\t\t\t\n\t\t>\n<div class=\"sow-image-container\">\n\t\t<img \n\tsrc=\"https:\/\/www.praimer.com.br\/wp-content\/uploads\/2019\/04\/revestimento-hempel.png\" width=\"204\" height=\"120\" sizes=\"(max-width: 204px) 100vw, 204px\" title=\"revestimento Hempel\" alt=\"revestimento Hempel\" \t\tclass=\"so-widget-image\"\/>\n\t<\/div>\n\n<\/div><\/div><\/div><\/div><\/div><div id=\"pgc-1850-4-2\"  class=\"panel-grid-cell\" ><div class=\"BGC-GRIS PADDING-MIG-CELDES panel-cell-style panel-cell-style-for-1850-4-2\" ><div id=\"panel-1850-4-2-0\" class=\"so-panel widget widget_sow-image panel-first-child panel-last-child\" data-index=\"10\" ><div class=\"PADDING-H-1 panel-widget-style panel-widget-style-for-1850-4-2-0\" style=\"text-align: left;\" data-title-color=\"#47425d\" data-headings-color=\"#443f3f\" data-title_alignment=\"center\" ><div\n\t\t\t\n\t\t\tclass=\"so-widget-sow-image so-widget-sow-image-default-c67d20f9f743-1850\"\n\t\t\t\n\t\t>\n<div class=\"sow-image-container\">\n\t\t<img \n\tsrc=\"https:\/\/www.praimer.com.br\/wp-content\/uploads\/2019\/04\/revestimento-ilag.png\" width=\"200\" height=\"120\" sizes=\"(max-width: 200px) 100vw, 200px\" title=\"revestimento Ilag\" alt=\"revestimento Ilag\" \t\tclass=\"so-widget-image\"\/>\n\t<\/div>\n\n<\/div><\/div><\/div><\/div><\/div><\/div><\/div><div id=\"pg-1850-5\"  class=\"panel-grid panel-has-style\" ><div style=\"padding: 0px 0; \" data-overlay=\"true\" data-overlay-color=\"#000000\" class=\"panel-row-style panel-row-style-for-1850-5\" ><div id=\"pgc-1850-5-0\"  class=\"panel-grid-cell\" ><div class=\"BGC-GRIS PADDING-MIG-CELDES panel-cell-style panel-cell-style-for-1850-5-0\" ><div id=\"panel-1850-5-0-0\" class=\"so-panel widget widget_sow-image panel-first-child panel-last-child\" data-index=\"11\" ><div class=\"PADDING-H-1 panel-widget-style panel-widget-style-for-1850-5-0-0\" style=\"text-align: left;\" data-title-color=\"#47425d\" data-headings-color=\"#443f3f\" data-title_alignment=\"center\" ><div\n\t\t\t\n\t\t\tclass=\"so-widget-sow-image so-widget-sow-image-default-c67d20f9f743-1850\"\n\t\t\t\n\t\t>\n<div class=\"sow-image-container\">\n\t\t<img \n\tsrc=\"https:\/\/www.praimer.com.br\/wp-content\/uploads\/2019\/04\/revestimento-weilburger.png\" width=\"274\" height=\"120\" srcset=\"https:\/\/www.praimer.com.br\/wp-content\/uploads\/2019\/04\/revestimento-weilburger.png 274w, https:\/\/www.praimer.com.br\/wp-content\/uploads\/2019\/04\/revestimento-weilburger-230x101.png 230w, https:\/\/www.praimer.com.br\/wp-content\/uploads\/2019\/04\/revestimento-weilburger-272x120.png 272w\" sizes=\"(max-width: 274px) 100vw, 274px\" title=\"revestimento Weilburger\" alt=\"revestimento Weilburger\" \t\tclass=\"so-widget-image\"\/>\n\t<\/div>\n\n<\/div><\/div><\/div><\/div><\/div><div id=\"pgc-1850-5-1\"  class=\"panel-grid-cell panel-grid-cell-empty panel-grid-cell-mobile-last\" ><\/div><div id=\"pgc-1850-5-2\"  class=\"panel-grid-cell panel-grid-cell-empty\" ><\/div><\/div><\/div><div id=\"pg-1850-6\"  class=\"panel-grid panel-has-style\" ><div class=\"siteorigin-panels-stretch panel-row-style panel-row-style-for-1850-6\" style=\"padding: 50px 0; \" data-stretch-type=\"full\" data-hasbg=\"hasbg\" data-siteorigin-parallax=\"{&quot;backgroundUrl&quot;:&quot;https:\\\/\\\/www.praimer.com.br\\\/wp-content\\\/uploads\\\/2020\\\/04\\\/revestimentos-tecnicos.jpg&quot;,&quot;backgroundSize&quot;:[1692,899],&quot;backgroundSizing&quot;:&quot;scaled&quot;,&quot;limitMotion&quot;:&quot;auto&quot;}\" data-overlay=\"true\" data-overlay-color=\"#000000\" ><div id=\"pgc-1850-6-0\"  class=\"panel-grid-cell\" ><div id=\"panel-1850-6-0-0\" class=\"so-panel widget widget_sow-editor panel-first-child panel-last-child\" data-index=\"12\" ><div class=\"blanc panel-widget-style panel-widget-style-for-1850-6-0-0\" style=\"text-align: left;\" data-title-color=\"#47425d\" data-headings-color=\"#443f3f\" data-title_alignment=\"center\" ><div\n\t\t\t\n\t\t\tclass=\"so-widget-sow-editor so-widget-sow-editor-base\"\n\t\t\t\n\t\t>\n<div class=\"siteorigin-widget-tinymce textwidget\">\n\t<h2 style=\"text-align: center;\">Quality and technology<\/h2>\n<hr \/>\n<p style=\"text-align: center;\">Our target is optimizing our customer\u2019s productive process through the application of technical coatings. To obtain the best quality and optimal performance in every Project we work non-stop so to keep up to date with the <strong>new technologies for coatings applications<\/strong> such as:<br \/>\n<strong>sol-gel<\/strong><br \/>\n<strong>silicone<\/strong><br \/>\n<strong>fluoropolymer<\/strong><br \/>\n<strong>elastomer<\/strong><br \/>\nOnly this way can we offer the best complete service for all industrial sectors. <strong>ISO Certification 9001:2015<\/strong> ensures excellence in every job our highly qualified personnel perform within our premises in Ponta Grossa, Brasil.<\/p>\n<\/div>\n<\/div><\/div><\/div><\/div><\/div><\/div><\/div>","protected":false},"excerpt":{"rendered":"<p>Technical coatings There is a great variety of technical coatings available in the market, but each and every one of them has a specific application and characteristics. We know that every customer is unique and that every Project requires different characteristics, therefore Praimer features a great range of Providers in order to offer the best [&hellip;]<\/p>\n","protected":false},"author":2,"featured_media":1748,"parent":0,"menu_order":0,"comment_status":"closed","ping_status":"closed","template":"page-templates\/page_fullwidth.php","meta":{"_monsterinsights_skip_tracking":false,"_monsterinsights_sitenote_active":false,"_monsterinsights_sitenote_note":"","_monsterinsights_sitenote_category":0,"footnotes":""},"class_list":["post-1850","page","type-page","status-publish","has-post-thumbnail","hentry"],"yoast_head":"<!-- This site is optimized with the Yoast SEO plugin v27.3 - https:\/\/yoast.com\/product\/yoast-seo-wordpress\/ -->\n<title>Technical coatings - Praimer<\/title>\n<meta name=\"description\" content=\"We work with the best manufacturers of technical coatings raw material for industry, guaranteeing the quality of our services in Brasil. ISO certification\" \/>\n<meta name=\"robots\" content=\"index, follow, max-snippet:-1, max-image-preview:large, max-video-preview:-1\" \/>\n<link rel=\"canonical\" href=\"https:\/\/www.praimer.com.br\/en\/technical-coatings\/\" \/>\n<meta property=\"og:locale\" content=\"en_US\" \/>\n<meta property=\"og:type\" content=\"article\" \/>\n<meta property=\"og:title\" content=\"Technical coatings - Praimer\" \/>\n<meta property=\"og:description\" content=\"We work with the best manufacturers of technical coatings raw material for industry, guaranteeing the quality of our services in Brasil. ISO certification\" \/>\n<meta property=\"og:url\" content=\"https:\/\/www.praimer.com.br\/en\/technical-coatings\/\" \/>\n<meta property=\"og:site_name\" content=\"Praimer\" \/>\n<meta property=\"article:publisher\" content=\"https:\/\/www.facebook.com\/praimerrevestimentos\" \/>\n<meta property=\"article:modified_time\" content=\"2024-08-08T09:12:35+00:00\" \/>\n<meta property=\"og:image\" content=\"https:\/\/www.praimer.com.br\/wp-content\/uploads\/2020\/04\/revestimentos-tecnicos.jpg\" \/>\n\t<meta property=\"og:image:width\" content=\"1692\" \/>\n\t<meta property=\"og:image:height\" content=\"899\" \/>\n\t<meta property=\"og:image:type\" content=\"image\/jpeg\" \/>\n<meta name=\"twitter:card\" content=\"summary_large_image\" \/>\n<meta name=\"twitter:label1\" content=\"Est. reading time\" \/>\n\t<meta name=\"twitter:data1\" content=\"4 minutes\" \/>\n<script type=\"application\/ld+json\" class=\"yoast-schema-graph\">{\"@context\":\"https:\\\/\\\/schema.org\",\"@graph\":[{\"@type\":\"WebPage\",\"@id\":\"https:\\\/\\\/www.praimer.com.br\\\/en\\\/technical-coatings\\\/\",\"url\":\"https:\\\/\\\/www.praimer.com.br\\\/en\\\/technical-coatings\\\/\",\"name\":\"Technical coatings - Praimer\",\"isPartOf\":{\"@id\":\"https:\\\/\\\/www.praimer.com.br\\\/en\\\/#website\"},\"primaryImageOfPage\":{\"@id\":\"https:\\\/\\\/www.praimer.com.br\\\/en\\\/technical-coatings\\\/#primaryimage\"},\"image\":{\"@id\":\"https:\\\/\\\/www.praimer.com.br\\\/en\\\/technical-coatings\\\/#primaryimage\"},\"thumbnailUrl\":\"https:\\\/\\\/www.praimer.com.br\\\/wp-content\\\/uploads\\\/2020\\\/04\\\/revestimentos-tecnicos.jpg\",\"datePublished\":\"2020-04-24T14:29:07+00:00\",\"dateModified\":\"2024-08-08T09:12:35+00:00\",\"description\":\"We work with the best manufacturers of technical coatings raw material for industry, guaranteeing the quality of our services in Brasil. ISO certification\",\"breadcrumb\":{\"@id\":\"https:\\\/\\\/www.praimer.com.br\\\/en\\\/technical-coatings\\\/#breadcrumb\"},\"inLanguage\":\"en-US\",\"potentialAction\":[{\"@type\":\"ReadAction\",\"target\":[\"https:\\\/\\\/www.praimer.com.br\\\/en\\\/technical-coatings\\\/\"]}]},{\"@type\":\"ImageObject\",\"inLanguage\":\"en-US\",\"@id\":\"https:\\\/\\\/www.praimer.com.br\\\/en\\\/technical-coatings\\\/#primaryimage\",\"url\":\"https:\\\/\\\/www.praimer.com.br\\\/wp-content\\\/uploads\\\/2020\\\/04\\\/revestimentos-tecnicos.jpg\",\"contentUrl\":\"https:\\\/\\\/www.praimer.com.br\\\/wp-content\\\/uploads\\\/2020\\\/04\\\/revestimentos-tecnicos.jpg\",\"width\":1692,\"height\":899,\"caption\":\"Technical coatings\"},{\"@type\":\"BreadcrumbList\",\"@id\":\"https:\\\/\\\/www.praimer.com.br\\\/en\\\/technical-coatings\\\/#breadcrumb\",\"itemListElement\":[{\"@type\":\"ListItem\",\"position\":1,\"name\":\"Portada\",\"item\":\"https:\\\/\\\/www.praimer.com.br\\\/en\\\/\"},{\"@type\":\"ListItem\",\"position\":2,\"name\":\"Technical coatings\"}]},{\"@type\":\"WebSite\",\"@id\":\"https:\\\/\\\/www.praimer.com.br\\\/en\\\/#website\",\"url\":\"https:\\\/\\\/www.praimer.com.br\\\/en\\\/\",\"name\":\"Praimer\",\"description\":\"Aplica\u00e7\u00e3o de revestimentos antiaderentes e anticorrosivos para a ind\u00fastria\",\"potentialAction\":[{\"@type\":\"SearchAction\",\"target\":{\"@type\":\"EntryPoint\",\"urlTemplate\":\"https:\\\/\\\/www.praimer.com.br\\\/en\\\/?s={search_term_string}\"},\"query-input\":{\"@type\":\"PropertyValueSpecification\",\"valueRequired\":true,\"valueName\":\"search_term_string\"}}],\"inLanguage\":\"en-US\"}]}<\/script>\n<!-- \/ Yoast SEO plugin. -->","yoast_head_json":{"title":"Technical coatings - Praimer","description":"We work with the best manufacturers of technical coatings raw material for industry, guaranteeing the quality of our services in Brasil. ISO certification","robots":{"index":"index","follow":"follow","max-snippet":"max-snippet:-1","max-image-preview":"max-image-preview:large","max-video-preview":"max-video-preview:-1"},"canonical":"https:\/\/www.praimer.com.br\/en\/technical-coatings\/","og_locale":"en_US","og_type":"article","og_title":"Technical coatings - Praimer","og_description":"We work with the best manufacturers of technical coatings raw material for industry, guaranteeing the quality of our services in Brasil. ISO certification","og_url":"https:\/\/www.praimer.com.br\/en\/technical-coatings\/","og_site_name":"Praimer","article_publisher":"https:\/\/www.facebook.com\/praimerrevestimentos","article_modified_time":"2024-08-08T09:12:35+00:00","og_image":[{"width":1692,"height":899,"url":"https:\/\/www.praimer.com.br\/wp-content\/uploads\/2020\/04\/revestimentos-tecnicos.jpg","type":"image\/jpeg"}],"twitter_card":"summary_large_image","twitter_misc":{"Est. reading time":"4 minutes"},"schema":{"@context":"https:\/\/schema.org","@graph":[{"@type":"WebPage","@id":"https:\/\/www.praimer.com.br\/en\/technical-coatings\/","url":"https:\/\/www.praimer.com.br\/en\/technical-coatings\/","name":"Technical coatings - Praimer","isPartOf":{"@id":"https:\/\/www.praimer.com.br\/en\/#website"},"primaryImageOfPage":{"@id":"https:\/\/www.praimer.com.br\/en\/technical-coatings\/#primaryimage"},"image":{"@id":"https:\/\/www.praimer.com.br\/en\/technical-coatings\/#primaryimage"},"thumbnailUrl":"https:\/\/www.praimer.com.br\/wp-content\/uploads\/2020\/04\/revestimentos-tecnicos.jpg","datePublished":"2020-04-24T14:29:07+00:00","dateModified":"2024-08-08T09:12:35+00:00","description":"We work with the best manufacturers of technical coatings raw material for industry, guaranteeing the quality of our services in Brasil. ISO certification","breadcrumb":{"@id":"https:\/\/www.praimer.com.br\/en\/technical-coatings\/#breadcrumb"},"inLanguage":"en-US","potentialAction":[{"@type":"ReadAction","target":["https:\/\/www.praimer.com.br\/en\/technical-coatings\/"]}]},{"@type":"ImageObject","inLanguage":"en-US","@id":"https:\/\/www.praimer.com.br\/en\/technical-coatings\/#primaryimage","url":"https:\/\/www.praimer.com.br\/wp-content\/uploads\/2020\/04\/revestimentos-tecnicos.jpg","contentUrl":"https:\/\/www.praimer.com.br\/wp-content\/uploads\/2020\/04\/revestimentos-tecnicos.jpg","width":1692,"height":899,"caption":"Technical coatings"},{"@type":"BreadcrumbList","@id":"https:\/\/www.praimer.com.br\/en\/technical-coatings\/#breadcrumb","itemListElement":[{"@type":"ListItem","position":1,"name":"Portada","item":"https:\/\/www.praimer.com.br\/en\/"},{"@type":"ListItem","position":2,"name":"Technical coatings"}]},{"@type":"WebSite","@id":"https:\/\/www.praimer.com.br\/en\/#website","url":"https:\/\/www.praimer.com.br\/en\/","name":"Praimer","description":"Aplica\u00e7\u00e3o de revestimentos antiaderentes e anticorrosivos para a ind\u00fastria","potentialAction":[{"@type":"SearchAction","target":{"@type":"EntryPoint","urlTemplate":"https:\/\/www.praimer.com.br\/en\/?s={search_term_string}"},"query-input":{"@type":"PropertyValueSpecification","valueRequired":true,"valueName":"search_term_string"}}],"inLanguage":"en-US"}]}},"_links":{"self":[{"href":"https:\/\/www.praimer.com.br\/en\/wp-json\/wp\/v2\/pages\/1850","targetHints":{"allow":["GET"]}}],"collection":[{"href":"https:\/\/www.praimer.com.br\/en\/wp-json\/wp\/v2\/pages"}],"about":[{"href":"https:\/\/www.praimer.com.br\/en\/wp-json\/wp\/v2\/types\/page"}],"author":[{"embeddable":true,"href":"https:\/\/www.praimer.com.br\/en\/wp-json\/wp\/v2\/users\/2"}],"replies":[{"embeddable":true,"href":"https:\/\/www.praimer.com.br\/en\/wp-json\/wp\/v2\/comments?post=1850"}],"version-history":[{"count":1,"href":"https:\/\/www.praimer.com.br\/en\/wp-json\/wp\/v2\/pages\/1850\/revisions"}],"predecessor-version":[{"id":3749,"href":"https:\/\/www.praimer.com.br\/en\/wp-json\/wp\/v2\/pages\/1850\/revisions\/3749"}],"wp:featuredmedia":[{"embeddable":true,"href":"https:\/\/www.praimer.com.br\/en\/wp-json\/wp\/v2\/media\/1748"}],"wp:attachment":[{"href":"https:\/\/www.praimer.com.br\/en\/wp-json\/wp\/v2\/media?parent=1850"}],"curies":[{"name":"wp","href":"https:\/\/api.w.org\/{rel}","templated":true}]}}