{"id":1385,"date":"2019-03-07T13:11:33","date_gmt":"2019-03-07T16:11:33","guid":{"rendered":"https:\/\/www.praimer.com.br\/coatresa-group\/"},"modified":"2022-02-15T15:08:47","modified_gmt":"2022-02-15T18:08:47","slug":"coatresa-group","status":"publish","type":"page","link":"https:\/\/www.praimer.com.br\/en\/coatresa-group\/","title":{"rendered":"Coatresa Group"},"content":{"rendered":"<div id=\"pl-1385\"  class=\"panel-layout\" ><div id=\"pg-1385-0\"  class=\"panel-grid panel-has-style\" ><div class=\"HOME-ROW siteorigin-panels-stretch panel-row-style panel-row-style-for-1385-0\" style=\"padding: 60px 0; \" data-stretch-type=\"full\" data-hasbg=\"hasbg\" data-siteorigin-parallax=\"{&quot;backgroundUrl&quot;:&quot;https:\\\/\\\/www.praimer.com.br\\\/wp-content\\\/uploads\\\/2019\\\/03\\\/revestimentos.jpg&quot;,&quot;backgroundSize&quot;:[1280,200],&quot;backgroundSizing&quot;:&quot;scaled&quot;,&quot;limitMotion&quot;:&quot;auto&quot;}\" data-overlay=\"true\" data-overlay-color=\"#000000\" ><div id=\"pgc-1385-0-0\"  class=\"panel-grid-cell\" ><div id=\"panel-1385-0-0-0\" class=\"so-panel widget widget_sow-editor panel-first-child panel-last-child\" data-index=\"0\" ><div class=\"TEXT-BLANC panel-widget-style panel-widget-style-for-1385-0-0-0\" style=\"text-align: left;\" data-title-color=\"#47425d\" data-headings-color=\"#443f3f\" data-title_alignment=\"center\" ><div\n\t\t\t\n\t\t\tclass=\"so-widget-sow-editor so-widget-sow-editor-base\"\n\t\t\t\n\t\t>\n<div class=\"siteorigin-widget-tinymce textwidget\">\n\t<h1 style=\"text-align: center;\">Praimer Revestimentos Antiaderentes<\/h1>\n<\/div>\n<\/div><\/div><\/div><\/div><\/div><\/div><div id=\"pg-1385-1\"  class=\"panel-grid panel-has-style\" ><div class=\"BG-DIV siteorigin-panels-stretch panel-row-style panel-row-style-for-1385-1\" style=\"padding: 50px 0; \" data-stretch-type=\"full\" data-hasbg=\"hasbg\" data-siteorigin-parallax=\"{&quot;backgroundUrl&quot;:&quot;https:\\\/\\\/www.praimer.com.br\\\/wp-content\\\/uploads\\\/2019\\\/03\\\/revestimentos-antiaderentes-anticorrosivos-brasil.jpg&quot;,&quot;backgroundSize&quot;:[2000,1125],&quot;backgroundSizing&quot;:&quot;scaled&quot;,&quot;limitMotion&quot;:&quot;auto&quot;}\" data-overlay=\"true\" data-overlay-color=\"#ffffff\" ><div id=\"pgc-1385-1-0\"  class=\"panel-grid-cell\" ><div id=\"panel-1385-1-0-0\" class=\"so-panel widget widget_siteorigin-panels-builder panel-first-child panel-last-child\" data-index=\"1\" ><div style=\"text-align: left;\" data-title-color=\"#47425d\" data-headings-color=\"#443f3f\" data-title_alignment=\"center\" class=\"panel-widget-style panel-widget-style-for-1385-1-0-0\" ><div id=\"pl-w620bc422e12e6\"  class=\"panel-layout\" ><div id=\"pg-w620bc422e12e6-0\"  class=\"panel-grid panel-has-style\" ><div style=\"padding: 0px 0; \" data-overlay=\"true\" data-overlay-color=\"#000000\" class=\"panel-row-style panel-row-style-for-w620bc422e12e6-0\" ><div id=\"pgc-w620bc422e12e6-0-0\"  class=\"panel-grid-cell\" ><div id=\"panel-w620bc422e12e6-0-0-0\" class=\"so-panel widget widget_sow-image panel-first-child panel-last-child\" data-index=\"0\" ><div style=\"text-align: left;\" data-title-color=\"#47425d\" data-headings-color=\"#443f3f\" data-title_alignment=\"center\" class=\"panel-widget-style panel-widget-style-for-w620bc422e12e6-0-0-0\" ><div\n\t\t\t\n\t\t\tclass=\"so-widget-sow-image so-widget-sow-image-default-8b5b6f678277\"\n\t\t\t\n\t\t>\n<div class=\"sow-image-container\">\n\t\t<img \n\tsrc=\"https:\/\/www.praimer.com.br\/wp-content\/uploads\/2020\/02\/praimer-revestimentos-antiaderentes-anticorrosivos.jpg\" width=\"900\" height=\"592\" srcset=\"https:\/\/www.praimer.com.br\/wp-content\/uploads\/2020\/02\/praimer-revestimentos-antiaderentes-anticorrosivos.jpg 900w, https:\/\/www.praimer.com.br\/wp-content\/uploads\/2020\/02\/praimer-revestimentos-antiaderentes-anticorrosivos-300x197.jpg 300w, https:\/\/www.praimer.com.br\/wp-content\/uploads\/2020\/02\/praimer-revestimentos-antiaderentes-anticorrosivos-768x505.jpg 768w, https:\/\/www.praimer.com.br\/wp-content\/uploads\/2020\/02\/praimer-revestimentos-antiaderentes-anticorrosivos-830x546.jpg 830w, https:\/\/www.praimer.com.br\/wp-content\/uploads\/2020\/02\/praimer-revestimentos-antiaderentes-anticorrosivos-230x151.jpg 230w, https:\/\/www.praimer.com.br\/wp-content\/uploads\/2020\/02\/praimer-revestimentos-antiaderentes-anticorrosivos-350x230.jpg 350w, https:\/\/www.praimer.com.br\/wp-content\/uploads\/2020\/02\/praimer-revestimentos-antiaderentes-anticorrosivos-480x316.jpg 480w\" sizes=\"(max-width: 900px) 100vw, 900px\" title=\"Praimer: non-stick and anti-corrosion coatings\" alt=\"Praimer: non-stick and anti-corrosion coatings\" \t\tclass=\"so-widget-image\"\/>\n\t<\/div>\n\n<\/div><\/div><\/div><\/div><div id=\"pgc-w620bc422e12e6-0-1\"  class=\"panel-grid-cell\" ><div id=\"panel-w620bc422e12e6-0-1-0\" class=\"so-panel widget widget_sow-editor panel-first-child\" data-index=\"1\" ><div style=\"text-align: left;\" data-title-color=\"#47425d\" data-headings-color=\"#443f3f\" data-title_alignment=\"center\" class=\"panel-widget-style panel-widget-style-for-w620bc422e12e6-0-1-0\" ><div\n\t\t\t\n\t\t\tclass=\"so-widget-sow-editor so-widget-sow-editor-base\"\n\t\t\t\n\t\t>\n<div class=\"siteorigin-widget-tinymce textwidget\">\n\t<p style=\"text-align: justify;\">Since our beginning in 1999, we have been engaged in applying technical coatings for industrial sectors. With our experience and then our inclusion in the Coatresa Group in 2008, in addition to our specialisation in the world of industrial bakeries and food, we have the knowledge to offer the best non-stick solutions and anti-corrosive treatments.<\/p>\n<p style=\"text-align: justify;\">Our plant is located in Ponta Grossa, Brazil. With 5,000 m\u00b2 of surface area, it is one of the most advanced and automated plants. We have equipment for the automatic application of coatings for parts coming from all industrial sectors, thereby optimising their production processes.<\/p>\n<\/div>\n<\/div><\/div><\/div><div id=\"panel-w620bc422e12e6-0-1-1\" class=\"widget_text so-panel widget widget_custom_html panel-last-child\" data-index=\"2\" ><div style=\"text-align: center;\" data-title-color=\"#47425d\" data-headings-color=\"#443f3f\" data-title_alignment=\"center\" class=\"widget_text panel-widget-style panel-widget-style-for-w620bc422e12e6-0-1-1\" ><div class=\"textwidget custom-html-widget\"><a href=\"\/en\/contact\/\" class=\"roll-button blau\">CONTACT<\/a><\/div><\/div><\/div><\/div><\/div><\/div><div id=\"pg-w620bc422e12e6-1\"  class=\"panel-grid panel-has-style\" ><div style=\"padding: 20px 0; \" data-overlay=\"true\" data-overlay-color=\"#000000\" class=\"panel-row-style panel-row-style-for-w620bc422e12e6-1\" ><div id=\"pgc-w620bc422e12e6-1-0\"  class=\"panel-grid-cell\" ><div id=\"panel-w620bc422e12e6-1-0-0\" class=\"so-panel widget widget_sow-editor panel-first-child panel-last-child\" data-index=\"3\" ><div style=\"text-align: left;\" data-title-color=\"#47425d\" data-headings-color=\"#443f3f\" data-title_alignment=\"center\" class=\"panel-widget-style panel-widget-style-for-w620bc422e12e6-1-0-0\" ><div\n\t\t\t\n\t\t\tclass=\"so-widget-sow-editor so-widget-sow-editor-base\"\n\t\t\t\n\t\t>\n<div class=\"siteorigin-widget-tinymce textwidget\">\n\t<p style=\"text-align: justify;\">By joining the Coatresa Group, we have access to an exclusive coatings technology called Testrong, a range of specialised non-stick treatments for the industrial bakery and pastry products sector. Its high performance and benefits are highly proven in the European market, thus contributing a high-value technology to the Brazilian market.<\/p>\n<\/div>\n<\/div><\/div><\/div><\/div><\/div><\/div><div id=\"pg-w620bc422e12e6-2\"  class=\"panel-grid panel-has-style\" ><div style=\"padding: 0px 0; \" data-overlay=\"true\" data-overlay-color=\"#000000\" class=\"panel-row-style panel-row-style-for-w620bc422e12e6-2\" ><div id=\"pgc-w620bc422e12e6-2-0\"  class=\"panel-grid-cell\" ><div id=\"panel-w620bc422e12e6-2-0-0\" class=\"so-panel widget widget_sow-image panel-first-child panel-last-child\" data-index=\"4\" ><div class=\"ICONA-GRAN MARGE-DRETA panel-widget-style panel-widget-style-for-w620bc422e12e6-2-0-0\" style=\"text-align: left;\" data-title-color=\"#47425d\" data-headings-color=\"#443f3f\" data-title_alignment=\"center\" ><div\n\t\t\t\n\t\t\tclass=\"so-widget-sow-image so-widget-sow-image-default-e4c2d9f6c920\"\n\t\t\t\n\t\t>\n<div class=\"sow-image-container\">\n\t\t<img \n\tsrc=\"https:\/\/www.praimer.com.br\/wp-content\/uploads\/2019\/03\/revestimentos-antiaderentes-testrong-panificacao-230x71.png\" width=\"230\" height=\"71\" srcset=\"https:\/\/www.praimer.com.br\/wp-content\/uploads\/2019\/03\/revestimentos-antiaderentes-testrong-panificacao-230x71.png 230w, https:\/\/www.praimer.com.br\/wp-content\/uploads\/2019\/03\/revestimentos-antiaderentes-testrong-panificacao-300x92.png 300w, https:\/\/www.praimer.com.br\/wp-content\/uploads\/2019\/03\/revestimentos-antiaderentes-testrong-panificacao-350x108.png 350w, https:\/\/www.praimer.com.br\/wp-content\/uploads\/2019\/03\/revestimentos-antiaderentes-testrong-panificacao.png 432w\" sizes=\"(max-width: 230px) 100vw, 230px\" title=\"revestimentos antiaderentes Testrong para panifica\u00e7\u00e3o\" alt=\"revestimentos antiaderentes Testrong para panifica\u00e7\u00e3o\" \t\tclass=\"so-widget-image\"\/>\n\t<\/div>\n\n<\/div><\/div><\/div><\/div><div id=\"pgc-w620bc422e12e6-2-1\"  class=\"panel-grid-cell\" ><div id=\"panel-w620bc422e12e6-2-1-0\" class=\"widget_text so-panel widget widget_custom_html panel-first-child panel-last-child\" data-index=\"5\" ><div style=\"text-align: left;\" data-title-color=\"#47425d\" data-headings-color=\"#443f3f\" data-title_alignment=\"center\" class=\"widget_text panel-widget-style panel-widget-style-for-w620bc422e12e6-2-1-0\" ><div class=\"textwidget custom-html-widget\"><a href=\"\/en\/baking-industry-coatings\/\" class=\"roll-button blau\">LEARN +<\/a><\/div><\/div><\/div><\/div><\/div><\/div><div id=\"pg-w620bc422e12e6-3\"  class=\"panel-grid panel-has-style\" ><div style=\"padding: 0px 0; \" data-overlay=\"true\" data-overlay-color=\"#000000\" class=\"panel-row-style panel-row-style-for-w620bc422e12e6-3\" ><div id=\"pgc-w620bc422e12e6-3-0\"  class=\"panel-grid-cell\" ><div id=\"panel-w620bc422e12e6-3-0-0\" class=\"so-panel widget widget_sow-editor panel-first-child panel-last-child\" data-index=\"6\" ><div style=\"text-align: left;\" data-title-color=\"#47425d\" data-headings-color=\"#443f3f\" data-title_alignment=\"center\" class=\"panel-widget-style panel-widget-style-for-w620bc422e12e6-3-0-0\" ><div\n\t\t\t\n\t\t\tclass=\"so-widget-sow-editor so-widget-sow-editor-base\"\n\t\t\t\n\t\t>\n<div class=\"siteorigin-widget-tinymce textwidget\">\n\t<p style=\"text-align: justify;\">PRAIMER\u2019s modern automated lines, together with Coatresa\u2019s know-how, make PRAIMER the benchmark company in Brazil in the application of non-stick coatings in the bakery sector.<\/p>\n<\/div>\n<\/div><\/div><\/div><\/div><\/div><\/div><\/div><\/div><\/div><\/div><\/div><\/div><div id=\"pg-1385-2\"  class=\"panel-grid panel-has-style\" ><div class=\"OVERLAY-CLAR BG-DIV siteorigin-panels-stretch panel-row-style panel-row-style-for-1385-2\" style=\"padding: 50px 0; \" data-stretch-type=\"full\" data-hasbg=\"hasbg\" data-siteorigin-parallax=\"{&quot;backgroundUrl&quot;:&quot;https:\\\/\\\/www.praimer.com.br\\\/wp-content\\\/uploads\\\/2019\\\/03\\\/coatresa-group-revestimentos-antiaderentes.jpg&quot;,&quot;backgroundSize&quot;:[900,592],&quot;backgroundSizing&quot;:&quot;scaled&quot;,&quot;limitMotion&quot;:&quot;auto&quot;}\" data-overlay=\"true\" data-overlay-color=\"#000000\" ><div id=\"pgc-1385-2-0\"  class=\"panel-grid-cell\" ><div id=\"panel-1385-2-0-0\" class=\"so-panel widget widget_sow-image panel-first-child\" data-index=\"2\" ><div style=\"text-align: left;\" data-title-color=\"#47425d\" data-headings-color=\"#443f3f\" data-title_alignment=\"center\" class=\"panel-widget-style panel-widget-style-for-1385-2-0-0\" ><div\n\t\t\t\n\t\t\tclass=\"so-widget-sow-image so-widget-sow-image-default-c67d20f9f743-1385\"\n\t\t\t\n\t\t>\n<div class=\"sow-image-container\">\n\t\t<img \n\tsrc=\"https:\/\/www.praimer.com.br\/wp-content\/uploads\/2019\/03\/grupo-coatresa-230x63.png\" width=\"230\" height=\"63\" srcset=\"https:\/\/www.praimer.com.br\/wp-content\/uploads\/2019\/03\/grupo-coatresa-230x63.png 230w, https:\/\/www.praimer.com.br\/wp-content\/uploads\/2019\/03\/grupo-coatresa-300x82.png 300w, https:\/\/www.praimer.com.br\/wp-content\/uploads\/2019\/03\/grupo-coatresa-350x95.png 350w, https:\/\/www.praimer.com.br\/wp-content\/uploads\/2019\/03\/grupo-coatresa-480x131.png 480w, https:\/\/www.praimer.com.br\/wp-content\/uploads\/2019\/03\/grupo-coatresa.png 500w\" sizes=\"(max-width: 230px) 100vw, 230px\" title=\"Grupo Coatresa\" alt=\"Grupo Coatresa\" \t\tclass=\"so-widget-image\"\/>\n\t<\/div>\n\n<\/div><\/div><\/div><div id=\"panel-1385-2-0-1\" class=\"so-panel widget widget_sow-editor panel-last-child\" data-index=\"3\" ><div class=\"TEXT-BLANC panel-widget-style panel-widget-style-for-1385-2-0-1\" style=\"text-align: left;\" data-title-color=\"#47425d\" data-headings-color=\"#443f3f\" data-title_alignment=\"center\" ><div\n\t\t\t\n\t\t\tclass=\"so-widget-sow-editor so-widget-sow-editor-base\"\n\t\t\t\n\t\t>\n<div class=\"siteorigin-widget-tinymce textwidget\">\n\t<p style=\"text-align: center;\">The Coatresa Group was established based on the need to offer a comprehensive technical coating application service to an expanding and global industrial market.<\/p>\n<p style=\"text-align: center;\">The group is composed of several companies that, in various geographical areas, have extensive experience in the coatings and surface treatments sector and are engaged in offering the best solutions to customers of various industrial sectors. They all have expertise in applying technical <b>PTFE<\/b>-based coatings such as\u00a0<b>Teflon\u00ae<\/b>,\u00a0<b>Xylan\u00ae<\/b>,\u00a0<b>Halar\u00ae<\/b> and\u00a0<b>Rilsan\u00ae<\/b>, in addition to other non-stick coatings such as <b>rubber<\/b>, <b>silicone<\/b>, <b>EPDM<\/b> and <b>polyurethane<\/b> rubber, which offer unique industrial coating solutions.<\/p>\n<\/div>\n<\/div><\/div><\/div><\/div><\/div><\/div><div id=\"pg-1385-3\"  class=\"panel-grid panel-has-style\" ><div style=\"padding: 50px 0; \" data-overlay=\"true\" data-overlay-color=\"#000000\" class=\"panel-row-style panel-row-style-for-1385-3\" ><div id=\"pgc-1385-3-0\"  class=\"panel-grid-cell panel-grid-cell-empty\" ><\/div><div id=\"pgc-1385-3-1\"  class=\"panel-grid-cell panel-grid-cell-mobile-last\" ><div id=\"panel-1385-3-1-0\" class=\"so-panel widget widget_sow-editor panel-first-child\" data-index=\"4\" ><div style=\"text-align: left;\" data-title-color=\"#47425d\" data-headings-color=\"#443f3f\" data-title_alignment=\"center\" class=\"panel-widget-style panel-widget-style-for-1385-3-1-0\" ><div\n\t\t\t\n\t\t\tclass=\"so-widget-sow-editor so-widget-sow-editor-base\"\n\t\t\t\n\t\t>\n<div class=\"siteorigin-widget-tinymce textwidget\">\n\t<h2 style=\"text-align: center;\">Evolution of the brand<\/h2>\n<hr \/>\n<\/div>\n<\/div><\/div><\/div><div id=\"panel-1385-3-1-1\" class=\"so-panel widget widget_sow-image panel-last-child\" data-index=\"5\" ><div style=\"text-align: left;\" data-title-color=\"#47425d\" data-headings-color=\"#443f3f\" data-title_alignment=\"center\" class=\"panel-widget-style panel-widget-style-for-1385-3-1-1\" ><div\n\t\t\t\n\t\t\tclass=\"so-widget-sow-image so-widget-sow-image-default-c67d20f9f743-1385\"\n\t\t\t\n\t\t>\n<div class=\"sow-image-container\">\n\t\t<img \n\tsrc=\"https:\/\/www.praimer.com.br\/wp-content\/uploads\/2019\/03\/praimer-grupo-coatresa.jpg\" width=\"800\" height=\"136\" srcset=\"https:\/\/www.praimer.com.br\/wp-content\/uploads\/2019\/03\/praimer-grupo-coatresa.jpg 800w, https:\/\/www.praimer.com.br\/wp-content\/uploads\/2019\/03\/praimer-grupo-coatresa-300x51.jpg 300w, https:\/\/www.praimer.com.br\/wp-content\/uploads\/2019\/03\/praimer-grupo-coatresa-768x131.jpg 768w, https:\/\/www.praimer.com.br\/wp-content\/uploads\/2019\/03\/praimer-grupo-coatresa-230x39.jpg 230w, https:\/\/www.praimer.com.br\/wp-content\/uploads\/2019\/03\/praimer-grupo-coatresa-350x60.jpg 350w, https:\/\/www.praimer.com.br\/wp-content\/uploads\/2019\/03\/praimer-grupo-coatresa-480x82.jpg 480w\" sizes=\"(max-width: 800px) 100vw, 800px\" title=\"Praimer e Grupo Coatresa\" alt=\"Praimer e Grupo Coatresa\" \t\tclass=\"so-widget-image\"\/>\n\t<\/div>\n\n<\/div><\/div><\/div><\/div><div id=\"pgc-1385-3-2\"  class=\"panel-grid-cell panel-grid-cell-empty\" ><\/div><\/div><\/div><\/div>","protected":false},"excerpt":{"rendered":"<p>Praimer Revestimentos Antiaderentes<\/p>\n","protected":false},"author":2,"featured_media":1702,"parent":0,"menu_order":0,"comment_status":"closed","ping_status":"closed","template":"page-templates\/page_fullwidth.php","meta":{"footnotes":""},"class_list":["post-1385","page","type-page","status-publish","has-post-thumbnail","hentry"],"yoast_head":"<!-- This site is optimized with the Yoast SEO plugin v27.4 - https:\/\/yoast.com\/product\/yoast-seo-wordpress\/ -->\n<title>Coatresa Group - Praimer<\/title>\n<meta name=\"description\" content=\"At Praimer Revestimentos Antiaderentes Ltda we apply technical coatings in all industrial and bakery sectors. We are part of the Coatresa Group. Learn more\" \/>\n<meta name=\"robots\" content=\"index, follow, max-snippet:-1, max-image-preview:large, max-video-preview:-1\" \/>\n<link rel=\"canonical\" href=\"https:\/\/www.praimer.com.br\/en\/coatresa-group\/\" \/>\n<meta property=\"og:locale\" content=\"en_US\" \/>\n<meta property=\"og:type\" content=\"article\" \/>\n<meta property=\"og:title\" content=\"Coatresa Group - Praimer\" \/>\n<meta property=\"og:description\" content=\"At Praimer Revestimentos Antiaderentes Ltda we apply technical coatings in all industrial and bakery sectors. We are part of the Coatresa Group. Learn more\" \/>\n<meta property=\"og:url\" content=\"https:\/\/www.praimer.com.br\/en\/coatresa-group\/\" \/>\n<meta property=\"og:site_name\" content=\"Praimer\" \/>\n<meta property=\"article:publisher\" content=\"https:\/\/www.facebook.com\/praimerrevestimentos\" \/>\n<meta property=\"article:modified_time\" content=\"2022-02-15T18:08:47+00:00\" \/>\n<meta property=\"og:image\" content=\"https:\/\/www.praimer.com.br\/wp-content\/uploads\/2020\/02\/praimer-revestimentos-antiaderentes-anticorrosivos.jpg\" \/>\n\t<meta property=\"og:image:width\" content=\"900\" \/>\n\t<meta property=\"og:image:height\" content=\"592\" \/>\n\t<meta property=\"og:image:type\" content=\"image\/jpeg\" \/>\n<meta name=\"twitter:card\" content=\"summary_large_image\" \/>\n<meta name=\"twitter:label1\" content=\"Est. reading time\" \/>\n\t<meta name=\"twitter:data1\" content=\"2 minutes\" \/>\n<script type=\"application\/ld+json\" class=\"yoast-schema-graph\">{\"@context\":\"https:\\\/\\\/schema.org\",\"@graph\":[{\"@type\":\"WebPage\",\"@id\":\"https:\\\/\\\/www.praimer.com.br\\\/en\\\/coatresa-group\\\/\",\"url\":\"https:\\\/\\\/www.praimer.com.br\\\/en\\\/coatresa-group\\\/\",\"name\":\"Coatresa Group - Praimer\",\"isPartOf\":{\"@id\":\"https:\\\/\\\/www.praimer.com.br\\\/en\\\/#website\"},\"primaryImageOfPage\":{\"@id\":\"https:\\\/\\\/www.praimer.com.br\\\/en\\\/coatresa-group\\\/#primaryimage\"},\"image\":{\"@id\":\"https:\\\/\\\/www.praimer.com.br\\\/en\\\/coatresa-group\\\/#primaryimage\"},\"thumbnailUrl\":\"https:\\\/\\\/www.praimer.com.br\\\/wp-content\\\/uploads\\\/2020\\\/02\\\/praimer-revestimentos-antiaderentes-anticorrosivos.jpg\",\"datePublished\":\"2019-03-07T16:11:33+00:00\",\"dateModified\":\"2022-02-15T18:08:47+00:00\",\"description\":\"At Praimer Revestimentos Antiaderentes Ltda we apply technical coatings in all industrial and bakery sectors. We are part of the Coatresa Group. Learn more\",\"breadcrumb\":{\"@id\":\"https:\\\/\\\/www.praimer.com.br\\\/en\\\/coatresa-group\\\/#breadcrumb\"},\"inLanguage\":\"en-US\",\"potentialAction\":[{\"@type\":\"ReadAction\",\"target\":[\"https:\\\/\\\/www.praimer.com.br\\\/en\\\/coatresa-group\\\/\"]}]},{\"@type\":\"ImageObject\",\"inLanguage\":\"en-US\",\"@id\":\"https:\\\/\\\/www.praimer.com.br\\\/en\\\/coatresa-group\\\/#primaryimage\",\"url\":\"https:\\\/\\\/www.praimer.com.br\\\/wp-content\\\/uploads\\\/2020\\\/02\\\/praimer-revestimentos-antiaderentes-anticorrosivos.jpg\",\"contentUrl\":\"https:\\\/\\\/www.praimer.com.br\\\/wp-content\\\/uploads\\\/2020\\\/02\\\/praimer-revestimentos-antiaderentes-anticorrosivos.jpg\",\"width\":900,\"height\":592,\"caption\":\"Praimer: non-stick and anti-corrosion coatings\"},{\"@type\":\"BreadcrumbList\",\"@id\":\"https:\\\/\\\/www.praimer.com.br\\\/en\\\/coatresa-group\\\/#breadcrumb\",\"itemListElement\":[{\"@type\":\"ListItem\",\"position\":1,\"name\":\"Portada\",\"item\":\"https:\\\/\\\/www.praimer.com.br\\\/en\\\/\"},{\"@type\":\"ListItem\",\"position\":2,\"name\":\"Coatresa Group\"}]},{\"@type\":\"WebSite\",\"@id\":\"https:\\\/\\\/www.praimer.com.br\\\/en\\\/#website\",\"url\":\"https:\\\/\\\/www.praimer.com.br\\\/en\\\/\",\"name\":\"Praimer\",\"description\":\"Aplica\u00e7\u00e3o de revestimentos antiaderentes e anticorrosivos para a ind\u00fastria\",\"potentialAction\":[{\"@type\":\"SearchAction\",\"target\":{\"@type\":\"EntryPoint\",\"urlTemplate\":\"https:\\\/\\\/www.praimer.com.br\\\/en\\\/?s={search_term_string}\"},\"query-input\":{\"@type\":\"PropertyValueSpecification\",\"valueRequired\":true,\"valueName\":\"search_term_string\"}}],\"inLanguage\":\"en-US\"}]}<\/script>\n<!-- \/ Yoast SEO plugin. -->","yoast_head_json":{"title":"Coatresa Group - Praimer","description":"At Praimer Revestimentos Antiaderentes Ltda we apply technical coatings in all industrial and bakery sectors. We are part of the Coatresa Group. Learn more","robots":{"index":"index","follow":"follow","max-snippet":"max-snippet:-1","max-image-preview":"max-image-preview:large","max-video-preview":"max-video-preview:-1"},"canonical":"https:\/\/www.praimer.com.br\/en\/coatresa-group\/","og_locale":"en_US","og_type":"article","og_title":"Coatresa Group - Praimer","og_description":"At Praimer Revestimentos Antiaderentes Ltda we apply technical coatings in all industrial and bakery sectors. We are part of the Coatresa Group. Learn more","og_url":"https:\/\/www.praimer.com.br\/en\/coatresa-group\/","og_site_name":"Praimer","article_publisher":"https:\/\/www.facebook.com\/praimerrevestimentos","article_modified_time":"2022-02-15T18:08:47+00:00","og_image":[{"width":900,"height":592,"url":"https:\/\/www.praimer.com.br\/wp-content\/uploads\/2020\/02\/praimer-revestimentos-antiaderentes-anticorrosivos.jpg","type":"image\/jpeg"}],"twitter_card":"summary_large_image","twitter_misc":{"Est. reading time":"2 minutes"},"schema":{"@context":"https:\/\/schema.org","@graph":[{"@type":"WebPage","@id":"https:\/\/www.praimer.com.br\/en\/coatresa-group\/","url":"https:\/\/www.praimer.com.br\/en\/coatresa-group\/","name":"Coatresa Group - Praimer","isPartOf":{"@id":"https:\/\/www.praimer.com.br\/en\/#website"},"primaryImageOfPage":{"@id":"https:\/\/www.praimer.com.br\/en\/coatresa-group\/#primaryimage"},"image":{"@id":"https:\/\/www.praimer.com.br\/en\/coatresa-group\/#primaryimage"},"thumbnailUrl":"https:\/\/www.praimer.com.br\/wp-content\/uploads\/2020\/02\/praimer-revestimentos-antiaderentes-anticorrosivos.jpg","datePublished":"2019-03-07T16:11:33+00:00","dateModified":"2022-02-15T18:08:47+00:00","description":"At Praimer Revestimentos Antiaderentes Ltda we apply technical coatings in all industrial and bakery sectors. We are part of the Coatresa Group. Learn more","breadcrumb":{"@id":"https:\/\/www.praimer.com.br\/en\/coatresa-group\/#breadcrumb"},"inLanguage":"en-US","potentialAction":[{"@type":"ReadAction","target":["https:\/\/www.praimer.com.br\/en\/coatresa-group\/"]}]},{"@type":"ImageObject","inLanguage":"en-US","@id":"https:\/\/www.praimer.com.br\/en\/coatresa-group\/#primaryimage","url":"https:\/\/www.praimer.com.br\/wp-content\/uploads\/2020\/02\/praimer-revestimentos-antiaderentes-anticorrosivos.jpg","contentUrl":"https:\/\/www.praimer.com.br\/wp-content\/uploads\/2020\/02\/praimer-revestimentos-antiaderentes-anticorrosivos.jpg","width":900,"height":592,"caption":"Praimer: non-stick and anti-corrosion coatings"},{"@type":"BreadcrumbList","@id":"https:\/\/www.praimer.com.br\/en\/coatresa-group\/#breadcrumb","itemListElement":[{"@type":"ListItem","position":1,"name":"Portada","item":"https:\/\/www.praimer.com.br\/en\/"},{"@type":"ListItem","position":2,"name":"Coatresa Group"}]},{"@type":"WebSite","@id":"https:\/\/www.praimer.com.br\/en\/#website","url":"https:\/\/www.praimer.com.br\/en\/","name":"Praimer","description":"Aplica\u00e7\u00e3o de revestimentos antiaderentes e anticorrosivos para a ind\u00fastria","potentialAction":[{"@type":"SearchAction","target":{"@type":"EntryPoint","urlTemplate":"https:\/\/www.praimer.com.br\/en\/?s={search_term_string}"},"query-input":{"@type":"PropertyValueSpecification","valueRequired":true,"valueName":"search_term_string"}}],"inLanguage":"en-US"}]}},"_links":{"self":[{"href":"https:\/\/www.praimer.com.br\/en\/wp-json\/wp\/v2\/pages\/1385","targetHints":{"allow":["GET"]}}],"collection":[{"href":"https:\/\/www.praimer.com.br\/en\/wp-json\/wp\/v2\/pages"}],"about":[{"href":"https:\/\/www.praimer.com.br\/en\/wp-json\/wp\/v2\/types\/page"}],"author":[{"embeddable":true,"href":"https:\/\/www.praimer.com.br\/en\/wp-json\/wp\/v2\/users\/2"}],"replies":[{"embeddable":true,"href":"https:\/\/www.praimer.com.br\/en\/wp-json\/wp\/v2\/comments?post=1385"}],"version-history":[{"count":4,"href":"https:\/\/www.praimer.com.br\/en\/wp-json\/wp\/v2\/pages\/1385\/revisions"}],"predecessor-version":[{"id":2782,"href":"https:\/\/www.praimer.com.br\/en\/wp-json\/wp\/v2\/pages\/1385\/revisions\/2782"}],"wp:featuredmedia":[{"embeddable":true,"href":"https:\/\/www.praimer.com.br\/en\/wp-json\/wp\/v2\/media\/1702"}],"wp:attachment":[{"href":"https:\/\/www.praimer.com.br\/en\/wp-json\/wp\/v2\/media?parent=1385"}],"curies":[{"name":"wp","href":"https:\/\/api.w.org\/{rel}","templated":true}]}}